{"id":1644,"date":"2025-05-21T05:26:13","date_gmt":"2025-05-21T05:26:13","guid":{"rendered":"http:\/\/anchorallied.com\/es\/?page_id=1644"},"modified":"2025-09-03T12:48:47","modified_gmt":"2025-09-03T12:48:47","slug":"rd","status":"publish","type":"page","link":"https:\/\/anchorallied.com\/es\/rd\/","title":{"rendered":"R&amp;D"},"content":{"rendered":"","protected":false},"excerpt":{"rendered":"","protected":false},"author":1,"featured_media":0,"parent":0,"menu_order":0,"comment_status":"closed","ping_status":"closed","template":"","meta":{"_acf_changed":false,"footnotes":""},"class_list":["post-1644","page","type-page","status-publish","hentry"],"acf":[],"yoast_head":"<!-- This site is optimized with the Yoast SEO plugin v27.3 - https:\/\/yoast.com\/product\/yoast-seo-wordpress\/ -->\n<title>Investigaci\u00f3n y desarrollo en productos qu\u00edmicos | I+D Anchor Allied<\/title>\n<meta name=\"description\" content=\"Anchor Allied impulsa la investigaci\u00f3n y el desarrollo en productos qu\u00edmicos, selladores y adhesivos con laboratorios avanzados e innovaci\u00f3n para la excelencia global.\" \/>\n<meta name=\"robots\" content=\"index, follow, max-snippet:-1, max-image-preview:large, max-video-preview:-1\" \/>\n<link rel=\"canonical\" href=\"https:\/\/anchorallied.com\/es\/rd\/\" \/>\n<meta property=\"og:locale\" content=\"en_US\" \/>\n<meta property=\"og:type\" content=\"article\" \/>\n<meta property=\"og:title\" content=\"Investigaci\u00f3n y desarrollo en productos qu\u00edmicos | I+D Anchor Allied\" \/>\n<meta property=\"og:description\" content=\"Anchor Allied impulsa la investigaci\u00f3n y el desarrollo en productos qu\u00edmicos, selladores y adhesivos con laboratorios avanzados e innovaci\u00f3n para la excelencia global.\" \/>\n<meta property=\"og:url\" content=\"https:\/\/anchorallied.com\/es\/rd\/\" \/>\n<meta property=\"og:site_name\" content=\"anchoralliedfactory\" \/>\n<meta property=\"article:modified_time\" content=\"2025-09-03T12:48:47+00:00\" \/>\n<meta name=\"twitter:card\" content=\"summary_large_image\" \/>\n<meta name=\"twitter:label1\" content=\"Est. reading time\" \/>\n\t<meta name=\"twitter:data1\" content=\"3 minutes\" \/>\n<script type=\"application\/ld+json\" class=\"yoast-schema-graph\">{\"@context\":\"https:\\\/\\\/schema.org\",\"@graph\":[{\"@type\":\"WebPage\",\"@id\":\"https:\\\/\\\/anchorallied.com\\\/es\\\/rd\\\/\",\"url\":\"https:\\\/\\\/anchorallied.com\\\/es\\\/rd\\\/\",\"name\":\"Investigaci\u00f3n y desarrollo en productos qu\u00edmicos | I+D Anchor Allied\",\"isPartOf\":{\"@id\":\"https:\\\/\\\/anchorallied.com\\\/es\\\/#website\"},\"datePublished\":\"2025-05-21T05:26:13+00:00\",\"dateModified\":\"2025-09-03T12:48:47+00:00\",\"description\":\"Anchor Allied impulsa la investigaci\u00f3n y el desarrollo en productos qu\u00edmicos, selladores y adhesivos con laboratorios avanzados e innovaci\u00f3n para la excelencia global.\",\"breadcrumb\":{\"@id\":\"https:\\\/\\\/anchorallied.com\\\/es\\\/rd\\\/#breadcrumb\"},\"inLanguage\":\"en\",\"potentialAction\":[{\"@type\":\"ReadAction\",\"target\":[\"https:\\\/\\\/anchorallied.com\\\/es\\\/rd\\\/\"]}]},{\"@type\":\"BreadcrumbList\",\"@id\":\"https:\\\/\\\/anchorallied.com\\\/es\\\/rd\\\/#breadcrumb\",\"itemListElement\":[{\"@type\":\"ListItem\",\"position\":1,\"name\":\"Home\",\"item\":\"http:\\\/\\\/anchorallied.com\\\/es\\\/\"},{\"@type\":\"ListItem\",\"position\":2,\"name\":\"R&amp;D\"}]},{\"@type\":\"WebSite\",\"@id\":\"https:\\\/\\\/anchorallied.com\\\/es\\\/#website\",\"url\":\"https:\\\/\\\/anchorallied.com\\\/es\\\/\",\"name\":\"anchoralliedfactory\",\"description\":\"\",\"potentialAction\":[{\"@type\":\"SearchAction\",\"target\":{\"@type\":\"EntryPoint\",\"urlTemplate\":\"https:\\\/\\\/anchorallied.com\\\/es\\\/?s={search_term_string}\"},\"query-input\":{\"@type\":\"PropertyValueSpecification\",\"valueRequired\":true,\"valueName\":\"search_term_string\"}}],\"inLanguage\":\"en\"}]}<\/script>\n<!-- \/ Yoast SEO plugin. -->","yoast_head_json":{"title":"Investigaci\u00f3n y desarrollo en productos qu\u00edmicos | I+D Anchor Allied","description":"Anchor Allied impulsa la investigaci\u00f3n y el desarrollo en productos qu\u00edmicos, selladores y adhesivos con laboratorios avanzados e innovaci\u00f3n para la excelencia global.","robots":{"index":"index","follow":"follow","max-snippet":"max-snippet:-1","max-image-preview":"max-image-preview:large","max-video-preview":"max-video-preview:-1"},"canonical":"https:\/\/anchorallied.com\/es\/rd\/","og_locale":"en_US","og_type":"article","og_title":"Investigaci\u00f3n y desarrollo en productos qu\u00edmicos | I+D Anchor Allied","og_description":"Anchor Allied impulsa la investigaci\u00f3n y el desarrollo en productos qu\u00edmicos, selladores y adhesivos con laboratorios avanzados e innovaci\u00f3n para la excelencia global.","og_url":"https:\/\/anchorallied.com\/es\/rd\/","og_site_name":"anchoralliedfactory","article_modified_time":"2025-09-03T12:48:47+00:00","twitter_card":"summary_large_image","twitter_misc":{"Est. reading time":"3 minutes"},"schema":{"@context":"https:\/\/schema.org","@graph":[{"@type":"WebPage","@id":"https:\/\/anchorallied.com\/es\/rd\/","url":"https:\/\/anchorallied.com\/es\/rd\/","name":"Investigaci\u00f3n y desarrollo en productos qu\u00edmicos | I+D Anchor Allied","isPartOf":{"@id":"https:\/\/anchorallied.com\/es\/#website"},"datePublished":"2025-05-21T05:26:13+00:00","dateModified":"2025-09-03T12:48:47+00:00","description":"Anchor Allied impulsa la investigaci\u00f3n y el desarrollo en productos qu\u00edmicos, selladores y adhesivos con laboratorios avanzados e innovaci\u00f3n para la excelencia global.","breadcrumb":{"@id":"https:\/\/anchorallied.com\/es\/rd\/#breadcrumb"},"inLanguage":"en","potentialAction":[{"@type":"ReadAction","target":["https:\/\/anchorallied.com\/es\/rd\/"]}]},{"@type":"BreadcrumbList","@id":"https:\/\/anchorallied.com\/es\/rd\/#breadcrumb","itemListElement":[{"@type":"ListItem","position":1,"name":"Home","item":"http:\/\/anchorallied.com\/es\/"},{"@type":"ListItem","position":2,"name":"R&amp;D"}]},{"@type":"WebSite","@id":"https:\/\/anchorallied.com\/es\/#website","url":"https:\/\/anchorallied.com\/es\/","name":"anchoralliedfactory","description":"","potentialAction":[{"@type":"SearchAction","target":{"@type":"EntryPoint","urlTemplate":"https:\/\/anchorallied.com\/es\/?s={search_term_string}"},"query-input":{"@type":"PropertyValueSpecification","valueRequired":true,"valueName":"search_term_string"}}],"inLanguage":"en"}]}},"_links":{"self":[{"href":"https:\/\/anchorallied.com\/es\/wp-json\/wp\/v2\/pages\/1644","targetHints":{"allow":["GET"]}}],"collection":[{"href":"https:\/\/anchorallied.com\/es\/wp-json\/wp\/v2\/pages"}],"about":[{"href":"https:\/\/anchorallied.com\/es\/wp-json\/wp\/v2\/types\/page"}],"author":[{"embeddable":true,"href":"https:\/\/anchorallied.com\/es\/wp-json\/wp\/v2\/users\/1"}],"replies":[{"embeddable":true,"href":"https:\/\/anchorallied.com\/es\/wp-json\/wp\/v2\/comments?post=1644"}],"version-history":[{"count":16,"href":"https:\/\/anchorallied.com\/es\/wp-json\/wp\/v2\/pages\/1644\/revisions"}],"predecessor-version":[{"id":3850,"href":"https:\/\/anchorallied.com\/es\/wp-json\/wp\/v2\/pages\/1644\/revisions\/3850"}],"wp:attachment":[{"href":"https:\/\/anchorallied.com\/es\/wp-json\/wp\/v2\/media?parent=1644"}],"curies":[{"name":"wp","href":"https:\/\/api.w.org\/{rel}","templated":true}]}}