{"id":1828,"date":"2025-05-22T06:03:53","date_gmt":"2025-05-22T06:03:53","guid":{"rendered":"http:\/\/anchorallied.com\/es\/?page_id=1828"},"modified":"2025-08-21T05:17:28","modified_gmt":"2025-08-21T05:17:28","slug":"blog","status":"publish","type":"page","link":"https:\/\/anchorallied.com\/es\/blog\/","title":{"rendered":"Blog"},"content":{"rendered":"","protected":false},"excerpt":{"rendered":"","protected":false},"author":1,"featured_media":0,"parent":0,"menu_order":0,"comment_status":"closed","ping_status":"closed","template":"","meta":{"_acf_changed":false,"footnotes":""},"class_list":["post-1828","page","type-page","status-publish","hentry"],"acf":[],"yoast_head":"<!-- This site is optimized with the Yoast SEO plugin v27.3 - https:\/\/yoast.com\/product\/yoast-seo-wordpress\/ -->\n<title>Blog de selladores y adhesivos | Ideas en qu\u00edmica de construcci\u00f3n<\/title>\n<meta name=\"description\" content=\"Lea art\u00edculos de expertos sobre selladores, adhesivos, impermeabilizaci\u00f3n y recubrimientos. Anchor Allied comparte gu\u00edas y consejos profesionales.\" \/>\n<meta name=\"robots\" content=\"index, follow, max-snippet:-1, max-image-preview:large, max-video-preview:-1\" \/>\n<link rel=\"canonical\" href=\"https:\/\/anchorallied.com\/es\/blog\/\" \/>\n<meta property=\"og:locale\" content=\"en_US\" \/>\n<meta property=\"og:type\" content=\"article\" \/>\n<meta property=\"og:title\" content=\"Blog de selladores y adhesivos | Ideas en qu\u00edmica de construcci\u00f3n\" \/>\n<meta property=\"og:description\" content=\"Lea art\u00edculos de expertos sobre selladores, adhesivos, impermeabilizaci\u00f3n y recubrimientos. Anchor Allied comparte gu\u00edas y consejos profesionales.\" \/>\n<meta property=\"og:url\" content=\"https:\/\/anchorallied.com\/es\/blog\/\" \/>\n<meta property=\"og:site_name\" content=\"anchoralliedfactory\" \/>\n<meta property=\"article:modified_time\" content=\"2025-08-21T05:17:28+00:00\" \/>\n<meta name=\"twitter:card\" content=\"summary_large_image\" \/>\n<meta name=\"twitter:label1\" content=\"Est. reading time\" \/>\n\t<meta name=\"twitter:data1\" content=\"1 minute\" \/>\n<script type=\"application\/ld+json\" class=\"yoast-schema-graph\">{\"@context\":\"https:\\\/\\\/schema.org\",\"@graph\":[{\"@type\":\"WebPage\",\"@id\":\"https:\\\/\\\/anchorallied.com\\\/es\\\/blog\\\/\",\"url\":\"https:\\\/\\\/anchorallied.com\\\/es\\\/blog\\\/\",\"name\":\"Blog de selladores y adhesivos | Ideas en qu\u00edmica de construcci\u00f3n\",\"isPartOf\":{\"@id\":\"https:\\\/\\\/anchorallied.com\\\/es\\\/#website\"},\"datePublished\":\"2025-05-22T06:03:53+00:00\",\"dateModified\":\"2025-08-21T05:17:28+00:00\",\"description\":\"Lea art\u00edculos de expertos sobre selladores, adhesivos, impermeabilizaci\u00f3n y recubrimientos. Anchor Allied comparte gu\u00edas y consejos profesionales.\",\"breadcrumb\":{\"@id\":\"https:\\\/\\\/anchorallied.com\\\/es\\\/blog\\\/#breadcrumb\"},\"inLanguage\":\"en\",\"potentialAction\":[{\"@type\":\"ReadAction\",\"target\":[\"https:\\\/\\\/anchorallied.com\\\/es\\\/blog\\\/\"]}]},{\"@type\":\"BreadcrumbList\",\"@id\":\"https:\\\/\\\/anchorallied.com\\\/es\\\/blog\\\/#breadcrumb\",\"itemListElement\":[{\"@type\":\"ListItem\",\"position\":1,\"name\":\"Home\",\"item\":\"http:\\\/\\\/anchorallied.com\\\/es\\\/\"},{\"@type\":\"ListItem\",\"position\":2,\"name\":\"Blog\"}]},{\"@type\":\"WebSite\",\"@id\":\"https:\\\/\\\/anchorallied.com\\\/es\\\/#website\",\"url\":\"https:\\\/\\\/anchorallied.com\\\/es\\\/\",\"name\":\"anchoralliedfactory\",\"description\":\"\",\"potentialAction\":[{\"@type\":\"SearchAction\",\"target\":{\"@type\":\"EntryPoint\",\"urlTemplate\":\"https:\\\/\\\/anchorallied.com\\\/es\\\/?s={search_term_string}\"},\"query-input\":{\"@type\":\"PropertyValueSpecification\",\"valueRequired\":true,\"valueName\":\"search_term_string\"}}],\"inLanguage\":\"en\"}]}<\/script>\n<!-- \/ Yoast SEO plugin. -->","yoast_head_json":{"title":"Blog de selladores y adhesivos | Ideas en qu\u00edmica de construcci\u00f3n","description":"Lea art\u00edculos de expertos sobre selladores, adhesivos, impermeabilizaci\u00f3n y recubrimientos. Anchor Allied comparte gu\u00edas y consejos profesionales.","robots":{"index":"index","follow":"follow","max-snippet":"max-snippet:-1","max-image-preview":"max-image-preview:large","max-video-preview":"max-video-preview:-1"},"canonical":"https:\/\/anchorallied.com\/es\/blog\/","og_locale":"en_US","og_type":"article","og_title":"Blog de selladores y adhesivos | Ideas en qu\u00edmica de construcci\u00f3n","og_description":"Lea art\u00edculos de expertos sobre selladores, adhesivos, impermeabilizaci\u00f3n y recubrimientos. Anchor Allied comparte gu\u00edas y consejos profesionales.","og_url":"https:\/\/anchorallied.com\/es\/blog\/","og_site_name":"anchoralliedfactory","article_modified_time":"2025-08-21T05:17:28+00:00","twitter_card":"summary_large_image","twitter_misc":{"Est. reading time":"1 minute"},"schema":{"@context":"https:\/\/schema.org","@graph":[{"@type":"WebPage","@id":"https:\/\/anchorallied.com\/es\/blog\/","url":"https:\/\/anchorallied.com\/es\/blog\/","name":"Blog de selladores y adhesivos | Ideas en qu\u00edmica de construcci\u00f3n","isPartOf":{"@id":"https:\/\/anchorallied.com\/es\/#website"},"datePublished":"2025-05-22T06:03:53+00:00","dateModified":"2025-08-21T05:17:28+00:00","description":"Lea art\u00edculos de expertos sobre selladores, adhesivos, impermeabilizaci\u00f3n y recubrimientos. Anchor Allied comparte gu\u00edas y consejos profesionales.","breadcrumb":{"@id":"https:\/\/anchorallied.com\/es\/blog\/#breadcrumb"},"inLanguage":"en","potentialAction":[{"@type":"ReadAction","target":["https:\/\/anchorallied.com\/es\/blog\/"]}]},{"@type":"BreadcrumbList","@id":"https:\/\/anchorallied.com\/es\/blog\/#breadcrumb","itemListElement":[{"@type":"ListItem","position":1,"name":"Home","item":"http:\/\/anchorallied.com\/es\/"},{"@type":"ListItem","position":2,"name":"Blog"}]},{"@type":"WebSite","@id":"https:\/\/anchorallied.com\/es\/#website","url":"https:\/\/anchorallied.com\/es\/","name":"anchoralliedfactory","description":"","potentialAction":[{"@type":"SearchAction","target":{"@type":"EntryPoint","urlTemplate":"https:\/\/anchorallied.com\/es\/?s={search_term_string}"},"query-input":{"@type":"PropertyValueSpecification","valueRequired":true,"valueName":"search_term_string"}}],"inLanguage":"en"}]}},"_links":{"self":[{"href":"https:\/\/anchorallied.com\/es\/wp-json\/wp\/v2\/pages\/1828","targetHints":{"allow":["GET"]}}],"collection":[{"href":"https:\/\/anchorallied.com\/es\/wp-json\/wp\/v2\/pages"}],"about":[{"href":"https:\/\/anchorallied.com\/es\/wp-json\/wp\/v2\/types\/page"}],"author":[{"embeddable":true,"href":"https:\/\/anchorallied.com\/es\/wp-json\/wp\/v2\/users\/1"}],"replies":[{"embeddable":true,"href":"https:\/\/anchorallied.com\/es\/wp-json\/wp\/v2\/comments?post=1828"}],"version-history":[{"count":14,"href":"https:\/\/anchorallied.com\/es\/wp-json\/wp\/v2\/pages\/1828\/revisions"}],"predecessor-version":[{"id":3770,"href":"https:\/\/anchorallied.com\/es\/wp-json\/wp\/v2\/pages\/1828\/revisions\/3770"}],"wp:attachment":[{"href":"https:\/\/anchorallied.com\/es\/wp-json\/wp\/v2\/media?parent=1828"}],"curies":[{"name":"wp","href":"https:\/\/api.w.org\/{rel}","templated":true}]}}