{"id":900,"date":"2025-05-07T05:23:21","date_gmt":"2025-05-07T05:23:21","guid":{"rendered":"http:\/\/anchorallied.com\/es\/?page_id=900"},"modified":"2026-04-06T08:39:51","modified_gmt":"2026-04-06T08:39:51","slug":"contact-us","status":"publish","type":"page","link":"https:\/\/anchorallied.com\/es\/contact-us\/","title":{"rendered":"Contact us"},"content":{"rendered":"","protected":false},"excerpt":{"rendered":"","protected":false},"author":1,"featured_media":0,"parent":0,"menu_order":0,"comment_status":"closed","ping_status":"closed","template":"","meta":{"_acf_changed":false,"footnotes":""},"class_list":["post-900","page","type-page","status-publish","hentry"],"acf":[],"yoast_head":"<!-- This site is optimized with the Yoast SEO plugin v27.3 - https:\/\/yoast.com\/product\/yoast-seo-wordpress\/ -->\n<title>Contacte Anchor Allied | Proveedor de selladores y adhesivos en EAU<\/title>\n<meta name=\"description\" content=\"P\u00f3ngase en contacto con Anchor Allied, proveedor l\u00edder de selladores, adhesivos, espumas y recubrimientos en EAU. Solicite informaci\u00f3n y alianzas.\" \/>\n<meta name=\"robots\" content=\"index, follow, max-snippet:-1, max-image-preview:large, max-video-preview:-1\" \/>\n<link rel=\"canonical\" href=\"https:\/\/anchorallied.com\/es\/contact-us\/\" \/>\n<meta property=\"og:locale\" content=\"en_US\" \/>\n<meta property=\"og:type\" content=\"article\" \/>\n<meta property=\"og:title\" content=\"Contacte Anchor Allied | Proveedor de selladores y adhesivos en EAU\" \/>\n<meta property=\"og:description\" content=\"P\u00f3ngase en contacto con Anchor Allied, proveedor l\u00edder de selladores, adhesivos, espumas y recubrimientos en EAU. Solicite informaci\u00f3n y alianzas.\" \/>\n<meta property=\"og:url\" content=\"https:\/\/anchorallied.com\/es\/contact-us\/\" \/>\n<meta property=\"og:site_name\" content=\"anchoralliedfactory\" \/>\n<meta property=\"article:modified_time\" content=\"2026-04-06T08:39:51+00:00\" \/>\n<meta name=\"twitter:card\" content=\"summary_large_image\" \/>\n<meta name=\"twitter:label1\" content=\"Est. reading time\" \/>\n\t<meta name=\"twitter:data1\" content=\"1 minute\" \/>\n<script type=\"application\/ld+json\" class=\"yoast-schema-graph\">{\"@context\":\"https:\\\/\\\/schema.org\",\"@graph\":[{\"@type\":\"WebPage\",\"@id\":\"https:\\\/\\\/anchorallied.com\\\/es\\\/contact-us\\\/\",\"url\":\"https:\\\/\\\/anchorallied.com\\\/es\\\/contact-us\\\/\",\"name\":\"Contacte Anchor Allied | Proveedor de selladores y adhesivos en EAU\",\"isPartOf\":{\"@id\":\"https:\\\/\\\/anchorallied.com\\\/es\\\/#website\"},\"datePublished\":\"2025-05-07T05:23:21+00:00\",\"dateModified\":\"2026-04-06T08:39:51+00:00\",\"description\":\"P\u00f3ngase en contacto con Anchor Allied, proveedor l\u00edder de selladores, adhesivos, espumas y recubrimientos en EAU. Solicite informaci\u00f3n y alianzas.\",\"breadcrumb\":{\"@id\":\"https:\\\/\\\/anchorallied.com\\\/es\\\/contact-us\\\/#breadcrumb\"},\"inLanguage\":\"en\",\"potentialAction\":[{\"@type\":\"ReadAction\",\"target\":[\"https:\\\/\\\/anchorallied.com\\\/es\\\/contact-us\\\/\"]}]},{\"@type\":\"BreadcrumbList\",\"@id\":\"https:\\\/\\\/anchorallied.com\\\/es\\\/contact-us\\\/#breadcrumb\",\"itemListElement\":[{\"@type\":\"ListItem\",\"position\":1,\"name\":\"Home\",\"item\":\"http:\\\/\\\/anchorallied.com\\\/es\\\/\"},{\"@type\":\"ListItem\",\"position\":2,\"name\":\"Contact us\"}]},{\"@type\":\"WebSite\",\"@id\":\"https:\\\/\\\/anchorallied.com\\\/es\\\/#website\",\"url\":\"https:\\\/\\\/anchorallied.com\\\/es\\\/\",\"name\":\"anchoralliedfactory\",\"description\":\"\",\"potentialAction\":[{\"@type\":\"SearchAction\",\"target\":{\"@type\":\"EntryPoint\",\"urlTemplate\":\"https:\\\/\\\/anchorallied.com\\\/es\\\/?s={search_term_string}\"},\"query-input\":{\"@type\":\"PropertyValueSpecification\",\"valueRequired\":true,\"valueName\":\"search_term_string\"}}],\"inLanguage\":\"en\"}]}<\/script>\n<!-- \/ Yoast SEO plugin. -->","yoast_head_json":{"title":"Contacte Anchor Allied | Proveedor de selladores y adhesivos en EAU","description":"P\u00f3ngase en contacto con Anchor Allied, proveedor l\u00edder de selladores, adhesivos, espumas y recubrimientos en EAU. Solicite informaci\u00f3n y alianzas.","robots":{"index":"index","follow":"follow","max-snippet":"max-snippet:-1","max-image-preview":"max-image-preview:large","max-video-preview":"max-video-preview:-1"},"canonical":"https:\/\/anchorallied.com\/es\/contact-us\/","og_locale":"en_US","og_type":"article","og_title":"Contacte Anchor Allied | Proveedor de selladores y adhesivos en EAU","og_description":"P\u00f3ngase en contacto con Anchor Allied, proveedor l\u00edder de selladores, adhesivos, espumas y recubrimientos en EAU. Solicite informaci\u00f3n y alianzas.","og_url":"https:\/\/anchorallied.com\/es\/contact-us\/","og_site_name":"anchoralliedfactory","article_modified_time":"2026-04-06T08:39:51+00:00","twitter_card":"summary_large_image","twitter_misc":{"Est. reading time":"1 minute"},"schema":{"@context":"https:\/\/schema.org","@graph":[{"@type":"WebPage","@id":"https:\/\/anchorallied.com\/es\/contact-us\/","url":"https:\/\/anchorallied.com\/es\/contact-us\/","name":"Contacte Anchor Allied | Proveedor de selladores y adhesivos en EAU","isPartOf":{"@id":"https:\/\/anchorallied.com\/es\/#website"},"datePublished":"2025-05-07T05:23:21+00:00","dateModified":"2026-04-06T08:39:51+00:00","description":"P\u00f3ngase en contacto con Anchor Allied, proveedor l\u00edder de selladores, adhesivos, espumas y recubrimientos en EAU. Solicite informaci\u00f3n y alianzas.","breadcrumb":{"@id":"https:\/\/anchorallied.com\/es\/contact-us\/#breadcrumb"},"inLanguage":"en","potentialAction":[{"@type":"ReadAction","target":["https:\/\/anchorallied.com\/es\/contact-us\/"]}]},{"@type":"BreadcrumbList","@id":"https:\/\/anchorallied.com\/es\/contact-us\/#breadcrumb","itemListElement":[{"@type":"ListItem","position":1,"name":"Home","item":"http:\/\/anchorallied.com\/es\/"},{"@type":"ListItem","position":2,"name":"Contact us"}]},{"@type":"WebSite","@id":"https:\/\/anchorallied.com\/es\/#website","url":"https:\/\/anchorallied.com\/es\/","name":"anchoralliedfactory","description":"","potentialAction":[{"@type":"SearchAction","target":{"@type":"EntryPoint","urlTemplate":"https:\/\/anchorallied.com\/es\/?s={search_term_string}"},"query-input":{"@type":"PropertyValueSpecification","valueRequired":true,"valueName":"search_term_string"}}],"inLanguage":"en"}]}},"_links":{"self":[{"href":"https:\/\/anchorallied.com\/es\/wp-json\/wp\/v2\/pages\/900","targetHints":{"allow":["GET"]}}],"collection":[{"href":"https:\/\/anchorallied.com\/es\/wp-json\/wp\/v2\/pages"}],"about":[{"href":"https:\/\/anchorallied.com\/es\/wp-json\/wp\/v2\/types\/page"}],"author":[{"embeddable":true,"href":"https:\/\/anchorallied.com\/es\/wp-json\/wp\/v2\/users\/1"}],"replies":[{"embeddable":true,"href":"https:\/\/anchorallied.com\/es\/wp-json\/wp\/v2\/comments?post=900"}],"version-history":[{"count":68,"href":"https:\/\/anchorallied.com\/es\/wp-json\/wp\/v2\/pages\/900\/revisions"}],"predecessor-version":[{"id":3897,"href":"https:\/\/anchorallied.com\/es\/wp-json\/wp\/v2\/pages\/900\/revisions\/3897"}],"wp:attachment":[{"href":"https:\/\/anchorallied.com\/es\/wp-json\/wp\/v2\/media?parent=900"}],"curies":[{"name":"wp","href":"https:\/\/api.w.org\/{rel}","templated":true}]}}