{"id":1512,"date":"2025-05-20T09:50:18","date_gmt":"2025-05-20T09:50:18","guid":{"rendered":"http:\/\/anchorallied.com\/es\/?post_type=product&#038;p=1512"},"modified":"2025-07-27T15:48:49","modified_gmt":"2025-07-27T15:48:49","slug":"asmacoat-wp-600-roof-coating","status":"publish","type":"product","link":"https:\/\/anchorallied.com\/es\/product\/asmacoat-wp-600-roof-coating\/","title":{"rendered":"ASMACOAT WP 600"},"content":{"rendered":"<p>ASMACOAT WP 600 es un impermeabilizante y protector acr\u00edlico l\u00edquido monocomponente recomendado para hormig\u00f3n y estructuras de sustrato. Es una membrana acr\u00edlica l\u00edquida a base de agua. Es de f\u00e1cil aplicaci\u00f3n en superficies horizontales y verticales. Una vez curado, forma una membrana impermeabilizante continua resistente a los cambios t\u00e9rmicos y a los rayos ultravioleta. Apto para climas c\u00e1lidos y tropicales.<\/p>\n<p>\u2022 Techos, terrazas y balcones.<\/p>\n<p>\u2022 Recubrimiento protector y decorativo sobre superficies de hormig\u00f3n visto, tanto para aplicaciones verticales como horizontales.<\/p>\n<p>\u2022 Impermeabilizaci\u00f3n de tapajuntas, borduras de techos y paredes (de hormig\u00f3n, mortero de cemento, madera o metal).<\/p>\n","protected":false},"excerpt":{"rendered":"<p>ASMACOAT WP 600: membrana impermeabilizante acr\u00edlica monocomponente para cubiertas, paredes y superficies de hormig\u00f3n a la vista.<\/p>\n","protected":false},"featured_media":2807,"comment_status":"open","ping_status":"closed","template":"","meta":{"_acf_changed":false},"product_brand":[],"product_cat":[139,203,151],"product_tag":[],"class_list":{"0":"post-1512","1":"product","2":"type-product","3":"status-publish","4":"has-post-thumbnail","6":"product_cat-impermeabilizacion-y-recubrimientos-para-suelos","7":"product_cat-montaje-de-techo-calido-asmaco","8":"product_cat-revestimiento-impermeabilizante","10":"first","11":"instock","12":"shipping-taxable","13":"product-type-simple"},"acf":[],"yoast_head":"<!-- This site is optimized with the Yoast SEO plugin v27.3 - https:\/\/yoast.com\/product\/yoast-seo-wordpress\/ -->\n<title>ASMACOAT WP 600 - anchoralliedfactory<\/title>\n<meta name=\"robots\" content=\"index, follow, max-snippet:-1, max-image-preview:large, max-video-preview:-1\" \/>\n<link rel=\"canonical\" href=\"https:\/\/anchorallied.com\/es\/product\/asmacoat-wp-600-roof-coating\/\" \/>\n<meta property=\"og:locale\" content=\"en_US\" \/>\n<meta property=\"og:type\" content=\"article\" \/>\n<meta property=\"og:title\" content=\"ASMACOAT WP 600 - anchoralliedfactory\" \/>\n<meta property=\"og:description\" content=\"ASMACOAT WP 600: membrana impermeabilizante acr\u00edlica monocomponente para cubiertas, paredes y superficies de hormig\u00f3n a la vista.\" \/>\n<meta property=\"og:url\" content=\"https:\/\/anchorallied.com\/es\/product\/asmacoat-wp-600-roof-coating\/\" \/>\n<meta property=\"og:site_name\" content=\"anchoralliedfactory\" \/>\n<meta property=\"article:modified_time\" content=\"2025-07-27T15:48:49+00:00\" \/>\n<meta property=\"og:image\" content=\"https:\/\/anchorallied.com\/es\/wp-content\/uploads\/2025\/05\/water-proof_0001_WP-600-NEW-BUCKET.jpg\" \/>\n\t<meta property=\"og:image:width\" content=\"1200\" \/>\n\t<meta property=\"og:image:height\" content=\"1200\" \/>\n\t<meta property=\"og:image:type\" content=\"image\/jpeg\" \/>\n<meta name=\"twitter:card\" content=\"summary_large_image\" \/>\n<meta name=\"twitter:label1\" content=\"Est. reading time\" \/>\n\t<meta name=\"twitter:data1\" content=\"1 minute\" \/>\n<script type=\"application\/ld+json\" class=\"yoast-schema-graph\">{\"@context\":\"https:\\\/\\\/schema.org\",\"@graph\":[{\"@type\":\"WebPage\",\"@id\":\"https:\\\/\\\/anchorallied.com\\\/es\\\/product\\\/asmacoat-wp-600-roof-coating\\\/\",\"url\":\"https:\\\/\\\/anchorallied.com\\\/es\\\/product\\\/asmacoat-wp-600-roof-coating\\\/\",\"name\":\"ASMACOAT WP 600 - anchoralliedfactory\",\"isPartOf\":{\"@id\":\"https:\\\/\\\/anchorallied.com\\\/es\\\/#website\"},\"primaryImageOfPage\":{\"@id\":\"https:\\\/\\\/anchorallied.com\\\/es\\\/product\\\/asmacoat-wp-600-roof-coating\\\/#primaryimage\"},\"image\":{\"@id\":\"https:\\\/\\\/anchorallied.com\\\/es\\\/product\\\/asmacoat-wp-600-roof-coating\\\/#primaryimage\"},\"thumbnailUrl\":\"https:\\\/\\\/anchorallied.com\\\/es\\\/wp-content\\\/uploads\\\/2025\\\/05\\\/water-proof_0001_WP-600-NEW-BUCKET.jpg\",\"datePublished\":\"2025-05-20T09:50:18+00:00\",\"dateModified\":\"2025-07-27T15:48:49+00:00\",\"breadcrumb\":{\"@id\":\"https:\\\/\\\/anchorallied.com\\\/es\\\/product\\\/asmacoat-wp-600-roof-coating\\\/#breadcrumb\"},\"inLanguage\":\"en\",\"potentialAction\":[{\"@type\":\"ReadAction\",\"target\":[\"https:\\\/\\\/anchorallied.com\\\/es\\\/product\\\/asmacoat-wp-600-roof-coating\\\/\"]}]},{\"@type\":\"ImageObject\",\"inLanguage\":\"en\",\"@id\":\"https:\\\/\\\/anchorallied.com\\\/es\\\/product\\\/asmacoat-wp-600-roof-coating\\\/#primaryimage\",\"url\":\"https:\\\/\\\/anchorallied.com\\\/es\\\/wp-content\\\/uploads\\\/2025\\\/05\\\/water-proof_0001_WP-600-NEW-BUCKET.jpg\",\"contentUrl\":\"https:\\\/\\\/anchorallied.com\\\/es\\\/wp-content\\\/uploads\\\/2025\\\/05\\\/water-proof_0001_WP-600-NEW-BUCKET.jpg\",\"width\":1200,\"height\":1200},{\"@type\":\"BreadcrumbList\",\"@id\":\"https:\\\/\\\/anchorallied.com\\\/es\\\/product\\\/asmacoat-wp-600-roof-coating\\\/#breadcrumb\",\"itemListElement\":[{\"@type\":\"ListItem\",\"position\":1,\"name\":\"Home\",\"item\":\"http:\\\/\\\/anchorallied.com\\\/es\\\/\"},{\"@type\":\"ListItem\",\"position\":2,\"name\":\"Shop\",\"item\":\"https:\\\/\\\/anchorallied.com\\\/es\\\/shop\\\/\"},{\"@type\":\"ListItem\",\"position\":3,\"name\":\"ASMACOAT WP 600\"}]},{\"@type\":\"WebSite\",\"@id\":\"https:\\\/\\\/anchorallied.com\\\/es\\\/#website\",\"url\":\"https:\\\/\\\/anchorallied.com\\\/es\\\/\",\"name\":\"anchoralliedfactory\",\"description\":\"\",\"potentialAction\":[{\"@type\":\"SearchAction\",\"target\":{\"@type\":\"EntryPoint\",\"urlTemplate\":\"https:\\\/\\\/anchorallied.com\\\/es\\\/?s={search_term_string}\"},\"query-input\":{\"@type\":\"PropertyValueSpecification\",\"valueRequired\":true,\"valueName\":\"search_term_string\"}}],\"inLanguage\":\"en\"}]}<\/script>\n<!-- \/ Yoast SEO plugin. -->","yoast_head_json":{"title":"ASMACOAT WP 600 - anchoralliedfactory","robots":{"index":"index","follow":"follow","max-snippet":"max-snippet:-1","max-image-preview":"max-image-preview:large","max-video-preview":"max-video-preview:-1"},"canonical":"https:\/\/anchorallied.com\/es\/product\/asmacoat-wp-600-roof-coating\/","og_locale":"en_US","og_type":"article","og_title":"ASMACOAT WP 600 - anchoralliedfactory","og_description":"ASMACOAT WP 600: membrana impermeabilizante acr\u00edlica monocomponente para cubiertas, paredes y superficies de hormig\u00f3n a la vista.","og_url":"https:\/\/anchorallied.com\/es\/product\/asmacoat-wp-600-roof-coating\/","og_site_name":"anchoralliedfactory","article_modified_time":"2025-07-27T15:48:49+00:00","og_image":[{"width":1200,"height":1200,"url":"https:\/\/anchorallied.com\/es\/wp-content\/uploads\/2025\/05\/water-proof_0001_WP-600-NEW-BUCKET.jpg","type":"image\/jpeg"}],"twitter_card":"summary_large_image","twitter_misc":{"Est. reading time":"1 minute"},"schema":{"@context":"https:\/\/schema.org","@graph":[{"@type":"WebPage","@id":"https:\/\/anchorallied.com\/es\/product\/asmacoat-wp-600-roof-coating\/","url":"https:\/\/anchorallied.com\/es\/product\/asmacoat-wp-600-roof-coating\/","name":"ASMACOAT WP 600 - anchoralliedfactory","isPartOf":{"@id":"https:\/\/anchorallied.com\/es\/#website"},"primaryImageOfPage":{"@id":"https:\/\/anchorallied.com\/es\/product\/asmacoat-wp-600-roof-coating\/#primaryimage"},"image":{"@id":"https:\/\/anchorallied.com\/es\/product\/asmacoat-wp-600-roof-coating\/#primaryimage"},"thumbnailUrl":"https:\/\/anchorallied.com\/es\/wp-content\/uploads\/2025\/05\/water-proof_0001_WP-600-NEW-BUCKET.jpg","datePublished":"2025-05-20T09:50:18+00:00","dateModified":"2025-07-27T15:48:49+00:00","breadcrumb":{"@id":"https:\/\/anchorallied.com\/es\/product\/asmacoat-wp-600-roof-coating\/#breadcrumb"},"inLanguage":"en","potentialAction":[{"@type":"ReadAction","target":["https:\/\/anchorallied.com\/es\/product\/asmacoat-wp-600-roof-coating\/"]}]},{"@type":"ImageObject","inLanguage":"en","@id":"https:\/\/anchorallied.com\/es\/product\/asmacoat-wp-600-roof-coating\/#primaryimage","url":"https:\/\/anchorallied.com\/es\/wp-content\/uploads\/2025\/05\/water-proof_0001_WP-600-NEW-BUCKET.jpg","contentUrl":"https:\/\/anchorallied.com\/es\/wp-content\/uploads\/2025\/05\/water-proof_0001_WP-600-NEW-BUCKET.jpg","width":1200,"height":1200},{"@type":"BreadcrumbList","@id":"https:\/\/anchorallied.com\/es\/product\/asmacoat-wp-600-roof-coating\/#breadcrumb","itemListElement":[{"@type":"ListItem","position":1,"name":"Home","item":"http:\/\/anchorallied.com\/es\/"},{"@type":"ListItem","position":2,"name":"Shop","item":"https:\/\/anchorallied.com\/es\/shop\/"},{"@type":"ListItem","position":3,"name":"ASMACOAT WP 600"}]},{"@type":"WebSite","@id":"https:\/\/anchorallied.com\/es\/#website","url":"https:\/\/anchorallied.com\/es\/","name":"anchoralliedfactory","description":"","potentialAction":[{"@type":"SearchAction","target":{"@type":"EntryPoint","urlTemplate":"https:\/\/anchorallied.com\/es\/?s={search_term_string}"},"query-input":{"@type":"PropertyValueSpecification","valueRequired":true,"valueName":"search_term_string"}}],"inLanguage":"en"}]}},"_links":{"self":[{"href":"https:\/\/anchorallied.com\/es\/wp-json\/wp\/v2\/product\/1512","targetHints":{"allow":["GET"]}}],"collection":[{"href":"https:\/\/anchorallied.com\/es\/wp-json\/wp\/v2\/product"}],"about":[{"href":"https:\/\/anchorallied.com\/es\/wp-json\/wp\/v2\/types\/product"}],"replies":[{"embeddable":true,"href":"https:\/\/anchorallied.com\/es\/wp-json\/wp\/v2\/comments?post=1512"}],"wp:featuredmedia":[{"embeddable":true,"href":"https:\/\/anchorallied.com\/es\/wp-json\/wp\/v2\/media\/2807"}],"wp:attachment":[{"href":"https:\/\/anchorallied.com\/es\/wp-json\/wp\/v2\/media?parent=1512"}],"wp:term":[{"taxonomy":"product_brand","embeddable":true,"href":"https:\/\/anchorallied.com\/es\/wp-json\/wp\/v2\/product_brand?post=1512"},{"taxonomy":"product_cat","embeddable":true,"href":"https:\/\/anchorallied.com\/es\/wp-json\/wp\/v2\/product_cat?post=1512"},{"taxonomy":"product_tag","embeddable":true,"href":"https:\/\/anchorallied.com\/es\/wp-json\/wp\/v2\/product_tag?post=1512"}],"curies":[{"name":"wp","href":"https:\/\/api.w.org\/{rel}","templated":true}]}}