{"id":1523,"date":"2025-05-20T10:00:32","date_gmt":"2025-05-20T10:00:32","guid":{"rendered":"http:\/\/anchorallied.com\/es\/?post_type=product&#038;p=1523"},"modified":"2025-07-27T15:48:50","modified_gmt":"2025-07-27T15:48:50","slug":"aqua-shield-water-repellent","status":"publish","type":"product","link":"https:\/\/anchorallied.com\/es\/product\/aqua-shield-water-repellent\/","title":{"rendered":"Repelente de agua Aqua Shield"},"content":{"rendered":"<p>ASMACO AQUASHIELD es un pol\u00edmero a base de silano-siloxano, disperso en disolventes de alto punto de ebullici\u00f3n y tratamiento que penetra en sustratos porosos y reacciona con la humedad o el agua intersticial del sustrato para formar un revestimiento hidr\u00f3fobo en los capilares, sin obstruir los poros ni los capilares de las paredes verticales ni otros sustratos de mamposter\u00eda. Mantiene la apariencia de los sustratos y ofrece una mejor resistencia a los rayos UV.<\/p>\n<p>\u2022 Excelente resistencia al moho y a las algas.<\/p>\n<p>\u2022 Bajo contenido de CO\u2082 y no inflamable.<\/p>\n<p>\u2022 No se degrada con la exposici\u00f3n a los rayos UV.<\/p>\n<p>\u2022 F\u00e1cil aplicaci\u00f3n y listo para usar con brocha o pulverizador.<\/p>\n","protected":false},"excerpt":{"rendered":"<p>ASMACO AQUASHIELD: tratamiento silano-siloxano formador de barrera hidrof\u00f3bica para mamposter\u00eda, resistente a los rayos UV, resistente al moho, de f\u00e1cil aplicaci\u00f3n.<\/p>\n","protected":false},"featured_media":2811,"comment_status":"open","ping_status":"closed","template":"","meta":{"_acf_changed":false},"product_brand":[],"product_cat":[139,151],"product_tag":[],"class_list":{"0":"post-1523","1":"product","2":"type-product","3":"status-publish","4":"has-post-thumbnail","6":"product_cat-impermeabilizacion-y-recubrimientos-para-suelos","7":"product_cat-revestimiento-impermeabilizante","9":"first","10":"instock","11":"shipping-taxable","12":"product-type-simple"},"acf":[],"yoast_head":"<!-- This site is optimized with the Yoast SEO plugin v27.3 - https:\/\/yoast.com\/product\/yoast-seo-wordpress\/ -->\n<title>Repelente de agua Aqua Shield - anchoralliedfactory<\/title>\n<meta name=\"robots\" content=\"index, follow, max-snippet:-1, max-image-preview:large, max-video-preview:-1\" \/>\n<link rel=\"canonical\" href=\"https:\/\/anchorallied.com\/es\/product\/aqua-shield-water-repellent\/\" \/>\n<meta property=\"og:locale\" content=\"en_US\" \/>\n<meta property=\"og:type\" content=\"article\" \/>\n<meta property=\"og:title\" content=\"Repelente de agua Aqua Shield - anchoralliedfactory\" \/>\n<meta property=\"og:description\" content=\"ASMACO AQUASHIELD: tratamiento silano-siloxano formador de barrera hidrof\u00f3bica para mamposter\u00eda, resistente a los rayos UV, resistente al moho, de f\u00e1cil aplicaci\u00f3n.\" \/>\n<meta property=\"og:url\" content=\"https:\/\/anchorallied.com\/es\/product\/aqua-shield-water-repellent\/\" \/>\n<meta property=\"og:site_name\" content=\"anchoralliedfactory\" \/>\n<meta property=\"article:modified_time\" content=\"2025-07-27T15:48:50+00:00\" \/>\n<meta property=\"og:image\" content=\"https:\/\/anchorallied.com\/es\/wp-content\/uploads\/2025\/05\/water-proof_0008_Aqua-Shield-Bucket.jpg\" \/>\n\t<meta property=\"og:image:width\" content=\"1200\" \/>\n\t<meta property=\"og:image:height\" content=\"1200\" \/>\n\t<meta property=\"og:image:type\" content=\"image\/jpeg\" \/>\n<meta name=\"twitter:card\" content=\"summary_large_image\" \/>\n<meta name=\"twitter:label1\" content=\"Est. reading time\" \/>\n\t<meta name=\"twitter:data1\" content=\"1 minute\" \/>\n<script type=\"application\/ld+json\" class=\"yoast-schema-graph\">{\"@context\":\"https:\\\/\\\/schema.org\",\"@graph\":[{\"@type\":\"WebPage\",\"@id\":\"https:\\\/\\\/anchorallied.com\\\/es\\\/product\\\/aqua-shield-water-repellent\\\/\",\"url\":\"https:\\\/\\\/anchorallied.com\\\/es\\\/product\\\/aqua-shield-water-repellent\\\/\",\"name\":\"Repelente de agua Aqua Shield - anchoralliedfactory\",\"isPartOf\":{\"@id\":\"https:\\\/\\\/anchorallied.com\\\/es\\\/#website\"},\"primaryImageOfPage\":{\"@id\":\"https:\\\/\\\/anchorallied.com\\\/es\\\/product\\\/aqua-shield-water-repellent\\\/#primaryimage\"},\"image\":{\"@id\":\"https:\\\/\\\/anchorallied.com\\\/es\\\/product\\\/aqua-shield-water-repellent\\\/#primaryimage\"},\"thumbnailUrl\":\"https:\\\/\\\/anchorallied.com\\\/es\\\/wp-content\\\/uploads\\\/2025\\\/05\\\/water-proof_0008_Aqua-Shield-Bucket.jpg\",\"datePublished\":\"2025-05-20T10:00:32+00:00\",\"dateModified\":\"2025-07-27T15:48:50+00:00\",\"breadcrumb\":{\"@id\":\"https:\\\/\\\/anchorallied.com\\\/es\\\/product\\\/aqua-shield-water-repellent\\\/#breadcrumb\"},\"inLanguage\":\"en\",\"potentialAction\":[{\"@type\":\"ReadAction\",\"target\":[\"https:\\\/\\\/anchorallied.com\\\/es\\\/product\\\/aqua-shield-water-repellent\\\/\"]}]},{\"@type\":\"ImageObject\",\"inLanguage\":\"en\",\"@id\":\"https:\\\/\\\/anchorallied.com\\\/es\\\/product\\\/aqua-shield-water-repellent\\\/#primaryimage\",\"url\":\"https:\\\/\\\/anchorallied.com\\\/es\\\/wp-content\\\/uploads\\\/2025\\\/05\\\/water-proof_0008_Aqua-Shield-Bucket.jpg\",\"contentUrl\":\"https:\\\/\\\/anchorallied.com\\\/es\\\/wp-content\\\/uploads\\\/2025\\\/05\\\/water-proof_0008_Aqua-Shield-Bucket.jpg\",\"width\":1200,\"height\":1200},{\"@type\":\"BreadcrumbList\",\"@id\":\"https:\\\/\\\/anchorallied.com\\\/es\\\/product\\\/aqua-shield-water-repellent\\\/#breadcrumb\",\"itemListElement\":[{\"@type\":\"ListItem\",\"position\":1,\"name\":\"Home\",\"item\":\"http:\\\/\\\/anchorallied.com\\\/es\\\/\"},{\"@type\":\"ListItem\",\"position\":2,\"name\":\"Shop\",\"item\":\"https:\\\/\\\/anchorallied.com\\\/es\\\/shop\\\/\"},{\"@type\":\"ListItem\",\"position\":3,\"name\":\"Repelente de agua Aqua Shield\"}]},{\"@type\":\"WebSite\",\"@id\":\"https:\\\/\\\/anchorallied.com\\\/es\\\/#website\",\"url\":\"https:\\\/\\\/anchorallied.com\\\/es\\\/\",\"name\":\"anchoralliedfactory\",\"description\":\"\",\"potentialAction\":[{\"@type\":\"SearchAction\",\"target\":{\"@type\":\"EntryPoint\",\"urlTemplate\":\"https:\\\/\\\/anchorallied.com\\\/es\\\/?s={search_term_string}\"},\"query-input\":{\"@type\":\"PropertyValueSpecification\",\"valueRequired\":true,\"valueName\":\"search_term_string\"}}],\"inLanguage\":\"en\"}]}<\/script>\n<!-- \/ Yoast SEO plugin. -->","yoast_head_json":{"title":"Repelente de agua Aqua Shield - anchoralliedfactory","robots":{"index":"index","follow":"follow","max-snippet":"max-snippet:-1","max-image-preview":"max-image-preview:large","max-video-preview":"max-video-preview:-1"},"canonical":"https:\/\/anchorallied.com\/es\/product\/aqua-shield-water-repellent\/","og_locale":"en_US","og_type":"article","og_title":"Repelente de agua Aqua Shield - anchoralliedfactory","og_description":"ASMACO AQUASHIELD: tratamiento silano-siloxano formador de barrera hidrof\u00f3bica para mamposter\u00eda, resistente a los rayos UV, resistente al moho, de f\u00e1cil aplicaci\u00f3n.","og_url":"https:\/\/anchorallied.com\/es\/product\/aqua-shield-water-repellent\/","og_site_name":"anchoralliedfactory","article_modified_time":"2025-07-27T15:48:50+00:00","og_image":[{"width":1200,"height":1200,"url":"https:\/\/anchorallied.com\/es\/wp-content\/uploads\/2025\/05\/water-proof_0008_Aqua-Shield-Bucket.jpg","type":"image\/jpeg"}],"twitter_card":"summary_large_image","twitter_misc":{"Est. reading time":"1 minute"},"schema":{"@context":"https:\/\/schema.org","@graph":[{"@type":"WebPage","@id":"https:\/\/anchorallied.com\/es\/product\/aqua-shield-water-repellent\/","url":"https:\/\/anchorallied.com\/es\/product\/aqua-shield-water-repellent\/","name":"Repelente de agua Aqua Shield - anchoralliedfactory","isPartOf":{"@id":"https:\/\/anchorallied.com\/es\/#website"},"primaryImageOfPage":{"@id":"https:\/\/anchorallied.com\/es\/product\/aqua-shield-water-repellent\/#primaryimage"},"image":{"@id":"https:\/\/anchorallied.com\/es\/product\/aqua-shield-water-repellent\/#primaryimage"},"thumbnailUrl":"https:\/\/anchorallied.com\/es\/wp-content\/uploads\/2025\/05\/water-proof_0008_Aqua-Shield-Bucket.jpg","datePublished":"2025-05-20T10:00:32+00:00","dateModified":"2025-07-27T15:48:50+00:00","breadcrumb":{"@id":"https:\/\/anchorallied.com\/es\/product\/aqua-shield-water-repellent\/#breadcrumb"},"inLanguage":"en","potentialAction":[{"@type":"ReadAction","target":["https:\/\/anchorallied.com\/es\/product\/aqua-shield-water-repellent\/"]}]},{"@type":"ImageObject","inLanguage":"en","@id":"https:\/\/anchorallied.com\/es\/product\/aqua-shield-water-repellent\/#primaryimage","url":"https:\/\/anchorallied.com\/es\/wp-content\/uploads\/2025\/05\/water-proof_0008_Aqua-Shield-Bucket.jpg","contentUrl":"https:\/\/anchorallied.com\/es\/wp-content\/uploads\/2025\/05\/water-proof_0008_Aqua-Shield-Bucket.jpg","width":1200,"height":1200},{"@type":"BreadcrumbList","@id":"https:\/\/anchorallied.com\/es\/product\/aqua-shield-water-repellent\/#breadcrumb","itemListElement":[{"@type":"ListItem","position":1,"name":"Home","item":"http:\/\/anchorallied.com\/es\/"},{"@type":"ListItem","position":2,"name":"Shop","item":"https:\/\/anchorallied.com\/es\/shop\/"},{"@type":"ListItem","position":3,"name":"Repelente de agua Aqua Shield"}]},{"@type":"WebSite","@id":"https:\/\/anchorallied.com\/es\/#website","url":"https:\/\/anchorallied.com\/es\/","name":"anchoralliedfactory","description":"","potentialAction":[{"@type":"SearchAction","target":{"@type":"EntryPoint","urlTemplate":"https:\/\/anchorallied.com\/es\/?s={search_term_string}"},"query-input":{"@type":"PropertyValueSpecification","valueRequired":true,"valueName":"search_term_string"}}],"inLanguage":"en"}]}},"_links":{"self":[{"href":"https:\/\/anchorallied.com\/es\/wp-json\/wp\/v2\/product\/1523","targetHints":{"allow":["GET"]}}],"collection":[{"href":"https:\/\/anchorallied.com\/es\/wp-json\/wp\/v2\/product"}],"about":[{"href":"https:\/\/anchorallied.com\/es\/wp-json\/wp\/v2\/types\/product"}],"replies":[{"embeddable":true,"href":"https:\/\/anchorallied.com\/es\/wp-json\/wp\/v2\/comments?post=1523"}],"wp:featuredmedia":[{"embeddable":true,"href":"https:\/\/anchorallied.com\/es\/wp-json\/wp\/v2\/media\/2811"}],"wp:attachment":[{"href":"https:\/\/anchorallied.com\/es\/wp-json\/wp\/v2\/media?parent=1523"}],"wp:term":[{"taxonomy":"product_brand","embeddable":true,"href":"https:\/\/anchorallied.com\/es\/wp-json\/wp\/v2\/product_brand?post=1523"},{"taxonomy":"product_cat","embeddable":true,"href":"https:\/\/anchorallied.com\/es\/wp-json\/wp\/v2\/product_cat?post=1523"},{"taxonomy":"product_tag","embeddable":true,"href":"https:\/\/anchorallied.com\/es\/wp-json\/wp\/v2\/product_tag?post=1523"}],"curies":[{"name":"wp","href":"https:\/\/api.w.org\/{rel}","templated":true}]}}