{"id":1536,"date":"2025-05-20T10:14:05","date_gmt":"2025-05-20T10:14:05","guid":{"rendered":"http:\/\/anchorallied.com\/es\/?post_type=product&#038;p=1536"},"modified":"2025-07-27T15:48:50","modified_gmt":"2025-07-27T15:48:50","slug":"alu-pet-tapes","status":"publish","type":"product","link":"https:\/\/anchorallied.com\/es\/product\/alu-pet-tapes\/","title":{"rendered":"CINTA DE ALUMINIO PARA MASCOTAS"},"content":{"rendered":"<p>CINTA DE ALUMINIO PET: Un soporte laminado de l\u00e1mina de PET (Poli\u00e9ster: 12 micras \/ L\u00e1mina: 7 micras), combinado con un adhesivo acr\u00edlico solvente de alto rendimiento. El soporte de l\u00e1mina de PET proporciona una excelente reflexi\u00f3n del calor y la luz. Su adhesivo de alta calidad, con gran adhesi\u00f3n y retenci\u00f3n, ofrece un sellado permanente y laminaci\u00f3n en sistemas de conductos de aire acondicionado y aplicaciones en techos, como tapajuntas, juntas y aislamientos. Su baja tasa de transmisi\u00f3n de vapor de humedad ofrece un excelente rendimiento de sellado y reparaci\u00f3n.<\/p>\n","protected":false},"excerpt":{"rendered":"<p>CINTA DE ALUMINIO PET: cinta de l\u00e1mina de PET reflectante y duradera con adhesivo fuerte para sellar, aislar y laminar.<\/p>\n","protected":false},"featured_media":1675,"comment_status":"open","ping_status":"closed","template":"","meta":{"_acf_changed":false},"product_brand":[],"product_cat":[179,180],"product_tag":[],"class_list":{"0":"post-1536","1":"product","2":"type-product","3":"status-publish","4":"has-post-thumbnail","6":"product_cat-cintas-adhesivas","7":"product_cat-cintas-de-aluminio","9":"first","10":"instock","11":"shipping-taxable","12":"product-type-simple"},"acf":[],"yoast_head":"<!-- This site is optimized with the Yoast SEO plugin v27.3 - https:\/\/yoast.com\/product\/yoast-seo-wordpress\/ -->\n<title>CINTA DE ALUMINIO PARA MASCOTAS - anchoralliedfactory<\/title>\n<meta name=\"robots\" content=\"index, follow, max-snippet:-1, max-image-preview:large, max-video-preview:-1\" \/>\n<link rel=\"canonical\" href=\"https:\/\/anchorallied.com\/es\/product\/alu-pet-tapes\/\" \/>\n<meta property=\"og:locale\" content=\"en_US\" \/>\n<meta property=\"og:type\" content=\"article\" \/>\n<meta property=\"og:title\" content=\"CINTA DE ALUMINIO PARA MASCOTAS - anchoralliedfactory\" \/>\n<meta property=\"og:description\" content=\"CINTA DE ALUMINIO PET: cinta de l\u00e1mina de PET reflectante y duradera con adhesivo fuerte para sellar, aislar y laminar.\" \/>\n<meta property=\"og:url\" content=\"https:\/\/anchorallied.com\/es\/product\/alu-pet-tapes\/\" \/>\n<meta property=\"og:site_name\" content=\"anchoralliedfactory\" \/>\n<meta property=\"article:modified_time\" content=\"2025-07-27T15:48:50+00:00\" \/>\n<meta property=\"og:image\" content=\"https:\/\/anchorallied.com\/es\/wp-content\/uploads\/2025\/05\/ALU-PET-TAPE-New_11zon-scaled.jpg\" \/>\n\t<meta property=\"og:image:width\" content=\"2560\" \/>\n\t<meta property=\"og:image:height\" content=\"2560\" \/>\n\t<meta property=\"og:image:type\" content=\"image\/jpeg\" \/>\n<meta name=\"twitter:card\" content=\"summary_large_image\" \/>\n<script type=\"application\/ld+json\" class=\"yoast-schema-graph\">{\"@context\":\"https:\\\/\\\/schema.org\",\"@graph\":[{\"@type\":\"WebPage\",\"@id\":\"https:\\\/\\\/anchorallied.com\\\/es\\\/product\\\/alu-pet-tapes\\\/\",\"url\":\"https:\\\/\\\/anchorallied.com\\\/es\\\/product\\\/alu-pet-tapes\\\/\",\"name\":\"CINTA DE ALUMINIO PARA MASCOTAS - anchoralliedfactory\",\"isPartOf\":{\"@id\":\"https:\\\/\\\/anchorallied.com\\\/es\\\/#website\"},\"primaryImageOfPage\":{\"@id\":\"https:\\\/\\\/anchorallied.com\\\/es\\\/product\\\/alu-pet-tapes\\\/#primaryimage\"},\"image\":{\"@id\":\"https:\\\/\\\/anchorallied.com\\\/es\\\/product\\\/alu-pet-tapes\\\/#primaryimage\"},\"thumbnailUrl\":\"https:\\\/\\\/anchorallied.com\\\/es\\\/wp-content\\\/uploads\\\/2025\\\/05\\\/ALU-PET-TAPE-New_11zon-scaled.jpg\",\"datePublished\":\"2025-05-20T10:14:05+00:00\",\"dateModified\":\"2025-07-27T15:48:50+00:00\",\"breadcrumb\":{\"@id\":\"https:\\\/\\\/anchorallied.com\\\/es\\\/product\\\/alu-pet-tapes\\\/#breadcrumb\"},\"inLanguage\":\"en\",\"potentialAction\":[{\"@type\":\"ReadAction\",\"target\":[\"https:\\\/\\\/anchorallied.com\\\/es\\\/product\\\/alu-pet-tapes\\\/\"]}]},{\"@type\":\"ImageObject\",\"inLanguage\":\"en\",\"@id\":\"https:\\\/\\\/anchorallied.com\\\/es\\\/product\\\/alu-pet-tapes\\\/#primaryimage\",\"url\":\"https:\\\/\\\/anchorallied.com\\\/es\\\/wp-content\\\/uploads\\\/2025\\\/05\\\/ALU-PET-TAPE-New_11zon-scaled.jpg\",\"contentUrl\":\"https:\\\/\\\/anchorallied.com\\\/es\\\/wp-content\\\/uploads\\\/2025\\\/05\\\/ALU-PET-TAPE-New_11zon-scaled.jpg\",\"width\":2560,\"height\":2560},{\"@type\":\"BreadcrumbList\",\"@id\":\"https:\\\/\\\/anchorallied.com\\\/es\\\/product\\\/alu-pet-tapes\\\/#breadcrumb\",\"itemListElement\":[{\"@type\":\"ListItem\",\"position\":1,\"name\":\"Home\",\"item\":\"http:\\\/\\\/anchorallied.com\\\/es\\\/\"},{\"@type\":\"ListItem\",\"position\":2,\"name\":\"Shop\",\"item\":\"https:\\\/\\\/anchorallied.com\\\/es\\\/shop\\\/\"},{\"@type\":\"ListItem\",\"position\":3,\"name\":\"CINTA DE ALUMINIO PARA MASCOTAS\"}]},{\"@type\":\"WebSite\",\"@id\":\"https:\\\/\\\/anchorallied.com\\\/es\\\/#website\",\"url\":\"https:\\\/\\\/anchorallied.com\\\/es\\\/\",\"name\":\"anchoralliedfactory\",\"description\":\"\",\"potentialAction\":[{\"@type\":\"SearchAction\",\"target\":{\"@type\":\"EntryPoint\",\"urlTemplate\":\"https:\\\/\\\/anchorallied.com\\\/es\\\/?s={search_term_string}\"},\"query-input\":{\"@type\":\"PropertyValueSpecification\",\"valueRequired\":true,\"valueName\":\"search_term_string\"}}],\"inLanguage\":\"en\"}]}<\/script>\n<!-- \/ Yoast SEO plugin. -->","yoast_head_json":{"title":"CINTA DE ALUMINIO PARA MASCOTAS - anchoralliedfactory","robots":{"index":"index","follow":"follow","max-snippet":"max-snippet:-1","max-image-preview":"max-image-preview:large","max-video-preview":"max-video-preview:-1"},"canonical":"https:\/\/anchorallied.com\/es\/product\/alu-pet-tapes\/","og_locale":"en_US","og_type":"article","og_title":"CINTA DE ALUMINIO PARA MASCOTAS - anchoralliedfactory","og_description":"CINTA DE ALUMINIO PET: cinta de l\u00e1mina de PET reflectante y duradera con adhesivo fuerte para sellar, aislar y laminar.","og_url":"https:\/\/anchorallied.com\/es\/product\/alu-pet-tapes\/","og_site_name":"anchoralliedfactory","article_modified_time":"2025-07-27T15:48:50+00:00","og_image":[{"width":2560,"height":2560,"url":"https:\/\/anchorallied.com\/es\/wp-content\/uploads\/2025\/05\/ALU-PET-TAPE-New_11zon-scaled.jpg","type":"image\/jpeg"}],"twitter_card":"summary_large_image","schema":{"@context":"https:\/\/schema.org","@graph":[{"@type":"WebPage","@id":"https:\/\/anchorallied.com\/es\/product\/alu-pet-tapes\/","url":"https:\/\/anchorallied.com\/es\/product\/alu-pet-tapes\/","name":"CINTA DE ALUMINIO PARA MASCOTAS - anchoralliedfactory","isPartOf":{"@id":"https:\/\/anchorallied.com\/es\/#website"},"primaryImageOfPage":{"@id":"https:\/\/anchorallied.com\/es\/product\/alu-pet-tapes\/#primaryimage"},"image":{"@id":"https:\/\/anchorallied.com\/es\/product\/alu-pet-tapes\/#primaryimage"},"thumbnailUrl":"https:\/\/anchorallied.com\/es\/wp-content\/uploads\/2025\/05\/ALU-PET-TAPE-New_11zon-scaled.jpg","datePublished":"2025-05-20T10:14:05+00:00","dateModified":"2025-07-27T15:48:50+00:00","breadcrumb":{"@id":"https:\/\/anchorallied.com\/es\/product\/alu-pet-tapes\/#breadcrumb"},"inLanguage":"en","potentialAction":[{"@type":"ReadAction","target":["https:\/\/anchorallied.com\/es\/product\/alu-pet-tapes\/"]}]},{"@type":"ImageObject","inLanguage":"en","@id":"https:\/\/anchorallied.com\/es\/product\/alu-pet-tapes\/#primaryimage","url":"https:\/\/anchorallied.com\/es\/wp-content\/uploads\/2025\/05\/ALU-PET-TAPE-New_11zon-scaled.jpg","contentUrl":"https:\/\/anchorallied.com\/es\/wp-content\/uploads\/2025\/05\/ALU-PET-TAPE-New_11zon-scaled.jpg","width":2560,"height":2560},{"@type":"BreadcrumbList","@id":"https:\/\/anchorallied.com\/es\/product\/alu-pet-tapes\/#breadcrumb","itemListElement":[{"@type":"ListItem","position":1,"name":"Home","item":"http:\/\/anchorallied.com\/es\/"},{"@type":"ListItem","position":2,"name":"Shop","item":"https:\/\/anchorallied.com\/es\/shop\/"},{"@type":"ListItem","position":3,"name":"CINTA DE ALUMINIO PARA MASCOTAS"}]},{"@type":"WebSite","@id":"https:\/\/anchorallied.com\/es\/#website","url":"https:\/\/anchorallied.com\/es\/","name":"anchoralliedfactory","description":"","potentialAction":[{"@type":"SearchAction","target":{"@type":"EntryPoint","urlTemplate":"https:\/\/anchorallied.com\/es\/?s={search_term_string}"},"query-input":{"@type":"PropertyValueSpecification","valueRequired":true,"valueName":"search_term_string"}}],"inLanguage":"en"}]}},"_links":{"self":[{"href":"https:\/\/anchorallied.com\/es\/wp-json\/wp\/v2\/product\/1536","targetHints":{"allow":["GET"]}}],"collection":[{"href":"https:\/\/anchorallied.com\/es\/wp-json\/wp\/v2\/product"}],"about":[{"href":"https:\/\/anchorallied.com\/es\/wp-json\/wp\/v2\/types\/product"}],"replies":[{"embeddable":true,"href":"https:\/\/anchorallied.com\/es\/wp-json\/wp\/v2\/comments?post=1536"}],"wp:featuredmedia":[{"embeddable":true,"href":"https:\/\/anchorallied.com\/es\/wp-json\/wp\/v2\/media\/1675"}],"wp:attachment":[{"href":"https:\/\/anchorallied.com\/es\/wp-json\/wp\/v2\/media?parent=1536"}],"wp:term":[{"taxonomy":"product_brand","embeddable":true,"href":"https:\/\/anchorallied.com\/es\/wp-json\/wp\/v2\/product_brand?post=1536"},{"taxonomy":"product_cat","embeddable":true,"href":"https:\/\/anchorallied.com\/es\/wp-json\/wp\/v2\/product_cat?post=1536"},{"taxonomy":"product_tag","embeddable":true,"href":"https:\/\/anchorallied.com\/es\/wp-json\/wp\/v2\/product_tag?post=1536"}],"curies":[{"name":"wp","href":"https:\/\/api.w.org\/{rel}","templated":true}]}}