{"id":1574,"date":"2025-05-20T10:57:48","date_gmt":"2025-05-20T10:57:48","guid":{"rendered":"http:\/\/anchorallied.com\/es\/?post_type=product&#038;p=1574"},"modified":"2025-07-27T15:48:50","modified_gmt":"2025-07-27T15:48:50","slug":"asmaco-pu-adhesive-foam","status":"publish","type":"product","link":"https:\/\/anchorallied.com\/es\/product\/asmaco-pu-adhesive-foam\/","title":{"rendered":"Espuma adhesiva de poliuretano Asmaco"},"content":{"rendered":"<p>ASMACO PU ADHESIVE FOAM T60 Seconds es una espuma adhesiva multiusos que se adhiere firmemente a la mayor\u00eda de los materiales. La adhesi\u00f3n inicial se inicia despu\u00e9s de 60 segundos. Tenga en cuenta que el efecto de secado de la espuma adhesiva depende de la humedad y la temperatura del aire. En condiciones secas, el secado es m\u00e1s lento y se puede mejorar rociando ligeramente con agua sobre las superficies. Es un adhesivo de poliuretano en aerosol profesional, monocomponente, de curado por humedad y autoexpandible, para unir paneles de poliestireno con aislamiento interno y externo, para sellar juntas en aislamientos y paneles de pared adhesivos y aislantes. Ideal para la fijaci\u00f3n de accesoriospesados y tambi\u00e9n ligeros como llaveros, piezas decorativas, marcos de fotos y cualquier superficie que requiera un curado r\u00e1pido.<\/p>\n","protected":false},"excerpt":{"rendered":"<p>ESPUMA ADHESIVA DE PU ASMACO T60: espuma de poliuretano de curado r\u00e1pido, activada por humedad para unir, sellar e instalaciones livianas y pesadas.<\/p>\n","protected":false},"featured_media":2856,"comment_status":"open","ping_status":"closed","template":"","meta":{"_acf_changed":false},"product_brand":[],"product_cat":[156,144],"product_tag":[],"class_list":{"0":"post-1574","1":"product","2":"type-product","3":"status-publish","4":"has-post-thumbnail","6":"product_cat-adhesivo-de-espuma-pu","7":"product_cat-espuma-pu","9":"first","10":"instock","11":"shipping-taxable","12":"product-type-simple"},"acf":[],"yoast_head":"<!-- This site is optimized with the Yoast SEO plugin v27.3 - https:\/\/yoast.com\/product\/yoast-seo-wordpress\/ -->\n<title>Espuma adhesiva de poliuretano Asmaco - anchoralliedfactory<\/title>\n<meta name=\"robots\" content=\"index, follow, max-snippet:-1, max-image-preview:large, max-video-preview:-1\" \/>\n<link rel=\"canonical\" href=\"https:\/\/anchorallied.com\/es\/product\/asmaco-pu-adhesive-foam\/\" \/>\n<meta property=\"og:locale\" content=\"en_US\" \/>\n<meta property=\"og:type\" content=\"article\" \/>\n<meta property=\"og:title\" content=\"Espuma adhesiva de poliuretano Asmaco - anchoralliedfactory\" \/>\n<meta property=\"og:description\" content=\"ESPUMA ADHESIVA DE PU ASMACO T60: espuma de poliuretano de curado r\u00e1pido, activada por humedad para unir, sellar e instalaciones livianas y pesadas.\" \/>\n<meta property=\"og:url\" content=\"https:\/\/anchorallied.com\/es\/product\/asmaco-pu-adhesive-foam\/\" \/>\n<meta property=\"og:site_name\" content=\"anchoralliedfactory\" \/>\n<meta property=\"article:modified_time\" content=\"2025-07-27T15:48:50+00:00\" \/>\n<meta property=\"og:image\" content=\"https:\/\/anchorallied.com\/es\/wp-content\/uploads\/2025\/05\/PU-foam_0003_Pu-Foam-60Sec-Can-1.jpg\" \/>\n\t<meta property=\"og:image:width\" content=\"1200\" \/>\n\t<meta property=\"og:image:height\" content=\"1200\" \/>\n\t<meta property=\"og:image:type\" content=\"image\/jpeg\" \/>\n<meta name=\"twitter:card\" content=\"summary_large_image\" \/>\n<meta name=\"twitter:label1\" content=\"Est. reading time\" \/>\n\t<meta name=\"twitter:data1\" content=\"1 minute\" \/>\n<script type=\"application\/ld+json\" class=\"yoast-schema-graph\">{\"@context\":\"https:\\\/\\\/schema.org\",\"@graph\":[{\"@type\":\"WebPage\",\"@id\":\"https:\\\/\\\/anchorallied.com\\\/es\\\/product\\\/asmaco-pu-adhesive-foam\\\/\",\"url\":\"https:\\\/\\\/anchorallied.com\\\/es\\\/product\\\/asmaco-pu-adhesive-foam\\\/\",\"name\":\"Espuma adhesiva de poliuretano Asmaco - anchoralliedfactory\",\"isPartOf\":{\"@id\":\"https:\\\/\\\/anchorallied.com\\\/es\\\/#website\"},\"primaryImageOfPage\":{\"@id\":\"https:\\\/\\\/anchorallied.com\\\/es\\\/product\\\/asmaco-pu-adhesive-foam\\\/#primaryimage\"},\"image\":{\"@id\":\"https:\\\/\\\/anchorallied.com\\\/es\\\/product\\\/asmaco-pu-adhesive-foam\\\/#primaryimage\"},\"thumbnailUrl\":\"https:\\\/\\\/anchorallied.com\\\/es\\\/wp-content\\\/uploads\\\/2025\\\/05\\\/PU-foam_0003_Pu-Foam-60Sec-Can-1.jpg\",\"datePublished\":\"2025-05-20T10:57:48+00:00\",\"dateModified\":\"2025-07-27T15:48:50+00:00\",\"breadcrumb\":{\"@id\":\"https:\\\/\\\/anchorallied.com\\\/es\\\/product\\\/asmaco-pu-adhesive-foam\\\/#breadcrumb\"},\"inLanguage\":\"en\",\"potentialAction\":[{\"@type\":\"ReadAction\",\"target\":[\"https:\\\/\\\/anchorallied.com\\\/es\\\/product\\\/asmaco-pu-adhesive-foam\\\/\"]}]},{\"@type\":\"ImageObject\",\"inLanguage\":\"en\",\"@id\":\"https:\\\/\\\/anchorallied.com\\\/es\\\/product\\\/asmaco-pu-adhesive-foam\\\/#primaryimage\",\"url\":\"https:\\\/\\\/anchorallied.com\\\/es\\\/wp-content\\\/uploads\\\/2025\\\/05\\\/PU-foam_0003_Pu-Foam-60Sec-Can-1.jpg\",\"contentUrl\":\"https:\\\/\\\/anchorallied.com\\\/es\\\/wp-content\\\/uploads\\\/2025\\\/05\\\/PU-foam_0003_Pu-Foam-60Sec-Can-1.jpg\",\"width\":1200,\"height\":1200},{\"@type\":\"BreadcrumbList\",\"@id\":\"https:\\\/\\\/anchorallied.com\\\/es\\\/product\\\/asmaco-pu-adhesive-foam\\\/#breadcrumb\",\"itemListElement\":[{\"@type\":\"ListItem\",\"position\":1,\"name\":\"Home\",\"item\":\"http:\\\/\\\/anchorallied.com\\\/es\\\/\"},{\"@type\":\"ListItem\",\"position\":2,\"name\":\"Shop\",\"item\":\"https:\\\/\\\/anchorallied.com\\\/es\\\/shop\\\/\"},{\"@type\":\"ListItem\",\"position\":3,\"name\":\"Espuma adhesiva de poliuretano Asmaco\"}]},{\"@type\":\"WebSite\",\"@id\":\"https:\\\/\\\/anchorallied.com\\\/es\\\/#website\",\"url\":\"https:\\\/\\\/anchorallied.com\\\/es\\\/\",\"name\":\"anchoralliedfactory\",\"description\":\"\",\"potentialAction\":[{\"@type\":\"SearchAction\",\"target\":{\"@type\":\"EntryPoint\",\"urlTemplate\":\"https:\\\/\\\/anchorallied.com\\\/es\\\/?s={search_term_string}\"},\"query-input\":{\"@type\":\"PropertyValueSpecification\",\"valueRequired\":true,\"valueName\":\"search_term_string\"}}],\"inLanguage\":\"en\"}]}<\/script>\n<!-- \/ Yoast SEO plugin. -->","yoast_head_json":{"title":"Espuma adhesiva de poliuretano Asmaco - anchoralliedfactory","robots":{"index":"index","follow":"follow","max-snippet":"max-snippet:-1","max-image-preview":"max-image-preview:large","max-video-preview":"max-video-preview:-1"},"canonical":"https:\/\/anchorallied.com\/es\/product\/asmaco-pu-adhesive-foam\/","og_locale":"en_US","og_type":"article","og_title":"Espuma adhesiva de poliuretano Asmaco - anchoralliedfactory","og_description":"ESPUMA ADHESIVA DE PU ASMACO T60: espuma de poliuretano de curado r\u00e1pido, activada por humedad para unir, sellar e instalaciones livianas y pesadas.","og_url":"https:\/\/anchorallied.com\/es\/product\/asmaco-pu-adhesive-foam\/","og_site_name":"anchoralliedfactory","article_modified_time":"2025-07-27T15:48:50+00:00","og_image":[{"width":1200,"height":1200,"url":"https:\/\/anchorallied.com\/es\/wp-content\/uploads\/2025\/05\/PU-foam_0003_Pu-Foam-60Sec-Can-1.jpg","type":"image\/jpeg"}],"twitter_card":"summary_large_image","twitter_misc":{"Est. reading time":"1 minute"},"schema":{"@context":"https:\/\/schema.org","@graph":[{"@type":"WebPage","@id":"https:\/\/anchorallied.com\/es\/product\/asmaco-pu-adhesive-foam\/","url":"https:\/\/anchorallied.com\/es\/product\/asmaco-pu-adhesive-foam\/","name":"Espuma adhesiva de poliuretano Asmaco - anchoralliedfactory","isPartOf":{"@id":"https:\/\/anchorallied.com\/es\/#website"},"primaryImageOfPage":{"@id":"https:\/\/anchorallied.com\/es\/product\/asmaco-pu-adhesive-foam\/#primaryimage"},"image":{"@id":"https:\/\/anchorallied.com\/es\/product\/asmaco-pu-adhesive-foam\/#primaryimage"},"thumbnailUrl":"https:\/\/anchorallied.com\/es\/wp-content\/uploads\/2025\/05\/PU-foam_0003_Pu-Foam-60Sec-Can-1.jpg","datePublished":"2025-05-20T10:57:48+00:00","dateModified":"2025-07-27T15:48:50+00:00","breadcrumb":{"@id":"https:\/\/anchorallied.com\/es\/product\/asmaco-pu-adhesive-foam\/#breadcrumb"},"inLanguage":"en","potentialAction":[{"@type":"ReadAction","target":["https:\/\/anchorallied.com\/es\/product\/asmaco-pu-adhesive-foam\/"]}]},{"@type":"ImageObject","inLanguage":"en","@id":"https:\/\/anchorallied.com\/es\/product\/asmaco-pu-adhesive-foam\/#primaryimage","url":"https:\/\/anchorallied.com\/es\/wp-content\/uploads\/2025\/05\/PU-foam_0003_Pu-Foam-60Sec-Can-1.jpg","contentUrl":"https:\/\/anchorallied.com\/es\/wp-content\/uploads\/2025\/05\/PU-foam_0003_Pu-Foam-60Sec-Can-1.jpg","width":1200,"height":1200},{"@type":"BreadcrumbList","@id":"https:\/\/anchorallied.com\/es\/product\/asmaco-pu-adhesive-foam\/#breadcrumb","itemListElement":[{"@type":"ListItem","position":1,"name":"Home","item":"http:\/\/anchorallied.com\/es\/"},{"@type":"ListItem","position":2,"name":"Shop","item":"https:\/\/anchorallied.com\/es\/shop\/"},{"@type":"ListItem","position":3,"name":"Espuma adhesiva de poliuretano Asmaco"}]},{"@type":"WebSite","@id":"https:\/\/anchorallied.com\/es\/#website","url":"https:\/\/anchorallied.com\/es\/","name":"anchoralliedfactory","description":"","potentialAction":[{"@type":"SearchAction","target":{"@type":"EntryPoint","urlTemplate":"https:\/\/anchorallied.com\/es\/?s={search_term_string}"},"query-input":{"@type":"PropertyValueSpecification","valueRequired":true,"valueName":"search_term_string"}}],"inLanguage":"en"}]}},"_links":{"self":[{"href":"https:\/\/anchorallied.com\/es\/wp-json\/wp\/v2\/product\/1574","targetHints":{"allow":["GET"]}}],"collection":[{"href":"https:\/\/anchorallied.com\/es\/wp-json\/wp\/v2\/product"}],"about":[{"href":"https:\/\/anchorallied.com\/es\/wp-json\/wp\/v2\/types\/product"}],"replies":[{"embeddable":true,"href":"https:\/\/anchorallied.com\/es\/wp-json\/wp\/v2\/comments?post=1574"}],"wp:featuredmedia":[{"embeddable":true,"href":"https:\/\/anchorallied.com\/es\/wp-json\/wp\/v2\/media\/2856"}],"wp:attachment":[{"href":"https:\/\/anchorallied.com\/es\/wp-json\/wp\/v2\/media?parent=1574"}],"wp:term":[{"taxonomy":"product_brand","embeddable":true,"href":"https:\/\/anchorallied.com\/es\/wp-json\/wp\/v2\/product_brand?post=1574"},{"taxonomy":"product_cat","embeddable":true,"href":"https:\/\/anchorallied.com\/es\/wp-json\/wp\/v2\/product_cat?post=1574"},{"taxonomy":"product_tag","embeddable":true,"href":"https:\/\/anchorallied.com\/es\/wp-json\/wp\/v2\/product_tag?post=1574"}],"curies":[{"name":"wp","href":"https:\/\/api.w.org\/{rel}","templated":true}]}}