{"id":1601,"date":"2025-05-20T11:16:42","date_gmt":"2025-05-20T11:16:42","guid":{"rendered":"http:\/\/anchorallied.com\/es\/?post_type=product&#038;p=1601"},"modified":"2025-07-27T15:48:51","modified_gmt":"2025-07-27T15:48:51","slug":"marble-adhesive","status":"publish","type":"product","link":"https:\/\/anchorallied.com\/es\/product\/marble-adhesive\/","title":{"rendered":"ADHESIVO PARA M\u00c1RMOL DE GRANITO ASMACO"},"content":{"rendered":"<p>ADHESIVO PARA M\u00c1RMOL Y GRANITO ASMACO: Es un sistema adhesivo bicomponente de secado r\u00e1pido a base de resina de poli\u00e9ster insaturado, especialmente formulado para la fijaci\u00f3n de m\u00e1rmol y piedra natural. Tambi\u00e9n se utiliza para pegar, reparar y rellenar superficies porosas de m\u00e1rmol, travertino, piedra natural, cer\u00e1mica, ladrillo y materiales similares. Se puede usar tanto en aplicaciones verticales como horizontales. Curado r\u00e1pido (3-5 min a 25 \u00b0C), baja contracci\u00f3n durante el endurecimiento, excelente brillo tras el uso de rectificadoras, resistencia superior al desgaste, alta reactividad, qu\u00edmicamente inerte y mayor durabilidad.<\/p>\n","protected":false},"excerpt":{"rendered":"<p>ADHESIVO PARA M\u00c1RMOL Y GRANITO ASMACO: Adhesivo bicomponente de curado r\u00e1pido para la fijaci\u00f3n y reparaci\u00f3n de m\u00e1rmol y piedras naturales.<\/p>\n","protected":false},"featured_media":2933,"comment_status":"open","ping_status":"closed","template":"","meta":{"_acf_changed":false},"product_brand":[],"product_cat":[148,191],"product_tag":[],"class_list":{"0":"post-1601","1":"product","2":"type-product","3":"status-publish","4":"has-post-thumbnail","6":"product_cat-adhesivos","7":"product_cat-cola-para-marmol","9":"first","10":"instock","11":"shipping-taxable","12":"product-type-simple"},"acf":[],"yoast_head":"<!-- This site is optimized with the Yoast SEO plugin v27.3 - https:\/\/yoast.com\/product\/yoast-seo-wordpress\/ -->\n<title>ADHESIVO PARA M\u00c1RMOL DE GRANITO ASMACO - anchoralliedfactory<\/title>\n<meta name=\"robots\" content=\"index, follow, max-snippet:-1, max-image-preview:large, max-video-preview:-1\" \/>\n<link rel=\"canonical\" href=\"https:\/\/anchorallied.com\/es\/product\/marble-adhesive\/\" \/>\n<meta property=\"og:locale\" content=\"en_US\" \/>\n<meta property=\"og:type\" content=\"article\" \/>\n<meta property=\"og:title\" content=\"ADHESIVO PARA M\u00c1RMOL DE GRANITO ASMACO - anchoralliedfactory\" \/>\n<meta property=\"og:description\" content=\"ADHESIVO PARA M\u00c1RMOL Y GRANITO ASMACO: Adhesivo bicomponente de curado r\u00e1pido para la fijaci\u00f3n y reparaci\u00f3n de m\u00e1rmol y piedras naturales.\" \/>\n<meta property=\"og:url\" content=\"https:\/\/anchorallied.com\/es\/product\/marble-adhesive\/\" \/>\n<meta property=\"og:site_name\" content=\"anchoralliedfactory\" \/>\n<meta property=\"article:modified_time\" content=\"2025-07-27T15:48:51+00:00\" \/>\n<meta property=\"og:image\" content=\"https:\/\/anchorallied.com\/es\/wp-content\/uploads\/2025\/05\/Anc__0012_Marble-adhesive-3d.jpg\" \/>\n\t<meta property=\"og:image:width\" content=\"1200\" \/>\n\t<meta property=\"og:image:height\" content=\"1200\" \/>\n\t<meta property=\"og:image:type\" content=\"image\/jpeg\" \/>\n<meta name=\"twitter:card\" content=\"summary_large_image\" \/>\n<meta name=\"twitter:label1\" content=\"Est. reading time\" \/>\n\t<meta name=\"twitter:data1\" content=\"1 minute\" \/>\n<script type=\"application\/ld+json\" class=\"yoast-schema-graph\">{\"@context\":\"https:\\\/\\\/schema.org\",\"@graph\":[{\"@type\":\"WebPage\",\"@id\":\"https:\\\/\\\/anchorallied.com\\\/es\\\/product\\\/marble-adhesive\\\/\",\"url\":\"https:\\\/\\\/anchorallied.com\\\/es\\\/product\\\/marble-adhesive\\\/\",\"name\":\"ADHESIVO PARA M\u00c1RMOL DE GRANITO ASMACO - anchoralliedfactory\",\"isPartOf\":{\"@id\":\"https:\\\/\\\/anchorallied.com\\\/es\\\/#website\"},\"primaryImageOfPage\":{\"@id\":\"https:\\\/\\\/anchorallied.com\\\/es\\\/product\\\/marble-adhesive\\\/#primaryimage\"},\"image\":{\"@id\":\"https:\\\/\\\/anchorallied.com\\\/es\\\/product\\\/marble-adhesive\\\/#primaryimage\"},\"thumbnailUrl\":\"https:\\\/\\\/anchorallied.com\\\/es\\\/wp-content\\\/uploads\\\/2025\\\/05\\\/Anc__0012_Marble-adhesive-3d.jpg\",\"datePublished\":\"2025-05-20T11:16:42+00:00\",\"dateModified\":\"2025-07-27T15:48:51+00:00\",\"breadcrumb\":{\"@id\":\"https:\\\/\\\/anchorallied.com\\\/es\\\/product\\\/marble-adhesive\\\/#breadcrumb\"},\"inLanguage\":\"en\",\"potentialAction\":[{\"@type\":\"ReadAction\",\"target\":[\"https:\\\/\\\/anchorallied.com\\\/es\\\/product\\\/marble-adhesive\\\/\"]}]},{\"@type\":\"ImageObject\",\"inLanguage\":\"en\",\"@id\":\"https:\\\/\\\/anchorallied.com\\\/es\\\/product\\\/marble-adhesive\\\/#primaryimage\",\"url\":\"https:\\\/\\\/anchorallied.com\\\/es\\\/wp-content\\\/uploads\\\/2025\\\/05\\\/Anc__0012_Marble-adhesive-3d.jpg\",\"contentUrl\":\"https:\\\/\\\/anchorallied.com\\\/es\\\/wp-content\\\/uploads\\\/2025\\\/05\\\/Anc__0012_Marble-adhesive-3d.jpg\",\"width\":1200,\"height\":1200},{\"@type\":\"BreadcrumbList\",\"@id\":\"https:\\\/\\\/anchorallied.com\\\/es\\\/product\\\/marble-adhesive\\\/#breadcrumb\",\"itemListElement\":[{\"@type\":\"ListItem\",\"position\":1,\"name\":\"Home\",\"item\":\"http:\\\/\\\/anchorallied.com\\\/es\\\/\"},{\"@type\":\"ListItem\",\"position\":2,\"name\":\"Shop\",\"item\":\"https:\\\/\\\/anchorallied.com\\\/es\\\/shop\\\/\"},{\"@type\":\"ListItem\",\"position\":3,\"name\":\"ADHESIVO PARA M\u00c1RMOL DE GRANITO ASMACO\"}]},{\"@type\":\"WebSite\",\"@id\":\"https:\\\/\\\/anchorallied.com\\\/es\\\/#website\",\"url\":\"https:\\\/\\\/anchorallied.com\\\/es\\\/\",\"name\":\"anchoralliedfactory\",\"description\":\"\",\"potentialAction\":[{\"@type\":\"SearchAction\",\"target\":{\"@type\":\"EntryPoint\",\"urlTemplate\":\"https:\\\/\\\/anchorallied.com\\\/es\\\/?s={search_term_string}\"},\"query-input\":{\"@type\":\"PropertyValueSpecification\",\"valueRequired\":true,\"valueName\":\"search_term_string\"}}],\"inLanguage\":\"en\"}]}<\/script>\n<!-- \/ Yoast SEO plugin. -->","yoast_head_json":{"title":"ADHESIVO PARA M\u00c1RMOL DE GRANITO ASMACO - anchoralliedfactory","robots":{"index":"index","follow":"follow","max-snippet":"max-snippet:-1","max-image-preview":"max-image-preview:large","max-video-preview":"max-video-preview:-1"},"canonical":"https:\/\/anchorallied.com\/es\/product\/marble-adhesive\/","og_locale":"en_US","og_type":"article","og_title":"ADHESIVO PARA M\u00c1RMOL DE GRANITO ASMACO - anchoralliedfactory","og_description":"ADHESIVO PARA M\u00c1RMOL Y GRANITO ASMACO: Adhesivo bicomponente de curado r\u00e1pido para la fijaci\u00f3n y reparaci\u00f3n de m\u00e1rmol y piedras naturales.","og_url":"https:\/\/anchorallied.com\/es\/product\/marble-adhesive\/","og_site_name":"anchoralliedfactory","article_modified_time":"2025-07-27T15:48:51+00:00","og_image":[{"width":1200,"height":1200,"url":"https:\/\/anchorallied.com\/es\/wp-content\/uploads\/2025\/05\/Anc__0012_Marble-adhesive-3d.jpg","type":"image\/jpeg"}],"twitter_card":"summary_large_image","twitter_misc":{"Est. reading time":"1 minute"},"schema":{"@context":"https:\/\/schema.org","@graph":[{"@type":"WebPage","@id":"https:\/\/anchorallied.com\/es\/product\/marble-adhesive\/","url":"https:\/\/anchorallied.com\/es\/product\/marble-adhesive\/","name":"ADHESIVO PARA M\u00c1RMOL DE GRANITO ASMACO - anchoralliedfactory","isPartOf":{"@id":"https:\/\/anchorallied.com\/es\/#website"},"primaryImageOfPage":{"@id":"https:\/\/anchorallied.com\/es\/product\/marble-adhesive\/#primaryimage"},"image":{"@id":"https:\/\/anchorallied.com\/es\/product\/marble-adhesive\/#primaryimage"},"thumbnailUrl":"https:\/\/anchorallied.com\/es\/wp-content\/uploads\/2025\/05\/Anc__0012_Marble-adhesive-3d.jpg","datePublished":"2025-05-20T11:16:42+00:00","dateModified":"2025-07-27T15:48:51+00:00","breadcrumb":{"@id":"https:\/\/anchorallied.com\/es\/product\/marble-adhesive\/#breadcrumb"},"inLanguage":"en","potentialAction":[{"@type":"ReadAction","target":["https:\/\/anchorallied.com\/es\/product\/marble-adhesive\/"]}]},{"@type":"ImageObject","inLanguage":"en","@id":"https:\/\/anchorallied.com\/es\/product\/marble-adhesive\/#primaryimage","url":"https:\/\/anchorallied.com\/es\/wp-content\/uploads\/2025\/05\/Anc__0012_Marble-adhesive-3d.jpg","contentUrl":"https:\/\/anchorallied.com\/es\/wp-content\/uploads\/2025\/05\/Anc__0012_Marble-adhesive-3d.jpg","width":1200,"height":1200},{"@type":"BreadcrumbList","@id":"https:\/\/anchorallied.com\/es\/product\/marble-adhesive\/#breadcrumb","itemListElement":[{"@type":"ListItem","position":1,"name":"Home","item":"http:\/\/anchorallied.com\/es\/"},{"@type":"ListItem","position":2,"name":"Shop","item":"https:\/\/anchorallied.com\/es\/shop\/"},{"@type":"ListItem","position":3,"name":"ADHESIVO PARA M\u00c1RMOL DE GRANITO ASMACO"}]},{"@type":"WebSite","@id":"https:\/\/anchorallied.com\/es\/#website","url":"https:\/\/anchorallied.com\/es\/","name":"anchoralliedfactory","description":"","potentialAction":[{"@type":"SearchAction","target":{"@type":"EntryPoint","urlTemplate":"https:\/\/anchorallied.com\/es\/?s={search_term_string}"},"query-input":{"@type":"PropertyValueSpecification","valueRequired":true,"valueName":"search_term_string"}}],"inLanguage":"en"}]}},"_links":{"self":[{"href":"https:\/\/anchorallied.com\/es\/wp-json\/wp\/v2\/product\/1601","targetHints":{"allow":["GET"]}}],"collection":[{"href":"https:\/\/anchorallied.com\/es\/wp-json\/wp\/v2\/product"}],"about":[{"href":"https:\/\/anchorallied.com\/es\/wp-json\/wp\/v2\/types\/product"}],"replies":[{"embeddable":true,"href":"https:\/\/anchorallied.com\/es\/wp-json\/wp\/v2\/comments?post=1601"}],"wp:featuredmedia":[{"embeddable":true,"href":"https:\/\/anchorallied.com\/es\/wp-json\/wp\/v2\/media\/2933"}],"wp:attachment":[{"href":"https:\/\/anchorallied.com\/es\/wp-json\/wp\/v2\/media?parent=1601"}],"wp:term":[{"taxonomy":"product_brand","embeddable":true,"href":"https:\/\/anchorallied.com\/es\/wp-json\/wp\/v2\/product_brand?post=1601"},{"taxonomy":"product_cat","embeddable":true,"href":"https:\/\/anchorallied.com\/es\/wp-json\/wp\/v2\/product_cat?post=1601"},{"taxonomy":"product_tag","embeddable":true,"href":"https:\/\/anchorallied.com\/es\/wp-json\/wp\/v2\/product_tag?post=1601"}],"curies":[{"name":"wp","href":"https:\/\/api.w.org\/{rel}","templated":true}]}}