{"id":1979,"date":"2025-05-23T09:11:42","date_gmt":"2025-05-23T09:11:42","guid":{"rendered":"http:\/\/anchorallied.com\/es\/?post_type=product&#038;p=1979"},"modified":"2025-07-27T15:48:51","modified_gmt":"2025-07-27T15:48:51","slug":"2670-sausage","status":"publish","type":"product","link":"https:\/\/anchorallied.com\/es\/product\/2670-sausage\/","title":{"rendered":"SELLADOR DE SILICONA ASMACO 2670 Salchicha"},"content":{"rendered":"<p>ASMACO 2670 est\u00e1 dise\u00f1ado para usarse como sellador de juntas en diversas aplicaciones.<br \/>\nEs un sellador de silicona monocomponente de bajo m\u00f3dulo, de curado neutro, con buena resistencia mec\u00e1nica y adhesi\u00f3n a la mayor\u00eda de los sustratos porosos y no porosos.<br \/>\nPosee excelentes caracter\u00edsticas de resistencia a la intemperie y no mancha los sustratos m\u00e1s comunes.<br \/>\nPresenta un alto grado de adaptaci\u00f3n al movimiento de las juntas, como se prev\u00e9 en muros cortina con acristalamiento estructural o revestimientos de aluminio.<br \/>\nTambi\u00e9n se puede utilizar como sellador de primera calidad en aplicaciones generales, como juntas de dilataci\u00f3n y juntas perimetrales externas en hormig\u00f3n, bloques y mamposter\u00eda.<\/p>\n","protected":false},"excerpt":{"rendered":"<p>ASMACO 2670 es un sellador de silicona monocomponente de curado neutro y bajo m\u00f3dulo con excelente resistencia a la intemperie y fuerte adhesi\u00f3n a la mayor\u00eda de los sustratos. Ideal para el sellado de muros cortina, revestimientos de aluminio y juntas de construcci\u00f3n en general.<\/p>\n","protected":false},"featured_media":2798,"comment_status":"open","ping_status":"closed","template":"","meta":{"_acf_changed":false},"product_brand":[],"product_cat":[142],"product_tag":[],"class_list":{"0":"post-1979","1":"product","2":"type-product","3":"status-publish","4":"has-post-thumbnail","6":"product_cat-selladores","8":"first","9":"instock","10":"shipping-taxable","11":"product-type-simple"},"acf":[],"yoast_head":"<!-- This site is optimized with the Yoast SEO plugin v27.3 - https:\/\/yoast.com\/product\/yoast-seo-wordpress\/ -->\n<title>SELLADOR DE SILICONA ASMACO 2670 Salchicha - anchoralliedfactory<\/title>\n<meta name=\"robots\" content=\"index, follow, max-snippet:-1, max-image-preview:large, max-video-preview:-1\" \/>\n<link rel=\"canonical\" href=\"https:\/\/anchorallied.com\/es\/product\/2670-sausage\/\" \/>\n<meta property=\"og:locale\" content=\"en_US\" \/>\n<meta property=\"og:type\" content=\"article\" \/>\n<meta property=\"og:title\" content=\"SELLADOR DE SILICONA ASMACO 2670 Salchicha - anchoralliedfactory\" \/>\n<meta property=\"og:description\" content=\"ASMACO 2670 es un sellador de silicona monocomponente de curado neutro y bajo m\u00f3dulo con excelente resistencia a la intemperie y fuerte adhesi\u00f3n a la mayor\u00eda de los sustratos. Ideal para el sellado de muros cortina, revestimientos de aluminio y juntas de construcci\u00f3n en general.\" \/>\n<meta property=\"og:url\" content=\"https:\/\/anchorallied.com\/es\/product\/2670-sausage\/\" \/>\n<meta property=\"og:site_name\" content=\"anchoralliedfactory\" \/>\n<meta property=\"article:modified_time\" content=\"2025-07-27T15:48:51+00:00\" \/>\n<meta property=\"og:image\" content=\"https:\/\/anchorallied.com\/es\/wp-content\/uploads\/2025\/05\/sealants_0029_2670-Sausage.jpg\" \/>\n\t<meta property=\"og:image:width\" content=\"1200\" \/>\n\t<meta property=\"og:image:height\" content=\"1200\" \/>\n\t<meta property=\"og:image:type\" content=\"image\/jpeg\" \/>\n<meta name=\"twitter:card\" content=\"summary_large_image\" \/>\n<meta name=\"twitter:label1\" content=\"Est. reading time\" \/>\n\t<meta name=\"twitter:data1\" content=\"1 minute\" \/>\n<script type=\"application\/ld+json\" class=\"yoast-schema-graph\">{\"@context\":\"https:\\\/\\\/schema.org\",\"@graph\":[{\"@type\":\"WebPage\",\"@id\":\"https:\\\/\\\/anchorallied.com\\\/es\\\/product\\\/2670-sausage\\\/\",\"url\":\"https:\\\/\\\/anchorallied.com\\\/es\\\/product\\\/2670-sausage\\\/\",\"name\":\"SELLADOR DE SILICONA ASMACO 2670 Salchicha - anchoralliedfactory\",\"isPartOf\":{\"@id\":\"https:\\\/\\\/anchorallied.com\\\/es\\\/#website\"},\"primaryImageOfPage\":{\"@id\":\"https:\\\/\\\/anchorallied.com\\\/es\\\/product\\\/2670-sausage\\\/#primaryimage\"},\"image\":{\"@id\":\"https:\\\/\\\/anchorallied.com\\\/es\\\/product\\\/2670-sausage\\\/#primaryimage\"},\"thumbnailUrl\":\"https:\\\/\\\/anchorallied.com\\\/es\\\/wp-content\\\/uploads\\\/2025\\\/05\\\/sealants_0029_2670-Sausage.jpg\",\"datePublished\":\"2025-05-23T09:11:42+00:00\",\"dateModified\":\"2025-07-27T15:48:51+00:00\",\"breadcrumb\":{\"@id\":\"https:\\\/\\\/anchorallied.com\\\/es\\\/product\\\/2670-sausage\\\/#breadcrumb\"},\"inLanguage\":\"en\",\"potentialAction\":[{\"@type\":\"ReadAction\",\"target\":[\"https:\\\/\\\/anchorallied.com\\\/es\\\/product\\\/2670-sausage\\\/\"]}]},{\"@type\":\"ImageObject\",\"inLanguage\":\"en\",\"@id\":\"https:\\\/\\\/anchorallied.com\\\/es\\\/product\\\/2670-sausage\\\/#primaryimage\",\"url\":\"https:\\\/\\\/anchorallied.com\\\/es\\\/wp-content\\\/uploads\\\/2025\\\/05\\\/sealants_0029_2670-Sausage.jpg\",\"contentUrl\":\"https:\\\/\\\/anchorallied.com\\\/es\\\/wp-content\\\/uploads\\\/2025\\\/05\\\/sealants_0029_2670-Sausage.jpg\",\"width\":1200,\"height\":1200},{\"@type\":\"BreadcrumbList\",\"@id\":\"https:\\\/\\\/anchorallied.com\\\/es\\\/product\\\/2670-sausage\\\/#breadcrumb\",\"itemListElement\":[{\"@type\":\"ListItem\",\"position\":1,\"name\":\"Home\",\"item\":\"http:\\\/\\\/anchorallied.com\\\/es\\\/\"},{\"@type\":\"ListItem\",\"position\":2,\"name\":\"Shop\",\"item\":\"https:\\\/\\\/anchorallied.com\\\/es\\\/shop\\\/\"},{\"@type\":\"ListItem\",\"position\":3,\"name\":\"SELLADOR DE SILICONA ASMACO 2670 Salchicha\"}]},{\"@type\":\"WebSite\",\"@id\":\"https:\\\/\\\/anchorallied.com\\\/es\\\/#website\",\"url\":\"https:\\\/\\\/anchorallied.com\\\/es\\\/\",\"name\":\"anchoralliedfactory\",\"description\":\"\",\"potentialAction\":[{\"@type\":\"SearchAction\",\"target\":{\"@type\":\"EntryPoint\",\"urlTemplate\":\"https:\\\/\\\/anchorallied.com\\\/es\\\/?s={search_term_string}\"},\"query-input\":{\"@type\":\"PropertyValueSpecification\",\"valueRequired\":true,\"valueName\":\"search_term_string\"}}],\"inLanguage\":\"en\"}]}<\/script>\n<!-- \/ Yoast SEO plugin. -->","yoast_head_json":{"title":"SELLADOR DE SILICONA ASMACO 2670 Salchicha - anchoralliedfactory","robots":{"index":"index","follow":"follow","max-snippet":"max-snippet:-1","max-image-preview":"max-image-preview:large","max-video-preview":"max-video-preview:-1"},"canonical":"https:\/\/anchorallied.com\/es\/product\/2670-sausage\/","og_locale":"en_US","og_type":"article","og_title":"SELLADOR DE SILICONA ASMACO 2670 Salchicha - anchoralliedfactory","og_description":"ASMACO 2670 es un sellador de silicona monocomponente de curado neutro y bajo m\u00f3dulo con excelente resistencia a la intemperie y fuerte adhesi\u00f3n a la mayor\u00eda de los sustratos. Ideal para el sellado de muros cortina, revestimientos de aluminio y juntas de construcci\u00f3n en general.","og_url":"https:\/\/anchorallied.com\/es\/product\/2670-sausage\/","og_site_name":"anchoralliedfactory","article_modified_time":"2025-07-27T15:48:51+00:00","og_image":[{"width":1200,"height":1200,"url":"https:\/\/anchorallied.com\/es\/wp-content\/uploads\/2025\/05\/sealants_0029_2670-Sausage.jpg","type":"image\/jpeg"}],"twitter_card":"summary_large_image","twitter_misc":{"Est. reading time":"1 minute"},"schema":{"@context":"https:\/\/schema.org","@graph":[{"@type":"WebPage","@id":"https:\/\/anchorallied.com\/es\/product\/2670-sausage\/","url":"https:\/\/anchorallied.com\/es\/product\/2670-sausage\/","name":"SELLADOR DE SILICONA ASMACO 2670 Salchicha - anchoralliedfactory","isPartOf":{"@id":"https:\/\/anchorallied.com\/es\/#website"},"primaryImageOfPage":{"@id":"https:\/\/anchorallied.com\/es\/product\/2670-sausage\/#primaryimage"},"image":{"@id":"https:\/\/anchorallied.com\/es\/product\/2670-sausage\/#primaryimage"},"thumbnailUrl":"https:\/\/anchorallied.com\/es\/wp-content\/uploads\/2025\/05\/sealants_0029_2670-Sausage.jpg","datePublished":"2025-05-23T09:11:42+00:00","dateModified":"2025-07-27T15:48:51+00:00","breadcrumb":{"@id":"https:\/\/anchorallied.com\/es\/product\/2670-sausage\/#breadcrumb"},"inLanguage":"en","potentialAction":[{"@type":"ReadAction","target":["https:\/\/anchorallied.com\/es\/product\/2670-sausage\/"]}]},{"@type":"ImageObject","inLanguage":"en","@id":"https:\/\/anchorallied.com\/es\/product\/2670-sausage\/#primaryimage","url":"https:\/\/anchorallied.com\/es\/wp-content\/uploads\/2025\/05\/sealants_0029_2670-Sausage.jpg","contentUrl":"https:\/\/anchorallied.com\/es\/wp-content\/uploads\/2025\/05\/sealants_0029_2670-Sausage.jpg","width":1200,"height":1200},{"@type":"BreadcrumbList","@id":"https:\/\/anchorallied.com\/es\/product\/2670-sausage\/#breadcrumb","itemListElement":[{"@type":"ListItem","position":1,"name":"Home","item":"http:\/\/anchorallied.com\/es\/"},{"@type":"ListItem","position":2,"name":"Shop","item":"https:\/\/anchorallied.com\/es\/shop\/"},{"@type":"ListItem","position":3,"name":"SELLADOR DE SILICONA ASMACO 2670 Salchicha"}]},{"@type":"WebSite","@id":"https:\/\/anchorallied.com\/es\/#website","url":"https:\/\/anchorallied.com\/es\/","name":"anchoralliedfactory","description":"","potentialAction":[{"@type":"SearchAction","target":{"@type":"EntryPoint","urlTemplate":"https:\/\/anchorallied.com\/es\/?s={search_term_string}"},"query-input":{"@type":"PropertyValueSpecification","valueRequired":true,"valueName":"search_term_string"}}],"inLanguage":"en"}]}},"_links":{"self":[{"href":"https:\/\/anchorallied.com\/es\/wp-json\/wp\/v2\/product\/1979","targetHints":{"allow":["GET"]}}],"collection":[{"href":"https:\/\/anchorallied.com\/es\/wp-json\/wp\/v2\/product"}],"about":[{"href":"https:\/\/anchorallied.com\/es\/wp-json\/wp\/v2\/types\/product"}],"replies":[{"embeddable":true,"href":"https:\/\/anchorallied.com\/es\/wp-json\/wp\/v2\/comments?post=1979"}],"wp:featuredmedia":[{"embeddable":true,"href":"https:\/\/anchorallied.com\/es\/wp-json\/wp\/v2\/media\/2798"}],"wp:attachment":[{"href":"https:\/\/anchorallied.com\/es\/wp-json\/wp\/v2\/media?parent=1979"}],"wp:term":[{"taxonomy":"product_brand","embeddable":true,"href":"https:\/\/anchorallied.com\/es\/wp-json\/wp\/v2\/product_brand?post=1979"},{"taxonomy":"product_cat","embeddable":true,"href":"https:\/\/anchorallied.com\/es\/wp-json\/wp\/v2\/product_cat?post=1979"},{"taxonomy":"product_tag","embeddable":true,"href":"https:\/\/anchorallied.com\/es\/wp-json\/wp\/v2\/product_tag?post=1979"}],"curies":[{"name":"wp","href":"https:\/\/api.w.org\/{rel}","templated":true}]}}