{"id":1982,"date":"2025-05-23T09:13:16","date_gmt":"2025-05-23T09:13:16","guid":{"rendered":"https:\/\/anchorallied.com\/es\/?post_type=product&#038;p=1982"},"modified":"2025-07-27T15:48:51","modified_gmt":"2025-07-27T15:48:51","slug":"asmaco-2781-silicone-sealant","status":"publish","type":"product","link":"https:\/\/anchorallied.com\/es\/product\/asmaco-2781-silicone-sealant\/","title":{"rendered":"SELLADOR DE SILICONA ASMACO 2781"},"content":{"rendered":"<p>ASMACO 2781 es un sellador de silicona monocomponente de alto rendimiento que cura con humedad a temperatura ambiente, formando un sello flexible y duradero. Se adhiere bien a superficies no porosas como vidrio, azulejos de cer\u00e1mica y aluminio, lo que lo hace ideal para la construcci\u00f3n y el acristalamiento. Resistente a los rayos UV, al ozono y a temperaturas extremas, tambi\u00e9n es apto para aplicaciones sanitarias y de revestimiento, ofreciendo una f\u00e1cil aplicaci\u00f3n y una adhesi\u00f3n duradera.<\/p>\n","protected":false},"excerpt":{"rendered":"<p>ASMACO 2781 es un sellador de silicona de alto rendimiento que proporciona sellos flexibles y duraderos en superficies no porosas. Es resistente a los rayos UV, al ozono y a la temperatura, ideal para aplicaciones de construcci\u00f3n, acristalamiento y sanitarios.<\/p>\n","protected":false},"featured_media":2794,"comment_status":"open","ping_status":"closed","template":"","meta":{"_acf_changed":false},"product_brand":[],"product_cat":[142,152],"product_tag":[],"class_list":{"0":"post-1982","1":"product","2":"type-product","3":"status-publish","4":"has-post-thumbnail","6":"product_cat-selladores","7":"product_cat-selladores-neutros","9":"first","10":"instock","11":"shipping-taxable","12":"product-type-simple"},"acf":[],"yoast_head":"<!-- This site is optimized with the Yoast SEO plugin v27.3 - https:\/\/yoast.com\/product\/yoast-seo-wordpress\/ -->\n<title>SELLADOR DE SILICONA ASMACO 2781 - anchoralliedfactory<\/title>\n<meta name=\"robots\" content=\"index, follow, max-snippet:-1, max-image-preview:large, max-video-preview:-1\" \/>\n<link rel=\"canonical\" href=\"https:\/\/anchorallied.com\/es\/product\/asmaco-2781-silicone-sealant\/\" \/>\n<meta property=\"og:locale\" content=\"en_US\" \/>\n<meta property=\"og:type\" content=\"article\" \/>\n<meta property=\"og:title\" content=\"SELLADOR DE SILICONA ASMACO 2781 - anchoralliedfactory\" \/>\n<meta property=\"og:description\" content=\"ASMACO 2781 es un sellador de silicona de alto rendimiento que proporciona sellos flexibles y duraderos en superficies no porosas. Es resistente a los rayos UV, al ozono y a la temperatura, ideal para aplicaciones de construcci\u00f3n, acristalamiento y sanitarios.\" \/>\n<meta property=\"og:url\" content=\"https:\/\/anchorallied.com\/es\/product\/asmaco-2781-silicone-sealant\/\" \/>\n<meta property=\"og:site_name\" content=\"anchoralliedfactory\" \/>\n<meta property=\"article:modified_time\" content=\"2025-07-27T15:48:51+00:00\" \/>\n<meta property=\"og:image\" content=\"https:\/\/anchorallied.com\/es\/wp-content\/uploads\/2025\/05\/sealants_0025_2781-CTG.jpg\" \/>\n\t<meta property=\"og:image:width\" content=\"1200\" \/>\n\t<meta property=\"og:image:height\" content=\"1200\" \/>\n\t<meta property=\"og:image:type\" content=\"image\/jpeg\" \/>\n<meta name=\"twitter:card\" content=\"summary_large_image\" \/>\n<script type=\"application\/ld+json\" class=\"yoast-schema-graph\">{\"@context\":\"https:\\\/\\\/schema.org\",\"@graph\":[{\"@type\":\"WebPage\",\"@id\":\"https:\\\/\\\/anchorallied.com\\\/es\\\/product\\\/asmaco-2781-silicone-sealant\\\/\",\"url\":\"https:\\\/\\\/anchorallied.com\\\/es\\\/product\\\/asmaco-2781-silicone-sealant\\\/\",\"name\":\"SELLADOR DE SILICONA ASMACO 2781 - anchoralliedfactory\",\"isPartOf\":{\"@id\":\"https:\\\/\\\/anchorallied.com\\\/es\\\/#website\"},\"primaryImageOfPage\":{\"@id\":\"https:\\\/\\\/anchorallied.com\\\/es\\\/product\\\/asmaco-2781-silicone-sealant\\\/#primaryimage\"},\"image\":{\"@id\":\"https:\\\/\\\/anchorallied.com\\\/es\\\/product\\\/asmaco-2781-silicone-sealant\\\/#primaryimage\"},\"thumbnailUrl\":\"https:\\\/\\\/anchorallied.com\\\/es\\\/wp-content\\\/uploads\\\/2025\\\/05\\\/sealants_0025_2781-CTG.jpg\",\"datePublished\":\"2025-05-23T09:13:16+00:00\",\"dateModified\":\"2025-07-27T15:48:51+00:00\",\"breadcrumb\":{\"@id\":\"https:\\\/\\\/anchorallied.com\\\/es\\\/product\\\/asmaco-2781-silicone-sealant\\\/#breadcrumb\"},\"inLanguage\":\"en\",\"potentialAction\":[{\"@type\":\"ReadAction\",\"target\":[\"https:\\\/\\\/anchorallied.com\\\/es\\\/product\\\/asmaco-2781-silicone-sealant\\\/\"]}]},{\"@type\":\"ImageObject\",\"inLanguage\":\"en\",\"@id\":\"https:\\\/\\\/anchorallied.com\\\/es\\\/product\\\/asmaco-2781-silicone-sealant\\\/#primaryimage\",\"url\":\"https:\\\/\\\/anchorallied.com\\\/es\\\/wp-content\\\/uploads\\\/2025\\\/05\\\/sealants_0025_2781-CTG.jpg\",\"contentUrl\":\"https:\\\/\\\/anchorallied.com\\\/es\\\/wp-content\\\/uploads\\\/2025\\\/05\\\/sealants_0025_2781-CTG.jpg\",\"width\":1200,\"height\":1200},{\"@type\":\"BreadcrumbList\",\"@id\":\"https:\\\/\\\/anchorallied.com\\\/es\\\/product\\\/asmaco-2781-silicone-sealant\\\/#breadcrumb\",\"itemListElement\":[{\"@type\":\"ListItem\",\"position\":1,\"name\":\"Home\",\"item\":\"https:\\\/\\\/anchorallied.com\\\/es\\\/\"},{\"@type\":\"ListItem\",\"position\":2,\"name\":\"Shop\",\"item\":\"https:\\\/\\\/anchorallied.com\\\/es\\\/shop\\\/\"},{\"@type\":\"ListItem\",\"position\":3,\"name\":\"SELLADOR DE SILICONA ASMACO 2781\"}]},{\"@type\":\"WebSite\",\"@id\":\"https:\\\/\\\/anchorallied.com\\\/es\\\/#website\",\"url\":\"https:\\\/\\\/anchorallied.com\\\/es\\\/\",\"name\":\"anchoralliedfactory\",\"description\":\"\",\"potentialAction\":[{\"@type\":\"SearchAction\",\"target\":{\"@type\":\"EntryPoint\",\"urlTemplate\":\"https:\\\/\\\/anchorallied.com\\\/es\\\/?s={search_term_string}\"},\"query-input\":{\"@type\":\"PropertyValueSpecification\",\"valueRequired\":true,\"valueName\":\"search_term_string\"}}],\"inLanguage\":\"en\"}]}<\/script>\n<!-- \/ Yoast SEO plugin. -->","yoast_head_json":{"title":"SELLADOR DE SILICONA ASMACO 2781 - anchoralliedfactory","robots":{"index":"index","follow":"follow","max-snippet":"max-snippet:-1","max-image-preview":"max-image-preview:large","max-video-preview":"max-video-preview:-1"},"canonical":"https:\/\/anchorallied.com\/es\/product\/asmaco-2781-silicone-sealant\/","og_locale":"en_US","og_type":"article","og_title":"SELLADOR DE SILICONA ASMACO 2781 - anchoralliedfactory","og_description":"ASMACO 2781 es un sellador de silicona de alto rendimiento que proporciona sellos flexibles y duraderos en superficies no porosas. Es resistente a los rayos UV, al ozono y a la temperatura, ideal para aplicaciones de construcci\u00f3n, acristalamiento y sanitarios.","og_url":"https:\/\/anchorallied.com\/es\/product\/asmaco-2781-silicone-sealant\/","og_site_name":"anchoralliedfactory","article_modified_time":"2025-07-27T15:48:51+00:00","og_image":[{"width":1200,"height":1200,"url":"https:\/\/anchorallied.com\/es\/wp-content\/uploads\/2025\/05\/sealants_0025_2781-CTG.jpg","type":"image\/jpeg"}],"twitter_card":"summary_large_image","schema":{"@context":"https:\/\/schema.org","@graph":[{"@type":"WebPage","@id":"https:\/\/anchorallied.com\/es\/product\/asmaco-2781-silicone-sealant\/","url":"https:\/\/anchorallied.com\/es\/product\/asmaco-2781-silicone-sealant\/","name":"SELLADOR DE SILICONA ASMACO 2781 - anchoralliedfactory","isPartOf":{"@id":"https:\/\/anchorallied.com\/es\/#website"},"primaryImageOfPage":{"@id":"https:\/\/anchorallied.com\/es\/product\/asmaco-2781-silicone-sealant\/#primaryimage"},"image":{"@id":"https:\/\/anchorallied.com\/es\/product\/asmaco-2781-silicone-sealant\/#primaryimage"},"thumbnailUrl":"https:\/\/anchorallied.com\/es\/wp-content\/uploads\/2025\/05\/sealants_0025_2781-CTG.jpg","datePublished":"2025-05-23T09:13:16+00:00","dateModified":"2025-07-27T15:48:51+00:00","breadcrumb":{"@id":"https:\/\/anchorallied.com\/es\/product\/asmaco-2781-silicone-sealant\/#breadcrumb"},"inLanguage":"en","potentialAction":[{"@type":"ReadAction","target":["https:\/\/anchorallied.com\/es\/product\/asmaco-2781-silicone-sealant\/"]}]},{"@type":"ImageObject","inLanguage":"en","@id":"https:\/\/anchorallied.com\/es\/product\/asmaco-2781-silicone-sealant\/#primaryimage","url":"https:\/\/anchorallied.com\/es\/wp-content\/uploads\/2025\/05\/sealants_0025_2781-CTG.jpg","contentUrl":"https:\/\/anchorallied.com\/es\/wp-content\/uploads\/2025\/05\/sealants_0025_2781-CTG.jpg","width":1200,"height":1200},{"@type":"BreadcrumbList","@id":"https:\/\/anchorallied.com\/es\/product\/asmaco-2781-silicone-sealant\/#breadcrumb","itemListElement":[{"@type":"ListItem","position":1,"name":"Home","item":"https:\/\/anchorallied.com\/es\/"},{"@type":"ListItem","position":2,"name":"Shop","item":"https:\/\/anchorallied.com\/es\/shop\/"},{"@type":"ListItem","position":3,"name":"SELLADOR DE SILICONA ASMACO 2781"}]},{"@type":"WebSite","@id":"https:\/\/anchorallied.com\/es\/#website","url":"https:\/\/anchorallied.com\/es\/","name":"anchoralliedfactory","description":"","potentialAction":[{"@type":"SearchAction","target":{"@type":"EntryPoint","urlTemplate":"https:\/\/anchorallied.com\/es\/?s={search_term_string}"},"query-input":{"@type":"PropertyValueSpecification","valueRequired":true,"valueName":"search_term_string"}}],"inLanguage":"en"}]}},"_links":{"self":[{"href":"https:\/\/anchorallied.com\/es\/wp-json\/wp\/v2\/product\/1982","targetHints":{"allow":["GET"]}}],"collection":[{"href":"https:\/\/anchorallied.com\/es\/wp-json\/wp\/v2\/product"}],"about":[{"href":"https:\/\/anchorallied.com\/es\/wp-json\/wp\/v2\/types\/product"}],"replies":[{"embeddable":true,"href":"https:\/\/anchorallied.com\/es\/wp-json\/wp\/v2\/comments?post=1982"}],"wp:featuredmedia":[{"embeddable":true,"href":"https:\/\/anchorallied.com\/es\/wp-json\/wp\/v2\/media\/2794"}],"wp:attachment":[{"href":"https:\/\/anchorallied.com\/es\/wp-json\/wp\/v2\/media?parent=1982"}],"wp:term":[{"taxonomy":"product_brand","embeddable":true,"href":"https:\/\/anchorallied.com\/es\/wp-json\/wp\/v2\/product_brand?post=1982"},{"taxonomy":"product_cat","embeddable":true,"href":"https:\/\/anchorallied.com\/es\/wp-json\/wp\/v2\/product_cat?post=1982"},{"taxonomy":"product_tag","embeddable":true,"href":"https:\/\/anchorallied.com\/es\/wp-json\/wp\/v2\/product_tag?post=1982"}],"curies":[{"name":"wp","href":"https:\/\/api.w.org\/{rel}","templated":true}]}}