{"id":2005,"date":"2025-05-23T09:21:54","date_gmt":"2025-05-23T09:21:54","guid":{"rendered":"http:\/\/anchorallied.com\/es\/?post_type=product&#038;p=2005"},"modified":"2025-07-27T15:48:52","modified_gmt":"2025-07-27T15:48:52","slug":"camping-gas-230g","status":"publish","type":"product","link":"https:\/\/anchorallied.com\/es\/product\/camping-gas-230g\/","title":{"rendered":"Gas de camping 230g"},"content":{"rendered":"<p>Gas extremadamente inflamable. Mantener fuera del alcance de los ni\u00f1os. Mantener alejado del calor, superficies calientes, chispas, llamas abiertas y otras fuentes de ignici\u00f3n. No fumar. Fuga de gas: No apagar a menos que la fuga pueda detenerse con seguridad. En caso de fuga, eliminar todas las fuentes de ignici\u00f3n. Almacenar en un lugar fresco, seco y bien ventilado. Proteger de la luz solar directa. No exponer a temperaturas superiores a 50 \u00b0C. Este cartucho solo debe usarse con aparatos de categor\u00eda de butano de presi\u00f3n directa que cumplan con la norma EN 521 (v\u00e1lvula de buje central 7\/16). Este cartucho cumple con la norma EN 417. Seguir las instrucciones de uso suministradas con el aparato. Cambio del cartucho: realizar estas operaciones en un \u00e1rea bien ventilada, libre de fuentes de ignici\u00f3n. Cerrar la v\u00e1lvula del aparato. Retirar el cartucho del aparato. Asegurarse de que el cartucho est\u00e9 vac\u00edo (agitar para ver el contenido l\u00edquido). Reemplazar el sello de conexi\u00f3n si est\u00e1 da\u00f1ado o perdido. No perforar, perforar ni incinerar, incluso despu\u00e9s de su uso. Desechar en un lugar seguro.<\/p>\n","protected":false},"excerpt":{"rendered":"<p>Cartucho de gas butano altamente inflamable. Mantener alejado del calor, las llamas y cualquier fuente de ignici\u00f3n. Usar \u00fanicamente con aparatos compatibles (EN 521), seguir las instrucciones de seguridad y almacenar en un lugar fresco y ventilado. No exponer a temperaturas superiores a 50 \u00b0C ni incinerar.<\/p>\n","protected":false},"featured_media":2772,"comment_status":"open","ping_status":"closed","template":"","meta":{"_acf_changed":false},"product_brand":[],"product_cat":[195,150],"product_tag":[],"class_list":{"0":"post-2005","1":"product","2":"type-product","3":"status-publish","4":"has-post-thumbnail","6":"product_cat-gas-para-camping","7":"product_cat-gas-portatil","9":"first","10":"instock","11":"shipping-taxable","12":"product-type-simple"},"acf":[],"yoast_head":"<!-- This site is optimized with the Yoast SEO plugin v27.3 - https:\/\/yoast.com\/product\/yoast-seo-wordpress\/ -->\n<title>Gas de camping 230g - anchoralliedfactory<\/title>\n<meta name=\"robots\" content=\"index, follow, max-snippet:-1, max-image-preview:large, max-video-preview:-1\" \/>\n<link rel=\"canonical\" href=\"https:\/\/anchorallied.com\/es\/product\/camping-gas-230g\/\" \/>\n<meta property=\"og:locale\" content=\"en_US\" \/>\n<meta property=\"og:type\" content=\"article\" \/>\n<meta property=\"og:title\" content=\"Gas de camping 230g - anchoralliedfactory\" \/>\n<meta property=\"og:description\" content=\"Cartucho de gas butano altamente inflamable. Mantener alejado del calor, las llamas y cualquier fuente de ignici\u00f3n. Usar \u00fanicamente con aparatos compatibles (EN 521), seguir las instrucciones de seguridad y almacenar en un lugar fresco y ventilado. No exponer a temperaturas superiores a 50 \u00b0C ni incinerar.\" \/>\n<meta property=\"og:url\" content=\"https:\/\/anchorallied.com\/es\/product\/camping-gas-230g\/\" \/>\n<meta property=\"og:site_name\" content=\"anchoralliedfactory\" \/>\n<meta property=\"article:modified_time\" content=\"2025-07-27T15:48:52+00:00\" \/>\n<meta property=\"og:image\" content=\"https:\/\/anchorallied.com\/es\/wp-content\/uploads\/2025\/05\/homecare_0007_Camping-gas-230g.jpg\" \/>\n\t<meta property=\"og:image:width\" content=\"1200\" \/>\n\t<meta property=\"og:image:height\" content=\"1200\" \/>\n\t<meta property=\"og:image:type\" content=\"image\/jpeg\" \/>\n<meta name=\"twitter:card\" content=\"summary_large_image\" \/>\n<meta name=\"twitter:label1\" content=\"Est. reading time\" \/>\n\t<meta name=\"twitter:data1\" content=\"1 minute\" \/>\n<script type=\"application\/ld+json\" class=\"yoast-schema-graph\">{\"@context\":\"https:\\\/\\\/schema.org\",\"@graph\":[{\"@type\":\"WebPage\",\"@id\":\"https:\\\/\\\/anchorallied.com\\\/es\\\/product\\\/camping-gas-230g\\\/\",\"url\":\"https:\\\/\\\/anchorallied.com\\\/es\\\/product\\\/camping-gas-230g\\\/\",\"name\":\"Gas de camping 230g - anchoralliedfactory\",\"isPartOf\":{\"@id\":\"https:\\\/\\\/anchorallied.com\\\/es\\\/#website\"},\"primaryImageOfPage\":{\"@id\":\"https:\\\/\\\/anchorallied.com\\\/es\\\/product\\\/camping-gas-230g\\\/#primaryimage\"},\"image\":{\"@id\":\"https:\\\/\\\/anchorallied.com\\\/es\\\/product\\\/camping-gas-230g\\\/#primaryimage\"},\"thumbnailUrl\":\"https:\\\/\\\/anchorallied.com\\\/es\\\/wp-content\\\/uploads\\\/2025\\\/05\\\/homecare_0007_Camping-gas-230g.jpg\",\"datePublished\":\"2025-05-23T09:21:54+00:00\",\"dateModified\":\"2025-07-27T15:48:52+00:00\",\"breadcrumb\":{\"@id\":\"https:\\\/\\\/anchorallied.com\\\/es\\\/product\\\/camping-gas-230g\\\/#breadcrumb\"},\"inLanguage\":\"en\",\"potentialAction\":[{\"@type\":\"ReadAction\",\"target\":[\"https:\\\/\\\/anchorallied.com\\\/es\\\/product\\\/camping-gas-230g\\\/\"]}]},{\"@type\":\"ImageObject\",\"inLanguage\":\"en\",\"@id\":\"https:\\\/\\\/anchorallied.com\\\/es\\\/product\\\/camping-gas-230g\\\/#primaryimage\",\"url\":\"https:\\\/\\\/anchorallied.com\\\/es\\\/wp-content\\\/uploads\\\/2025\\\/05\\\/homecare_0007_Camping-gas-230g.jpg\",\"contentUrl\":\"https:\\\/\\\/anchorallied.com\\\/es\\\/wp-content\\\/uploads\\\/2025\\\/05\\\/homecare_0007_Camping-gas-230g.jpg\",\"width\":1200,\"height\":1200},{\"@type\":\"BreadcrumbList\",\"@id\":\"https:\\\/\\\/anchorallied.com\\\/es\\\/product\\\/camping-gas-230g\\\/#breadcrumb\",\"itemListElement\":[{\"@type\":\"ListItem\",\"position\":1,\"name\":\"Home\",\"item\":\"http:\\\/\\\/anchorallied.com\\\/es\\\/\"},{\"@type\":\"ListItem\",\"position\":2,\"name\":\"Shop\",\"item\":\"https:\\\/\\\/anchorallied.com\\\/es\\\/shop\\\/\"},{\"@type\":\"ListItem\",\"position\":3,\"name\":\"Gas de camping 230g\"}]},{\"@type\":\"WebSite\",\"@id\":\"https:\\\/\\\/anchorallied.com\\\/es\\\/#website\",\"url\":\"https:\\\/\\\/anchorallied.com\\\/es\\\/\",\"name\":\"anchoralliedfactory\",\"description\":\"\",\"potentialAction\":[{\"@type\":\"SearchAction\",\"target\":{\"@type\":\"EntryPoint\",\"urlTemplate\":\"https:\\\/\\\/anchorallied.com\\\/es\\\/?s={search_term_string}\"},\"query-input\":{\"@type\":\"PropertyValueSpecification\",\"valueRequired\":true,\"valueName\":\"search_term_string\"}}],\"inLanguage\":\"en\"}]}<\/script>\n<!-- \/ Yoast SEO plugin. -->","yoast_head_json":{"title":"Gas de camping 230g - anchoralliedfactory","robots":{"index":"index","follow":"follow","max-snippet":"max-snippet:-1","max-image-preview":"max-image-preview:large","max-video-preview":"max-video-preview:-1"},"canonical":"https:\/\/anchorallied.com\/es\/product\/camping-gas-230g\/","og_locale":"en_US","og_type":"article","og_title":"Gas de camping 230g - anchoralliedfactory","og_description":"Cartucho de gas butano altamente inflamable. Mantener alejado del calor, las llamas y cualquier fuente de ignici\u00f3n. Usar \u00fanicamente con aparatos compatibles (EN 521), seguir las instrucciones de seguridad y almacenar en un lugar fresco y ventilado. No exponer a temperaturas superiores a 50 \u00b0C ni incinerar.","og_url":"https:\/\/anchorallied.com\/es\/product\/camping-gas-230g\/","og_site_name":"anchoralliedfactory","article_modified_time":"2025-07-27T15:48:52+00:00","og_image":[{"width":1200,"height":1200,"url":"https:\/\/anchorallied.com\/es\/wp-content\/uploads\/2025\/05\/homecare_0007_Camping-gas-230g.jpg","type":"image\/jpeg"}],"twitter_card":"summary_large_image","twitter_misc":{"Est. reading time":"1 minute"},"schema":{"@context":"https:\/\/schema.org","@graph":[{"@type":"WebPage","@id":"https:\/\/anchorallied.com\/es\/product\/camping-gas-230g\/","url":"https:\/\/anchorallied.com\/es\/product\/camping-gas-230g\/","name":"Gas de camping 230g - anchoralliedfactory","isPartOf":{"@id":"https:\/\/anchorallied.com\/es\/#website"},"primaryImageOfPage":{"@id":"https:\/\/anchorallied.com\/es\/product\/camping-gas-230g\/#primaryimage"},"image":{"@id":"https:\/\/anchorallied.com\/es\/product\/camping-gas-230g\/#primaryimage"},"thumbnailUrl":"https:\/\/anchorallied.com\/es\/wp-content\/uploads\/2025\/05\/homecare_0007_Camping-gas-230g.jpg","datePublished":"2025-05-23T09:21:54+00:00","dateModified":"2025-07-27T15:48:52+00:00","breadcrumb":{"@id":"https:\/\/anchorallied.com\/es\/product\/camping-gas-230g\/#breadcrumb"},"inLanguage":"en","potentialAction":[{"@type":"ReadAction","target":["https:\/\/anchorallied.com\/es\/product\/camping-gas-230g\/"]}]},{"@type":"ImageObject","inLanguage":"en","@id":"https:\/\/anchorallied.com\/es\/product\/camping-gas-230g\/#primaryimage","url":"https:\/\/anchorallied.com\/es\/wp-content\/uploads\/2025\/05\/homecare_0007_Camping-gas-230g.jpg","contentUrl":"https:\/\/anchorallied.com\/es\/wp-content\/uploads\/2025\/05\/homecare_0007_Camping-gas-230g.jpg","width":1200,"height":1200},{"@type":"BreadcrumbList","@id":"https:\/\/anchorallied.com\/es\/product\/camping-gas-230g\/#breadcrumb","itemListElement":[{"@type":"ListItem","position":1,"name":"Home","item":"http:\/\/anchorallied.com\/es\/"},{"@type":"ListItem","position":2,"name":"Shop","item":"https:\/\/anchorallied.com\/es\/shop\/"},{"@type":"ListItem","position":3,"name":"Gas de camping 230g"}]},{"@type":"WebSite","@id":"https:\/\/anchorallied.com\/es\/#website","url":"https:\/\/anchorallied.com\/es\/","name":"anchoralliedfactory","description":"","potentialAction":[{"@type":"SearchAction","target":{"@type":"EntryPoint","urlTemplate":"https:\/\/anchorallied.com\/es\/?s={search_term_string}"},"query-input":{"@type":"PropertyValueSpecification","valueRequired":true,"valueName":"search_term_string"}}],"inLanguage":"en"}]}},"_links":{"self":[{"href":"https:\/\/anchorallied.com\/es\/wp-json\/wp\/v2\/product\/2005","targetHints":{"allow":["GET"]}}],"collection":[{"href":"https:\/\/anchorallied.com\/es\/wp-json\/wp\/v2\/product"}],"about":[{"href":"https:\/\/anchorallied.com\/es\/wp-json\/wp\/v2\/types\/product"}],"replies":[{"embeddable":true,"href":"https:\/\/anchorallied.com\/es\/wp-json\/wp\/v2\/comments?post=2005"}],"wp:featuredmedia":[{"embeddable":true,"href":"https:\/\/anchorallied.com\/es\/wp-json\/wp\/v2\/media\/2772"}],"wp:attachment":[{"href":"https:\/\/anchorallied.com\/es\/wp-json\/wp\/v2\/media?parent=2005"}],"wp:term":[{"taxonomy":"product_brand","embeddable":true,"href":"https:\/\/anchorallied.com\/es\/wp-json\/wp\/v2\/product_brand?post=2005"},{"taxonomy":"product_cat","embeddable":true,"href":"https:\/\/anchorallied.com\/es\/wp-json\/wp\/v2\/product_cat?post=2005"},{"taxonomy":"product_tag","embeddable":true,"href":"https:\/\/anchorallied.com\/es\/wp-json\/wp\/v2\/product_tag?post=2005"}],"curies":[{"name":"wp","href":"https:\/\/api.w.org\/{rel}","templated":true}]}}