{"id":2537,"date":"2025-05-26T09:10:37","date_gmt":"2025-05-26T09:10:37","guid":{"rendered":"https:\/\/anchorallied.com\/es\/?post_type=product&#038;p=2537"},"modified":"2025-07-27T15:48:53","modified_gmt":"2025-07-27T15:48:53","slug":"asmaco-firestop-silicone-sealant-firestop-sealants","status":"publish","type":"product","link":"https:\/\/anchorallied.com\/es\/product\/asmaco-firestop-silicone-sealant-firestop-sealants\/","title":{"rendered":"SELLADOR DE SILICONA FUEGO ASMACO"},"content":{"rendered":"<p>El SELLADOR DE SILICONA FINESTOP ASMACO ofrece una resistencia al fuego y durabilidad excepcionales en aplicaciones de alto riesgo. Su f\u00f3rmula de bajo m\u00f3dulo y curado neutro garantiza flexibilidad y compatibilidad con una amplia gama de sustratos, como piedra, acero, mamposter\u00eda y madera. Esto elimina la necesidad de imprimaci\u00f3n, agiliza la instalaci\u00f3n y ahorra tiempo en obra. Est\u00e1 dise\u00f1ado para usos cr\u00edticos como el sellado de fachadas de edificios, el sellado de juntas de expansi\u00f3n resistentes al fuego y el sellado seguro alrededor de tuber\u00edas y cables que atraviesan paredes resistentes al fuego. El sellador mantiene su integridad bajo la exposici\u00f3n a altas temperaturas, garantizando una barrera fiable contra la propagaci\u00f3n del fuego, el humo y los gases t\u00f3xicos, a la vez que proporciona una excelente resistencia a la intemperie para un rendimiento a largo plazo tanto en interiores como en exteriores.<\/p>\n","protected":false},"excerpt":{"rendered":"<p>El SELLADOR DE SILICONA FUEGO ASMACO es una silicona de alto rendimiento, ign\u00edfuga y de curado neutro, dise\u00f1ada para ofrecer una protecci\u00f3n duradera contra incendios. Se adhiere firmemente a diversos materiales de construcci\u00f3n sin necesidad de imprimaci\u00f3n, lo que la hace ideal para sellar juntas ign\u00edfugas, fachadas y entradas de servicio.<\/p>\n","protected":false},"featured_media":2538,"comment_status":"open","ping_status":"closed","template":"","meta":{"_acf_changed":false},"product_brand":[],"product_cat":[142,198],"product_tag":[],"class_list":{"0":"post-2537","1":"product","2":"type-product","3":"status-publish","4":"has-post-thumbnail","6":"product_cat-selladores","7":"product_cat-selladores-cortafuego","9":"first","10":"instock","11":"shipping-taxable","12":"product-type-simple"},"acf":[],"yoast_head":"<!-- This site is optimized with the Yoast SEO plugin v27.3 - https:\/\/yoast.com\/product\/yoast-seo-wordpress\/ -->\n<title>SELLADOR DE SILICONA FUEGO ASMACO - anchoralliedfactory<\/title>\n<meta name=\"robots\" content=\"index, follow, max-snippet:-1, max-image-preview:large, max-video-preview:-1\" \/>\n<link rel=\"canonical\" href=\"https:\/\/anchorallied.com\/es\/product\/asmaco-firestop-silicone-sealant-firestop-sealants\/\" \/>\n<meta property=\"og:locale\" content=\"en_US\" \/>\n<meta property=\"og:type\" content=\"article\" \/>\n<meta property=\"og:title\" content=\"SELLADOR DE SILICONA FUEGO ASMACO - anchoralliedfactory\" \/>\n<meta property=\"og:description\" content=\"El SELLADOR DE SILICONA FUEGO ASMACO es una silicona de alto rendimiento, ign\u00edfuga y de curado neutro, dise\u00f1ada para ofrecer una protecci\u00f3n duradera contra incendios. Se adhiere firmemente a diversos materiales de construcci\u00f3n sin necesidad de imprimaci\u00f3n, lo que la hace ideal para sellar juntas ign\u00edfugas, fachadas y entradas de servicio.\" \/>\n<meta property=\"og:url\" content=\"https:\/\/anchorallied.com\/es\/product\/asmaco-firestop-silicone-sealant-firestop-sealants\/\" \/>\n<meta property=\"og:site_name\" content=\"anchoralliedfactory\" \/>\n<meta property=\"article:modified_time\" content=\"2025-07-27T15:48:53+00:00\" \/>\n<meta property=\"og:image\" content=\"https:\/\/anchorallied.com\/es\/wp-content\/uploads\/2025\/05\/sealants_0007_Firestop_New.jpg\" \/>\n\t<meta property=\"og:image:width\" content=\"1200\" \/>\n\t<meta property=\"og:image:height\" content=\"1200\" \/>\n\t<meta property=\"og:image:type\" content=\"image\/jpeg\" \/>\n<meta name=\"twitter:card\" content=\"summary_large_image\" \/>\n<meta name=\"twitter:label1\" content=\"Est. reading time\" \/>\n\t<meta name=\"twitter:data1\" content=\"1 minute\" \/>\n<script type=\"application\/ld+json\" class=\"yoast-schema-graph\">{\"@context\":\"https:\\\/\\\/schema.org\",\"@graph\":[{\"@type\":\"WebPage\",\"@id\":\"https:\\\/\\\/anchorallied.com\\\/es\\\/product\\\/asmaco-firestop-silicone-sealant-firestop-sealants\\\/\",\"url\":\"https:\\\/\\\/anchorallied.com\\\/es\\\/product\\\/asmaco-firestop-silicone-sealant-firestop-sealants\\\/\",\"name\":\"SELLADOR DE SILICONA FUEGO ASMACO - anchoralliedfactory\",\"isPartOf\":{\"@id\":\"https:\\\/\\\/anchorallied.com\\\/es\\\/#website\"},\"primaryImageOfPage\":{\"@id\":\"https:\\\/\\\/anchorallied.com\\\/es\\\/product\\\/asmaco-firestop-silicone-sealant-firestop-sealants\\\/#primaryimage\"},\"image\":{\"@id\":\"https:\\\/\\\/anchorallied.com\\\/es\\\/product\\\/asmaco-firestop-silicone-sealant-firestop-sealants\\\/#primaryimage\"},\"thumbnailUrl\":\"https:\\\/\\\/anchorallied.com\\\/es\\\/wp-content\\\/uploads\\\/2025\\\/05\\\/sealants_0007_Firestop_New.jpg\",\"datePublished\":\"2025-05-26T09:10:37+00:00\",\"dateModified\":\"2025-07-27T15:48:53+00:00\",\"breadcrumb\":{\"@id\":\"https:\\\/\\\/anchorallied.com\\\/es\\\/product\\\/asmaco-firestop-silicone-sealant-firestop-sealants\\\/#breadcrumb\"},\"inLanguage\":\"en\",\"potentialAction\":[{\"@type\":\"ReadAction\",\"target\":[\"https:\\\/\\\/anchorallied.com\\\/es\\\/product\\\/asmaco-firestop-silicone-sealant-firestop-sealants\\\/\"]}]},{\"@type\":\"ImageObject\",\"inLanguage\":\"en\",\"@id\":\"https:\\\/\\\/anchorallied.com\\\/es\\\/product\\\/asmaco-firestop-silicone-sealant-firestop-sealants\\\/#primaryimage\",\"url\":\"https:\\\/\\\/anchorallied.com\\\/es\\\/wp-content\\\/uploads\\\/2025\\\/05\\\/sealants_0007_Firestop_New.jpg\",\"contentUrl\":\"https:\\\/\\\/anchorallied.com\\\/es\\\/wp-content\\\/uploads\\\/2025\\\/05\\\/sealants_0007_Firestop_New.jpg\",\"width\":1200,\"height\":1200},{\"@type\":\"BreadcrumbList\",\"@id\":\"https:\\\/\\\/anchorallied.com\\\/es\\\/product\\\/asmaco-firestop-silicone-sealant-firestop-sealants\\\/#breadcrumb\",\"itemListElement\":[{\"@type\":\"ListItem\",\"position\":1,\"name\":\"Home\",\"item\":\"https:\\\/\\\/anchorallied.com\\\/es\\\/\"},{\"@type\":\"ListItem\",\"position\":2,\"name\":\"Shop\",\"item\":\"https:\\\/\\\/anchorallied.com\\\/es\\\/shop\\\/\"},{\"@type\":\"ListItem\",\"position\":3,\"name\":\"SELLADOR DE SILICONA FUEGO ASMACO\"}]},{\"@type\":\"WebSite\",\"@id\":\"https:\\\/\\\/anchorallied.com\\\/es\\\/#website\",\"url\":\"https:\\\/\\\/anchorallied.com\\\/es\\\/\",\"name\":\"anchoralliedfactory\",\"description\":\"\",\"potentialAction\":[{\"@type\":\"SearchAction\",\"target\":{\"@type\":\"EntryPoint\",\"urlTemplate\":\"https:\\\/\\\/anchorallied.com\\\/es\\\/?s={search_term_string}\"},\"query-input\":{\"@type\":\"PropertyValueSpecification\",\"valueRequired\":true,\"valueName\":\"search_term_string\"}}],\"inLanguage\":\"en\"}]}<\/script>\n<!-- \/ Yoast SEO plugin. -->","yoast_head_json":{"title":"SELLADOR DE SILICONA FUEGO ASMACO - anchoralliedfactory","robots":{"index":"index","follow":"follow","max-snippet":"max-snippet:-1","max-image-preview":"max-image-preview:large","max-video-preview":"max-video-preview:-1"},"canonical":"https:\/\/anchorallied.com\/es\/product\/asmaco-firestop-silicone-sealant-firestop-sealants\/","og_locale":"en_US","og_type":"article","og_title":"SELLADOR DE SILICONA FUEGO ASMACO - anchoralliedfactory","og_description":"El SELLADOR DE SILICONA FUEGO ASMACO es una silicona de alto rendimiento, ign\u00edfuga y de curado neutro, dise\u00f1ada para ofrecer una protecci\u00f3n duradera contra incendios. Se adhiere firmemente a diversos materiales de construcci\u00f3n sin necesidad de imprimaci\u00f3n, lo que la hace ideal para sellar juntas ign\u00edfugas, fachadas y entradas de servicio.","og_url":"https:\/\/anchorallied.com\/es\/product\/asmaco-firestop-silicone-sealant-firestop-sealants\/","og_site_name":"anchoralliedfactory","article_modified_time":"2025-07-27T15:48:53+00:00","og_image":[{"width":1200,"height":1200,"url":"https:\/\/anchorallied.com\/es\/wp-content\/uploads\/2025\/05\/sealants_0007_Firestop_New.jpg","type":"image\/jpeg"}],"twitter_card":"summary_large_image","twitter_misc":{"Est. reading time":"1 minute"},"schema":{"@context":"https:\/\/schema.org","@graph":[{"@type":"WebPage","@id":"https:\/\/anchorallied.com\/es\/product\/asmaco-firestop-silicone-sealant-firestop-sealants\/","url":"https:\/\/anchorallied.com\/es\/product\/asmaco-firestop-silicone-sealant-firestop-sealants\/","name":"SELLADOR DE SILICONA FUEGO ASMACO - anchoralliedfactory","isPartOf":{"@id":"https:\/\/anchorallied.com\/es\/#website"},"primaryImageOfPage":{"@id":"https:\/\/anchorallied.com\/es\/product\/asmaco-firestop-silicone-sealant-firestop-sealants\/#primaryimage"},"image":{"@id":"https:\/\/anchorallied.com\/es\/product\/asmaco-firestop-silicone-sealant-firestop-sealants\/#primaryimage"},"thumbnailUrl":"https:\/\/anchorallied.com\/es\/wp-content\/uploads\/2025\/05\/sealants_0007_Firestop_New.jpg","datePublished":"2025-05-26T09:10:37+00:00","dateModified":"2025-07-27T15:48:53+00:00","breadcrumb":{"@id":"https:\/\/anchorallied.com\/es\/product\/asmaco-firestop-silicone-sealant-firestop-sealants\/#breadcrumb"},"inLanguage":"en","potentialAction":[{"@type":"ReadAction","target":["https:\/\/anchorallied.com\/es\/product\/asmaco-firestop-silicone-sealant-firestop-sealants\/"]}]},{"@type":"ImageObject","inLanguage":"en","@id":"https:\/\/anchorallied.com\/es\/product\/asmaco-firestop-silicone-sealant-firestop-sealants\/#primaryimage","url":"https:\/\/anchorallied.com\/es\/wp-content\/uploads\/2025\/05\/sealants_0007_Firestop_New.jpg","contentUrl":"https:\/\/anchorallied.com\/es\/wp-content\/uploads\/2025\/05\/sealants_0007_Firestop_New.jpg","width":1200,"height":1200},{"@type":"BreadcrumbList","@id":"https:\/\/anchorallied.com\/es\/product\/asmaco-firestop-silicone-sealant-firestop-sealants\/#breadcrumb","itemListElement":[{"@type":"ListItem","position":1,"name":"Home","item":"https:\/\/anchorallied.com\/es\/"},{"@type":"ListItem","position":2,"name":"Shop","item":"https:\/\/anchorallied.com\/es\/shop\/"},{"@type":"ListItem","position":3,"name":"SELLADOR DE SILICONA FUEGO ASMACO"}]},{"@type":"WebSite","@id":"https:\/\/anchorallied.com\/es\/#website","url":"https:\/\/anchorallied.com\/es\/","name":"anchoralliedfactory","description":"","potentialAction":[{"@type":"SearchAction","target":{"@type":"EntryPoint","urlTemplate":"https:\/\/anchorallied.com\/es\/?s={search_term_string}"},"query-input":{"@type":"PropertyValueSpecification","valueRequired":true,"valueName":"search_term_string"}}],"inLanguage":"en"}]}},"_links":{"self":[{"href":"https:\/\/anchorallied.com\/es\/wp-json\/wp\/v2\/product\/2537","targetHints":{"allow":["GET"]}}],"collection":[{"href":"https:\/\/anchorallied.com\/es\/wp-json\/wp\/v2\/product"}],"about":[{"href":"https:\/\/anchorallied.com\/es\/wp-json\/wp\/v2\/types\/product"}],"replies":[{"embeddable":true,"href":"https:\/\/anchorallied.com\/es\/wp-json\/wp\/v2\/comments?post=2537"}],"wp:featuredmedia":[{"embeddable":true,"href":"https:\/\/anchorallied.com\/es\/wp-json\/wp\/v2\/media\/2538"}],"wp:attachment":[{"href":"https:\/\/anchorallied.com\/es\/wp-json\/wp\/v2\/media?parent=2537"}],"wp:term":[{"taxonomy":"product_brand","embeddable":true,"href":"https:\/\/anchorallied.com\/es\/wp-json\/wp\/v2\/product_brand?post=2537"},{"taxonomy":"product_cat","embeddable":true,"href":"https:\/\/anchorallied.com\/es\/wp-json\/wp\/v2\/product_cat?post=2537"},{"taxonomy":"product_tag","embeddable":true,"href":"https:\/\/anchorallied.com\/es\/wp-json\/wp\/v2\/product_tag?post=2537"}],"curies":[{"name":"wp","href":"https:\/\/api.w.org\/{rel}","templated":true}]}}