{"id":2541,"date":"2025-05-26T09:19:44","date_gmt":"2025-05-26T09:19:44","guid":{"rendered":"http:\/\/anchorallied.com\/es\/?post_type=product&#038;p=2541"},"modified":"2026-04-13T05:02:19","modified_gmt":"2026-04-13T05:02:19","slug":"asmaco-pu-72-windscreen-sealant","status":"publish","type":"product","link":"https:\/\/anchorallied.com\/es\/product\/asmaco-pu-72-windscreen-sealant\/","title":{"rendered":"SELLADOR DE PARABRISAS ASMACO PU 72"},"content":{"rendered":"<p>ASMACO PU 72 ofrece una flexibilidad y durabilidad excepcionales, lo que lo hace ideal para aplicaciones exigentes donde la resistencia y el rendimiento a largo plazo son cruciales. El adhesivo cura eficazmente al exponerse a la humedad ambiental, formando una uni\u00f3n elastom\u00e9rica resistente capaz de soportar tensiones din\u00e1micas. Su resistencia al descuelgue garantiza una aplicaci\u00f3n precisa incluso en superficies verticales o elevadas. Cabe destacar que ASMACO PU 72 no es conductor, lo que lo hace especialmente adecuado para unir componentes de vidrio con antenas de radio integradas o sistemas electr\u00f3nicos sin afectar su funcionalidad. Esta versatilidad, sumada a su excelente adhesi\u00f3n a diversos materiales, lo convierte en una soluci\u00f3n ideal para ensamblajes automotrices, instalaciones marinas y construcci\u00f3n estructural.<\/p>\n","protected":false},"excerpt":{"rendered":"<p>ASMACO PU 72 es un adhesivo de poliuretano monocomponente de alta calidad, resistente al descuelgue, dise\u00f1ado para aplicaciones de uni\u00f3n de alto rendimiento. Cura con la humedad atmosf\u00e9rica para formar una uni\u00f3n fuerte, duradera y flexible, ideal para una amplia gama de sustratos, incluyendo los utilizados en las industrias automotriz, n\u00e1utica y de la construcci\u00f3n.<\/p>\n","protected":false},"featured_media":3066,"comment_status":"open","ping_status":"closed","template":"","meta":{"_acf_changed":false},"product_brand":[],"product_cat":[142,199],"product_tag":[],"class_list":{"0":"post-2541","1":"product","2":"type-product","3":"status-publish","4":"has-post-thumbnail","6":"product_cat-selladores","7":"product_cat-selladores-de-poliuretano","9":"first","10":"instock","11":"shipping-taxable","12":"product-type-simple"},"acf":[],"yoast_head":"<!-- This site is optimized with the Yoast SEO plugin v27.3 - https:\/\/yoast.com\/product\/yoast-seo-wordpress\/ -->\n<title>SELLADOR DE PARABRISAS ASMACO PU 72 - anchoralliedfactory<\/title>\n<meta name=\"robots\" content=\"index, follow, max-snippet:-1, max-image-preview:large, max-video-preview:-1\" \/>\n<link rel=\"canonical\" href=\"https:\/\/anchorallied.com\/es\/product\/asmaco-pu-72-windscreen-sealant\/\" \/>\n<meta property=\"og:locale\" content=\"en_US\" \/>\n<meta property=\"og:type\" content=\"article\" \/>\n<meta property=\"og:title\" content=\"SELLADOR DE PARABRISAS ASMACO PU 72 - anchoralliedfactory\" \/>\n<meta property=\"og:description\" content=\"ASMACO PU 72 es un adhesivo de poliuretano monocomponente de alta calidad, resistente al descuelgue, dise\u00f1ado para aplicaciones de uni\u00f3n de alto rendimiento. Cura con la humedad atmosf\u00e9rica para formar una uni\u00f3n fuerte, duradera y flexible, ideal para una amplia gama de sustratos, incluyendo los utilizados en las industrias automotriz, n\u00e1utica y de la construcci\u00f3n.\" \/>\n<meta property=\"og:url\" content=\"https:\/\/anchorallied.com\/es\/product\/asmaco-pu-72-windscreen-sealant\/\" \/>\n<meta property=\"og:site_name\" content=\"anchoralliedfactory\" \/>\n<meta property=\"article:modified_time\" content=\"2026-04-13T05:02:19+00:00\" \/>\n<meta property=\"og:image\" content=\"http:\/\/anchorallied.com\/es\/wp-content\/uploads\/2025\/05\/Anc_0007_Pu-72.jpg\" \/>\n\t<meta property=\"og:image:width\" content=\"1200\" \/>\n\t<meta property=\"og:image:height\" content=\"1200\" \/>\n\t<meta property=\"og:image:type\" content=\"image\/jpeg\" \/>\n<meta name=\"twitter:card\" content=\"summary_large_image\" \/>\n<meta name=\"twitter:label1\" content=\"Est. reading time\" \/>\n\t<meta name=\"twitter:data1\" content=\"5 minutes\" \/>\n<script type=\"application\/ld+json\" class=\"yoast-schema-graph\">{\"@context\":\"https:\\\/\\\/schema.org\",\"@graph\":[{\"@type\":\"WebPage\",\"@id\":\"https:\\\/\\\/anchorallied.com\\\/es\\\/product\\\/asmaco-pu-72-windscreen-sealant\\\/\",\"url\":\"https:\\\/\\\/anchorallied.com\\\/es\\\/product\\\/asmaco-pu-72-windscreen-sealant\\\/\",\"name\":\"SELLADOR DE PARABRISAS ASMACO PU 72 - anchoralliedfactory\",\"isPartOf\":{\"@id\":\"https:\\\/\\\/anchorallied.com\\\/es\\\/#website\"},\"primaryImageOfPage\":{\"@id\":\"https:\\\/\\\/anchorallied.com\\\/es\\\/product\\\/asmaco-pu-72-windscreen-sealant\\\/#primaryimage\"},\"image\":{\"@id\":\"https:\\\/\\\/anchorallied.com\\\/es\\\/product\\\/asmaco-pu-72-windscreen-sealant\\\/#primaryimage\"},\"thumbnailUrl\":\"https:\\\/\\\/anchorallied.com\\\/es\\\/wp-content\\\/uploads\\\/2025\\\/05\\\/Anc_0007_Pu-72.jpg\",\"datePublished\":\"2025-05-26T09:19:44+00:00\",\"dateModified\":\"2026-04-13T05:02:19+00:00\",\"breadcrumb\":{\"@id\":\"https:\\\/\\\/anchorallied.com\\\/es\\\/product\\\/asmaco-pu-72-windscreen-sealant\\\/#breadcrumb\"},\"inLanguage\":\"en\",\"potentialAction\":[{\"@type\":\"ReadAction\",\"target\":[\"https:\\\/\\\/anchorallied.com\\\/es\\\/product\\\/asmaco-pu-72-windscreen-sealant\\\/\"]}]},{\"@type\":\"ImageObject\",\"inLanguage\":\"en\",\"@id\":\"https:\\\/\\\/anchorallied.com\\\/es\\\/product\\\/asmaco-pu-72-windscreen-sealant\\\/#primaryimage\",\"url\":\"https:\\\/\\\/anchorallied.com\\\/es\\\/wp-content\\\/uploads\\\/2025\\\/05\\\/Anc_0007_Pu-72.jpg\",\"contentUrl\":\"https:\\\/\\\/anchorallied.com\\\/es\\\/wp-content\\\/uploads\\\/2025\\\/05\\\/Anc_0007_Pu-72.jpg\",\"width\":1200,\"height\":1200},{\"@type\":\"BreadcrumbList\",\"@id\":\"https:\\\/\\\/anchorallied.com\\\/es\\\/product\\\/asmaco-pu-72-windscreen-sealant\\\/#breadcrumb\",\"itemListElement\":[{\"@type\":\"ListItem\",\"position\":1,\"name\":\"Home\",\"item\":\"http:\\\/\\\/anchorallied.com\\\/es\\\/\"},{\"@type\":\"ListItem\",\"position\":2,\"name\":\"Shop\",\"item\":\"https:\\\/\\\/anchorallied.com\\\/es\\\/shop\\\/\"},{\"@type\":\"ListItem\",\"position\":3,\"name\":\"SELLADOR DE PARABRISAS ASMACO PU 72\"}]},{\"@type\":\"WebSite\",\"@id\":\"https:\\\/\\\/anchorallied.com\\\/es\\\/#website\",\"url\":\"https:\\\/\\\/anchorallied.com\\\/es\\\/\",\"name\":\"anchoralliedfactory\",\"description\":\"\",\"potentialAction\":[{\"@type\":\"SearchAction\",\"target\":{\"@type\":\"EntryPoint\",\"urlTemplate\":\"https:\\\/\\\/anchorallied.com\\\/es\\\/?s={search_term_string}\"},\"query-input\":{\"@type\":\"PropertyValueSpecification\",\"valueRequired\":true,\"valueName\":\"search_term_string\"}}],\"inLanguage\":\"en\"}]}<\/script>\n<!-- \/ Yoast SEO plugin. -->","yoast_head_json":{"title":"SELLADOR DE PARABRISAS ASMACO PU 72 - anchoralliedfactory","robots":{"index":"index","follow":"follow","max-snippet":"max-snippet:-1","max-image-preview":"max-image-preview:large","max-video-preview":"max-video-preview:-1"},"canonical":"https:\/\/anchorallied.com\/es\/product\/asmaco-pu-72-windscreen-sealant\/","og_locale":"en_US","og_type":"article","og_title":"SELLADOR DE PARABRISAS ASMACO PU 72 - anchoralliedfactory","og_description":"ASMACO PU 72 es un adhesivo de poliuretano monocomponente de alta calidad, resistente al descuelgue, dise\u00f1ado para aplicaciones de uni\u00f3n de alto rendimiento. Cura con la humedad atmosf\u00e9rica para formar una uni\u00f3n fuerte, duradera y flexible, ideal para una amplia gama de sustratos, incluyendo los utilizados en las industrias automotriz, n\u00e1utica y de la construcci\u00f3n.","og_url":"https:\/\/anchorallied.com\/es\/product\/asmaco-pu-72-windscreen-sealant\/","og_site_name":"anchoralliedfactory","article_modified_time":"2026-04-13T05:02:19+00:00","og_image":[{"width":1200,"height":1200,"url":"http:\/\/anchorallied.com\/es\/wp-content\/uploads\/2025\/05\/Anc_0007_Pu-72.jpg","type":"image\/jpeg"}],"twitter_card":"summary_large_image","twitter_misc":{"Est. reading time":"5 minutes"},"schema":{"@context":"https:\/\/schema.org","@graph":[{"@type":"WebPage","@id":"https:\/\/anchorallied.com\/es\/product\/asmaco-pu-72-windscreen-sealant\/","url":"https:\/\/anchorallied.com\/es\/product\/asmaco-pu-72-windscreen-sealant\/","name":"SELLADOR DE PARABRISAS ASMACO PU 72 - anchoralliedfactory","isPartOf":{"@id":"https:\/\/anchorallied.com\/es\/#website"},"primaryImageOfPage":{"@id":"https:\/\/anchorallied.com\/es\/product\/asmaco-pu-72-windscreen-sealant\/#primaryimage"},"image":{"@id":"https:\/\/anchorallied.com\/es\/product\/asmaco-pu-72-windscreen-sealant\/#primaryimage"},"thumbnailUrl":"https:\/\/anchorallied.com\/es\/wp-content\/uploads\/2025\/05\/Anc_0007_Pu-72.jpg","datePublished":"2025-05-26T09:19:44+00:00","dateModified":"2026-04-13T05:02:19+00:00","breadcrumb":{"@id":"https:\/\/anchorallied.com\/es\/product\/asmaco-pu-72-windscreen-sealant\/#breadcrumb"},"inLanguage":"en","potentialAction":[{"@type":"ReadAction","target":["https:\/\/anchorallied.com\/es\/product\/asmaco-pu-72-windscreen-sealant\/"]}]},{"@type":"ImageObject","inLanguage":"en","@id":"https:\/\/anchorallied.com\/es\/product\/asmaco-pu-72-windscreen-sealant\/#primaryimage","url":"https:\/\/anchorallied.com\/es\/wp-content\/uploads\/2025\/05\/Anc_0007_Pu-72.jpg","contentUrl":"https:\/\/anchorallied.com\/es\/wp-content\/uploads\/2025\/05\/Anc_0007_Pu-72.jpg","width":1200,"height":1200},{"@type":"BreadcrumbList","@id":"https:\/\/anchorallied.com\/es\/product\/asmaco-pu-72-windscreen-sealant\/#breadcrumb","itemListElement":[{"@type":"ListItem","position":1,"name":"Home","item":"http:\/\/anchorallied.com\/es\/"},{"@type":"ListItem","position":2,"name":"Shop","item":"https:\/\/anchorallied.com\/es\/shop\/"},{"@type":"ListItem","position":3,"name":"SELLADOR DE PARABRISAS ASMACO PU 72"}]},{"@type":"WebSite","@id":"https:\/\/anchorallied.com\/es\/#website","url":"https:\/\/anchorallied.com\/es\/","name":"anchoralliedfactory","description":"","potentialAction":[{"@type":"SearchAction","target":{"@type":"EntryPoint","urlTemplate":"https:\/\/anchorallied.com\/es\/?s={search_term_string}"},"query-input":{"@type":"PropertyValueSpecification","valueRequired":true,"valueName":"search_term_string"}}],"inLanguage":"en"}]}},"_links":{"self":[{"href":"https:\/\/anchorallied.com\/es\/wp-json\/wp\/v2\/product\/2541","targetHints":{"allow":["GET"]}}],"collection":[{"href":"https:\/\/anchorallied.com\/es\/wp-json\/wp\/v2\/product"}],"about":[{"href":"https:\/\/anchorallied.com\/es\/wp-json\/wp\/v2\/types\/product"}],"replies":[{"embeddable":true,"href":"https:\/\/anchorallied.com\/es\/wp-json\/wp\/v2\/comments?post=2541"}],"wp:featuredmedia":[{"embeddable":true,"href":"https:\/\/anchorallied.com\/es\/wp-json\/wp\/v2\/media\/3066"}],"wp:attachment":[{"href":"https:\/\/anchorallied.com\/es\/wp-json\/wp\/v2\/media?parent=2541"}],"wp:term":[{"taxonomy":"product_brand","embeddable":true,"href":"https:\/\/anchorallied.com\/es\/wp-json\/wp\/v2\/product_brand?post=2541"},{"taxonomy":"product_cat","embeddable":true,"href":"https:\/\/anchorallied.com\/es\/wp-json\/wp\/v2\/product_cat?post=2541"},{"taxonomy":"product_tag","embeddable":true,"href":"https:\/\/anchorallied.com\/es\/wp-json\/wp\/v2\/product_tag?post=2541"}],"curies":[{"name":"wp","href":"https:\/\/api.w.org\/{rel}","templated":true}]}}