{"id":2542,"date":"2025-05-26T09:25:31","date_gmt":"2025-05-26T09:25:31","guid":{"rendered":"http:\/\/anchorallied.com\/es\/?post_type=product&#038;p=2542"},"modified":"2026-04-13T05:06:58","modified_gmt":"2026-04-13T05:06:58","slug":"asmaco-instant-grab-grab-adhesive-sealant","status":"publish","type":"product","link":"https:\/\/anchorallied.com\/es\/product\/asmaco-instant-grab-grab-adhesive-sealant\/","title":{"rendered":"ASMACO AGARRE INSTANT\u00c1NEO"},"content":{"rendered":"<p>ASMACO INSTANT GRAB destaca por su avanzada f\u00f3rmula de sellador I-Tech, que permite una adhesi\u00f3n fuerte e inmediata incluso en entornos dif\u00edciles. Su agarre instant\u00e1neo elimina la necesidad de abrazaderas o soportes, lo que permite instalaciones eficientes y precisas. Este vers\u00e1til sellador cura en 24 a 48 horas y alcanza su m\u00e1xima resistencia en 7 d\u00edas, proporcionando un sellado fiable y duradero. Dise\u00f1ado para funcionar incluso bajo el agua, es especialmente eficaz para sellar fugas de agua activas sin necesidad de drenar la zona afectada, lo que lo convierte en una soluci\u00f3n ideal para reparaciones de plomer\u00eda, instalaciones exteriores y reparaciones de emergencia. Sus propiedades impermeables y resistentes a la intemperie lo hacen adecuado para una amplia gama de tareas de construcci\u00f3n, mantenimiento y reparaci\u00f3n.<\/p>\n","protected":false},"excerpt":{"rendered":"<p>ASMACO INSTANT GRAB es un adhesivo y sellador impermeable de alta resistencia, dise\u00f1ado para aplicaciones de uni\u00f3n, sellado y reparaci\u00f3n r\u00e1pidas y fiables. Gracias a su capacidad de agarre instant\u00e1neo, fija los materiales en su lugar sin necesidad de soporte adicional y cura completamente en 7 d\u00edas, ofreciendo un rendimiento duradero en una amplia gama de usos.<\/p>\n","protected":false},"featured_media":3068,"comment_status":"open","ping_status":"closed","template":"","meta":{"_acf_changed":false},"product_brand":[],"product_cat":[142,154],"product_tag":[],"class_list":{"0":"post-2542","1":"product","2":"type-product","3":"status-publish","4":"has-post-thumbnail","6":"product_cat-selladores","7":"product_cat-selladores-hibridos","9":"first","10":"instock","11":"shipping-taxable","12":"product-type-simple"},"acf":[],"yoast_head":"<!-- This site is optimized with the Yoast SEO plugin v27.3 - https:\/\/yoast.com\/product\/yoast-seo-wordpress\/ -->\n<title>ASMACO AGARRE INSTANT\u00c1NEO - anchoralliedfactory<\/title>\n<meta name=\"robots\" content=\"index, follow, max-snippet:-1, max-image-preview:large, max-video-preview:-1\" \/>\n<link rel=\"canonical\" href=\"https:\/\/anchorallied.com\/es\/product\/asmaco-instant-grab-grab-adhesive-sealant\/\" \/>\n<meta property=\"og:locale\" content=\"en_US\" \/>\n<meta property=\"og:type\" content=\"article\" \/>\n<meta property=\"og:title\" content=\"ASMACO AGARRE INSTANT\u00c1NEO - anchoralliedfactory\" \/>\n<meta property=\"og:description\" content=\"ASMACO INSTANT GRAB es un adhesivo y sellador impermeable de alta resistencia, dise\u00f1ado para aplicaciones de uni\u00f3n, sellado y reparaci\u00f3n r\u00e1pidas y fiables. Gracias a su capacidad de agarre instant\u00e1neo, fija los materiales en su lugar sin necesidad de soporte adicional y cura completamente en 7 d\u00edas, ofreciendo un rendimiento duradero en una amplia gama de usos.\" \/>\n<meta property=\"og:url\" content=\"https:\/\/anchorallied.com\/es\/product\/asmaco-instant-grab-grab-adhesive-sealant\/\" \/>\n<meta property=\"og:site_name\" content=\"anchoralliedfactory\" \/>\n<meta property=\"article:modified_time\" content=\"2026-04-13T05:06:58+00:00\" \/>\n<meta property=\"og:image\" content=\"http:\/\/anchorallied.com\/es\/wp-content\/uploads\/2025\/05\/Anc_0008_Instant-Grab-Sealant_New.jpg\" \/>\n\t<meta property=\"og:image:width\" content=\"1200\" \/>\n\t<meta property=\"og:image:height\" content=\"1200\" \/>\n\t<meta property=\"og:image:type\" content=\"image\/jpeg\" \/>\n<meta name=\"twitter:card\" content=\"summary_large_image\" \/>\n<meta name=\"twitter:label1\" content=\"Est. reading time\" \/>\n\t<meta name=\"twitter:data1\" content=\"5 minutes\" \/>\n<script type=\"application\/ld+json\" class=\"yoast-schema-graph\">{\"@context\":\"https:\\\/\\\/schema.org\",\"@graph\":[{\"@type\":\"WebPage\",\"@id\":\"https:\\\/\\\/anchorallied.com\\\/es\\\/product\\\/asmaco-instant-grab-grab-adhesive-sealant\\\/\",\"url\":\"https:\\\/\\\/anchorallied.com\\\/es\\\/product\\\/asmaco-instant-grab-grab-adhesive-sealant\\\/\",\"name\":\"ASMACO AGARRE INSTANT\u00c1NEO - anchoralliedfactory\",\"isPartOf\":{\"@id\":\"https:\\\/\\\/anchorallied.com\\\/es\\\/#website\"},\"primaryImageOfPage\":{\"@id\":\"https:\\\/\\\/anchorallied.com\\\/es\\\/product\\\/asmaco-instant-grab-grab-adhesive-sealant\\\/#primaryimage\"},\"image\":{\"@id\":\"https:\\\/\\\/anchorallied.com\\\/es\\\/product\\\/asmaco-instant-grab-grab-adhesive-sealant\\\/#primaryimage\"},\"thumbnailUrl\":\"https:\\\/\\\/anchorallied.com\\\/es\\\/wp-content\\\/uploads\\\/2025\\\/05\\\/Anc_0008_Instant-Grab-Sealant_New.jpg\",\"datePublished\":\"2025-05-26T09:25:31+00:00\",\"dateModified\":\"2026-04-13T05:06:58+00:00\",\"breadcrumb\":{\"@id\":\"https:\\\/\\\/anchorallied.com\\\/es\\\/product\\\/asmaco-instant-grab-grab-adhesive-sealant\\\/#breadcrumb\"},\"inLanguage\":\"en\",\"potentialAction\":[{\"@type\":\"ReadAction\",\"target\":[\"https:\\\/\\\/anchorallied.com\\\/es\\\/product\\\/asmaco-instant-grab-grab-adhesive-sealant\\\/\"]}]},{\"@type\":\"ImageObject\",\"inLanguage\":\"en\",\"@id\":\"https:\\\/\\\/anchorallied.com\\\/es\\\/product\\\/asmaco-instant-grab-grab-adhesive-sealant\\\/#primaryimage\",\"url\":\"https:\\\/\\\/anchorallied.com\\\/es\\\/wp-content\\\/uploads\\\/2025\\\/05\\\/Anc_0008_Instant-Grab-Sealant_New.jpg\",\"contentUrl\":\"https:\\\/\\\/anchorallied.com\\\/es\\\/wp-content\\\/uploads\\\/2025\\\/05\\\/Anc_0008_Instant-Grab-Sealant_New.jpg\",\"width\":1200,\"height\":1200},{\"@type\":\"BreadcrumbList\",\"@id\":\"https:\\\/\\\/anchorallied.com\\\/es\\\/product\\\/asmaco-instant-grab-grab-adhesive-sealant\\\/#breadcrumb\",\"itemListElement\":[{\"@type\":\"ListItem\",\"position\":1,\"name\":\"Home\",\"item\":\"http:\\\/\\\/anchorallied.com\\\/es\\\/\"},{\"@type\":\"ListItem\",\"position\":2,\"name\":\"Shop\",\"item\":\"https:\\\/\\\/anchorallied.com\\\/es\\\/shop\\\/\"},{\"@type\":\"ListItem\",\"position\":3,\"name\":\"ASMACO AGARRE INSTANT\u00c1NEO\"}]},{\"@type\":\"WebSite\",\"@id\":\"https:\\\/\\\/anchorallied.com\\\/es\\\/#website\",\"url\":\"https:\\\/\\\/anchorallied.com\\\/es\\\/\",\"name\":\"anchoralliedfactory\",\"description\":\"\",\"potentialAction\":[{\"@type\":\"SearchAction\",\"target\":{\"@type\":\"EntryPoint\",\"urlTemplate\":\"https:\\\/\\\/anchorallied.com\\\/es\\\/?s={search_term_string}\"},\"query-input\":{\"@type\":\"PropertyValueSpecification\",\"valueRequired\":true,\"valueName\":\"search_term_string\"}}],\"inLanguage\":\"en\"}]}<\/script>\n<!-- \/ Yoast SEO plugin. -->","yoast_head_json":{"title":"ASMACO AGARRE INSTANT\u00c1NEO - anchoralliedfactory","robots":{"index":"index","follow":"follow","max-snippet":"max-snippet:-1","max-image-preview":"max-image-preview:large","max-video-preview":"max-video-preview:-1"},"canonical":"https:\/\/anchorallied.com\/es\/product\/asmaco-instant-grab-grab-adhesive-sealant\/","og_locale":"en_US","og_type":"article","og_title":"ASMACO AGARRE INSTANT\u00c1NEO - anchoralliedfactory","og_description":"ASMACO INSTANT GRAB es un adhesivo y sellador impermeable de alta resistencia, dise\u00f1ado para aplicaciones de uni\u00f3n, sellado y reparaci\u00f3n r\u00e1pidas y fiables. Gracias a su capacidad de agarre instant\u00e1neo, fija los materiales en su lugar sin necesidad de soporte adicional y cura completamente en 7 d\u00edas, ofreciendo un rendimiento duradero en una amplia gama de usos.","og_url":"https:\/\/anchorallied.com\/es\/product\/asmaco-instant-grab-grab-adhesive-sealant\/","og_site_name":"anchoralliedfactory","article_modified_time":"2026-04-13T05:06:58+00:00","og_image":[{"width":1200,"height":1200,"url":"http:\/\/anchorallied.com\/es\/wp-content\/uploads\/2025\/05\/Anc_0008_Instant-Grab-Sealant_New.jpg","type":"image\/jpeg"}],"twitter_card":"summary_large_image","twitter_misc":{"Est. reading time":"5 minutes"},"schema":{"@context":"https:\/\/schema.org","@graph":[{"@type":"WebPage","@id":"https:\/\/anchorallied.com\/es\/product\/asmaco-instant-grab-grab-adhesive-sealant\/","url":"https:\/\/anchorallied.com\/es\/product\/asmaco-instant-grab-grab-adhesive-sealant\/","name":"ASMACO AGARRE INSTANT\u00c1NEO - anchoralliedfactory","isPartOf":{"@id":"https:\/\/anchorallied.com\/es\/#website"},"primaryImageOfPage":{"@id":"https:\/\/anchorallied.com\/es\/product\/asmaco-instant-grab-grab-adhesive-sealant\/#primaryimage"},"image":{"@id":"https:\/\/anchorallied.com\/es\/product\/asmaco-instant-grab-grab-adhesive-sealant\/#primaryimage"},"thumbnailUrl":"https:\/\/anchorallied.com\/es\/wp-content\/uploads\/2025\/05\/Anc_0008_Instant-Grab-Sealant_New.jpg","datePublished":"2025-05-26T09:25:31+00:00","dateModified":"2026-04-13T05:06:58+00:00","breadcrumb":{"@id":"https:\/\/anchorallied.com\/es\/product\/asmaco-instant-grab-grab-adhesive-sealant\/#breadcrumb"},"inLanguage":"en","potentialAction":[{"@type":"ReadAction","target":["https:\/\/anchorallied.com\/es\/product\/asmaco-instant-grab-grab-adhesive-sealant\/"]}]},{"@type":"ImageObject","inLanguage":"en","@id":"https:\/\/anchorallied.com\/es\/product\/asmaco-instant-grab-grab-adhesive-sealant\/#primaryimage","url":"https:\/\/anchorallied.com\/es\/wp-content\/uploads\/2025\/05\/Anc_0008_Instant-Grab-Sealant_New.jpg","contentUrl":"https:\/\/anchorallied.com\/es\/wp-content\/uploads\/2025\/05\/Anc_0008_Instant-Grab-Sealant_New.jpg","width":1200,"height":1200},{"@type":"BreadcrumbList","@id":"https:\/\/anchorallied.com\/es\/product\/asmaco-instant-grab-grab-adhesive-sealant\/#breadcrumb","itemListElement":[{"@type":"ListItem","position":1,"name":"Home","item":"http:\/\/anchorallied.com\/es\/"},{"@type":"ListItem","position":2,"name":"Shop","item":"https:\/\/anchorallied.com\/es\/shop\/"},{"@type":"ListItem","position":3,"name":"ASMACO AGARRE INSTANT\u00c1NEO"}]},{"@type":"WebSite","@id":"https:\/\/anchorallied.com\/es\/#website","url":"https:\/\/anchorallied.com\/es\/","name":"anchoralliedfactory","description":"","potentialAction":[{"@type":"SearchAction","target":{"@type":"EntryPoint","urlTemplate":"https:\/\/anchorallied.com\/es\/?s={search_term_string}"},"query-input":{"@type":"PropertyValueSpecification","valueRequired":true,"valueName":"search_term_string"}}],"inLanguage":"en"}]}},"_links":{"self":[{"href":"https:\/\/anchorallied.com\/es\/wp-json\/wp\/v2\/product\/2542","targetHints":{"allow":["GET"]}}],"collection":[{"href":"https:\/\/anchorallied.com\/es\/wp-json\/wp\/v2\/product"}],"about":[{"href":"https:\/\/anchorallied.com\/es\/wp-json\/wp\/v2\/types\/product"}],"replies":[{"embeddable":true,"href":"https:\/\/anchorallied.com\/es\/wp-json\/wp\/v2\/comments?post=2542"}],"wp:featuredmedia":[{"embeddable":true,"href":"https:\/\/anchorallied.com\/es\/wp-json\/wp\/v2\/media\/3068"}],"wp:attachment":[{"href":"https:\/\/anchorallied.com\/es\/wp-json\/wp\/v2\/media?parent=2542"}],"wp:term":[{"taxonomy":"product_brand","embeddable":true,"href":"https:\/\/anchorallied.com\/es\/wp-json\/wp\/v2\/product_brand?post=2542"},{"taxonomy":"product_cat","embeddable":true,"href":"https:\/\/anchorallied.com\/es\/wp-json\/wp\/v2\/product_cat?post=2542"},{"taxonomy":"product_tag","embeddable":true,"href":"https:\/\/anchorallied.com\/es\/wp-json\/wp\/v2\/product_tag?post=2542"}],"curies":[{"name":"wp","href":"https:\/\/api.w.org\/{rel}","templated":true}]}}