{"id":2543,"date":"2025-05-26T09:28:26","date_gmt":"2025-05-26T09:28:26","guid":{"rendered":"http:\/\/anchorallied.com\/es\/?post_type=product&#038;p=2543"},"modified":"2026-04-13T05:06:27","modified_gmt":"2026-04-13T05:06:27","slug":"asmaco-all-in-1-hybrid-sealant","status":"publish","type":"product","link":"https:\/\/anchorallied.com\/es\/product\/asmaco-all-in-1-hybrid-sealant\/","title":{"rendered":"SELLADOR H\u00cdBRIDO TODO EN 1 ASMACO"},"content":{"rendered":"<p>El sellador de alta tecnolog\u00eda ASMACO ALL-IN-1 combina las ventajas de un adhesivo de alta resistencia industrial y un sellador impermeable duradero en una f\u00f3rmula potente. Dise\u00f1ado para una amplia compatibilidad, se adhiere eficazmente a diversos materiales, como metal, vidrio, madera y la mayor\u00eda de los pl\u00e1sticos. Al curar, forma un sello resistente y flexible que soporta la humedad, las fluctuaciones de temperatura, las vibraciones y las agresiones ambientales. Su naturaleza elastom\u00e9rica permite la adaptaci\u00f3n al movimiento sin comprometer la integridad del sello, lo que lo hace ideal para aplicaciones tanto en interiores como en exteriores. Su r\u00e1pido curado y su larga durabilidad lo convierten en la soluci\u00f3n ideal para proyectos exigentes que requieren resistencia, flexibilidad y fiabilidad ya que incluso puede ser utilizado como sellador de techos (Tapagoteras)<\/p>\n","protected":false},"excerpt":{"rendered":"<p>El sellador de alta tecnolog\u00eda ASMACO ALL-IN-1 es un adhesivo elastom\u00e9rico de alto rendimiento y sellador impermeable, dise\u00f1ado para uso vers\u00e1til en proyectos de construcci\u00f3n, automotriz y reparaci\u00f3n del hogar. Ofrece una fuerte adhesi\u00f3n, es f\u00e1cil de aplicar y cura en 24-48 horas, alcanzando su m\u00e1xima resistencia adhesiva en 7 d\u00edas.<\/p>\n","protected":false},"featured_media":2544,"comment_status":"open","ping_status":"closed","template":"","meta":{"_acf_changed":false},"product_brand":[],"product_cat":[142,154],"product_tag":[],"class_list":{"0":"post-2543","1":"product","2":"type-product","3":"status-publish","4":"has-post-thumbnail","6":"product_cat-selladores","7":"product_cat-selladores-hibridos","9":"first","10":"instock","11":"shipping-taxable","12":"product-type-simple"},"acf":[],"yoast_head":"<!-- This site is optimized with the Yoast SEO plugin v27.3 - https:\/\/yoast.com\/product\/yoast-seo-wordpress\/ -->\n<title>SELLADOR H\u00cdBRIDO TODO EN 1 ASMACO - anchoralliedfactory<\/title>\n<meta name=\"robots\" content=\"index, follow, max-snippet:-1, max-image-preview:large, max-video-preview:-1\" \/>\n<link rel=\"canonical\" href=\"https:\/\/anchorallied.com\/es\/product\/asmaco-all-in-1-hybrid-sealant\/\" \/>\n<meta property=\"og:locale\" content=\"en_US\" \/>\n<meta property=\"og:type\" content=\"article\" \/>\n<meta property=\"og:title\" content=\"SELLADOR H\u00cdBRIDO TODO EN 1 ASMACO - anchoralliedfactory\" \/>\n<meta property=\"og:description\" content=\"El sellador de alta tecnolog\u00eda ASMACO ALL-IN-1 es un adhesivo elastom\u00e9rico de alto rendimiento y sellador impermeable, dise\u00f1ado para uso vers\u00e1til en proyectos de construcci\u00f3n, automotriz y reparaci\u00f3n del hogar. Ofrece una fuerte adhesi\u00f3n, es f\u00e1cil de aplicar y cura en 24-48 horas, alcanzando su m\u00e1xima resistencia adhesiva en 7 d\u00edas.\" \/>\n<meta property=\"og:url\" content=\"https:\/\/anchorallied.com\/es\/product\/asmaco-all-in-1-hybrid-sealant\/\" \/>\n<meta property=\"og:site_name\" content=\"anchoralliedfactory\" \/>\n<meta property=\"article:modified_time\" content=\"2026-04-13T05:06:27+00:00\" \/>\n<meta property=\"og:image\" content=\"http:\/\/anchorallied.com\/es\/wp-content\/uploads\/2025\/05\/sealants_0020_All-inOne.jpg\" \/>\n\t<meta property=\"og:image:width\" content=\"1200\" \/>\n\t<meta property=\"og:image:height\" content=\"1200\" \/>\n\t<meta property=\"og:image:type\" content=\"image\/jpeg\" \/>\n<meta name=\"twitter:card\" content=\"summary_large_image\" \/>\n<meta name=\"twitter:label1\" content=\"Est. reading time\" \/>\n\t<meta name=\"twitter:data1\" content=\"5 minutes\" \/>\n<script type=\"application\/ld+json\" class=\"yoast-schema-graph\">{\"@context\":\"https:\\\/\\\/schema.org\",\"@graph\":[{\"@type\":\"WebPage\",\"@id\":\"https:\\\/\\\/anchorallied.com\\\/es\\\/product\\\/asmaco-all-in-1-hybrid-sealant\\\/\",\"url\":\"https:\\\/\\\/anchorallied.com\\\/es\\\/product\\\/asmaco-all-in-1-hybrid-sealant\\\/\",\"name\":\"SELLADOR H\u00cdBRIDO TODO EN 1 ASMACO - anchoralliedfactory\",\"isPartOf\":{\"@id\":\"https:\\\/\\\/anchorallied.com\\\/es\\\/#website\"},\"primaryImageOfPage\":{\"@id\":\"https:\\\/\\\/anchorallied.com\\\/es\\\/product\\\/asmaco-all-in-1-hybrid-sealant\\\/#primaryimage\"},\"image\":{\"@id\":\"https:\\\/\\\/anchorallied.com\\\/es\\\/product\\\/asmaco-all-in-1-hybrid-sealant\\\/#primaryimage\"},\"thumbnailUrl\":\"https:\\\/\\\/anchorallied.com\\\/es\\\/wp-content\\\/uploads\\\/2025\\\/05\\\/sealants_0020_All-inOne.jpg\",\"datePublished\":\"2025-05-26T09:28:26+00:00\",\"dateModified\":\"2026-04-13T05:06:27+00:00\",\"breadcrumb\":{\"@id\":\"https:\\\/\\\/anchorallied.com\\\/es\\\/product\\\/asmaco-all-in-1-hybrid-sealant\\\/#breadcrumb\"},\"inLanguage\":\"en\",\"potentialAction\":[{\"@type\":\"ReadAction\",\"target\":[\"https:\\\/\\\/anchorallied.com\\\/es\\\/product\\\/asmaco-all-in-1-hybrid-sealant\\\/\"]}]},{\"@type\":\"ImageObject\",\"inLanguage\":\"en\",\"@id\":\"https:\\\/\\\/anchorallied.com\\\/es\\\/product\\\/asmaco-all-in-1-hybrid-sealant\\\/#primaryimage\",\"url\":\"https:\\\/\\\/anchorallied.com\\\/es\\\/wp-content\\\/uploads\\\/2025\\\/05\\\/sealants_0020_All-inOne.jpg\",\"contentUrl\":\"https:\\\/\\\/anchorallied.com\\\/es\\\/wp-content\\\/uploads\\\/2025\\\/05\\\/sealants_0020_All-inOne.jpg\",\"width\":1200,\"height\":1200},{\"@type\":\"BreadcrumbList\",\"@id\":\"https:\\\/\\\/anchorallied.com\\\/es\\\/product\\\/asmaco-all-in-1-hybrid-sealant\\\/#breadcrumb\",\"itemListElement\":[{\"@type\":\"ListItem\",\"position\":1,\"name\":\"Home\",\"item\":\"http:\\\/\\\/anchorallied.com\\\/es\\\/\"},{\"@type\":\"ListItem\",\"position\":2,\"name\":\"Shop\",\"item\":\"https:\\\/\\\/anchorallied.com\\\/es\\\/shop\\\/\"},{\"@type\":\"ListItem\",\"position\":3,\"name\":\"SELLADOR H\u00cdBRIDO TODO EN 1 ASMACO\"}]},{\"@type\":\"WebSite\",\"@id\":\"https:\\\/\\\/anchorallied.com\\\/es\\\/#website\",\"url\":\"https:\\\/\\\/anchorallied.com\\\/es\\\/\",\"name\":\"anchoralliedfactory\",\"description\":\"\",\"potentialAction\":[{\"@type\":\"SearchAction\",\"target\":{\"@type\":\"EntryPoint\",\"urlTemplate\":\"https:\\\/\\\/anchorallied.com\\\/es\\\/?s={search_term_string}\"},\"query-input\":{\"@type\":\"PropertyValueSpecification\",\"valueRequired\":true,\"valueName\":\"search_term_string\"}}],\"inLanguage\":\"en\"}]}<\/script>\n<!-- \/ Yoast SEO plugin. -->","yoast_head_json":{"title":"SELLADOR H\u00cdBRIDO TODO EN 1 ASMACO - anchoralliedfactory","robots":{"index":"index","follow":"follow","max-snippet":"max-snippet:-1","max-image-preview":"max-image-preview:large","max-video-preview":"max-video-preview:-1"},"canonical":"https:\/\/anchorallied.com\/es\/product\/asmaco-all-in-1-hybrid-sealant\/","og_locale":"en_US","og_type":"article","og_title":"SELLADOR H\u00cdBRIDO TODO EN 1 ASMACO - anchoralliedfactory","og_description":"El sellador de alta tecnolog\u00eda ASMACO ALL-IN-1 es un adhesivo elastom\u00e9rico de alto rendimiento y sellador impermeable, dise\u00f1ado para uso vers\u00e1til en proyectos de construcci\u00f3n, automotriz y reparaci\u00f3n del hogar. Ofrece una fuerte adhesi\u00f3n, es f\u00e1cil de aplicar y cura en 24-48 horas, alcanzando su m\u00e1xima resistencia adhesiva en 7 d\u00edas.","og_url":"https:\/\/anchorallied.com\/es\/product\/asmaco-all-in-1-hybrid-sealant\/","og_site_name":"anchoralliedfactory","article_modified_time":"2026-04-13T05:06:27+00:00","og_image":[{"width":1200,"height":1200,"url":"http:\/\/anchorallied.com\/es\/wp-content\/uploads\/2025\/05\/sealants_0020_All-inOne.jpg","type":"image\/jpeg"}],"twitter_card":"summary_large_image","twitter_misc":{"Est. reading time":"5 minutes"},"schema":{"@context":"https:\/\/schema.org","@graph":[{"@type":"WebPage","@id":"https:\/\/anchorallied.com\/es\/product\/asmaco-all-in-1-hybrid-sealant\/","url":"https:\/\/anchorallied.com\/es\/product\/asmaco-all-in-1-hybrid-sealant\/","name":"SELLADOR H\u00cdBRIDO TODO EN 1 ASMACO - anchoralliedfactory","isPartOf":{"@id":"https:\/\/anchorallied.com\/es\/#website"},"primaryImageOfPage":{"@id":"https:\/\/anchorallied.com\/es\/product\/asmaco-all-in-1-hybrid-sealant\/#primaryimage"},"image":{"@id":"https:\/\/anchorallied.com\/es\/product\/asmaco-all-in-1-hybrid-sealant\/#primaryimage"},"thumbnailUrl":"https:\/\/anchorallied.com\/es\/wp-content\/uploads\/2025\/05\/sealants_0020_All-inOne.jpg","datePublished":"2025-05-26T09:28:26+00:00","dateModified":"2026-04-13T05:06:27+00:00","breadcrumb":{"@id":"https:\/\/anchorallied.com\/es\/product\/asmaco-all-in-1-hybrid-sealant\/#breadcrumb"},"inLanguage":"en","potentialAction":[{"@type":"ReadAction","target":["https:\/\/anchorallied.com\/es\/product\/asmaco-all-in-1-hybrid-sealant\/"]}]},{"@type":"ImageObject","inLanguage":"en","@id":"https:\/\/anchorallied.com\/es\/product\/asmaco-all-in-1-hybrid-sealant\/#primaryimage","url":"https:\/\/anchorallied.com\/es\/wp-content\/uploads\/2025\/05\/sealants_0020_All-inOne.jpg","contentUrl":"https:\/\/anchorallied.com\/es\/wp-content\/uploads\/2025\/05\/sealants_0020_All-inOne.jpg","width":1200,"height":1200},{"@type":"BreadcrumbList","@id":"https:\/\/anchorallied.com\/es\/product\/asmaco-all-in-1-hybrid-sealant\/#breadcrumb","itemListElement":[{"@type":"ListItem","position":1,"name":"Home","item":"http:\/\/anchorallied.com\/es\/"},{"@type":"ListItem","position":2,"name":"Shop","item":"https:\/\/anchorallied.com\/es\/shop\/"},{"@type":"ListItem","position":3,"name":"SELLADOR H\u00cdBRIDO TODO EN 1 ASMACO"}]},{"@type":"WebSite","@id":"https:\/\/anchorallied.com\/es\/#website","url":"https:\/\/anchorallied.com\/es\/","name":"anchoralliedfactory","description":"","potentialAction":[{"@type":"SearchAction","target":{"@type":"EntryPoint","urlTemplate":"https:\/\/anchorallied.com\/es\/?s={search_term_string}"},"query-input":{"@type":"PropertyValueSpecification","valueRequired":true,"valueName":"search_term_string"}}],"inLanguage":"en"}]}},"_links":{"self":[{"href":"https:\/\/anchorallied.com\/es\/wp-json\/wp\/v2\/product\/2543","targetHints":{"allow":["GET"]}}],"collection":[{"href":"https:\/\/anchorallied.com\/es\/wp-json\/wp\/v2\/product"}],"about":[{"href":"https:\/\/anchorallied.com\/es\/wp-json\/wp\/v2\/types\/product"}],"replies":[{"embeddable":true,"href":"https:\/\/anchorallied.com\/es\/wp-json\/wp\/v2\/comments?post=2543"}],"wp:featuredmedia":[{"embeddable":true,"href":"https:\/\/anchorallied.com\/es\/wp-json\/wp\/v2\/media\/2544"}],"wp:attachment":[{"href":"https:\/\/anchorallied.com\/es\/wp-json\/wp\/v2\/media?parent=2543"}],"wp:term":[{"taxonomy":"product_brand","embeddable":true,"href":"https:\/\/anchorallied.com\/es\/wp-json\/wp\/v2\/product_brand?post=2543"},{"taxonomy":"product_cat","embeddable":true,"href":"https:\/\/anchorallied.com\/es\/wp-json\/wp\/v2\/product_cat?post=2543"},{"taxonomy":"product_tag","embeddable":true,"href":"https:\/\/anchorallied.com\/es\/wp-json\/wp\/v2\/product_tag?post=2543"}],"curies":[{"name":"wp","href":"https:\/\/api.w.org\/{rel}","templated":true}]}}