{"id":2556,"date":"2025-05-26T09:59:42","date_gmt":"2025-05-26T09:59:42","guid":{"rendered":"http:\/\/anchorallied.com\/es\/?post_type=product&#038;p=2556"},"modified":"2025-07-27T15:48:53","modified_gmt":"2025-07-27T15:48:53","slug":"anchorseal-963-pg-gg-polysulphide-sealant","status":"publish","type":"product","link":"https:\/\/anchorallied.com\/es\/product\/anchorseal-963-pg-gg-polysulphide-sealant\/","title":{"rendered":"SELLO DE ANCLAJE 963 PG"},"content":{"rendered":"<p>Estos selladores constan de dos componentes que, al combinarse, experimentan una reacci\u00f3n qu\u00edmica para curarse y formar un caucho resistente y flexible. ANCHORSEAL 963 PG y GG ofrecen una excelente adhesi\u00f3n al hormig\u00f3n, as\u00ed como a otros sustratos comunes en la construcci\u00f3n. Su flexibilidad permite que el sellador se adapte al movimiento y las vibraciones del sustrato sin agrietarse ni perder su integridad. Estos selladores son duraderos y resistentes a las condiciones ambientales, lo que los hace ideales para juntas y juntas que requieren un sellado duradero. Su compatibilidad con diversos materiales y su capacidad para formar sellos resistentes e impermeables los convierten en una opci\u00f3n fiable para aplicaciones de sellado tanto en interiores como en exteriores.<\/p>\n","protected":false},"excerpt":{"rendered":"<p>ANCHORSEAL 963 PG y GG son selladores de polisulfuro bicomponentes que curan al mezclarse, formando un sello de caucho flexible y duradero. Ofrecen una fuerte adhesi\u00f3n al hormig\u00f3n y a diversos materiales de construcci\u00f3n comunes, lo que los hace adecuados para diversas aplicaciones de construcci\u00f3n.<\/p>\n","protected":false},"featured_media":3070,"comment_status":"open","ping_status":"closed","template":"","meta":{"_acf_changed":false},"product_brand":[],"product_cat":[139,203,151],"product_tag":[],"class_list":{"0":"post-2556","1":"product","2":"type-product","3":"status-publish","4":"has-post-thumbnail","6":"product_cat-impermeabilizacion-y-recubrimientos-para-suelos","7":"product_cat-montaje-de-techo-calido-asmaco","8":"product_cat-revestimiento-impermeabilizante","10":"first","11":"instock","12":"shipping-taxable","13":"product-type-simple"},"acf":[],"yoast_head":"<!-- This site is optimized with the Yoast SEO plugin v27.3 - https:\/\/yoast.com\/product\/yoast-seo-wordpress\/ -->\n<title>SELLO DE ANCLAJE 963 PG - anchoralliedfactory<\/title>\n<meta name=\"robots\" content=\"index, follow, max-snippet:-1, max-image-preview:large, max-video-preview:-1\" \/>\n<link rel=\"canonical\" href=\"https:\/\/anchorallied.com\/es\/product\/anchorseal-963-pg-gg-polysulphide-sealant\/\" \/>\n<meta property=\"og:locale\" content=\"en_US\" \/>\n<meta property=\"og:type\" content=\"article\" \/>\n<meta property=\"og:title\" content=\"SELLO DE ANCLAJE 963 PG - anchoralliedfactory\" \/>\n<meta property=\"og:description\" content=\"ANCHORSEAL 963 PG y GG son selladores de polisulfuro bicomponentes que curan al mezclarse, formando un sello de caucho flexible y duradero. Ofrecen una fuerte adhesi\u00f3n al hormig\u00f3n y a diversos materiales de construcci\u00f3n comunes, lo que los hace adecuados para diversas aplicaciones de construcci\u00f3n.\" \/>\n<meta property=\"og:url\" content=\"https:\/\/anchorallied.com\/es\/product\/anchorseal-963-pg-gg-polysulphide-sealant\/\" \/>\n<meta property=\"og:site_name\" content=\"anchoralliedfactory\" \/>\n<meta property=\"article:modified_time\" content=\"2025-07-27T15:48:53+00:00\" \/>\n<meta property=\"og:image\" content=\"https:\/\/anchorallied.com\/es\/wp-content\/uploads\/2025\/05\/Anc_0011_Anchorseal_PG.jpg\" \/>\n\t<meta property=\"og:image:width\" content=\"1200\" \/>\n\t<meta property=\"og:image:height\" content=\"1200\" \/>\n\t<meta property=\"og:image:type\" content=\"image\/jpeg\" \/>\n<meta name=\"twitter:card\" content=\"summary_large_image\" \/>\n<meta name=\"twitter:label1\" content=\"Est. reading time\" \/>\n\t<meta name=\"twitter:data1\" content=\"1 minute\" \/>\n<script type=\"application\/ld+json\" class=\"yoast-schema-graph\">{\"@context\":\"https:\\\/\\\/schema.org\",\"@graph\":[{\"@type\":\"WebPage\",\"@id\":\"https:\\\/\\\/anchorallied.com\\\/es\\\/product\\\/anchorseal-963-pg-gg-polysulphide-sealant\\\/\",\"url\":\"https:\\\/\\\/anchorallied.com\\\/es\\\/product\\\/anchorseal-963-pg-gg-polysulphide-sealant\\\/\",\"name\":\"SELLO DE ANCLAJE 963 PG - anchoralliedfactory\",\"isPartOf\":{\"@id\":\"https:\\\/\\\/anchorallied.com\\\/es\\\/#website\"},\"primaryImageOfPage\":{\"@id\":\"https:\\\/\\\/anchorallied.com\\\/es\\\/product\\\/anchorseal-963-pg-gg-polysulphide-sealant\\\/#primaryimage\"},\"image\":{\"@id\":\"https:\\\/\\\/anchorallied.com\\\/es\\\/product\\\/anchorseal-963-pg-gg-polysulphide-sealant\\\/#primaryimage\"},\"thumbnailUrl\":\"https:\\\/\\\/anchorallied.com\\\/es\\\/wp-content\\\/uploads\\\/2025\\\/05\\\/Anc_0011_Anchorseal_PG.jpg\",\"datePublished\":\"2025-05-26T09:59:42+00:00\",\"dateModified\":\"2025-07-27T15:48:53+00:00\",\"breadcrumb\":{\"@id\":\"https:\\\/\\\/anchorallied.com\\\/es\\\/product\\\/anchorseal-963-pg-gg-polysulphide-sealant\\\/#breadcrumb\"},\"inLanguage\":\"en\",\"potentialAction\":[{\"@type\":\"ReadAction\",\"target\":[\"https:\\\/\\\/anchorallied.com\\\/es\\\/product\\\/anchorseal-963-pg-gg-polysulphide-sealant\\\/\"]}]},{\"@type\":\"ImageObject\",\"inLanguage\":\"en\",\"@id\":\"https:\\\/\\\/anchorallied.com\\\/es\\\/product\\\/anchorseal-963-pg-gg-polysulphide-sealant\\\/#primaryimage\",\"url\":\"https:\\\/\\\/anchorallied.com\\\/es\\\/wp-content\\\/uploads\\\/2025\\\/05\\\/Anc_0011_Anchorseal_PG.jpg\",\"contentUrl\":\"https:\\\/\\\/anchorallied.com\\\/es\\\/wp-content\\\/uploads\\\/2025\\\/05\\\/Anc_0011_Anchorseal_PG.jpg\",\"width\":1200,\"height\":1200},{\"@type\":\"BreadcrumbList\",\"@id\":\"https:\\\/\\\/anchorallied.com\\\/es\\\/product\\\/anchorseal-963-pg-gg-polysulphide-sealant\\\/#breadcrumb\",\"itemListElement\":[{\"@type\":\"ListItem\",\"position\":1,\"name\":\"Home\",\"item\":\"http:\\\/\\\/anchorallied.com\\\/es\\\/\"},{\"@type\":\"ListItem\",\"position\":2,\"name\":\"Shop\",\"item\":\"https:\\\/\\\/anchorallied.com\\\/es\\\/shop\\\/\"},{\"@type\":\"ListItem\",\"position\":3,\"name\":\"SELLO DE ANCLAJE 963 PG\"}]},{\"@type\":\"WebSite\",\"@id\":\"https:\\\/\\\/anchorallied.com\\\/es\\\/#website\",\"url\":\"https:\\\/\\\/anchorallied.com\\\/es\\\/\",\"name\":\"anchoralliedfactory\",\"description\":\"\",\"potentialAction\":[{\"@type\":\"SearchAction\",\"target\":{\"@type\":\"EntryPoint\",\"urlTemplate\":\"https:\\\/\\\/anchorallied.com\\\/es\\\/?s={search_term_string}\"},\"query-input\":{\"@type\":\"PropertyValueSpecification\",\"valueRequired\":true,\"valueName\":\"search_term_string\"}}],\"inLanguage\":\"en\"}]}<\/script>\n<!-- \/ Yoast SEO plugin. -->","yoast_head_json":{"title":"SELLO DE ANCLAJE 963 PG - anchoralliedfactory","robots":{"index":"index","follow":"follow","max-snippet":"max-snippet:-1","max-image-preview":"max-image-preview:large","max-video-preview":"max-video-preview:-1"},"canonical":"https:\/\/anchorallied.com\/es\/product\/anchorseal-963-pg-gg-polysulphide-sealant\/","og_locale":"en_US","og_type":"article","og_title":"SELLO DE ANCLAJE 963 PG - anchoralliedfactory","og_description":"ANCHORSEAL 963 PG y GG son selladores de polisulfuro bicomponentes que curan al mezclarse, formando un sello de caucho flexible y duradero. Ofrecen una fuerte adhesi\u00f3n al hormig\u00f3n y a diversos materiales de construcci\u00f3n comunes, lo que los hace adecuados para diversas aplicaciones de construcci\u00f3n.","og_url":"https:\/\/anchorallied.com\/es\/product\/anchorseal-963-pg-gg-polysulphide-sealant\/","og_site_name":"anchoralliedfactory","article_modified_time":"2025-07-27T15:48:53+00:00","og_image":[{"width":1200,"height":1200,"url":"https:\/\/anchorallied.com\/es\/wp-content\/uploads\/2025\/05\/Anc_0011_Anchorseal_PG.jpg","type":"image\/jpeg"}],"twitter_card":"summary_large_image","twitter_misc":{"Est. reading time":"1 minute"},"schema":{"@context":"https:\/\/schema.org","@graph":[{"@type":"WebPage","@id":"https:\/\/anchorallied.com\/es\/product\/anchorseal-963-pg-gg-polysulphide-sealant\/","url":"https:\/\/anchorallied.com\/es\/product\/anchorseal-963-pg-gg-polysulphide-sealant\/","name":"SELLO DE ANCLAJE 963 PG - anchoralliedfactory","isPartOf":{"@id":"https:\/\/anchorallied.com\/es\/#website"},"primaryImageOfPage":{"@id":"https:\/\/anchorallied.com\/es\/product\/anchorseal-963-pg-gg-polysulphide-sealant\/#primaryimage"},"image":{"@id":"https:\/\/anchorallied.com\/es\/product\/anchorseal-963-pg-gg-polysulphide-sealant\/#primaryimage"},"thumbnailUrl":"https:\/\/anchorallied.com\/es\/wp-content\/uploads\/2025\/05\/Anc_0011_Anchorseal_PG.jpg","datePublished":"2025-05-26T09:59:42+00:00","dateModified":"2025-07-27T15:48:53+00:00","breadcrumb":{"@id":"https:\/\/anchorallied.com\/es\/product\/anchorseal-963-pg-gg-polysulphide-sealant\/#breadcrumb"},"inLanguage":"en","potentialAction":[{"@type":"ReadAction","target":["https:\/\/anchorallied.com\/es\/product\/anchorseal-963-pg-gg-polysulphide-sealant\/"]}]},{"@type":"ImageObject","inLanguage":"en","@id":"https:\/\/anchorallied.com\/es\/product\/anchorseal-963-pg-gg-polysulphide-sealant\/#primaryimage","url":"https:\/\/anchorallied.com\/es\/wp-content\/uploads\/2025\/05\/Anc_0011_Anchorseal_PG.jpg","contentUrl":"https:\/\/anchorallied.com\/es\/wp-content\/uploads\/2025\/05\/Anc_0011_Anchorseal_PG.jpg","width":1200,"height":1200},{"@type":"BreadcrumbList","@id":"https:\/\/anchorallied.com\/es\/product\/anchorseal-963-pg-gg-polysulphide-sealant\/#breadcrumb","itemListElement":[{"@type":"ListItem","position":1,"name":"Home","item":"http:\/\/anchorallied.com\/es\/"},{"@type":"ListItem","position":2,"name":"Shop","item":"https:\/\/anchorallied.com\/es\/shop\/"},{"@type":"ListItem","position":3,"name":"SELLO DE ANCLAJE 963 PG"}]},{"@type":"WebSite","@id":"https:\/\/anchorallied.com\/es\/#website","url":"https:\/\/anchorallied.com\/es\/","name":"anchoralliedfactory","description":"","potentialAction":[{"@type":"SearchAction","target":{"@type":"EntryPoint","urlTemplate":"https:\/\/anchorallied.com\/es\/?s={search_term_string}"},"query-input":{"@type":"PropertyValueSpecification","valueRequired":true,"valueName":"search_term_string"}}],"inLanguage":"en"}]}},"_links":{"self":[{"href":"https:\/\/anchorallied.com\/es\/wp-json\/wp\/v2\/product\/2556","targetHints":{"allow":["GET"]}}],"collection":[{"href":"https:\/\/anchorallied.com\/es\/wp-json\/wp\/v2\/product"}],"about":[{"href":"https:\/\/anchorallied.com\/es\/wp-json\/wp\/v2\/types\/product"}],"replies":[{"embeddable":true,"href":"https:\/\/anchorallied.com\/es\/wp-json\/wp\/v2\/comments?post=2556"}],"wp:featuredmedia":[{"embeddable":true,"href":"https:\/\/anchorallied.com\/es\/wp-json\/wp\/v2\/media\/3070"}],"wp:attachment":[{"href":"https:\/\/anchorallied.com\/es\/wp-json\/wp\/v2\/media?parent=2556"}],"wp:term":[{"taxonomy":"product_brand","embeddable":true,"href":"https:\/\/anchorallied.com\/es\/wp-json\/wp\/v2\/product_brand?post=2556"},{"taxonomy":"product_cat","embeddable":true,"href":"https:\/\/anchorallied.com\/es\/wp-json\/wp\/v2\/product_cat?post=2556"},{"taxonomy":"product_tag","embeddable":true,"href":"https:\/\/anchorallied.com\/es\/wp-json\/wp\/v2\/product_tag?post=2556"}],"curies":[{"name":"wp","href":"https:\/\/api.w.org\/{rel}","templated":true}]}}