{"id":2568,"date":"2025-05-26T10:28:08","date_gmt":"2025-05-26T10:28:08","guid":{"rendered":"http:\/\/anchorallied.com\/es\/?post_type=product&#038;p=2568"},"modified":"2025-07-27T15:48:54","modified_gmt":"2025-07-27T15:48:54","slug":"asmaco-gold-pu-fire-retardant-b1-foam-pu-foam-fire-retardant-b1","status":"publish","type":"product","link":"https:\/\/anchorallied.com\/es\/product\/asmaco-gold-pu-fire-retardant-b1-foam-pu-foam-fire-retardant-b1\/","title":{"rendered":"ASMACO GOLD PU RETARDANTE DE FUEGO B1"},"content":{"rendered":"<p>La espuma ign\u00edfuga ASMACO GOLD PU B1 est\u00e1 dise\u00f1ada para ofrecer un alto rendimiento de seguridad y aislamiento contra incendios. Su resistencia al fuego de hasta 240 minutos la hace ideal para aplicaciones de sellado cr\u00edticas donde la protecci\u00f3n contra incendios es esencial. La espuma presenta una fuerte adhesi\u00f3n a diversas superficies, como madera, metal, vidrio, hormig\u00f3n, yeso y ciertos pl\u00e1sticos. Una vez curada, la espuma forma una estructura r\u00edgida de celdas cerradas que resiste la absorci\u00f3n de agua, garantizando una larga durabilidad. Se puede recortar, moldear y lijar f\u00e1cilmente para adaptarse a las necesidades de instalaci\u00f3n. Adem\u00e1s, sus excelentes propiedades de aislamiento t\u00e9rmico la hacen ideal para sistemas de climatizaci\u00f3n (HVAC), aislamiento de tuber\u00edas de agua caliente y fr\u00eda, y l\u00edneas de refrigeraci\u00f3n.<\/p>\n","protected":false},"excerpt":{"rendered":"<p>La espuma ign\u00edfuga ASMACO GOLD PU B1 es una espuma de poliuretano monocomponente de fraguado r\u00e1pido con propiedades ign\u00edfugas superiores, con una duraci\u00f3n de hasta 240 minutos. Dise\u00f1ada para trabajos profesionales de sellado y aislamiento, garantiza una protecci\u00f3n ign\u00edfuga en marcos de ventanas y puertas, a la vez que ofrece una excelente adhesi\u00f3n a una amplia gama de materiales de construcci\u00f3n.<\/p>\n","protected":false},"featured_media":2569,"comment_status":"open","ping_status":"closed","template":"","meta":{"_acf_changed":false},"product_brand":[],"product_cat":[158,144],"product_tag":[],"class_list":{"0":"post-2568","1":"product","2":"type-product","3":"status-publish","4":"has-post-thumbnail","6":"product_cat-espuma-ignifuga","7":"product_cat-espuma-pu","9":"first","10":"instock","11":"shipping-taxable","12":"product-type-simple"},"acf":[],"yoast_head":"<!-- This site is optimized with the Yoast SEO plugin v27.3 - https:\/\/yoast.com\/product\/yoast-seo-wordpress\/ -->\n<title>ASMACO GOLD PU RETARDANTE DE FUEGO B1 - anchoralliedfactory<\/title>\n<meta name=\"robots\" content=\"index, follow, max-snippet:-1, max-image-preview:large, max-video-preview:-1\" \/>\n<link rel=\"canonical\" href=\"https:\/\/anchorallied.com\/es\/product\/asmaco-gold-pu-fire-retardant-b1-foam-pu-foam-fire-retardant-b1\/\" \/>\n<meta property=\"og:locale\" content=\"en_US\" \/>\n<meta property=\"og:type\" content=\"article\" \/>\n<meta property=\"og:title\" content=\"ASMACO GOLD PU RETARDANTE DE FUEGO B1 - anchoralliedfactory\" \/>\n<meta property=\"og:description\" content=\"La espuma ign\u00edfuga ASMACO GOLD PU B1 es una espuma de poliuretano monocomponente de fraguado r\u00e1pido con propiedades ign\u00edfugas superiores, con una duraci\u00f3n de hasta 240 minutos. Dise\u00f1ada para trabajos profesionales de sellado y aislamiento, garantiza una protecci\u00f3n ign\u00edfuga en marcos de ventanas y puertas, a la vez que ofrece una excelente adhesi\u00f3n a una amplia gama de materiales de construcci\u00f3n.\" \/>\n<meta property=\"og:url\" content=\"https:\/\/anchorallied.com\/es\/product\/asmaco-gold-pu-fire-retardant-b1-foam-pu-foam-fire-retardant-b1\/\" \/>\n<meta property=\"og:site_name\" content=\"anchoralliedfactory\" \/>\n<meta property=\"article:modified_time\" content=\"2025-07-27T15:48:54+00:00\" \/>\n<meta property=\"og:image\" content=\"https:\/\/anchorallied.com\/es\/wp-content\/uploads\/2025\/05\/PU-foam_0001_PU_Foam_B1.jpg\" \/>\n\t<meta property=\"og:image:width\" content=\"1200\" \/>\n\t<meta property=\"og:image:height\" content=\"1200\" \/>\n\t<meta property=\"og:image:type\" content=\"image\/jpeg\" \/>\n<meta name=\"twitter:card\" content=\"summary_large_image\" \/>\n<meta name=\"twitter:label1\" content=\"Est. reading time\" \/>\n\t<meta name=\"twitter:data1\" content=\"1 minute\" \/>\n<script type=\"application\/ld+json\" class=\"yoast-schema-graph\">{\"@context\":\"https:\\\/\\\/schema.org\",\"@graph\":[{\"@type\":\"WebPage\",\"@id\":\"https:\\\/\\\/anchorallied.com\\\/es\\\/product\\\/asmaco-gold-pu-fire-retardant-b1-foam-pu-foam-fire-retardant-b1\\\/\",\"url\":\"https:\\\/\\\/anchorallied.com\\\/es\\\/product\\\/asmaco-gold-pu-fire-retardant-b1-foam-pu-foam-fire-retardant-b1\\\/\",\"name\":\"ASMACO GOLD PU RETARDANTE DE FUEGO B1 - anchoralliedfactory\",\"isPartOf\":{\"@id\":\"https:\\\/\\\/anchorallied.com\\\/es\\\/#website\"},\"primaryImageOfPage\":{\"@id\":\"https:\\\/\\\/anchorallied.com\\\/es\\\/product\\\/asmaco-gold-pu-fire-retardant-b1-foam-pu-foam-fire-retardant-b1\\\/#primaryimage\"},\"image\":{\"@id\":\"https:\\\/\\\/anchorallied.com\\\/es\\\/product\\\/asmaco-gold-pu-fire-retardant-b1-foam-pu-foam-fire-retardant-b1\\\/#primaryimage\"},\"thumbnailUrl\":\"https:\\\/\\\/anchorallied.com\\\/es\\\/wp-content\\\/uploads\\\/2025\\\/05\\\/PU-foam_0001_PU_Foam_B1.jpg\",\"datePublished\":\"2025-05-26T10:28:08+00:00\",\"dateModified\":\"2025-07-27T15:48:54+00:00\",\"breadcrumb\":{\"@id\":\"https:\\\/\\\/anchorallied.com\\\/es\\\/product\\\/asmaco-gold-pu-fire-retardant-b1-foam-pu-foam-fire-retardant-b1\\\/#breadcrumb\"},\"inLanguage\":\"en\",\"potentialAction\":[{\"@type\":\"ReadAction\",\"target\":[\"https:\\\/\\\/anchorallied.com\\\/es\\\/product\\\/asmaco-gold-pu-fire-retardant-b1-foam-pu-foam-fire-retardant-b1\\\/\"]}]},{\"@type\":\"ImageObject\",\"inLanguage\":\"en\",\"@id\":\"https:\\\/\\\/anchorallied.com\\\/es\\\/product\\\/asmaco-gold-pu-fire-retardant-b1-foam-pu-foam-fire-retardant-b1\\\/#primaryimage\",\"url\":\"https:\\\/\\\/anchorallied.com\\\/es\\\/wp-content\\\/uploads\\\/2025\\\/05\\\/PU-foam_0001_PU_Foam_B1.jpg\",\"contentUrl\":\"https:\\\/\\\/anchorallied.com\\\/es\\\/wp-content\\\/uploads\\\/2025\\\/05\\\/PU-foam_0001_PU_Foam_B1.jpg\",\"width\":1200,\"height\":1200},{\"@type\":\"BreadcrumbList\",\"@id\":\"https:\\\/\\\/anchorallied.com\\\/es\\\/product\\\/asmaco-gold-pu-fire-retardant-b1-foam-pu-foam-fire-retardant-b1\\\/#breadcrumb\",\"itemListElement\":[{\"@type\":\"ListItem\",\"position\":1,\"name\":\"Home\",\"item\":\"http:\\\/\\\/anchorallied.com\\\/es\\\/\"},{\"@type\":\"ListItem\",\"position\":2,\"name\":\"Shop\",\"item\":\"https:\\\/\\\/anchorallied.com\\\/es\\\/shop\\\/\"},{\"@type\":\"ListItem\",\"position\":3,\"name\":\"ASMACO GOLD PU RETARDANTE DE FUEGO B1\"}]},{\"@type\":\"WebSite\",\"@id\":\"https:\\\/\\\/anchorallied.com\\\/es\\\/#website\",\"url\":\"https:\\\/\\\/anchorallied.com\\\/es\\\/\",\"name\":\"anchoralliedfactory\",\"description\":\"\",\"potentialAction\":[{\"@type\":\"SearchAction\",\"target\":{\"@type\":\"EntryPoint\",\"urlTemplate\":\"https:\\\/\\\/anchorallied.com\\\/es\\\/?s={search_term_string}\"},\"query-input\":{\"@type\":\"PropertyValueSpecification\",\"valueRequired\":true,\"valueName\":\"search_term_string\"}}],\"inLanguage\":\"en\"}]}<\/script>\n<!-- \/ Yoast SEO plugin. -->","yoast_head_json":{"title":"ASMACO GOLD PU RETARDANTE DE FUEGO B1 - anchoralliedfactory","robots":{"index":"index","follow":"follow","max-snippet":"max-snippet:-1","max-image-preview":"max-image-preview:large","max-video-preview":"max-video-preview:-1"},"canonical":"https:\/\/anchorallied.com\/es\/product\/asmaco-gold-pu-fire-retardant-b1-foam-pu-foam-fire-retardant-b1\/","og_locale":"en_US","og_type":"article","og_title":"ASMACO GOLD PU RETARDANTE DE FUEGO B1 - anchoralliedfactory","og_description":"La espuma ign\u00edfuga ASMACO GOLD PU B1 es una espuma de poliuretano monocomponente de fraguado r\u00e1pido con propiedades ign\u00edfugas superiores, con una duraci\u00f3n de hasta 240 minutos. Dise\u00f1ada para trabajos profesionales de sellado y aislamiento, garantiza una protecci\u00f3n ign\u00edfuga en marcos de ventanas y puertas, a la vez que ofrece una excelente adhesi\u00f3n a una amplia gama de materiales de construcci\u00f3n.","og_url":"https:\/\/anchorallied.com\/es\/product\/asmaco-gold-pu-fire-retardant-b1-foam-pu-foam-fire-retardant-b1\/","og_site_name":"anchoralliedfactory","article_modified_time":"2025-07-27T15:48:54+00:00","og_image":[{"width":1200,"height":1200,"url":"https:\/\/anchorallied.com\/es\/wp-content\/uploads\/2025\/05\/PU-foam_0001_PU_Foam_B1.jpg","type":"image\/jpeg"}],"twitter_card":"summary_large_image","twitter_misc":{"Est. reading time":"1 minute"},"schema":{"@context":"https:\/\/schema.org","@graph":[{"@type":"WebPage","@id":"https:\/\/anchorallied.com\/es\/product\/asmaco-gold-pu-fire-retardant-b1-foam-pu-foam-fire-retardant-b1\/","url":"https:\/\/anchorallied.com\/es\/product\/asmaco-gold-pu-fire-retardant-b1-foam-pu-foam-fire-retardant-b1\/","name":"ASMACO GOLD PU RETARDANTE DE FUEGO B1 - anchoralliedfactory","isPartOf":{"@id":"https:\/\/anchorallied.com\/es\/#website"},"primaryImageOfPage":{"@id":"https:\/\/anchorallied.com\/es\/product\/asmaco-gold-pu-fire-retardant-b1-foam-pu-foam-fire-retardant-b1\/#primaryimage"},"image":{"@id":"https:\/\/anchorallied.com\/es\/product\/asmaco-gold-pu-fire-retardant-b1-foam-pu-foam-fire-retardant-b1\/#primaryimage"},"thumbnailUrl":"https:\/\/anchorallied.com\/es\/wp-content\/uploads\/2025\/05\/PU-foam_0001_PU_Foam_B1.jpg","datePublished":"2025-05-26T10:28:08+00:00","dateModified":"2025-07-27T15:48:54+00:00","breadcrumb":{"@id":"https:\/\/anchorallied.com\/es\/product\/asmaco-gold-pu-fire-retardant-b1-foam-pu-foam-fire-retardant-b1\/#breadcrumb"},"inLanguage":"en","potentialAction":[{"@type":"ReadAction","target":["https:\/\/anchorallied.com\/es\/product\/asmaco-gold-pu-fire-retardant-b1-foam-pu-foam-fire-retardant-b1\/"]}]},{"@type":"ImageObject","inLanguage":"en","@id":"https:\/\/anchorallied.com\/es\/product\/asmaco-gold-pu-fire-retardant-b1-foam-pu-foam-fire-retardant-b1\/#primaryimage","url":"https:\/\/anchorallied.com\/es\/wp-content\/uploads\/2025\/05\/PU-foam_0001_PU_Foam_B1.jpg","contentUrl":"https:\/\/anchorallied.com\/es\/wp-content\/uploads\/2025\/05\/PU-foam_0001_PU_Foam_B1.jpg","width":1200,"height":1200},{"@type":"BreadcrumbList","@id":"https:\/\/anchorallied.com\/es\/product\/asmaco-gold-pu-fire-retardant-b1-foam-pu-foam-fire-retardant-b1\/#breadcrumb","itemListElement":[{"@type":"ListItem","position":1,"name":"Home","item":"http:\/\/anchorallied.com\/es\/"},{"@type":"ListItem","position":2,"name":"Shop","item":"https:\/\/anchorallied.com\/es\/shop\/"},{"@type":"ListItem","position":3,"name":"ASMACO GOLD PU RETARDANTE DE FUEGO B1"}]},{"@type":"WebSite","@id":"https:\/\/anchorallied.com\/es\/#website","url":"https:\/\/anchorallied.com\/es\/","name":"anchoralliedfactory","description":"","potentialAction":[{"@type":"SearchAction","target":{"@type":"EntryPoint","urlTemplate":"https:\/\/anchorallied.com\/es\/?s={search_term_string}"},"query-input":{"@type":"PropertyValueSpecification","valueRequired":true,"valueName":"search_term_string"}}],"inLanguage":"en"}]}},"_links":{"self":[{"href":"https:\/\/anchorallied.com\/es\/wp-json\/wp\/v2\/product\/2568","targetHints":{"allow":["GET"]}}],"collection":[{"href":"https:\/\/anchorallied.com\/es\/wp-json\/wp\/v2\/product"}],"about":[{"href":"https:\/\/anchorallied.com\/es\/wp-json\/wp\/v2\/types\/product"}],"replies":[{"embeddable":true,"href":"https:\/\/anchorallied.com\/es\/wp-json\/wp\/v2\/comments?post=2568"}],"wp:featuredmedia":[{"embeddable":true,"href":"https:\/\/anchorallied.com\/es\/wp-json\/wp\/v2\/media\/2569"}],"wp:attachment":[{"href":"https:\/\/anchorallied.com\/es\/wp-json\/wp\/v2\/media?parent=2568"}],"wp:term":[{"taxonomy":"product_brand","embeddable":true,"href":"https:\/\/anchorallied.com\/es\/wp-json\/wp\/v2\/product_brand?post=2568"},{"taxonomy":"product_cat","embeddable":true,"href":"https:\/\/anchorallied.com\/es\/wp-json\/wp\/v2\/product_cat?post=2568"},{"taxonomy":"product_tag","embeddable":true,"href":"https:\/\/anchorallied.com\/es\/wp-json\/wp\/v2\/product_tag?post=2568"}],"curies":[{"name":"wp","href":"https:\/\/api.w.org\/{rel}","templated":true}]}}