{"id":2570,"date":"2025-05-26T10:34:59","date_gmt":"2025-05-26T10:34:59","guid":{"rendered":"http:\/\/anchorallied.com\/es\/?post_type=product&#038;p=2570"},"modified":"2025-07-27T15:48:54","modified_gmt":"2025-07-27T15:48:54","slug":"asmaco-pu-850-primer-waterproofing-primer","status":"publish","type":"product","link":"https:\/\/anchorallied.com\/es\/product\/asmaco-pu-850-primer-waterproofing-primer\/","title":{"rendered":"ASMACO PU 850 PRIMER &#8211; Imprimaci\u00f3n impermeabilizante"},"content":{"rendered":"<p>ASMACO PU 850 PRIMER act\u00faa como una capa preparatoria esencial que mejora la resistencia de la uni\u00f3n entre los sustratos y las membranas impermeabilizantes de poliuretano, como ASMACO WP 810, WP 900 y WP 936. Su tecnolog\u00eda de curado por humedad garantiza un rendimiento fiable incluso en entornos con alta humedad, mientras que su formulaci\u00f3n a base de solventes permite una penetraci\u00f3n profunda en superficies porosas para un anclaje seguro. Esta imprimaci\u00f3n es adecuada para una amplia gama de superficies, incluyendo hormig\u00f3n, metal y soleras cementosas, y proporciona una mayor resistencia a la delaminaci\u00f3n y la penetraci\u00f3n de agua. Garantiza una mejor uniformidad del recubrimiento y maximiza la vida \u00fatil y la eficacia de las aplicaciones de impermeabilizaci\u00f3n posteriores.<\/p>\n","protected":false},"excerpt":{"rendered":"<p>ASMACO PU 850 PRIMER es una imprimaci\u00f3n de poliuretano a base de solvente, de alto rendimiento y curado por humedad, dise\u00f1ada para promover una adhesi\u00f3n superior y una larga durabilidad en superficies de concreto, metal y solados cementicios. Est\u00e1 formulada espec\u00edficamente para optimizar el rendimiento de los sistemas de impermeabilizaci\u00f3n de poliuretano de ASMACO.<\/p>\n","protected":false},"featured_media":3076,"comment_status":"open","ping_status":"closed","template":"","meta":{"_acf_changed":false},"product_brand":[],"product_cat":[139,151],"product_tag":[],"class_list":{"0":"post-2570","1":"product","2":"type-product","3":"status-publish","4":"has-post-thumbnail","6":"product_cat-impermeabilizacion-y-recubrimientos-para-suelos","7":"product_cat-revestimiento-impermeabilizante","9":"first","10":"instock","11":"shipping-taxable","12":"product-type-simple"},"acf":[],"yoast_head":"<!-- This site is optimized with the Yoast SEO plugin v27.3 - https:\/\/yoast.com\/product\/yoast-seo-wordpress\/ -->\n<title>ASMACO PU 850 PRIMER - Imprimaci\u00f3n impermeabilizante - anchoralliedfactory<\/title>\n<meta name=\"robots\" content=\"index, follow, max-snippet:-1, max-image-preview:large, max-video-preview:-1\" \/>\n<link rel=\"canonical\" href=\"https:\/\/anchorallied.com\/es\/product\/asmaco-pu-850-primer-waterproofing-primer\/\" \/>\n<meta property=\"og:locale\" content=\"en_US\" \/>\n<meta property=\"og:type\" content=\"article\" \/>\n<meta property=\"og:title\" content=\"ASMACO PU 850 PRIMER - Imprimaci\u00f3n impermeabilizante - anchoralliedfactory\" \/>\n<meta property=\"og:description\" content=\"ASMACO PU 850 PRIMER es una imprimaci\u00f3n de poliuretano a base de solvente, de alto rendimiento y curado por humedad, dise\u00f1ada para promover una adhesi\u00f3n superior y una larga durabilidad en superficies de concreto, metal y solados cementicios. Est\u00e1 formulada espec\u00edficamente para optimizar el rendimiento de los sistemas de impermeabilizaci\u00f3n de poliuretano de ASMACO.\" \/>\n<meta property=\"og:url\" content=\"https:\/\/anchorallied.com\/es\/product\/asmaco-pu-850-primer-waterproofing-primer\/\" \/>\n<meta property=\"og:site_name\" content=\"anchoralliedfactory\" \/>\n<meta property=\"article:modified_time\" content=\"2025-07-27T15:48:54+00:00\" \/>\n<meta property=\"og:image\" content=\"https:\/\/anchorallied.com\/es\/wp-content\/uploads\/2025\/05\/Anc_0005_PU-850_Primer.jpg\" \/>\n\t<meta property=\"og:image:width\" content=\"1200\" \/>\n\t<meta property=\"og:image:height\" content=\"1200\" \/>\n\t<meta property=\"og:image:type\" content=\"image\/jpeg\" \/>\n<meta name=\"twitter:card\" content=\"summary_large_image\" \/>\n<meta name=\"twitter:label1\" content=\"Est. reading time\" \/>\n\t<meta name=\"twitter:data1\" content=\"1 minute\" \/>\n<script type=\"application\/ld+json\" class=\"yoast-schema-graph\">{\"@context\":\"https:\\\/\\\/schema.org\",\"@graph\":[{\"@type\":\"WebPage\",\"@id\":\"https:\\\/\\\/anchorallied.com\\\/es\\\/product\\\/asmaco-pu-850-primer-waterproofing-primer\\\/\",\"url\":\"https:\\\/\\\/anchorallied.com\\\/es\\\/product\\\/asmaco-pu-850-primer-waterproofing-primer\\\/\",\"name\":\"ASMACO PU 850 PRIMER - Imprimaci\u00f3n impermeabilizante - anchoralliedfactory\",\"isPartOf\":{\"@id\":\"https:\\\/\\\/anchorallied.com\\\/es\\\/#website\"},\"primaryImageOfPage\":{\"@id\":\"https:\\\/\\\/anchorallied.com\\\/es\\\/product\\\/asmaco-pu-850-primer-waterproofing-primer\\\/#primaryimage\"},\"image\":{\"@id\":\"https:\\\/\\\/anchorallied.com\\\/es\\\/product\\\/asmaco-pu-850-primer-waterproofing-primer\\\/#primaryimage\"},\"thumbnailUrl\":\"https:\\\/\\\/anchorallied.com\\\/es\\\/wp-content\\\/uploads\\\/2025\\\/05\\\/Anc_0005_PU-850_Primer.jpg\",\"datePublished\":\"2025-05-26T10:34:59+00:00\",\"dateModified\":\"2025-07-27T15:48:54+00:00\",\"breadcrumb\":{\"@id\":\"https:\\\/\\\/anchorallied.com\\\/es\\\/product\\\/asmaco-pu-850-primer-waterproofing-primer\\\/#breadcrumb\"},\"inLanguage\":\"en\",\"potentialAction\":[{\"@type\":\"ReadAction\",\"target\":[\"https:\\\/\\\/anchorallied.com\\\/es\\\/product\\\/asmaco-pu-850-primer-waterproofing-primer\\\/\"]}]},{\"@type\":\"ImageObject\",\"inLanguage\":\"en\",\"@id\":\"https:\\\/\\\/anchorallied.com\\\/es\\\/product\\\/asmaco-pu-850-primer-waterproofing-primer\\\/#primaryimage\",\"url\":\"https:\\\/\\\/anchorallied.com\\\/es\\\/wp-content\\\/uploads\\\/2025\\\/05\\\/Anc_0005_PU-850_Primer.jpg\",\"contentUrl\":\"https:\\\/\\\/anchorallied.com\\\/es\\\/wp-content\\\/uploads\\\/2025\\\/05\\\/Anc_0005_PU-850_Primer.jpg\",\"width\":1200,\"height\":1200},{\"@type\":\"BreadcrumbList\",\"@id\":\"https:\\\/\\\/anchorallied.com\\\/es\\\/product\\\/asmaco-pu-850-primer-waterproofing-primer\\\/#breadcrumb\",\"itemListElement\":[{\"@type\":\"ListItem\",\"position\":1,\"name\":\"Home\",\"item\":\"http:\\\/\\\/anchorallied.com\\\/es\\\/\"},{\"@type\":\"ListItem\",\"position\":2,\"name\":\"Shop\",\"item\":\"https:\\\/\\\/anchorallied.com\\\/es\\\/shop\\\/\"},{\"@type\":\"ListItem\",\"position\":3,\"name\":\"ASMACO PU 850 PRIMER &#8211; Imprimaci\u00f3n impermeabilizante\"}]},{\"@type\":\"WebSite\",\"@id\":\"https:\\\/\\\/anchorallied.com\\\/es\\\/#website\",\"url\":\"https:\\\/\\\/anchorallied.com\\\/es\\\/\",\"name\":\"anchoralliedfactory\",\"description\":\"\",\"potentialAction\":[{\"@type\":\"SearchAction\",\"target\":{\"@type\":\"EntryPoint\",\"urlTemplate\":\"https:\\\/\\\/anchorallied.com\\\/es\\\/?s={search_term_string}\"},\"query-input\":{\"@type\":\"PropertyValueSpecification\",\"valueRequired\":true,\"valueName\":\"search_term_string\"}}],\"inLanguage\":\"en\"}]}<\/script>\n<!-- \/ Yoast SEO plugin. -->","yoast_head_json":{"title":"ASMACO PU 850 PRIMER - Imprimaci\u00f3n impermeabilizante - anchoralliedfactory","robots":{"index":"index","follow":"follow","max-snippet":"max-snippet:-1","max-image-preview":"max-image-preview:large","max-video-preview":"max-video-preview:-1"},"canonical":"https:\/\/anchorallied.com\/es\/product\/asmaco-pu-850-primer-waterproofing-primer\/","og_locale":"en_US","og_type":"article","og_title":"ASMACO PU 850 PRIMER - Imprimaci\u00f3n impermeabilizante - anchoralliedfactory","og_description":"ASMACO PU 850 PRIMER es una imprimaci\u00f3n de poliuretano a base de solvente, de alto rendimiento y curado por humedad, dise\u00f1ada para promover una adhesi\u00f3n superior y una larga durabilidad en superficies de concreto, metal y solados cementicios. Est\u00e1 formulada espec\u00edficamente para optimizar el rendimiento de los sistemas de impermeabilizaci\u00f3n de poliuretano de ASMACO.","og_url":"https:\/\/anchorallied.com\/es\/product\/asmaco-pu-850-primer-waterproofing-primer\/","og_site_name":"anchoralliedfactory","article_modified_time":"2025-07-27T15:48:54+00:00","og_image":[{"width":1200,"height":1200,"url":"https:\/\/anchorallied.com\/es\/wp-content\/uploads\/2025\/05\/Anc_0005_PU-850_Primer.jpg","type":"image\/jpeg"}],"twitter_card":"summary_large_image","twitter_misc":{"Est. reading time":"1 minute"},"schema":{"@context":"https:\/\/schema.org","@graph":[{"@type":"WebPage","@id":"https:\/\/anchorallied.com\/es\/product\/asmaco-pu-850-primer-waterproofing-primer\/","url":"https:\/\/anchorallied.com\/es\/product\/asmaco-pu-850-primer-waterproofing-primer\/","name":"ASMACO PU 850 PRIMER - Imprimaci\u00f3n impermeabilizante - anchoralliedfactory","isPartOf":{"@id":"https:\/\/anchorallied.com\/es\/#website"},"primaryImageOfPage":{"@id":"https:\/\/anchorallied.com\/es\/product\/asmaco-pu-850-primer-waterproofing-primer\/#primaryimage"},"image":{"@id":"https:\/\/anchorallied.com\/es\/product\/asmaco-pu-850-primer-waterproofing-primer\/#primaryimage"},"thumbnailUrl":"https:\/\/anchorallied.com\/es\/wp-content\/uploads\/2025\/05\/Anc_0005_PU-850_Primer.jpg","datePublished":"2025-05-26T10:34:59+00:00","dateModified":"2025-07-27T15:48:54+00:00","breadcrumb":{"@id":"https:\/\/anchorallied.com\/es\/product\/asmaco-pu-850-primer-waterproofing-primer\/#breadcrumb"},"inLanguage":"en","potentialAction":[{"@type":"ReadAction","target":["https:\/\/anchorallied.com\/es\/product\/asmaco-pu-850-primer-waterproofing-primer\/"]}]},{"@type":"ImageObject","inLanguage":"en","@id":"https:\/\/anchorallied.com\/es\/product\/asmaco-pu-850-primer-waterproofing-primer\/#primaryimage","url":"https:\/\/anchorallied.com\/es\/wp-content\/uploads\/2025\/05\/Anc_0005_PU-850_Primer.jpg","contentUrl":"https:\/\/anchorallied.com\/es\/wp-content\/uploads\/2025\/05\/Anc_0005_PU-850_Primer.jpg","width":1200,"height":1200},{"@type":"BreadcrumbList","@id":"https:\/\/anchorallied.com\/es\/product\/asmaco-pu-850-primer-waterproofing-primer\/#breadcrumb","itemListElement":[{"@type":"ListItem","position":1,"name":"Home","item":"http:\/\/anchorallied.com\/es\/"},{"@type":"ListItem","position":2,"name":"Shop","item":"https:\/\/anchorallied.com\/es\/shop\/"},{"@type":"ListItem","position":3,"name":"ASMACO PU 850 PRIMER &#8211; Imprimaci\u00f3n impermeabilizante"}]},{"@type":"WebSite","@id":"https:\/\/anchorallied.com\/es\/#website","url":"https:\/\/anchorallied.com\/es\/","name":"anchoralliedfactory","description":"","potentialAction":[{"@type":"SearchAction","target":{"@type":"EntryPoint","urlTemplate":"https:\/\/anchorallied.com\/es\/?s={search_term_string}"},"query-input":{"@type":"PropertyValueSpecification","valueRequired":true,"valueName":"search_term_string"}}],"inLanguage":"en"}]}},"_links":{"self":[{"href":"https:\/\/anchorallied.com\/es\/wp-json\/wp\/v2\/product\/2570","targetHints":{"allow":["GET"]}}],"collection":[{"href":"https:\/\/anchorallied.com\/es\/wp-json\/wp\/v2\/product"}],"about":[{"href":"https:\/\/anchorallied.com\/es\/wp-json\/wp\/v2\/types\/product"}],"replies":[{"embeddable":true,"href":"https:\/\/anchorallied.com\/es\/wp-json\/wp\/v2\/comments?post=2570"}],"wp:featuredmedia":[{"embeddable":true,"href":"https:\/\/anchorallied.com\/es\/wp-json\/wp\/v2\/media\/3076"}],"wp:attachment":[{"href":"https:\/\/anchorallied.com\/es\/wp-json\/wp\/v2\/media?parent=2570"}],"wp:term":[{"taxonomy":"product_brand","embeddable":true,"href":"https:\/\/anchorallied.com\/es\/wp-json\/wp\/v2\/product_brand?post=2570"},{"taxonomy":"product_cat","embeddable":true,"href":"https:\/\/anchorallied.com\/es\/wp-json\/wp\/v2\/product_cat?post=2570"},{"taxonomy":"product_tag","embeddable":true,"href":"https:\/\/anchorallied.com\/es\/wp-json\/wp\/v2\/product_tag?post=2570"}],"curies":[{"name":"wp","href":"https:\/\/api.w.org\/{rel}","templated":true}]}}