{"id":2571,"date":"2025-05-26T10:43:56","date_gmt":"2025-05-26T10:43:56","guid":{"rendered":"http:\/\/anchorallied.com\/es\/?post_type=product&#038;p=2571"},"modified":"2025-07-27T15:48:54","modified_gmt":"2025-07-27T15:48:54","slug":"asmaco-puf-40-puf-40-puf-mdi-pu-foam-two-part","status":"publish","type":"product","link":"https:\/\/anchorallied.com\/es\/product\/asmaco-puf-40-puf-40-puf-mdi-pu-foam-two-part\/","title":{"rendered":"ASMACO PUF 40"},"content":{"rendered":"<p>ASMACO PUF 40 est\u00e1 compuesto por un componente de poliol que incluye una mezcla precisa de polioles base, estabilizadores, retardantes de fuego, catalizadores y un agente de expansi\u00f3n. Al reaccionar con el componente de isocianato (diisocianato de difenilmetano polim\u00e9rico [MDI]), forma una espuma r\u00edgida de poliuretano que ofrece un excelente aislamiento t\u00e9rmico y un acabado superficial liso. Este sistema ofrece una adhesi\u00f3n superior a diversos sustratos, lo que lo hace ideal para el aislamiento de edificios. La estructura de espuma de celda cerrada mejora la eficiencia energ\u00e9tica al minimizar la transferencia de calor, mientras que los retardantes de fuego integrados aumentan la seguridad en aplicaciones de aislamiento residencial, comercial e industrial.<\/p>\n","protected":false},"excerpt":{"rendered":"<p>ASMACO PUF 40 es un sistema de poliol de poliuretano r\u00edgido premezclado en aerosol, especialmente formulado para aplicaciones de aislamiento t\u00e9rmico en techos, paredes y suelos. Al combinarse con ASMACO PUF MDI en las condiciones recomendadas, produce una espuma de alta calidad con excelente adhesi\u00f3n y una estructura celular uniforme.<\/p>\n","protected":false},"featured_media":2572,"comment_status":"open","ping_status":"closed","template":"","meta":{"_acf_changed":false},"product_brand":[],"product_cat":[139,203],"product_tag":[],"class_list":{"0":"post-2571","1":"product","2":"type-product","3":"status-publish","4":"has-post-thumbnail","6":"product_cat-impermeabilizacion-y-recubrimientos-para-suelos","7":"product_cat-montaje-de-techo-calido-asmaco","9":"first","10":"instock","11":"shipping-taxable","12":"product-type-simple"},"acf":[],"yoast_head":"<!-- This site is optimized with the Yoast SEO plugin v27.3 - https:\/\/yoast.com\/product\/yoast-seo-wordpress\/ -->\n<title>ASMACO PUF 40 - anchoralliedfactory<\/title>\n<meta name=\"robots\" content=\"index, follow, max-snippet:-1, max-image-preview:large, max-video-preview:-1\" \/>\n<link rel=\"canonical\" href=\"https:\/\/anchorallied.com\/es\/product\/asmaco-puf-40-puf-40-puf-mdi-pu-foam-two-part\/\" \/>\n<meta property=\"og:locale\" content=\"en_US\" \/>\n<meta property=\"og:type\" content=\"article\" \/>\n<meta property=\"og:title\" content=\"ASMACO PUF 40 - anchoralliedfactory\" \/>\n<meta property=\"og:description\" content=\"ASMACO PUF 40 es un sistema de poliol de poliuretano r\u00edgido premezclado en aerosol, especialmente formulado para aplicaciones de aislamiento t\u00e9rmico en techos, paredes y suelos. Al combinarse con ASMACO PUF MDI en las condiciones recomendadas, produce una espuma de alta calidad con excelente adhesi\u00f3n y una estructura celular uniforme.\" \/>\n<meta property=\"og:url\" content=\"https:\/\/anchorallied.com\/es\/product\/asmaco-puf-40-puf-40-puf-mdi-pu-foam-two-part\/\" \/>\n<meta property=\"og:site_name\" content=\"anchoralliedfactory\" \/>\n<meta property=\"article:modified_time\" content=\"2025-07-27T15:48:54+00:00\" \/>\n<meta property=\"og:image\" content=\"https:\/\/anchorallied.com\/es\/wp-content\/uploads\/2025\/05\/water-proof_0007_Asmaco-PUF-40.jpg\" \/>\n\t<meta property=\"og:image:width\" content=\"1200\" \/>\n\t<meta property=\"og:image:height\" content=\"1200\" \/>\n\t<meta property=\"og:image:type\" content=\"image\/jpeg\" \/>\n<meta name=\"twitter:card\" content=\"summary_large_image\" \/>\n<meta name=\"twitter:label1\" content=\"Est. reading time\" \/>\n\t<meta name=\"twitter:data1\" content=\"1 minute\" \/>\n<script type=\"application\/ld+json\" class=\"yoast-schema-graph\">{\"@context\":\"https:\\\/\\\/schema.org\",\"@graph\":[{\"@type\":\"WebPage\",\"@id\":\"https:\\\/\\\/anchorallied.com\\\/es\\\/product\\\/asmaco-puf-40-puf-40-puf-mdi-pu-foam-two-part\\\/\",\"url\":\"https:\\\/\\\/anchorallied.com\\\/es\\\/product\\\/asmaco-puf-40-puf-40-puf-mdi-pu-foam-two-part\\\/\",\"name\":\"ASMACO PUF 40 - anchoralliedfactory\",\"isPartOf\":{\"@id\":\"https:\\\/\\\/anchorallied.com\\\/es\\\/#website\"},\"primaryImageOfPage\":{\"@id\":\"https:\\\/\\\/anchorallied.com\\\/es\\\/product\\\/asmaco-puf-40-puf-40-puf-mdi-pu-foam-two-part\\\/#primaryimage\"},\"image\":{\"@id\":\"https:\\\/\\\/anchorallied.com\\\/es\\\/product\\\/asmaco-puf-40-puf-40-puf-mdi-pu-foam-two-part\\\/#primaryimage\"},\"thumbnailUrl\":\"https:\\\/\\\/anchorallied.com\\\/es\\\/wp-content\\\/uploads\\\/2025\\\/05\\\/water-proof_0007_Asmaco-PUF-40.jpg\",\"datePublished\":\"2025-05-26T10:43:56+00:00\",\"dateModified\":\"2025-07-27T15:48:54+00:00\",\"breadcrumb\":{\"@id\":\"https:\\\/\\\/anchorallied.com\\\/es\\\/product\\\/asmaco-puf-40-puf-40-puf-mdi-pu-foam-two-part\\\/#breadcrumb\"},\"inLanguage\":\"en\",\"potentialAction\":[{\"@type\":\"ReadAction\",\"target\":[\"https:\\\/\\\/anchorallied.com\\\/es\\\/product\\\/asmaco-puf-40-puf-40-puf-mdi-pu-foam-two-part\\\/\"]}]},{\"@type\":\"ImageObject\",\"inLanguage\":\"en\",\"@id\":\"https:\\\/\\\/anchorallied.com\\\/es\\\/product\\\/asmaco-puf-40-puf-40-puf-mdi-pu-foam-two-part\\\/#primaryimage\",\"url\":\"https:\\\/\\\/anchorallied.com\\\/es\\\/wp-content\\\/uploads\\\/2025\\\/05\\\/water-proof_0007_Asmaco-PUF-40.jpg\",\"contentUrl\":\"https:\\\/\\\/anchorallied.com\\\/es\\\/wp-content\\\/uploads\\\/2025\\\/05\\\/water-proof_0007_Asmaco-PUF-40.jpg\",\"width\":1200,\"height\":1200},{\"@type\":\"BreadcrumbList\",\"@id\":\"https:\\\/\\\/anchorallied.com\\\/es\\\/product\\\/asmaco-puf-40-puf-40-puf-mdi-pu-foam-two-part\\\/#breadcrumb\",\"itemListElement\":[{\"@type\":\"ListItem\",\"position\":1,\"name\":\"Home\",\"item\":\"http:\\\/\\\/anchorallied.com\\\/es\\\/\"},{\"@type\":\"ListItem\",\"position\":2,\"name\":\"Shop\",\"item\":\"https:\\\/\\\/anchorallied.com\\\/es\\\/shop\\\/\"},{\"@type\":\"ListItem\",\"position\":3,\"name\":\"ASMACO PUF 40\"}]},{\"@type\":\"WebSite\",\"@id\":\"https:\\\/\\\/anchorallied.com\\\/es\\\/#website\",\"url\":\"https:\\\/\\\/anchorallied.com\\\/es\\\/\",\"name\":\"anchoralliedfactory\",\"description\":\"\",\"potentialAction\":[{\"@type\":\"SearchAction\",\"target\":{\"@type\":\"EntryPoint\",\"urlTemplate\":\"https:\\\/\\\/anchorallied.com\\\/es\\\/?s={search_term_string}\"},\"query-input\":{\"@type\":\"PropertyValueSpecification\",\"valueRequired\":true,\"valueName\":\"search_term_string\"}}],\"inLanguage\":\"en\"}]}<\/script>\n<!-- \/ Yoast SEO plugin. -->","yoast_head_json":{"title":"ASMACO PUF 40 - anchoralliedfactory","robots":{"index":"index","follow":"follow","max-snippet":"max-snippet:-1","max-image-preview":"max-image-preview:large","max-video-preview":"max-video-preview:-1"},"canonical":"https:\/\/anchorallied.com\/es\/product\/asmaco-puf-40-puf-40-puf-mdi-pu-foam-two-part\/","og_locale":"en_US","og_type":"article","og_title":"ASMACO PUF 40 - anchoralliedfactory","og_description":"ASMACO PUF 40 es un sistema de poliol de poliuretano r\u00edgido premezclado en aerosol, especialmente formulado para aplicaciones de aislamiento t\u00e9rmico en techos, paredes y suelos. Al combinarse con ASMACO PUF MDI en las condiciones recomendadas, produce una espuma de alta calidad con excelente adhesi\u00f3n y una estructura celular uniforme.","og_url":"https:\/\/anchorallied.com\/es\/product\/asmaco-puf-40-puf-40-puf-mdi-pu-foam-two-part\/","og_site_name":"anchoralliedfactory","article_modified_time":"2025-07-27T15:48:54+00:00","og_image":[{"width":1200,"height":1200,"url":"https:\/\/anchorallied.com\/es\/wp-content\/uploads\/2025\/05\/water-proof_0007_Asmaco-PUF-40.jpg","type":"image\/jpeg"}],"twitter_card":"summary_large_image","twitter_misc":{"Est. reading time":"1 minute"},"schema":{"@context":"https:\/\/schema.org","@graph":[{"@type":"WebPage","@id":"https:\/\/anchorallied.com\/es\/product\/asmaco-puf-40-puf-40-puf-mdi-pu-foam-two-part\/","url":"https:\/\/anchorallied.com\/es\/product\/asmaco-puf-40-puf-40-puf-mdi-pu-foam-two-part\/","name":"ASMACO PUF 40 - anchoralliedfactory","isPartOf":{"@id":"https:\/\/anchorallied.com\/es\/#website"},"primaryImageOfPage":{"@id":"https:\/\/anchorallied.com\/es\/product\/asmaco-puf-40-puf-40-puf-mdi-pu-foam-two-part\/#primaryimage"},"image":{"@id":"https:\/\/anchorallied.com\/es\/product\/asmaco-puf-40-puf-40-puf-mdi-pu-foam-two-part\/#primaryimage"},"thumbnailUrl":"https:\/\/anchorallied.com\/es\/wp-content\/uploads\/2025\/05\/water-proof_0007_Asmaco-PUF-40.jpg","datePublished":"2025-05-26T10:43:56+00:00","dateModified":"2025-07-27T15:48:54+00:00","breadcrumb":{"@id":"https:\/\/anchorallied.com\/es\/product\/asmaco-puf-40-puf-40-puf-mdi-pu-foam-two-part\/#breadcrumb"},"inLanguage":"en","potentialAction":[{"@type":"ReadAction","target":["https:\/\/anchorallied.com\/es\/product\/asmaco-puf-40-puf-40-puf-mdi-pu-foam-two-part\/"]}]},{"@type":"ImageObject","inLanguage":"en","@id":"https:\/\/anchorallied.com\/es\/product\/asmaco-puf-40-puf-40-puf-mdi-pu-foam-two-part\/#primaryimage","url":"https:\/\/anchorallied.com\/es\/wp-content\/uploads\/2025\/05\/water-proof_0007_Asmaco-PUF-40.jpg","contentUrl":"https:\/\/anchorallied.com\/es\/wp-content\/uploads\/2025\/05\/water-proof_0007_Asmaco-PUF-40.jpg","width":1200,"height":1200},{"@type":"BreadcrumbList","@id":"https:\/\/anchorallied.com\/es\/product\/asmaco-puf-40-puf-40-puf-mdi-pu-foam-two-part\/#breadcrumb","itemListElement":[{"@type":"ListItem","position":1,"name":"Home","item":"http:\/\/anchorallied.com\/es\/"},{"@type":"ListItem","position":2,"name":"Shop","item":"https:\/\/anchorallied.com\/es\/shop\/"},{"@type":"ListItem","position":3,"name":"ASMACO PUF 40"}]},{"@type":"WebSite","@id":"https:\/\/anchorallied.com\/es\/#website","url":"https:\/\/anchorallied.com\/es\/","name":"anchoralliedfactory","description":"","potentialAction":[{"@type":"SearchAction","target":{"@type":"EntryPoint","urlTemplate":"https:\/\/anchorallied.com\/es\/?s={search_term_string}"},"query-input":{"@type":"PropertyValueSpecification","valueRequired":true,"valueName":"search_term_string"}}],"inLanguage":"en"}]}},"_links":{"self":[{"href":"https:\/\/anchorallied.com\/es\/wp-json\/wp\/v2\/product\/2571","targetHints":{"allow":["GET"]}}],"collection":[{"href":"https:\/\/anchorallied.com\/es\/wp-json\/wp\/v2\/product"}],"about":[{"href":"https:\/\/anchorallied.com\/es\/wp-json\/wp\/v2\/types\/product"}],"replies":[{"embeddable":true,"href":"https:\/\/anchorallied.com\/es\/wp-json\/wp\/v2\/comments?post=2571"}],"wp:featuredmedia":[{"embeddable":true,"href":"https:\/\/anchorallied.com\/es\/wp-json\/wp\/v2\/media\/2572"}],"wp:attachment":[{"href":"https:\/\/anchorallied.com\/es\/wp-json\/wp\/v2\/media?parent=2571"}],"wp:term":[{"taxonomy":"product_brand","embeddable":true,"href":"https:\/\/anchorallied.com\/es\/wp-json\/wp\/v2\/product_brand?post=2571"},{"taxonomy":"product_cat","embeddable":true,"href":"https:\/\/anchorallied.com\/es\/wp-json\/wp\/v2\/product_cat?post=2571"},{"taxonomy":"product_tag","embeddable":true,"href":"https:\/\/anchorallied.com\/es\/wp-json\/wp\/v2\/product_tag?post=2571"}],"curies":[{"name":"wp","href":"https:\/\/api.w.org\/{rel}","templated":true}]}}