{"id":2586,"date":"2025-05-26T11:14:56","date_gmt":"2025-05-26T11:14:56","guid":{"rendered":"http:\/\/anchorallied.com\/es\/?post_type=product&#038;p=2586"},"modified":"2025-07-27T15:48:54","modified_gmt":"2025-07-27T15:48:54","slug":"asmaco-floor-antislip-grain-pu-based","status":"publish","type":"product","link":"https:\/\/anchorallied.com\/es\/product\/asmaco-floor-antislip-grain-pu-based\/","title":{"rendered":"ASMACO PISO ANTIDESLIZANTE GRANO"},"content":{"rendered":"<p>ASMACO FLOOR ANTISLIP GRAIN est\u00e1 especialmente formulado para producir suelos antideslizantes con diferentes texturas, desde finas hasta medianas, al combinarse con revestimientos de resina epoxi o poliuretano. Es ideal para su uso en sustratos en zonas propensas a la humedad y a derrames, como lecher\u00edas, plantas qu\u00edmicas, plantas de procesamiento de alimentos, muelles de carga, aparcamientos, rampas, pasarelas, mataderos y cervecer\u00edas. Al proporcionar una excelente tracci\u00f3n, reduce significativamente el riesgo de resbalones, garantizando condiciones de trabajo m\u00e1s seguras tanto en entornos h\u00famedos como secos. Los \u00e1ridos de s\u00edlice calibrados se integran a la perfecci\u00f3n con los revestimientos de suelos, manteniendo la durabilidad y mejorando el agarre y la seguridad de la superficie.<\/p>\n","protected":false},"excerpt":{"rendered":"<p>ASMACO FLOOR ANTISLIP GRAIN consiste en agregados de s\u00edlice calibrados, dise\u00f1ados para usarse con pisos de resina epoxi y poliuretano. Mejora las superficies de los pisos creando acabados antideslizantes y texturizados, mejorando la seguridad en diversos entornos industriales y comerciales.<\/p>\n","protected":false},"featured_media":2587,"comment_status":"open","ping_status":"closed","template":"","meta":{"_acf_changed":false},"product_brand":[],"product_cat":[139,160],"product_tag":[],"class_list":{"0":"post-2586","1":"product","2":"type-product","3":"status-publish","4":"has-post-thumbnail","6":"product_cat-impermeabilizacion-y-recubrimientos-para-suelos","7":"product_cat-reparacion-y-recubrimiento-de-suelos","9":"first","10":"instock","11":"shipping-taxable","12":"product-type-simple"},"acf":[],"yoast_head":"<!-- This site is optimized with the Yoast SEO plugin v27.3 - https:\/\/yoast.com\/product\/yoast-seo-wordpress\/ -->\n<title>ASMACO PISO ANTIDESLIZANTE GRANO - anchoralliedfactory<\/title>\n<meta name=\"robots\" content=\"index, follow, max-snippet:-1, max-image-preview:large, max-video-preview:-1\" \/>\n<link rel=\"canonical\" href=\"https:\/\/anchorallied.com\/es\/product\/asmaco-floor-antislip-grain-pu-based\/\" \/>\n<meta property=\"og:locale\" content=\"en_US\" \/>\n<meta property=\"og:type\" content=\"article\" \/>\n<meta property=\"og:title\" content=\"ASMACO PISO ANTIDESLIZANTE GRANO - anchoralliedfactory\" \/>\n<meta property=\"og:description\" content=\"ASMACO FLOOR ANTISLIP GRAIN consiste en agregados de s\u00edlice calibrados, dise\u00f1ados para usarse con pisos de resina epoxi y poliuretano. Mejora las superficies de los pisos creando acabados antideslizantes y texturizados, mejorando la seguridad en diversos entornos industriales y comerciales.\" \/>\n<meta property=\"og:url\" content=\"https:\/\/anchorallied.com\/es\/product\/asmaco-floor-antislip-grain-pu-based\/\" \/>\n<meta property=\"og:site_name\" content=\"anchoralliedfactory\" \/>\n<meta property=\"article:modified_time\" content=\"2025-07-27T15:48:54+00:00\" \/>\n<meta property=\"og:image\" content=\"https:\/\/anchorallied.com\/es\/wp-content\/uploads\/2025\/05\/flooring_0010_Asmaco_Floor-Anti-slip.jpg\" \/>\n\t<meta property=\"og:image:width\" content=\"1200\" \/>\n\t<meta property=\"og:image:height\" content=\"1200\" \/>\n\t<meta property=\"og:image:type\" content=\"image\/jpeg\" \/>\n<meta name=\"twitter:card\" content=\"summary_large_image\" \/>\n<meta name=\"twitter:label1\" content=\"Est. reading time\" \/>\n\t<meta name=\"twitter:data1\" content=\"1 minute\" \/>\n<script type=\"application\/ld+json\" class=\"yoast-schema-graph\">{\"@context\":\"https:\\\/\\\/schema.org\",\"@graph\":[{\"@type\":\"WebPage\",\"@id\":\"https:\\\/\\\/anchorallied.com\\\/es\\\/product\\\/asmaco-floor-antislip-grain-pu-based\\\/\",\"url\":\"https:\\\/\\\/anchorallied.com\\\/es\\\/product\\\/asmaco-floor-antislip-grain-pu-based\\\/\",\"name\":\"ASMACO PISO ANTIDESLIZANTE GRANO - anchoralliedfactory\",\"isPartOf\":{\"@id\":\"https:\\\/\\\/anchorallied.com\\\/es\\\/#website\"},\"primaryImageOfPage\":{\"@id\":\"https:\\\/\\\/anchorallied.com\\\/es\\\/product\\\/asmaco-floor-antislip-grain-pu-based\\\/#primaryimage\"},\"image\":{\"@id\":\"https:\\\/\\\/anchorallied.com\\\/es\\\/product\\\/asmaco-floor-antislip-grain-pu-based\\\/#primaryimage\"},\"thumbnailUrl\":\"https:\\\/\\\/anchorallied.com\\\/es\\\/wp-content\\\/uploads\\\/2025\\\/05\\\/flooring_0010_Asmaco_Floor-Anti-slip.jpg\",\"datePublished\":\"2025-05-26T11:14:56+00:00\",\"dateModified\":\"2025-07-27T15:48:54+00:00\",\"breadcrumb\":{\"@id\":\"https:\\\/\\\/anchorallied.com\\\/es\\\/product\\\/asmaco-floor-antislip-grain-pu-based\\\/#breadcrumb\"},\"inLanguage\":\"en\",\"potentialAction\":[{\"@type\":\"ReadAction\",\"target\":[\"https:\\\/\\\/anchorallied.com\\\/es\\\/product\\\/asmaco-floor-antislip-grain-pu-based\\\/\"]}]},{\"@type\":\"ImageObject\",\"inLanguage\":\"en\",\"@id\":\"https:\\\/\\\/anchorallied.com\\\/es\\\/product\\\/asmaco-floor-antislip-grain-pu-based\\\/#primaryimage\",\"url\":\"https:\\\/\\\/anchorallied.com\\\/es\\\/wp-content\\\/uploads\\\/2025\\\/05\\\/flooring_0010_Asmaco_Floor-Anti-slip.jpg\",\"contentUrl\":\"https:\\\/\\\/anchorallied.com\\\/es\\\/wp-content\\\/uploads\\\/2025\\\/05\\\/flooring_0010_Asmaco_Floor-Anti-slip.jpg\",\"width\":1200,\"height\":1200},{\"@type\":\"BreadcrumbList\",\"@id\":\"https:\\\/\\\/anchorallied.com\\\/es\\\/product\\\/asmaco-floor-antislip-grain-pu-based\\\/#breadcrumb\",\"itemListElement\":[{\"@type\":\"ListItem\",\"position\":1,\"name\":\"Home\",\"item\":\"http:\\\/\\\/anchorallied.com\\\/es\\\/\"},{\"@type\":\"ListItem\",\"position\":2,\"name\":\"Shop\",\"item\":\"https:\\\/\\\/anchorallied.com\\\/es\\\/shop\\\/\"},{\"@type\":\"ListItem\",\"position\":3,\"name\":\"ASMACO PISO ANTIDESLIZANTE GRANO\"}]},{\"@type\":\"WebSite\",\"@id\":\"https:\\\/\\\/anchorallied.com\\\/es\\\/#website\",\"url\":\"https:\\\/\\\/anchorallied.com\\\/es\\\/\",\"name\":\"anchoralliedfactory\",\"description\":\"\",\"potentialAction\":[{\"@type\":\"SearchAction\",\"target\":{\"@type\":\"EntryPoint\",\"urlTemplate\":\"https:\\\/\\\/anchorallied.com\\\/es\\\/?s={search_term_string}\"},\"query-input\":{\"@type\":\"PropertyValueSpecification\",\"valueRequired\":true,\"valueName\":\"search_term_string\"}}],\"inLanguage\":\"en\"}]}<\/script>\n<!-- \/ Yoast SEO plugin. -->","yoast_head_json":{"title":"ASMACO PISO ANTIDESLIZANTE GRANO - anchoralliedfactory","robots":{"index":"index","follow":"follow","max-snippet":"max-snippet:-1","max-image-preview":"max-image-preview:large","max-video-preview":"max-video-preview:-1"},"canonical":"https:\/\/anchorallied.com\/es\/product\/asmaco-floor-antislip-grain-pu-based\/","og_locale":"en_US","og_type":"article","og_title":"ASMACO PISO ANTIDESLIZANTE GRANO - anchoralliedfactory","og_description":"ASMACO FLOOR ANTISLIP GRAIN consiste en agregados de s\u00edlice calibrados, dise\u00f1ados para usarse con pisos de resina epoxi y poliuretano. Mejora las superficies de los pisos creando acabados antideslizantes y texturizados, mejorando la seguridad en diversos entornos industriales y comerciales.","og_url":"https:\/\/anchorallied.com\/es\/product\/asmaco-floor-antislip-grain-pu-based\/","og_site_name":"anchoralliedfactory","article_modified_time":"2025-07-27T15:48:54+00:00","og_image":[{"width":1200,"height":1200,"url":"https:\/\/anchorallied.com\/es\/wp-content\/uploads\/2025\/05\/flooring_0010_Asmaco_Floor-Anti-slip.jpg","type":"image\/jpeg"}],"twitter_card":"summary_large_image","twitter_misc":{"Est. reading time":"1 minute"},"schema":{"@context":"https:\/\/schema.org","@graph":[{"@type":"WebPage","@id":"https:\/\/anchorallied.com\/es\/product\/asmaco-floor-antislip-grain-pu-based\/","url":"https:\/\/anchorallied.com\/es\/product\/asmaco-floor-antislip-grain-pu-based\/","name":"ASMACO PISO ANTIDESLIZANTE GRANO - anchoralliedfactory","isPartOf":{"@id":"https:\/\/anchorallied.com\/es\/#website"},"primaryImageOfPage":{"@id":"https:\/\/anchorallied.com\/es\/product\/asmaco-floor-antislip-grain-pu-based\/#primaryimage"},"image":{"@id":"https:\/\/anchorallied.com\/es\/product\/asmaco-floor-antislip-grain-pu-based\/#primaryimage"},"thumbnailUrl":"https:\/\/anchorallied.com\/es\/wp-content\/uploads\/2025\/05\/flooring_0010_Asmaco_Floor-Anti-slip.jpg","datePublished":"2025-05-26T11:14:56+00:00","dateModified":"2025-07-27T15:48:54+00:00","breadcrumb":{"@id":"https:\/\/anchorallied.com\/es\/product\/asmaco-floor-antislip-grain-pu-based\/#breadcrumb"},"inLanguage":"en","potentialAction":[{"@type":"ReadAction","target":["https:\/\/anchorallied.com\/es\/product\/asmaco-floor-antislip-grain-pu-based\/"]}]},{"@type":"ImageObject","inLanguage":"en","@id":"https:\/\/anchorallied.com\/es\/product\/asmaco-floor-antislip-grain-pu-based\/#primaryimage","url":"https:\/\/anchorallied.com\/es\/wp-content\/uploads\/2025\/05\/flooring_0010_Asmaco_Floor-Anti-slip.jpg","contentUrl":"https:\/\/anchorallied.com\/es\/wp-content\/uploads\/2025\/05\/flooring_0010_Asmaco_Floor-Anti-slip.jpg","width":1200,"height":1200},{"@type":"BreadcrumbList","@id":"https:\/\/anchorallied.com\/es\/product\/asmaco-floor-antislip-grain-pu-based\/#breadcrumb","itemListElement":[{"@type":"ListItem","position":1,"name":"Home","item":"http:\/\/anchorallied.com\/es\/"},{"@type":"ListItem","position":2,"name":"Shop","item":"https:\/\/anchorallied.com\/es\/shop\/"},{"@type":"ListItem","position":3,"name":"ASMACO PISO ANTIDESLIZANTE GRANO"}]},{"@type":"WebSite","@id":"https:\/\/anchorallied.com\/es\/#website","url":"https:\/\/anchorallied.com\/es\/","name":"anchoralliedfactory","description":"","potentialAction":[{"@type":"SearchAction","target":{"@type":"EntryPoint","urlTemplate":"https:\/\/anchorallied.com\/es\/?s={search_term_string}"},"query-input":{"@type":"PropertyValueSpecification","valueRequired":true,"valueName":"search_term_string"}}],"inLanguage":"en"}]}},"_links":{"self":[{"href":"https:\/\/anchorallied.com\/es\/wp-json\/wp\/v2\/product\/2586","targetHints":{"allow":["GET"]}}],"collection":[{"href":"https:\/\/anchorallied.com\/es\/wp-json\/wp\/v2\/product"}],"about":[{"href":"https:\/\/anchorallied.com\/es\/wp-json\/wp\/v2\/types\/product"}],"replies":[{"embeddable":true,"href":"https:\/\/anchorallied.com\/es\/wp-json\/wp\/v2\/comments?post=2586"}],"wp:featuredmedia":[{"embeddable":true,"href":"https:\/\/anchorallied.com\/es\/wp-json\/wp\/v2\/media\/2587"}],"wp:attachment":[{"href":"https:\/\/anchorallied.com\/es\/wp-json\/wp\/v2\/media?parent=2586"}],"wp:term":[{"taxonomy":"product_brand","embeddable":true,"href":"https:\/\/anchorallied.com\/es\/wp-json\/wp\/v2\/product_brand?post=2586"},{"taxonomy":"product_cat","embeddable":true,"href":"https:\/\/anchorallied.com\/es\/wp-json\/wp\/v2\/product_cat?post=2586"},{"taxonomy":"product_tag","embeddable":true,"href":"https:\/\/anchorallied.com\/es\/wp-json\/wp\/v2\/product_tag?post=2586"}],"curies":[{"name":"wp","href":"https:\/\/api.w.org\/{rel}","templated":true}]}}