{"id":2610,"date":"2025-05-26T12:51:39","date_gmt":"2025-05-26T12:51:39","guid":{"rendered":"http:\/\/anchorallied.com\/es\/?post_type=product&#038;p=2610"},"modified":"2025-07-27T15:48:55","modified_gmt":"2025-07-27T15:48:55","slug":"asmaco-line-marker-spray-paint-acrylic-spray-paint","status":"publish","type":"product","link":"https:\/\/anchorallied.com\/es\/product\/asmaco-line-marker-spray-paint-acrylic-spray-paint\/","title":{"rendered":"PINTURA EN AEROSOL PARA MARCADORES DE L\u00cdNEAS ASMACO"},"content":{"rendered":"<p>La pintura en aerosol para demarcaci\u00f3n de l\u00edneas ASMACO ofrece una cobertura excepcional gracias a su alto contenido de s\u00f3lidos, proporcionando un acabado brillante y opaco que mejora la visibilidad. Se seca r\u00e1pidamente al tacto, minimizando el tiempo de inactividad durante la aplicaci\u00f3n. Es vers\u00e1til y se clasifica seg\u00fan su uso: <strong data-start=\"669\" data-end=\"682\">Permanente<\/strong> para superficies de alto desgaste, <strong data-start=\"707\" data-end=\"725\">Semipermanente<\/strong> para superficies de desgaste medio y <strong data-start=\"756\" data-end=\"769\">Temporal<\/strong> para c\u00e9sped natural. Su f\u00f3rmula es ecol\u00f3gica y segura para el medio ambiente. Esto la hace ideal para campos deportivos, zonas de construcci\u00f3n, almacenes, estacionamientos y espacios para eventos que requieren diferentes niveles de durabilidad.<\/p>\n","protected":false},"excerpt":{"rendered":"<p>La pintura en aerosol ASMACO LINE MARKER es una pintura acr\u00edlica de alta calidad y secado r\u00e1pido para marcar l\u00edneas, dise\u00f1ada para crear l\u00edneas limpias, n\u00edtidas y vibrantes en diversas superficies. Adecuada tanto para interiores como para exteriores, es ideal para marcar c\u00e9sped, hormig\u00f3n, madera, asfalto y superficies compuestas con precisi\u00f3n y facilidad.<\/p>\n","protected":false},"featured_media":2611,"comment_status":"open","ping_status":"closed","template":"","meta":{"_acf_changed":false},"product_brand":[],"product_cat":[15,161],"product_tag":[],"class_list":{"0":"post-2610","1":"product","2":"type-product","3":"status-publish","4":"has-post-thumbnail","6":"product_cat-aerosoles","7":"product_cat-pinturas-en-aerosol","9":"first","10":"instock","11":"shipping-taxable","12":"product-type-simple"},"acf":[],"yoast_head":"<!-- This site is optimized with the Yoast SEO plugin v27.3 - https:\/\/yoast.com\/product\/yoast-seo-wordpress\/ -->\n<title>PINTURA EN AEROSOL PARA MARCADORES DE L\u00cdNEAS ASMACO - anchoralliedfactory<\/title>\n<meta name=\"robots\" content=\"index, follow, max-snippet:-1, max-image-preview:large, max-video-preview:-1\" \/>\n<link rel=\"canonical\" href=\"https:\/\/anchorallied.com\/es\/product\/asmaco-line-marker-spray-paint-acrylic-spray-paint\/\" \/>\n<meta property=\"og:locale\" content=\"en_US\" \/>\n<meta property=\"og:type\" content=\"article\" \/>\n<meta property=\"og:title\" content=\"PINTURA EN AEROSOL PARA MARCADORES DE L\u00cdNEAS ASMACO - anchoralliedfactory\" \/>\n<meta property=\"og:description\" content=\"La pintura en aerosol ASMACO LINE MARKER es una pintura acr\u00edlica de alta calidad y secado r\u00e1pido para marcar l\u00edneas, dise\u00f1ada para crear l\u00edneas limpias, n\u00edtidas y vibrantes en diversas superficies. Adecuada tanto para interiores como para exteriores, es ideal para marcar c\u00e9sped, hormig\u00f3n, madera, asfalto y superficies compuestas con precisi\u00f3n y facilidad.\" \/>\n<meta property=\"og:url\" content=\"https:\/\/anchorallied.com\/es\/product\/asmaco-line-marker-spray-paint-acrylic-spray-paint\/\" \/>\n<meta property=\"og:site_name\" content=\"anchoralliedfactory\" \/>\n<meta property=\"article:modified_time\" content=\"2025-07-27T15:48:55+00:00\" \/>\n<meta property=\"og:image\" content=\"https:\/\/anchorallied.com\/es\/wp-content\/uploads\/2025\/05\/spray_0008_Asmaco-Line-Marker-SP.jpg\" \/>\n\t<meta property=\"og:image:width\" content=\"1200\" \/>\n\t<meta property=\"og:image:height\" content=\"1200\" \/>\n\t<meta property=\"og:image:type\" content=\"image\/jpeg\" \/>\n<meta name=\"twitter:card\" content=\"summary_large_image\" \/>\n<meta name=\"twitter:label1\" content=\"Est. reading time\" \/>\n\t<meta name=\"twitter:data1\" content=\"1 minute\" \/>\n<script type=\"application\/ld+json\" class=\"yoast-schema-graph\">{\"@context\":\"https:\\\/\\\/schema.org\",\"@graph\":[{\"@type\":\"WebPage\",\"@id\":\"https:\\\/\\\/anchorallied.com\\\/es\\\/product\\\/asmaco-line-marker-spray-paint-acrylic-spray-paint\\\/\",\"url\":\"https:\\\/\\\/anchorallied.com\\\/es\\\/product\\\/asmaco-line-marker-spray-paint-acrylic-spray-paint\\\/\",\"name\":\"PINTURA EN AEROSOL PARA MARCADORES DE L\u00cdNEAS ASMACO - anchoralliedfactory\",\"isPartOf\":{\"@id\":\"https:\\\/\\\/anchorallied.com\\\/es\\\/#website\"},\"primaryImageOfPage\":{\"@id\":\"https:\\\/\\\/anchorallied.com\\\/es\\\/product\\\/asmaco-line-marker-spray-paint-acrylic-spray-paint\\\/#primaryimage\"},\"image\":{\"@id\":\"https:\\\/\\\/anchorallied.com\\\/es\\\/product\\\/asmaco-line-marker-spray-paint-acrylic-spray-paint\\\/#primaryimage\"},\"thumbnailUrl\":\"https:\\\/\\\/anchorallied.com\\\/es\\\/wp-content\\\/uploads\\\/2025\\\/05\\\/spray_0008_Asmaco-Line-Marker-SP.jpg\",\"datePublished\":\"2025-05-26T12:51:39+00:00\",\"dateModified\":\"2025-07-27T15:48:55+00:00\",\"breadcrumb\":{\"@id\":\"https:\\\/\\\/anchorallied.com\\\/es\\\/product\\\/asmaco-line-marker-spray-paint-acrylic-spray-paint\\\/#breadcrumb\"},\"inLanguage\":\"en\",\"potentialAction\":[{\"@type\":\"ReadAction\",\"target\":[\"https:\\\/\\\/anchorallied.com\\\/es\\\/product\\\/asmaco-line-marker-spray-paint-acrylic-spray-paint\\\/\"]}]},{\"@type\":\"ImageObject\",\"inLanguage\":\"en\",\"@id\":\"https:\\\/\\\/anchorallied.com\\\/es\\\/product\\\/asmaco-line-marker-spray-paint-acrylic-spray-paint\\\/#primaryimage\",\"url\":\"https:\\\/\\\/anchorallied.com\\\/es\\\/wp-content\\\/uploads\\\/2025\\\/05\\\/spray_0008_Asmaco-Line-Marker-SP.jpg\",\"contentUrl\":\"https:\\\/\\\/anchorallied.com\\\/es\\\/wp-content\\\/uploads\\\/2025\\\/05\\\/spray_0008_Asmaco-Line-Marker-SP.jpg\",\"width\":1200,\"height\":1200},{\"@type\":\"BreadcrumbList\",\"@id\":\"https:\\\/\\\/anchorallied.com\\\/es\\\/product\\\/asmaco-line-marker-spray-paint-acrylic-spray-paint\\\/#breadcrumb\",\"itemListElement\":[{\"@type\":\"ListItem\",\"position\":1,\"name\":\"Home\",\"item\":\"http:\\\/\\\/anchorallied.com\\\/es\\\/\"},{\"@type\":\"ListItem\",\"position\":2,\"name\":\"Shop\",\"item\":\"https:\\\/\\\/anchorallied.com\\\/es\\\/shop\\\/\"},{\"@type\":\"ListItem\",\"position\":3,\"name\":\"PINTURA EN AEROSOL PARA MARCADORES DE L\u00cdNEAS ASMACO\"}]},{\"@type\":\"WebSite\",\"@id\":\"https:\\\/\\\/anchorallied.com\\\/es\\\/#website\",\"url\":\"https:\\\/\\\/anchorallied.com\\\/es\\\/\",\"name\":\"anchoralliedfactory\",\"description\":\"\",\"potentialAction\":[{\"@type\":\"SearchAction\",\"target\":{\"@type\":\"EntryPoint\",\"urlTemplate\":\"https:\\\/\\\/anchorallied.com\\\/es\\\/?s={search_term_string}\"},\"query-input\":{\"@type\":\"PropertyValueSpecification\",\"valueRequired\":true,\"valueName\":\"search_term_string\"}}],\"inLanguage\":\"en\"}]}<\/script>\n<!-- \/ Yoast SEO plugin. -->","yoast_head_json":{"title":"PINTURA EN AEROSOL PARA MARCADORES DE L\u00cdNEAS ASMACO - anchoralliedfactory","robots":{"index":"index","follow":"follow","max-snippet":"max-snippet:-1","max-image-preview":"max-image-preview:large","max-video-preview":"max-video-preview:-1"},"canonical":"https:\/\/anchorallied.com\/es\/product\/asmaco-line-marker-spray-paint-acrylic-spray-paint\/","og_locale":"en_US","og_type":"article","og_title":"PINTURA EN AEROSOL PARA MARCADORES DE L\u00cdNEAS ASMACO - anchoralliedfactory","og_description":"La pintura en aerosol ASMACO LINE MARKER es una pintura acr\u00edlica de alta calidad y secado r\u00e1pido para marcar l\u00edneas, dise\u00f1ada para crear l\u00edneas limpias, n\u00edtidas y vibrantes en diversas superficies. Adecuada tanto para interiores como para exteriores, es ideal para marcar c\u00e9sped, hormig\u00f3n, madera, asfalto y superficies compuestas con precisi\u00f3n y facilidad.","og_url":"https:\/\/anchorallied.com\/es\/product\/asmaco-line-marker-spray-paint-acrylic-spray-paint\/","og_site_name":"anchoralliedfactory","article_modified_time":"2025-07-27T15:48:55+00:00","og_image":[{"width":1200,"height":1200,"url":"https:\/\/anchorallied.com\/es\/wp-content\/uploads\/2025\/05\/spray_0008_Asmaco-Line-Marker-SP.jpg","type":"image\/jpeg"}],"twitter_card":"summary_large_image","twitter_misc":{"Est. reading time":"1 minute"},"schema":{"@context":"https:\/\/schema.org","@graph":[{"@type":"WebPage","@id":"https:\/\/anchorallied.com\/es\/product\/asmaco-line-marker-spray-paint-acrylic-spray-paint\/","url":"https:\/\/anchorallied.com\/es\/product\/asmaco-line-marker-spray-paint-acrylic-spray-paint\/","name":"PINTURA EN AEROSOL PARA MARCADORES DE L\u00cdNEAS ASMACO - anchoralliedfactory","isPartOf":{"@id":"https:\/\/anchorallied.com\/es\/#website"},"primaryImageOfPage":{"@id":"https:\/\/anchorallied.com\/es\/product\/asmaco-line-marker-spray-paint-acrylic-spray-paint\/#primaryimage"},"image":{"@id":"https:\/\/anchorallied.com\/es\/product\/asmaco-line-marker-spray-paint-acrylic-spray-paint\/#primaryimage"},"thumbnailUrl":"https:\/\/anchorallied.com\/es\/wp-content\/uploads\/2025\/05\/spray_0008_Asmaco-Line-Marker-SP.jpg","datePublished":"2025-05-26T12:51:39+00:00","dateModified":"2025-07-27T15:48:55+00:00","breadcrumb":{"@id":"https:\/\/anchorallied.com\/es\/product\/asmaco-line-marker-spray-paint-acrylic-spray-paint\/#breadcrumb"},"inLanguage":"en","potentialAction":[{"@type":"ReadAction","target":["https:\/\/anchorallied.com\/es\/product\/asmaco-line-marker-spray-paint-acrylic-spray-paint\/"]}]},{"@type":"ImageObject","inLanguage":"en","@id":"https:\/\/anchorallied.com\/es\/product\/asmaco-line-marker-spray-paint-acrylic-spray-paint\/#primaryimage","url":"https:\/\/anchorallied.com\/es\/wp-content\/uploads\/2025\/05\/spray_0008_Asmaco-Line-Marker-SP.jpg","contentUrl":"https:\/\/anchorallied.com\/es\/wp-content\/uploads\/2025\/05\/spray_0008_Asmaco-Line-Marker-SP.jpg","width":1200,"height":1200},{"@type":"BreadcrumbList","@id":"https:\/\/anchorallied.com\/es\/product\/asmaco-line-marker-spray-paint-acrylic-spray-paint\/#breadcrumb","itemListElement":[{"@type":"ListItem","position":1,"name":"Home","item":"http:\/\/anchorallied.com\/es\/"},{"@type":"ListItem","position":2,"name":"Shop","item":"https:\/\/anchorallied.com\/es\/shop\/"},{"@type":"ListItem","position":3,"name":"PINTURA EN AEROSOL PARA MARCADORES DE L\u00cdNEAS ASMACO"}]},{"@type":"WebSite","@id":"https:\/\/anchorallied.com\/es\/#website","url":"https:\/\/anchorallied.com\/es\/","name":"anchoralliedfactory","description":"","potentialAction":[{"@type":"SearchAction","target":{"@type":"EntryPoint","urlTemplate":"https:\/\/anchorallied.com\/es\/?s={search_term_string}"},"query-input":{"@type":"PropertyValueSpecification","valueRequired":true,"valueName":"search_term_string"}}],"inLanguage":"en"}]}},"_links":{"self":[{"href":"https:\/\/anchorallied.com\/es\/wp-json\/wp\/v2\/product\/2610","targetHints":{"allow":["GET"]}}],"collection":[{"href":"https:\/\/anchorallied.com\/es\/wp-json\/wp\/v2\/product"}],"about":[{"href":"https:\/\/anchorallied.com\/es\/wp-json\/wp\/v2\/types\/product"}],"replies":[{"embeddable":true,"href":"https:\/\/anchorallied.com\/es\/wp-json\/wp\/v2\/comments?post=2610"}],"wp:featuredmedia":[{"embeddable":true,"href":"https:\/\/anchorallied.com\/es\/wp-json\/wp\/v2\/media\/2611"}],"wp:attachment":[{"href":"https:\/\/anchorallied.com\/es\/wp-json\/wp\/v2\/media?parent=2610"}],"wp:term":[{"taxonomy":"product_brand","embeddable":true,"href":"https:\/\/anchorallied.com\/es\/wp-json\/wp\/v2\/product_brand?post=2610"},{"taxonomy":"product_cat","embeddable":true,"href":"https:\/\/anchorallied.com\/es\/wp-json\/wp\/v2\/product_cat?post=2610"},{"taxonomy":"product_tag","embeddable":true,"href":"https:\/\/anchorallied.com\/es\/wp-json\/wp\/v2\/product_tag?post=2610"}],"curies":[{"name":"wp","href":"https:\/\/api.w.org\/{rel}","templated":true}]}}