{"id":2615,"date":"2025-05-26T13:09:46","date_gmt":"2025-05-26T13:09:46","guid":{"rendered":"http:\/\/anchorallied.com\/es\/?post_type=product&#038;p=2615"},"modified":"2025-07-27T15:48:55","modified_gmt":"2025-07-27T15:48:55","slug":"zinc-rich-cold-galvanizing-spray-cold-galvanizing-spray","status":"publish","type":"product","link":"https:\/\/anchorallied.com\/es\/product\/zinc-rich-cold-galvanizing-spray-cold-galvanizing-spray\/","title":{"rendered":"ASMACO SPRAY DE GALVANIZACI\u00d3N EN FR\u00cdO RICO EN ZINC"},"content":{"rendered":"<p>Este espray de alto rendimiento ofrece un acabado semibrillante con excelente adhesi\u00f3n y poder de cubrimiento, garantizando una aplicaci\u00f3n uniforme sin goteo ni acumulaciones excesivas. Resiste temperaturas de hasta 550 \u00b0C sin degradarse, lo que lo hace apto para su uso en componentes que puedan ser sometidos a soldadura (excepto soldadura con arg\u00f3n). Su f\u00f3rmula rica en zinc proporciona protecci\u00f3n cat\u00f3dica activa, previniendo eficazmente la oxidaci\u00f3n y la corrosi\u00f3n. Adem\u00e1s, el producto no contiene CFC, lo que promueve un uso responsable con el medio ambiente.<\/p>\n","protected":false},"excerpt":{"rendered":"<p>El SPRAY DE GALVANIZACI\u00d3N EN FR\u00cdO RICO EN ZINC es un espray anticorrosivo de secado r\u00e1pido, formulado con 99 % de polvo de zinc puro, que ofrece una protecci\u00f3n galv\u00e1nica superior para superficies met\u00e1licas. Ofrece una resistencia duradera a la corrosi\u00f3n t\u00e9rmica y qu\u00edmica, lo que lo hace ideal para su uso en entornos hostiles y salinos.<\/p>\n","protected":false},"featured_media":2616,"comment_status":"open","ping_status":"closed","template":"","meta":{"_acf_changed":false},"product_brand":[],"product_cat":[15,161],"product_tag":[],"class_list":{"0":"post-2615","1":"product","2":"type-product","3":"status-publish","4":"has-post-thumbnail","6":"product_cat-aerosoles","7":"product_cat-pinturas-en-aerosol","9":"first","10":"instock","11":"shipping-taxable","12":"product-type-simple"},"acf":[],"yoast_head":"<!-- This site is optimized with the Yoast SEO plugin v27.3 - https:\/\/yoast.com\/product\/yoast-seo-wordpress\/ -->\n<title>ASMACO SPRAY DE GALVANIZACI\u00d3N EN FR\u00cdO RICO EN ZINC - anchoralliedfactory<\/title>\n<meta name=\"robots\" content=\"index, follow, max-snippet:-1, max-image-preview:large, max-video-preview:-1\" \/>\n<link rel=\"canonical\" href=\"https:\/\/anchorallied.com\/es\/product\/zinc-rich-cold-galvanizing-spray-cold-galvanizing-spray\/\" \/>\n<meta property=\"og:locale\" content=\"en_US\" \/>\n<meta property=\"og:type\" content=\"article\" \/>\n<meta property=\"og:title\" content=\"ASMACO SPRAY DE GALVANIZACI\u00d3N EN FR\u00cdO RICO EN ZINC - anchoralliedfactory\" \/>\n<meta property=\"og:description\" content=\"El SPRAY DE GALVANIZACI\u00d3N EN FR\u00cdO RICO EN ZINC es un espray anticorrosivo de secado r\u00e1pido, formulado con 99 % de polvo de zinc puro, que ofrece una protecci\u00f3n galv\u00e1nica superior para superficies met\u00e1licas. Ofrece una resistencia duradera a la corrosi\u00f3n t\u00e9rmica y qu\u00edmica, lo que lo hace ideal para su uso en entornos hostiles y salinos.\" \/>\n<meta property=\"og:url\" content=\"https:\/\/anchorallied.com\/es\/product\/zinc-rich-cold-galvanizing-spray-cold-galvanizing-spray\/\" \/>\n<meta property=\"og:site_name\" content=\"anchoralliedfactory\" \/>\n<meta property=\"article:modified_time\" content=\"2025-07-27T15:48:55+00:00\" \/>\n<meta property=\"og:image\" content=\"https:\/\/anchorallied.com\/es\/wp-content\/uploads\/2025\/05\/spray_0007_Asmaco-ZInc-SP.jpg\" \/>\n\t<meta property=\"og:image:width\" content=\"1200\" \/>\n\t<meta property=\"og:image:height\" content=\"1200\" \/>\n\t<meta property=\"og:image:type\" content=\"image\/jpeg\" \/>\n<meta name=\"twitter:card\" content=\"summary_large_image\" \/>\n<script type=\"application\/ld+json\" class=\"yoast-schema-graph\">{\"@context\":\"https:\\\/\\\/schema.org\",\"@graph\":[{\"@type\":\"WebPage\",\"@id\":\"https:\\\/\\\/anchorallied.com\\\/es\\\/product\\\/zinc-rich-cold-galvanizing-spray-cold-galvanizing-spray\\\/\",\"url\":\"https:\\\/\\\/anchorallied.com\\\/es\\\/product\\\/zinc-rich-cold-galvanizing-spray-cold-galvanizing-spray\\\/\",\"name\":\"ASMACO SPRAY DE GALVANIZACI\u00d3N EN FR\u00cdO RICO EN ZINC - anchoralliedfactory\",\"isPartOf\":{\"@id\":\"https:\\\/\\\/anchorallied.com\\\/es\\\/#website\"},\"primaryImageOfPage\":{\"@id\":\"https:\\\/\\\/anchorallied.com\\\/es\\\/product\\\/zinc-rich-cold-galvanizing-spray-cold-galvanizing-spray\\\/#primaryimage\"},\"image\":{\"@id\":\"https:\\\/\\\/anchorallied.com\\\/es\\\/product\\\/zinc-rich-cold-galvanizing-spray-cold-galvanizing-spray\\\/#primaryimage\"},\"thumbnailUrl\":\"https:\\\/\\\/anchorallied.com\\\/es\\\/wp-content\\\/uploads\\\/2025\\\/05\\\/spray_0007_Asmaco-ZInc-SP.jpg\",\"datePublished\":\"2025-05-26T13:09:46+00:00\",\"dateModified\":\"2025-07-27T15:48:55+00:00\",\"breadcrumb\":{\"@id\":\"https:\\\/\\\/anchorallied.com\\\/es\\\/product\\\/zinc-rich-cold-galvanizing-spray-cold-galvanizing-spray\\\/#breadcrumb\"},\"inLanguage\":\"en\",\"potentialAction\":[{\"@type\":\"ReadAction\",\"target\":[\"https:\\\/\\\/anchorallied.com\\\/es\\\/product\\\/zinc-rich-cold-galvanizing-spray-cold-galvanizing-spray\\\/\"]}]},{\"@type\":\"ImageObject\",\"inLanguage\":\"en\",\"@id\":\"https:\\\/\\\/anchorallied.com\\\/es\\\/product\\\/zinc-rich-cold-galvanizing-spray-cold-galvanizing-spray\\\/#primaryimage\",\"url\":\"https:\\\/\\\/anchorallied.com\\\/es\\\/wp-content\\\/uploads\\\/2025\\\/05\\\/spray_0007_Asmaco-ZInc-SP.jpg\",\"contentUrl\":\"https:\\\/\\\/anchorallied.com\\\/es\\\/wp-content\\\/uploads\\\/2025\\\/05\\\/spray_0007_Asmaco-ZInc-SP.jpg\",\"width\":1200,\"height\":1200},{\"@type\":\"BreadcrumbList\",\"@id\":\"https:\\\/\\\/anchorallied.com\\\/es\\\/product\\\/zinc-rich-cold-galvanizing-spray-cold-galvanizing-spray\\\/#breadcrumb\",\"itemListElement\":[{\"@type\":\"ListItem\",\"position\":1,\"name\":\"Home\",\"item\":\"http:\\\/\\\/anchorallied.com\\\/es\\\/\"},{\"@type\":\"ListItem\",\"position\":2,\"name\":\"Shop\",\"item\":\"https:\\\/\\\/anchorallied.com\\\/es\\\/shop\\\/\"},{\"@type\":\"ListItem\",\"position\":3,\"name\":\"ASMACO SPRAY DE GALVANIZACI\u00d3N EN FR\u00cdO RICO EN ZINC\"}]},{\"@type\":\"WebSite\",\"@id\":\"https:\\\/\\\/anchorallied.com\\\/es\\\/#website\",\"url\":\"https:\\\/\\\/anchorallied.com\\\/es\\\/\",\"name\":\"anchoralliedfactory\",\"description\":\"\",\"potentialAction\":[{\"@type\":\"SearchAction\",\"target\":{\"@type\":\"EntryPoint\",\"urlTemplate\":\"https:\\\/\\\/anchorallied.com\\\/es\\\/?s={search_term_string}\"},\"query-input\":{\"@type\":\"PropertyValueSpecification\",\"valueRequired\":true,\"valueName\":\"search_term_string\"}}],\"inLanguage\":\"en\"}]}<\/script>\n<!-- \/ Yoast SEO plugin. -->","yoast_head_json":{"title":"ASMACO SPRAY DE GALVANIZACI\u00d3N EN FR\u00cdO RICO EN ZINC - anchoralliedfactory","robots":{"index":"index","follow":"follow","max-snippet":"max-snippet:-1","max-image-preview":"max-image-preview:large","max-video-preview":"max-video-preview:-1"},"canonical":"https:\/\/anchorallied.com\/es\/product\/zinc-rich-cold-galvanizing-spray-cold-galvanizing-spray\/","og_locale":"en_US","og_type":"article","og_title":"ASMACO SPRAY DE GALVANIZACI\u00d3N EN FR\u00cdO RICO EN ZINC - anchoralliedfactory","og_description":"El SPRAY DE GALVANIZACI\u00d3N EN FR\u00cdO RICO EN ZINC es un espray anticorrosivo de secado r\u00e1pido, formulado con 99 % de polvo de zinc puro, que ofrece una protecci\u00f3n galv\u00e1nica superior para superficies met\u00e1licas. Ofrece una resistencia duradera a la corrosi\u00f3n t\u00e9rmica y qu\u00edmica, lo que lo hace ideal para su uso en entornos hostiles y salinos.","og_url":"https:\/\/anchorallied.com\/es\/product\/zinc-rich-cold-galvanizing-spray-cold-galvanizing-spray\/","og_site_name":"anchoralliedfactory","article_modified_time":"2025-07-27T15:48:55+00:00","og_image":[{"width":1200,"height":1200,"url":"https:\/\/anchorallied.com\/es\/wp-content\/uploads\/2025\/05\/spray_0007_Asmaco-ZInc-SP.jpg","type":"image\/jpeg"}],"twitter_card":"summary_large_image","schema":{"@context":"https:\/\/schema.org","@graph":[{"@type":"WebPage","@id":"https:\/\/anchorallied.com\/es\/product\/zinc-rich-cold-galvanizing-spray-cold-galvanizing-spray\/","url":"https:\/\/anchorallied.com\/es\/product\/zinc-rich-cold-galvanizing-spray-cold-galvanizing-spray\/","name":"ASMACO SPRAY DE GALVANIZACI\u00d3N EN FR\u00cdO RICO EN ZINC - anchoralliedfactory","isPartOf":{"@id":"https:\/\/anchorallied.com\/es\/#website"},"primaryImageOfPage":{"@id":"https:\/\/anchorallied.com\/es\/product\/zinc-rich-cold-galvanizing-spray-cold-galvanizing-spray\/#primaryimage"},"image":{"@id":"https:\/\/anchorallied.com\/es\/product\/zinc-rich-cold-galvanizing-spray-cold-galvanizing-spray\/#primaryimage"},"thumbnailUrl":"https:\/\/anchorallied.com\/es\/wp-content\/uploads\/2025\/05\/spray_0007_Asmaco-ZInc-SP.jpg","datePublished":"2025-05-26T13:09:46+00:00","dateModified":"2025-07-27T15:48:55+00:00","breadcrumb":{"@id":"https:\/\/anchorallied.com\/es\/product\/zinc-rich-cold-galvanizing-spray-cold-galvanizing-spray\/#breadcrumb"},"inLanguage":"en","potentialAction":[{"@type":"ReadAction","target":["https:\/\/anchorallied.com\/es\/product\/zinc-rich-cold-galvanizing-spray-cold-galvanizing-spray\/"]}]},{"@type":"ImageObject","inLanguage":"en","@id":"https:\/\/anchorallied.com\/es\/product\/zinc-rich-cold-galvanizing-spray-cold-galvanizing-spray\/#primaryimage","url":"https:\/\/anchorallied.com\/es\/wp-content\/uploads\/2025\/05\/spray_0007_Asmaco-ZInc-SP.jpg","contentUrl":"https:\/\/anchorallied.com\/es\/wp-content\/uploads\/2025\/05\/spray_0007_Asmaco-ZInc-SP.jpg","width":1200,"height":1200},{"@type":"BreadcrumbList","@id":"https:\/\/anchorallied.com\/es\/product\/zinc-rich-cold-galvanizing-spray-cold-galvanizing-spray\/#breadcrumb","itemListElement":[{"@type":"ListItem","position":1,"name":"Home","item":"http:\/\/anchorallied.com\/es\/"},{"@type":"ListItem","position":2,"name":"Shop","item":"https:\/\/anchorallied.com\/es\/shop\/"},{"@type":"ListItem","position":3,"name":"ASMACO SPRAY DE GALVANIZACI\u00d3N EN FR\u00cdO RICO EN ZINC"}]},{"@type":"WebSite","@id":"https:\/\/anchorallied.com\/es\/#website","url":"https:\/\/anchorallied.com\/es\/","name":"anchoralliedfactory","description":"","potentialAction":[{"@type":"SearchAction","target":{"@type":"EntryPoint","urlTemplate":"https:\/\/anchorallied.com\/es\/?s={search_term_string}"},"query-input":{"@type":"PropertyValueSpecification","valueRequired":true,"valueName":"search_term_string"}}],"inLanguage":"en"}]}},"_links":{"self":[{"href":"https:\/\/anchorallied.com\/es\/wp-json\/wp\/v2\/product\/2615","targetHints":{"allow":["GET"]}}],"collection":[{"href":"https:\/\/anchorallied.com\/es\/wp-json\/wp\/v2\/product"}],"about":[{"href":"https:\/\/anchorallied.com\/es\/wp-json\/wp\/v2\/types\/product"}],"replies":[{"embeddable":true,"href":"https:\/\/anchorallied.com\/es\/wp-json\/wp\/v2\/comments?post=2615"}],"wp:featuredmedia":[{"embeddable":true,"href":"https:\/\/anchorallied.com\/es\/wp-json\/wp\/v2\/media\/2616"}],"wp:attachment":[{"href":"https:\/\/anchorallied.com\/es\/wp-json\/wp\/v2\/media?parent=2615"}],"wp:term":[{"taxonomy":"product_brand","embeddable":true,"href":"https:\/\/anchorallied.com\/es\/wp-json\/wp\/v2\/product_brand?post=2615"},{"taxonomy":"product_cat","embeddable":true,"href":"https:\/\/anchorallied.com\/es\/wp-json\/wp\/v2\/product_cat?post=2615"},{"taxonomy":"product_tag","embeddable":true,"href":"https:\/\/anchorallied.com\/es\/wp-json\/wp\/v2\/product_tag?post=2615"}],"curies":[{"name":"wp","href":"https:\/\/api.w.org\/{rel}","templated":true}]}}