{"id":2619,"date":"2025-05-26T13:25:18","date_gmt":"2025-05-26T13:25:18","guid":{"rendered":"http:\/\/anchorallied.com\/es\/?post_type=product&#038;p=2619"},"modified":"2025-07-27T15:48:55","modified_gmt":"2025-07-27T15:48:55","slug":"asmaco-ld50-rust-remover","status":"publish","type":"product","link":"https:\/\/anchorallied.com\/es\/product\/asmaco-ld50-rust-remover\/","title":{"rendered":"Eliminador de \u00f3xido ASMACO LD 50"},"content":{"rendered":"<p>ASMACO LD+50 ofrece lubricaci\u00f3n y penetraci\u00f3n superiores para aflojar eficazmente accesorios oxidados y piezas mec\u00e1nicas dif\u00edciles de retirar. Sus propiedades hidr\u00f3fugas proporcionan una barrera protectora contra la humedad, lo que ayuda a prevenir la corrosi\u00f3n y prolonga la vida \u00fatil de los componentes met\u00e1licos. Su f\u00f3rmula sin silicona lo hace adecuado para superficies que requieren pintura despu\u00e9s de la aplicaci\u00f3n, lo que garantiza la compatibilidad con los acabados posteriores al mantenimiento. Ideal para una amplia gama de aplicaciones, ASMACO LD+50 es una soluci\u00f3n fiable tanto para uso profesional como dom\u00e9stico.<\/p>\n","protected":false},"excerpt":{"rendered":"<p>ASMACO LD+50 es un aceite lubricante y penetrante de alto rendimiento, dise\u00f1ado para uso vers\u00e1til en aplicaciones marinas, dom\u00e9sticas, de garaje y de mantenimiento. Su f\u00f3rmula hidr\u00f3fuga y sin silicona garantiza una protecci\u00f3n eficaz para superficies met\u00e1licas, a la vez que facilita el pintado tras la limpieza.<\/p>\n","protected":false},"featured_media":2620,"comment_status":"open","ping_status":"closed","template":"","meta":{"_acf_changed":false},"product_brand":[],"product_cat":[15,163],"product_tag":[],"class_list":{"0":"post-2619","1":"product","2":"type-product","3":"status-publish","4":"has-post-thumbnail","6":"product_cat-aerosoles","7":"product_cat-antioxido-lubricantes-aceite-penetrante","9":"first","10":"instock","11":"shipping-taxable","12":"product-type-simple"},"acf":[],"yoast_head":"<!-- This site is optimized with the Yoast SEO plugin v27.3 - https:\/\/yoast.com\/product\/yoast-seo-wordpress\/ -->\n<title>Eliminador de \u00f3xido ASMACO LD 50 - anchoralliedfactory<\/title>\n<meta name=\"robots\" content=\"index, follow, max-snippet:-1, max-image-preview:large, max-video-preview:-1\" \/>\n<link rel=\"canonical\" href=\"https:\/\/anchorallied.com\/es\/product\/asmaco-ld50-rust-remover\/\" \/>\n<meta property=\"og:locale\" content=\"en_US\" \/>\n<meta property=\"og:type\" content=\"article\" \/>\n<meta property=\"og:title\" content=\"Eliminador de \u00f3xido ASMACO LD 50 - anchoralliedfactory\" \/>\n<meta property=\"og:description\" content=\"ASMACO LD+50 es un aceite lubricante y penetrante de alto rendimiento, dise\u00f1ado para uso vers\u00e1til en aplicaciones marinas, dom\u00e9sticas, de garaje y de mantenimiento. Su f\u00f3rmula hidr\u00f3fuga y sin silicona garantiza una protecci\u00f3n eficaz para superficies met\u00e1licas, a la vez que facilita el pintado tras la limpieza.\" \/>\n<meta property=\"og:url\" content=\"https:\/\/anchorallied.com\/es\/product\/asmaco-ld50-rust-remover\/\" \/>\n<meta property=\"og:site_name\" content=\"anchoralliedfactory\" \/>\n<meta property=\"article:modified_time\" content=\"2025-07-27T15:48:55+00:00\" \/>\n<meta property=\"og:image\" content=\"https:\/\/anchorallied.com\/es\/wp-content\/uploads\/2025\/05\/cleaners_0002_LD50.jpg\" \/>\n\t<meta property=\"og:image:width\" content=\"1200\" \/>\n\t<meta property=\"og:image:height\" content=\"1200\" \/>\n\t<meta property=\"og:image:type\" content=\"image\/jpeg\" \/>\n<meta name=\"twitter:card\" content=\"summary_large_image\" \/>\n<meta name=\"twitter:label1\" content=\"Est. reading time\" \/>\n\t<meta name=\"twitter:data1\" content=\"1 minute\" \/>\n<script type=\"application\/ld+json\" class=\"yoast-schema-graph\">{\"@context\":\"https:\\\/\\\/schema.org\",\"@graph\":[{\"@type\":\"WebPage\",\"@id\":\"https:\\\/\\\/anchorallied.com\\\/es\\\/product\\\/asmaco-ld50-rust-remover\\\/\",\"url\":\"https:\\\/\\\/anchorallied.com\\\/es\\\/product\\\/asmaco-ld50-rust-remover\\\/\",\"name\":\"Eliminador de \u00f3xido ASMACO LD 50 - anchoralliedfactory\",\"isPartOf\":{\"@id\":\"https:\\\/\\\/anchorallied.com\\\/es\\\/#website\"},\"primaryImageOfPage\":{\"@id\":\"https:\\\/\\\/anchorallied.com\\\/es\\\/product\\\/asmaco-ld50-rust-remover\\\/#primaryimage\"},\"image\":{\"@id\":\"https:\\\/\\\/anchorallied.com\\\/es\\\/product\\\/asmaco-ld50-rust-remover\\\/#primaryimage\"},\"thumbnailUrl\":\"https:\\\/\\\/anchorallied.com\\\/es\\\/wp-content\\\/uploads\\\/2025\\\/05\\\/cleaners_0002_LD50.jpg\",\"datePublished\":\"2025-05-26T13:25:18+00:00\",\"dateModified\":\"2025-07-27T15:48:55+00:00\",\"breadcrumb\":{\"@id\":\"https:\\\/\\\/anchorallied.com\\\/es\\\/product\\\/asmaco-ld50-rust-remover\\\/#breadcrumb\"},\"inLanguage\":\"en\",\"potentialAction\":[{\"@type\":\"ReadAction\",\"target\":[\"https:\\\/\\\/anchorallied.com\\\/es\\\/product\\\/asmaco-ld50-rust-remover\\\/\"]}]},{\"@type\":\"ImageObject\",\"inLanguage\":\"en\",\"@id\":\"https:\\\/\\\/anchorallied.com\\\/es\\\/product\\\/asmaco-ld50-rust-remover\\\/#primaryimage\",\"url\":\"https:\\\/\\\/anchorallied.com\\\/es\\\/wp-content\\\/uploads\\\/2025\\\/05\\\/cleaners_0002_LD50.jpg\",\"contentUrl\":\"https:\\\/\\\/anchorallied.com\\\/es\\\/wp-content\\\/uploads\\\/2025\\\/05\\\/cleaners_0002_LD50.jpg\",\"width\":1200,\"height\":1200},{\"@type\":\"BreadcrumbList\",\"@id\":\"https:\\\/\\\/anchorallied.com\\\/es\\\/product\\\/asmaco-ld50-rust-remover\\\/#breadcrumb\",\"itemListElement\":[{\"@type\":\"ListItem\",\"position\":1,\"name\":\"Home\",\"item\":\"http:\\\/\\\/anchorallied.com\\\/es\\\/\"},{\"@type\":\"ListItem\",\"position\":2,\"name\":\"Shop\",\"item\":\"https:\\\/\\\/anchorallied.com\\\/es\\\/shop\\\/\"},{\"@type\":\"ListItem\",\"position\":3,\"name\":\"Eliminador de \u00f3xido ASMACO LD 50\"}]},{\"@type\":\"WebSite\",\"@id\":\"https:\\\/\\\/anchorallied.com\\\/es\\\/#website\",\"url\":\"https:\\\/\\\/anchorallied.com\\\/es\\\/\",\"name\":\"anchoralliedfactory\",\"description\":\"\",\"potentialAction\":[{\"@type\":\"SearchAction\",\"target\":{\"@type\":\"EntryPoint\",\"urlTemplate\":\"https:\\\/\\\/anchorallied.com\\\/es\\\/?s={search_term_string}\"},\"query-input\":{\"@type\":\"PropertyValueSpecification\",\"valueRequired\":true,\"valueName\":\"search_term_string\"}}],\"inLanguage\":\"en\"}]}<\/script>\n<!-- \/ Yoast SEO plugin. -->","yoast_head_json":{"title":"Eliminador de \u00f3xido ASMACO LD 50 - anchoralliedfactory","robots":{"index":"index","follow":"follow","max-snippet":"max-snippet:-1","max-image-preview":"max-image-preview:large","max-video-preview":"max-video-preview:-1"},"canonical":"https:\/\/anchorallied.com\/es\/product\/asmaco-ld50-rust-remover\/","og_locale":"en_US","og_type":"article","og_title":"Eliminador de \u00f3xido ASMACO LD 50 - anchoralliedfactory","og_description":"ASMACO LD+50 es un aceite lubricante y penetrante de alto rendimiento, dise\u00f1ado para uso vers\u00e1til en aplicaciones marinas, dom\u00e9sticas, de garaje y de mantenimiento. Su f\u00f3rmula hidr\u00f3fuga y sin silicona garantiza una protecci\u00f3n eficaz para superficies met\u00e1licas, a la vez que facilita el pintado tras la limpieza.","og_url":"https:\/\/anchorallied.com\/es\/product\/asmaco-ld50-rust-remover\/","og_site_name":"anchoralliedfactory","article_modified_time":"2025-07-27T15:48:55+00:00","og_image":[{"width":1200,"height":1200,"url":"https:\/\/anchorallied.com\/es\/wp-content\/uploads\/2025\/05\/cleaners_0002_LD50.jpg","type":"image\/jpeg"}],"twitter_card":"summary_large_image","twitter_misc":{"Est. reading time":"1 minute"},"schema":{"@context":"https:\/\/schema.org","@graph":[{"@type":"WebPage","@id":"https:\/\/anchorallied.com\/es\/product\/asmaco-ld50-rust-remover\/","url":"https:\/\/anchorallied.com\/es\/product\/asmaco-ld50-rust-remover\/","name":"Eliminador de \u00f3xido ASMACO LD 50 - anchoralliedfactory","isPartOf":{"@id":"https:\/\/anchorallied.com\/es\/#website"},"primaryImageOfPage":{"@id":"https:\/\/anchorallied.com\/es\/product\/asmaco-ld50-rust-remover\/#primaryimage"},"image":{"@id":"https:\/\/anchorallied.com\/es\/product\/asmaco-ld50-rust-remover\/#primaryimage"},"thumbnailUrl":"https:\/\/anchorallied.com\/es\/wp-content\/uploads\/2025\/05\/cleaners_0002_LD50.jpg","datePublished":"2025-05-26T13:25:18+00:00","dateModified":"2025-07-27T15:48:55+00:00","breadcrumb":{"@id":"https:\/\/anchorallied.com\/es\/product\/asmaco-ld50-rust-remover\/#breadcrumb"},"inLanguage":"en","potentialAction":[{"@type":"ReadAction","target":["https:\/\/anchorallied.com\/es\/product\/asmaco-ld50-rust-remover\/"]}]},{"@type":"ImageObject","inLanguage":"en","@id":"https:\/\/anchorallied.com\/es\/product\/asmaco-ld50-rust-remover\/#primaryimage","url":"https:\/\/anchorallied.com\/es\/wp-content\/uploads\/2025\/05\/cleaners_0002_LD50.jpg","contentUrl":"https:\/\/anchorallied.com\/es\/wp-content\/uploads\/2025\/05\/cleaners_0002_LD50.jpg","width":1200,"height":1200},{"@type":"BreadcrumbList","@id":"https:\/\/anchorallied.com\/es\/product\/asmaco-ld50-rust-remover\/#breadcrumb","itemListElement":[{"@type":"ListItem","position":1,"name":"Home","item":"http:\/\/anchorallied.com\/es\/"},{"@type":"ListItem","position":2,"name":"Shop","item":"https:\/\/anchorallied.com\/es\/shop\/"},{"@type":"ListItem","position":3,"name":"Eliminador de \u00f3xido ASMACO LD 50"}]},{"@type":"WebSite","@id":"https:\/\/anchorallied.com\/es\/#website","url":"https:\/\/anchorallied.com\/es\/","name":"anchoralliedfactory","description":"","potentialAction":[{"@type":"SearchAction","target":{"@type":"EntryPoint","urlTemplate":"https:\/\/anchorallied.com\/es\/?s={search_term_string}"},"query-input":{"@type":"PropertyValueSpecification","valueRequired":true,"valueName":"search_term_string"}}],"inLanguage":"en"}]}},"_links":{"self":[{"href":"https:\/\/anchorallied.com\/es\/wp-json\/wp\/v2\/product\/2619","targetHints":{"allow":["GET"]}}],"collection":[{"href":"https:\/\/anchorallied.com\/es\/wp-json\/wp\/v2\/product"}],"about":[{"href":"https:\/\/anchorallied.com\/es\/wp-json\/wp\/v2\/types\/product"}],"replies":[{"embeddable":true,"href":"https:\/\/anchorallied.com\/es\/wp-json\/wp\/v2\/comments?post=2619"}],"wp:featuredmedia":[{"embeddable":true,"href":"https:\/\/anchorallied.com\/es\/wp-json\/wp\/v2\/media\/2620"}],"wp:attachment":[{"href":"https:\/\/anchorallied.com\/es\/wp-json\/wp\/v2\/media?parent=2619"}],"wp:term":[{"taxonomy":"product_brand","embeddable":true,"href":"https:\/\/anchorallied.com\/es\/wp-json\/wp\/v2\/product_brand?post=2619"},{"taxonomy":"product_cat","embeddable":true,"href":"https:\/\/anchorallied.com\/es\/wp-json\/wp\/v2\/product_cat?post=2619"},{"taxonomy":"product_tag","embeddable":true,"href":"https:\/\/anchorallied.com\/es\/wp-json\/wp\/v2\/product_tag?post=2619"}],"curies":[{"name":"wp","href":"https:\/\/api.w.org\/{rel}","templated":true}]}}