{"id":2663,"date":"2025-05-27T04:50:01","date_gmt":"2025-05-27T04:50:01","guid":{"rendered":"http:\/\/anchorallied.com\/es\/?post_type=product&#038;p=2663"},"modified":"2025-07-27T15:48:56","modified_gmt":"2025-07-27T15:48:56","slug":"asmaco-chain-cleaner-spray-chain-cleaner","status":"publish","type":"product","link":"https:\/\/anchorallied.com\/es\/product\/asmaco-chain-cleaner-spray-chain-cleaner\/","title":{"rendered":"ASMACO LIMPIADOR DE CADENAS EN SPRAY"},"content":{"rendered":"<p>El Limpiador de Cadenas en Aerosol ASMACO ofrece una potente limpieza gracias a su aplicaci\u00f3n a alta presi\u00f3n y su potente f\u00f3rmula desengrasante. Penetra profundamente en cadenas, pi\u00f1ones, cassettes y desviadores para disolver la grasa, el aceite y la suciedad acumulados, dejando los componentes como nuevos. Su f\u00f3rmula sin residuos garantiza una preparaci\u00f3n \u00f3ptima de la superficie para la aplicaci\u00f3n de cera o lubricantes para cadenas. Apto para una amplia gama de componentes met\u00e1licos, como cadenas con juntas t\u00f3ricas, motosierras, equipos agr\u00edcolas y de construcci\u00f3n, y maquinaria pesada, este limpiador ayuda a mantener la eficiencia de la transmisi\u00f3n y prolonga la vida \u00fatil de las piezas cr\u00edticas. Su uso regular mejora el rendimiento y reduce el desgaste, lo que lo convierte en una soluci\u00f3n de mantenimiento esencial para aplicaciones de servicio ligero y pesado.<\/p>\n","protected":false},"excerpt":{"rendered":"<p>El Spray Limpiador de Cadenas ASMACO es una soluci\u00f3n desengrasante monocomponente de alta presi\u00f3n dise\u00f1ada para limpiar a fondo los componentes de la transmisi\u00f3n. Elimina eficazmente el aceite, la grasa y otros contaminantes sin dejar residuos, lo que lo hace ideal para preparar cadenas para la lubricaci\u00f3n o para alternar entre diferentes tratamientos.<\/p>\n","protected":false},"featured_media":2667,"comment_status":"open","ping_status":"closed","template":"","meta":{"_acf_changed":false},"product_brand":[],"product_cat":[15,164],"product_tag":[],"class_list":{"0":"post-2663","1":"product","2":"type-product","3":"status-publish","4":"has-post-thumbnail","6":"product_cat-aerosoles","7":"product_cat-cuidado-del-automovil","9":"first","10":"instock","11":"shipping-taxable","12":"product-type-simple"},"acf":[],"yoast_head":"<!-- This site is optimized with the Yoast SEO plugin v27.3 - https:\/\/yoast.com\/product\/yoast-seo-wordpress\/ -->\n<title>ASMACO LIMPIADOR DE CADENAS EN SPRAY - anchoralliedfactory<\/title>\n<meta name=\"robots\" content=\"index, follow, max-snippet:-1, max-image-preview:large, max-video-preview:-1\" \/>\n<link rel=\"canonical\" href=\"https:\/\/anchorallied.com\/es\/product\/asmaco-chain-cleaner-spray-chain-cleaner\/\" \/>\n<meta property=\"og:locale\" content=\"en_US\" \/>\n<meta property=\"og:type\" content=\"article\" \/>\n<meta property=\"og:title\" content=\"ASMACO LIMPIADOR DE CADENAS EN SPRAY - anchoralliedfactory\" \/>\n<meta property=\"og:description\" content=\"El Spray Limpiador de Cadenas ASMACO es una soluci\u00f3n desengrasante monocomponente de alta presi\u00f3n dise\u00f1ada para limpiar a fondo los componentes de la transmisi\u00f3n. Elimina eficazmente el aceite, la grasa y otros contaminantes sin dejar residuos, lo que lo hace ideal para preparar cadenas para la lubricaci\u00f3n o para alternar entre diferentes tratamientos.\" \/>\n<meta property=\"og:url\" content=\"https:\/\/anchorallied.com\/es\/product\/asmaco-chain-cleaner-spray-chain-cleaner\/\" \/>\n<meta property=\"og:site_name\" content=\"anchoralliedfactory\" \/>\n<meta property=\"article:modified_time\" content=\"2025-07-27T15:48:56+00:00\" \/>\n<meta property=\"og:image\" content=\"https:\/\/anchorallied.com\/es\/wp-content\/uploads\/2025\/05\/Autocare_0009_Chain-Cleaner-250-ml.jpg\" \/>\n\t<meta property=\"og:image:width\" content=\"1200\" \/>\n\t<meta property=\"og:image:height\" content=\"1200\" \/>\n\t<meta property=\"og:image:type\" content=\"image\/jpeg\" \/>\n<meta name=\"twitter:card\" content=\"summary_large_image\" \/>\n<meta name=\"twitter:label1\" content=\"Est. reading time\" \/>\n\t<meta name=\"twitter:data1\" content=\"1 minute\" \/>\n<script type=\"application\/ld+json\" class=\"yoast-schema-graph\">{\"@context\":\"https:\\\/\\\/schema.org\",\"@graph\":[{\"@type\":\"WebPage\",\"@id\":\"https:\\\/\\\/anchorallied.com\\\/es\\\/product\\\/asmaco-chain-cleaner-spray-chain-cleaner\\\/\",\"url\":\"https:\\\/\\\/anchorallied.com\\\/es\\\/product\\\/asmaco-chain-cleaner-spray-chain-cleaner\\\/\",\"name\":\"ASMACO LIMPIADOR DE CADENAS EN SPRAY - anchoralliedfactory\",\"isPartOf\":{\"@id\":\"https:\\\/\\\/anchorallied.com\\\/es\\\/#website\"},\"primaryImageOfPage\":{\"@id\":\"https:\\\/\\\/anchorallied.com\\\/es\\\/product\\\/asmaco-chain-cleaner-spray-chain-cleaner\\\/#primaryimage\"},\"image\":{\"@id\":\"https:\\\/\\\/anchorallied.com\\\/es\\\/product\\\/asmaco-chain-cleaner-spray-chain-cleaner\\\/#primaryimage\"},\"thumbnailUrl\":\"https:\\\/\\\/anchorallied.com\\\/es\\\/wp-content\\\/uploads\\\/2025\\\/05\\\/Autocare_0009_Chain-Cleaner-250-ml.jpg\",\"datePublished\":\"2025-05-27T04:50:01+00:00\",\"dateModified\":\"2025-07-27T15:48:56+00:00\",\"breadcrumb\":{\"@id\":\"https:\\\/\\\/anchorallied.com\\\/es\\\/product\\\/asmaco-chain-cleaner-spray-chain-cleaner\\\/#breadcrumb\"},\"inLanguage\":\"en\",\"potentialAction\":[{\"@type\":\"ReadAction\",\"target\":[\"https:\\\/\\\/anchorallied.com\\\/es\\\/product\\\/asmaco-chain-cleaner-spray-chain-cleaner\\\/\"]}]},{\"@type\":\"ImageObject\",\"inLanguage\":\"en\",\"@id\":\"https:\\\/\\\/anchorallied.com\\\/es\\\/product\\\/asmaco-chain-cleaner-spray-chain-cleaner\\\/#primaryimage\",\"url\":\"https:\\\/\\\/anchorallied.com\\\/es\\\/wp-content\\\/uploads\\\/2025\\\/05\\\/Autocare_0009_Chain-Cleaner-250-ml.jpg\",\"contentUrl\":\"https:\\\/\\\/anchorallied.com\\\/es\\\/wp-content\\\/uploads\\\/2025\\\/05\\\/Autocare_0009_Chain-Cleaner-250-ml.jpg\",\"width\":1200,\"height\":1200},{\"@type\":\"BreadcrumbList\",\"@id\":\"https:\\\/\\\/anchorallied.com\\\/es\\\/product\\\/asmaco-chain-cleaner-spray-chain-cleaner\\\/#breadcrumb\",\"itemListElement\":[{\"@type\":\"ListItem\",\"position\":1,\"name\":\"Home\",\"item\":\"http:\\\/\\\/anchorallied.com\\\/es\\\/\"},{\"@type\":\"ListItem\",\"position\":2,\"name\":\"Shop\",\"item\":\"https:\\\/\\\/anchorallied.com\\\/es\\\/shop\\\/\"},{\"@type\":\"ListItem\",\"position\":3,\"name\":\"ASMACO LIMPIADOR DE CADENAS EN SPRAY\"}]},{\"@type\":\"WebSite\",\"@id\":\"https:\\\/\\\/anchorallied.com\\\/es\\\/#website\",\"url\":\"https:\\\/\\\/anchorallied.com\\\/es\\\/\",\"name\":\"anchoralliedfactory\",\"description\":\"\",\"potentialAction\":[{\"@type\":\"SearchAction\",\"target\":{\"@type\":\"EntryPoint\",\"urlTemplate\":\"https:\\\/\\\/anchorallied.com\\\/es\\\/?s={search_term_string}\"},\"query-input\":{\"@type\":\"PropertyValueSpecification\",\"valueRequired\":true,\"valueName\":\"search_term_string\"}}],\"inLanguage\":\"en\"}]}<\/script>\n<!-- \/ Yoast SEO plugin. -->","yoast_head_json":{"title":"ASMACO LIMPIADOR DE CADENAS EN SPRAY - anchoralliedfactory","robots":{"index":"index","follow":"follow","max-snippet":"max-snippet:-1","max-image-preview":"max-image-preview:large","max-video-preview":"max-video-preview:-1"},"canonical":"https:\/\/anchorallied.com\/es\/product\/asmaco-chain-cleaner-spray-chain-cleaner\/","og_locale":"en_US","og_type":"article","og_title":"ASMACO LIMPIADOR DE CADENAS EN SPRAY - anchoralliedfactory","og_description":"El Spray Limpiador de Cadenas ASMACO es una soluci\u00f3n desengrasante monocomponente de alta presi\u00f3n dise\u00f1ada para limpiar a fondo los componentes de la transmisi\u00f3n. Elimina eficazmente el aceite, la grasa y otros contaminantes sin dejar residuos, lo que lo hace ideal para preparar cadenas para la lubricaci\u00f3n o para alternar entre diferentes tratamientos.","og_url":"https:\/\/anchorallied.com\/es\/product\/asmaco-chain-cleaner-spray-chain-cleaner\/","og_site_name":"anchoralliedfactory","article_modified_time":"2025-07-27T15:48:56+00:00","og_image":[{"width":1200,"height":1200,"url":"https:\/\/anchorallied.com\/es\/wp-content\/uploads\/2025\/05\/Autocare_0009_Chain-Cleaner-250-ml.jpg","type":"image\/jpeg"}],"twitter_card":"summary_large_image","twitter_misc":{"Est. reading time":"1 minute"},"schema":{"@context":"https:\/\/schema.org","@graph":[{"@type":"WebPage","@id":"https:\/\/anchorallied.com\/es\/product\/asmaco-chain-cleaner-spray-chain-cleaner\/","url":"https:\/\/anchorallied.com\/es\/product\/asmaco-chain-cleaner-spray-chain-cleaner\/","name":"ASMACO LIMPIADOR DE CADENAS EN SPRAY - anchoralliedfactory","isPartOf":{"@id":"https:\/\/anchorallied.com\/es\/#website"},"primaryImageOfPage":{"@id":"https:\/\/anchorallied.com\/es\/product\/asmaco-chain-cleaner-spray-chain-cleaner\/#primaryimage"},"image":{"@id":"https:\/\/anchorallied.com\/es\/product\/asmaco-chain-cleaner-spray-chain-cleaner\/#primaryimage"},"thumbnailUrl":"https:\/\/anchorallied.com\/es\/wp-content\/uploads\/2025\/05\/Autocare_0009_Chain-Cleaner-250-ml.jpg","datePublished":"2025-05-27T04:50:01+00:00","dateModified":"2025-07-27T15:48:56+00:00","breadcrumb":{"@id":"https:\/\/anchorallied.com\/es\/product\/asmaco-chain-cleaner-spray-chain-cleaner\/#breadcrumb"},"inLanguage":"en","potentialAction":[{"@type":"ReadAction","target":["https:\/\/anchorallied.com\/es\/product\/asmaco-chain-cleaner-spray-chain-cleaner\/"]}]},{"@type":"ImageObject","inLanguage":"en","@id":"https:\/\/anchorallied.com\/es\/product\/asmaco-chain-cleaner-spray-chain-cleaner\/#primaryimage","url":"https:\/\/anchorallied.com\/es\/wp-content\/uploads\/2025\/05\/Autocare_0009_Chain-Cleaner-250-ml.jpg","contentUrl":"https:\/\/anchorallied.com\/es\/wp-content\/uploads\/2025\/05\/Autocare_0009_Chain-Cleaner-250-ml.jpg","width":1200,"height":1200},{"@type":"BreadcrumbList","@id":"https:\/\/anchorallied.com\/es\/product\/asmaco-chain-cleaner-spray-chain-cleaner\/#breadcrumb","itemListElement":[{"@type":"ListItem","position":1,"name":"Home","item":"http:\/\/anchorallied.com\/es\/"},{"@type":"ListItem","position":2,"name":"Shop","item":"https:\/\/anchorallied.com\/es\/shop\/"},{"@type":"ListItem","position":3,"name":"ASMACO LIMPIADOR DE CADENAS EN SPRAY"}]},{"@type":"WebSite","@id":"https:\/\/anchorallied.com\/es\/#website","url":"https:\/\/anchorallied.com\/es\/","name":"anchoralliedfactory","description":"","potentialAction":[{"@type":"SearchAction","target":{"@type":"EntryPoint","urlTemplate":"https:\/\/anchorallied.com\/es\/?s={search_term_string}"},"query-input":{"@type":"PropertyValueSpecification","valueRequired":true,"valueName":"search_term_string"}}],"inLanguage":"en"}]}},"_links":{"self":[{"href":"https:\/\/anchorallied.com\/es\/wp-json\/wp\/v2\/product\/2663","targetHints":{"allow":["GET"]}}],"collection":[{"href":"https:\/\/anchorallied.com\/es\/wp-json\/wp\/v2\/product"}],"about":[{"href":"https:\/\/anchorallied.com\/es\/wp-json\/wp\/v2\/types\/product"}],"replies":[{"embeddable":true,"href":"https:\/\/anchorallied.com\/es\/wp-json\/wp\/v2\/comments?post=2663"}],"wp:featuredmedia":[{"embeddable":true,"href":"https:\/\/anchorallied.com\/es\/wp-json\/wp\/v2\/media\/2667"}],"wp:attachment":[{"href":"https:\/\/anchorallied.com\/es\/wp-json\/wp\/v2\/media?parent=2663"}],"wp:term":[{"taxonomy":"product_brand","embeddable":true,"href":"https:\/\/anchorallied.com\/es\/wp-json\/wp\/v2\/product_brand?post=2663"},{"taxonomy":"product_cat","embeddable":true,"href":"https:\/\/anchorallied.com\/es\/wp-json\/wp\/v2\/product_cat?post=2663"},{"taxonomy":"product_tag","embeddable":true,"href":"https:\/\/anchorallied.com\/es\/wp-json\/wp\/v2\/product_tag?post=2663"}],"curies":[{"name":"wp","href":"https:\/\/api.w.org\/{rel}","templated":true}]}}