{"id":2665,"date":"2025-05-27T04:54:56","date_gmt":"2025-05-27T04:54:56","guid":{"rendered":"http:\/\/anchorallied.com\/es\/?post_type=product&#038;p=2665"},"modified":"2025-07-27T15:48:56","modified_gmt":"2025-07-27T15:48:56","slug":"asmaco-carburetor-cleaner-carburetor","status":"publish","type":"product","link":"https:\/\/anchorallied.com\/es\/product\/asmaco-carburetor-cleaner-carburetor\/","title":{"rendered":"LIMPIADOR DE CARBURADORES ASMACO"},"content":{"rendered":"<p>El Limpiador de Carburadores ASMACO ofrece una limpieza profunda y precisa para componentes cr\u00edticos del motor, como el acelerador y los amortiguadores de aire, difusores, inyectores y otras superficies internas de los carburadores. Tambi\u00e9n limpia eficazmente las piezas externas, garantizando un rendimiento \u00f3ptimo del carburador. Adem\u00e1s de carburadores, es adecuado para limpiar cadenas de motocicletas, cadenas de distribuci\u00f3n, piezas de embrague, bombas de aceite, engranajes, cig\u00fce\u00f1ales y otros componentes met\u00e1licos del motor sin pintar. El limpiador ayuda a reducir el consumo de combustible hasta en un 5% y disminuye la toxicidad de los gases de escape, lo que contribuye a una mayor eficiencia del motor y a un menor impacto ambiental. Su f\u00f3rmula de acci\u00f3n r\u00e1pida garantiza un mantenimiento pr\u00e1ctico y eficaz para una amplia gama de sistemas automotrices y mec\u00e1nicos.<\/p>\n","protected":false},"excerpt":{"rendered":"<p>El Limpiador de Carburadores ASMACO es una soluci\u00f3n de limpieza potente y de acci\u00f3n r\u00e1pida, dise\u00f1ada para limpiar eficazmente los componentes internos y externos de los carburadores. Mejora el rendimiento del motor eliminando dep\u00f3sitos y reduciendo el consumo de combustible y las emisiones.<\/p>\n","protected":false},"featured_media":2666,"comment_status":"open","ping_status":"closed","template":"","meta":{"_acf_changed":false},"product_brand":[],"product_cat":[15,164],"product_tag":[],"class_list":{"0":"post-2665","1":"product","2":"type-product","3":"status-publish","4":"has-post-thumbnail","6":"product_cat-aerosoles","7":"product_cat-cuidado-del-automovil","9":"first","10":"instock","11":"shipping-taxable","12":"product-type-simple"},"acf":[],"yoast_head":"<!-- This site is optimized with the Yoast SEO plugin v27.3 - https:\/\/yoast.com\/product\/yoast-seo-wordpress\/ -->\n<title>LIMPIADOR DE CARBURADORES ASMACO - anchoralliedfactory<\/title>\n<meta name=\"robots\" content=\"index, follow, max-snippet:-1, max-image-preview:large, max-video-preview:-1\" \/>\n<link rel=\"canonical\" href=\"https:\/\/anchorallied.com\/es\/product\/asmaco-carburetor-cleaner-carburetor\/\" \/>\n<meta property=\"og:locale\" content=\"en_US\" \/>\n<meta property=\"og:type\" content=\"article\" \/>\n<meta property=\"og:title\" content=\"LIMPIADOR DE CARBURADORES ASMACO - anchoralliedfactory\" \/>\n<meta property=\"og:description\" content=\"El Limpiador de Carburadores ASMACO es una soluci\u00f3n de limpieza potente y de acci\u00f3n r\u00e1pida, dise\u00f1ada para limpiar eficazmente los componentes internos y externos de los carburadores. Mejora el rendimiento del motor eliminando dep\u00f3sitos y reduciendo el consumo de combustible y las emisiones.\" \/>\n<meta property=\"og:url\" content=\"https:\/\/anchorallied.com\/es\/product\/asmaco-carburetor-cleaner-carburetor\/\" \/>\n<meta property=\"og:site_name\" content=\"anchoralliedfactory\" \/>\n<meta property=\"article:modified_time\" content=\"2025-07-27T15:48:56+00:00\" \/>\n<meta property=\"og:image\" content=\"https:\/\/anchorallied.com\/es\/wp-content\/uploads\/2025\/05\/Autocare_0010_Carburetor-cleaner.jpg\" \/>\n\t<meta property=\"og:image:width\" content=\"1200\" \/>\n\t<meta property=\"og:image:height\" content=\"1200\" \/>\n\t<meta property=\"og:image:type\" content=\"image\/jpeg\" \/>\n<meta name=\"twitter:card\" content=\"summary_large_image\" \/>\n<meta name=\"twitter:label1\" content=\"Est. reading time\" \/>\n\t<meta name=\"twitter:data1\" content=\"1 minute\" \/>\n<script type=\"application\/ld+json\" class=\"yoast-schema-graph\">{\"@context\":\"https:\\\/\\\/schema.org\",\"@graph\":[{\"@type\":\"WebPage\",\"@id\":\"https:\\\/\\\/anchorallied.com\\\/es\\\/product\\\/asmaco-carburetor-cleaner-carburetor\\\/\",\"url\":\"https:\\\/\\\/anchorallied.com\\\/es\\\/product\\\/asmaco-carburetor-cleaner-carburetor\\\/\",\"name\":\"LIMPIADOR DE CARBURADORES ASMACO - anchoralliedfactory\",\"isPartOf\":{\"@id\":\"https:\\\/\\\/anchorallied.com\\\/es\\\/#website\"},\"primaryImageOfPage\":{\"@id\":\"https:\\\/\\\/anchorallied.com\\\/es\\\/product\\\/asmaco-carburetor-cleaner-carburetor\\\/#primaryimage\"},\"image\":{\"@id\":\"https:\\\/\\\/anchorallied.com\\\/es\\\/product\\\/asmaco-carburetor-cleaner-carburetor\\\/#primaryimage\"},\"thumbnailUrl\":\"https:\\\/\\\/anchorallied.com\\\/es\\\/wp-content\\\/uploads\\\/2025\\\/05\\\/Autocare_0010_Carburetor-cleaner.jpg\",\"datePublished\":\"2025-05-27T04:54:56+00:00\",\"dateModified\":\"2025-07-27T15:48:56+00:00\",\"breadcrumb\":{\"@id\":\"https:\\\/\\\/anchorallied.com\\\/es\\\/product\\\/asmaco-carburetor-cleaner-carburetor\\\/#breadcrumb\"},\"inLanguage\":\"en\",\"potentialAction\":[{\"@type\":\"ReadAction\",\"target\":[\"https:\\\/\\\/anchorallied.com\\\/es\\\/product\\\/asmaco-carburetor-cleaner-carburetor\\\/\"]}]},{\"@type\":\"ImageObject\",\"inLanguage\":\"en\",\"@id\":\"https:\\\/\\\/anchorallied.com\\\/es\\\/product\\\/asmaco-carburetor-cleaner-carburetor\\\/#primaryimage\",\"url\":\"https:\\\/\\\/anchorallied.com\\\/es\\\/wp-content\\\/uploads\\\/2025\\\/05\\\/Autocare_0010_Carburetor-cleaner.jpg\",\"contentUrl\":\"https:\\\/\\\/anchorallied.com\\\/es\\\/wp-content\\\/uploads\\\/2025\\\/05\\\/Autocare_0010_Carburetor-cleaner.jpg\",\"width\":1200,\"height\":1200},{\"@type\":\"BreadcrumbList\",\"@id\":\"https:\\\/\\\/anchorallied.com\\\/es\\\/product\\\/asmaco-carburetor-cleaner-carburetor\\\/#breadcrumb\",\"itemListElement\":[{\"@type\":\"ListItem\",\"position\":1,\"name\":\"Home\",\"item\":\"http:\\\/\\\/anchorallied.com\\\/es\\\/\"},{\"@type\":\"ListItem\",\"position\":2,\"name\":\"Shop\",\"item\":\"https:\\\/\\\/anchorallied.com\\\/es\\\/shop\\\/\"},{\"@type\":\"ListItem\",\"position\":3,\"name\":\"LIMPIADOR DE CARBURADORES ASMACO\"}]},{\"@type\":\"WebSite\",\"@id\":\"https:\\\/\\\/anchorallied.com\\\/es\\\/#website\",\"url\":\"https:\\\/\\\/anchorallied.com\\\/es\\\/\",\"name\":\"anchoralliedfactory\",\"description\":\"\",\"potentialAction\":[{\"@type\":\"SearchAction\",\"target\":{\"@type\":\"EntryPoint\",\"urlTemplate\":\"https:\\\/\\\/anchorallied.com\\\/es\\\/?s={search_term_string}\"},\"query-input\":{\"@type\":\"PropertyValueSpecification\",\"valueRequired\":true,\"valueName\":\"search_term_string\"}}],\"inLanguage\":\"en\"}]}<\/script>\n<!-- \/ Yoast SEO plugin. -->","yoast_head_json":{"title":"LIMPIADOR DE CARBURADORES ASMACO - anchoralliedfactory","robots":{"index":"index","follow":"follow","max-snippet":"max-snippet:-1","max-image-preview":"max-image-preview:large","max-video-preview":"max-video-preview:-1"},"canonical":"https:\/\/anchorallied.com\/es\/product\/asmaco-carburetor-cleaner-carburetor\/","og_locale":"en_US","og_type":"article","og_title":"LIMPIADOR DE CARBURADORES ASMACO - anchoralliedfactory","og_description":"El Limpiador de Carburadores ASMACO es una soluci\u00f3n de limpieza potente y de acci\u00f3n r\u00e1pida, dise\u00f1ada para limpiar eficazmente los componentes internos y externos de los carburadores. Mejora el rendimiento del motor eliminando dep\u00f3sitos y reduciendo el consumo de combustible y las emisiones.","og_url":"https:\/\/anchorallied.com\/es\/product\/asmaco-carburetor-cleaner-carburetor\/","og_site_name":"anchoralliedfactory","article_modified_time":"2025-07-27T15:48:56+00:00","og_image":[{"width":1200,"height":1200,"url":"https:\/\/anchorallied.com\/es\/wp-content\/uploads\/2025\/05\/Autocare_0010_Carburetor-cleaner.jpg","type":"image\/jpeg"}],"twitter_card":"summary_large_image","twitter_misc":{"Est. reading time":"1 minute"},"schema":{"@context":"https:\/\/schema.org","@graph":[{"@type":"WebPage","@id":"https:\/\/anchorallied.com\/es\/product\/asmaco-carburetor-cleaner-carburetor\/","url":"https:\/\/anchorallied.com\/es\/product\/asmaco-carburetor-cleaner-carburetor\/","name":"LIMPIADOR DE CARBURADORES ASMACO - anchoralliedfactory","isPartOf":{"@id":"https:\/\/anchorallied.com\/es\/#website"},"primaryImageOfPage":{"@id":"https:\/\/anchorallied.com\/es\/product\/asmaco-carburetor-cleaner-carburetor\/#primaryimage"},"image":{"@id":"https:\/\/anchorallied.com\/es\/product\/asmaco-carburetor-cleaner-carburetor\/#primaryimage"},"thumbnailUrl":"https:\/\/anchorallied.com\/es\/wp-content\/uploads\/2025\/05\/Autocare_0010_Carburetor-cleaner.jpg","datePublished":"2025-05-27T04:54:56+00:00","dateModified":"2025-07-27T15:48:56+00:00","breadcrumb":{"@id":"https:\/\/anchorallied.com\/es\/product\/asmaco-carburetor-cleaner-carburetor\/#breadcrumb"},"inLanguage":"en","potentialAction":[{"@type":"ReadAction","target":["https:\/\/anchorallied.com\/es\/product\/asmaco-carburetor-cleaner-carburetor\/"]}]},{"@type":"ImageObject","inLanguage":"en","@id":"https:\/\/anchorallied.com\/es\/product\/asmaco-carburetor-cleaner-carburetor\/#primaryimage","url":"https:\/\/anchorallied.com\/es\/wp-content\/uploads\/2025\/05\/Autocare_0010_Carburetor-cleaner.jpg","contentUrl":"https:\/\/anchorallied.com\/es\/wp-content\/uploads\/2025\/05\/Autocare_0010_Carburetor-cleaner.jpg","width":1200,"height":1200},{"@type":"BreadcrumbList","@id":"https:\/\/anchorallied.com\/es\/product\/asmaco-carburetor-cleaner-carburetor\/#breadcrumb","itemListElement":[{"@type":"ListItem","position":1,"name":"Home","item":"http:\/\/anchorallied.com\/es\/"},{"@type":"ListItem","position":2,"name":"Shop","item":"https:\/\/anchorallied.com\/es\/shop\/"},{"@type":"ListItem","position":3,"name":"LIMPIADOR DE CARBURADORES ASMACO"}]},{"@type":"WebSite","@id":"https:\/\/anchorallied.com\/es\/#website","url":"https:\/\/anchorallied.com\/es\/","name":"anchoralliedfactory","description":"","potentialAction":[{"@type":"SearchAction","target":{"@type":"EntryPoint","urlTemplate":"https:\/\/anchorallied.com\/es\/?s={search_term_string}"},"query-input":{"@type":"PropertyValueSpecification","valueRequired":true,"valueName":"search_term_string"}}],"inLanguage":"en"}]}},"_links":{"self":[{"href":"https:\/\/anchorallied.com\/es\/wp-json\/wp\/v2\/product\/2665","targetHints":{"allow":["GET"]}}],"collection":[{"href":"https:\/\/anchorallied.com\/es\/wp-json\/wp\/v2\/product"}],"about":[{"href":"https:\/\/anchorallied.com\/es\/wp-json\/wp\/v2\/types\/product"}],"replies":[{"embeddable":true,"href":"https:\/\/anchorallied.com\/es\/wp-json\/wp\/v2\/comments?post=2665"}],"wp:featuredmedia":[{"embeddable":true,"href":"https:\/\/anchorallied.com\/es\/wp-json\/wp\/v2\/media\/2666"}],"wp:attachment":[{"href":"https:\/\/anchorallied.com\/es\/wp-json\/wp\/v2\/media?parent=2665"}],"wp:term":[{"taxonomy":"product_brand","embeddable":true,"href":"https:\/\/anchorallied.com\/es\/wp-json\/wp\/v2\/product_brand?post=2665"},{"taxonomy":"product_cat","embeddable":true,"href":"https:\/\/anchorallied.com\/es\/wp-json\/wp\/v2\/product_cat?post=2665"},{"taxonomy":"product_tag","embeddable":true,"href":"https:\/\/anchorallied.com\/es\/wp-json\/wp\/v2\/product_tag?post=2665"}],"curies":[{"name":"wp","href":"https:\/\/api.w.org\/{rel}","templated":true}]}}