{"id":2672,"date":"2025-05-27T05:10:21","date_gmt":"2025-05-27T05:10:21","guid":{"rendered":"http:\/\/anchorallied.com\/es\/?post_type=product&#038;p=2672"},"modified":"2025-07-27T15:48:56","modified_gmt":"2025-07-27T15:48:56","slug":"asmaco-motor-starter-spray-motor-starter","status":"publish","type":"product","link":"https:\/\/anchorallied.com\/es\/product\/asmaco-motor-starter-spray-motor-starter\/","title":{"rendered":"ASMACO SPRAY ARRANCADOR DE MOTOR"},"content":{"rendered":"<p>El espray de arranque de motor ASMACO est\u00e1 dise\u00f1ado para proporcionar asistencia inmediata al encendido en climas fr\u00edos, alta humedad o ante problemas como buj\u00edas mojadas, bajo suministro de combustible o bater\u00eda descargada. Facilita el arranque eficiente de motores di\u00e9sel con inyectores de bomba o sistemas common rail, as\u00ed como de motores de gasolina con carburadores o sistemas de inyecci\u00f3n. Compatible con turismos, camiones, maquinaria agr\u00edcola y de construcci\u00f3n, generadores, motosierras, equipos de jardiner\u00eda, motos de nieve, embarcaciones y m\u00e1s, este espray garantiza un arranque suave del motor en condiciones extremas. Su formato en aerosol, f\u00e1cil de usar, lo convierte en una herramienta fiable tanto para mec\u00e1nicos profesionales como para usuarios habituales durante el invierno o en situaciones de emergencia.<\/p>\n","protected":false},"excerpt":{"rendered":"<p>El aerosol arrancador de motores ASMACO es un aerosol especialmente formulado para garantizar un arranque r\u00e1pido y fiable del motor en condiciones dif\u00edciles. Apto para motores di\u00e9sel y de gasolina, ya sean de dos o cuatro tiempos, es ideal para una amplia gama de veh\u00edculos y maquinaria, como autom\u00f3viles, camiones, motocicletas, equipos de construcci\u00f3n y motores marinos.<\/p>\n","protected":false},"featured_media":2673,"comment_status":"open","ping_status":"closed","template":"","meta":{"_acf_changed":false},"product_brand":[],"product_cat":[15,164],"product_tag":[],"class_list":{"0":"post-2672","1":"product","2":"type-product","3":"status-publish","4":"has-post-thumbnail","6":"product_cat-aerosoles","7":"product_cat-cuidado-del-automovil","9":"first","10":"instock","11":"shipping-taxable","12":"product-type-simple"},"acf":[],"yoast_head":"<!-- This site is optimized with the Yoast SEO plugin v27.3 - https:\/\/yoast.com\/product\/yoast-seo-wordpress\/ -->\n<title>ASMACO SPRAY ARRANCADOR DE MOTOR - anchoralliedfactory<\/title>\n<meta name=\"robots\" content=\"index, follow, max-snippet:-1, max-image-preview:large, max-video-preview:-1\" \/>\n<link rel=\"canonical\" href=\"https:\/\/anchorallied.com\/es\/product\/asmaco-motor-starter-spray-motor-starter\/\" \/>\n<meta property=\"og:locale\" content=\"en_US\" \/>\n<meta property=\"og:type\" content=\"article\" \/>\n<meta property=\"og:title\" content=\"ASMACO SPRAY ARRANCADOR DE MOTOR - anchoralliedfactory\" \/>\n<meta property=\"og:description\" content=\"El aerosol arrancador de motores ASMACO es un aerosol especialmente formulado para garantizar un arranque r\u00e1pido y fiable del motor en condiciones dif\u00edciles. Apto para motores di\u00e9sel y de gasolina, ya sean de dos o cuatro tiempos, es ideal para una amplia gama de veh\u00edculos y maquinaria, como autom\u00f3viles, camiones, motocicletas, equipos de construcci\u00f3n y motores marinos.\" \/>\n<meta property=\"og:url\" content=\"https:\/\/anchorallied.com\/es\/product\/asmaco-motor-starter-spray-motor-starter\/\" \/>\n<meta property=\"og:site_name\" content=\"anchoralliedfactory\" \/>\n<meta property=\"article:modified_time\" content=\"2025-07-27T15:48:56+00:00\" \/>\n<meta property=\"og:image\" content=\"https:\/\/anchorallied.com\/es\/wp-content\/uploads\/2025\/05\/Autocare_0003_Motor-Starter.jpg\" \/>\n\t<meta property=\"og:image:width\" content=\"1200\" \/>\n\t<meta property=\"og:image:height\" content=\"1200\" \/>\n\t<meta property=\"og:image:type\" content=\"image\/jpeg\" \/>\n<meta name=\"twitter:card\" content=\"summary_large_image\" \/>\n<meta name=\"twitter:label1\" content=\"Est. reading time\" \/>\n\t<meta name=\"twitter:data1\" content=\"1 minute\" \/>\n<script type=\"application\/ld+json\" class=\"yoast-schema-graph\">{\"@context\":\"https:\\\/\\\/schema.org\",\"@graph\":[{\"@type\":\"WebPage\",\"@id\":\"https:\\\/\\\/anchorallied.com\\\/es\\\/product\\\/asmaco-motor-starter-spray-motor-starter\\\/\",\"url\":\"https:\\\/\\\/anchorallied.com\\\/es\\\/product\\\/asmaco-motor-starter-spray-motor-starter\\\/\",\"name\":\"ASMACO SPRAY ARRANCADOR DE MOTOR - anchoralliedfactory\",\"isPartOf\":{\"@id\":\"https:\\\/\\\/anchorallied.com\\\/es\\\/#website\"},\"primaryImageOfPage\":{\"@id\":\"https:\\\/\\\/anchorallied.com\\\/es\\\/product\\\/asmaco-motor-starter-spray-motor-starter\\\/#primaryimage\"},\"image\":{\"@id\":\"https:\\\/\\\/anchorallied.com\\\/es\\\/product\\\/asmaco-motor-starter-spray-motor-starter\\\/#primaryimage\"},\"thumbnailUrl\":\"https:\\\/\\\/anchorallied.com\\\/es\\\/wp-content\\\/uploads\\\/2025\\\/05\\\/Autocare_0003_Motor-Starter.jpg\",\"datePublished\":\"2025-05-27T05:10:21+00:00\",\"dateModified\":\"2025-07-27T15:48:56+00:00\",\"breadcrumb\":{\"@id\":\"https:\\\/\\\/anchorallied.com\\\/es\\\/product\\\/asmaco-motor-starter-spray-motor-starter\\\/#breadcrumb\"},\"inLanguage\":\"en\",\"potentialAction\":[{\"@type\":\"ReadAction\",\"target\":[\"https:\\\/\\\/anchorallied.com\\\/es\\\/product\\\/asmaco-motor-starter-spray-motor-starter\\\/\"]}]},{\"@type\":\"ImageObject\",\"inLanguage\":\"en\",\"@id\":\"https:\\\/\\\/anchorallied.com\\\/es\\\/product\\\/asmaco-motor-starter-spray-motor-starter\\\/#primaryimage\",\"url\":\"https:\\\/\\\/anchorallied.com\\\/es\\\/wp-content\\\/uploads\\\/2025\\\/05\\\/Autocare_0003_Motor-Starter.jpg\",\"contentUrl\":\"https:\\\/\\\/anchorallied.com\\\/es\\\/wp-content\\\/uploads\\\/2025\\\/05\\\/Autocare_0003_Motor-Starter.jpg\",\"width\":1200,\"height\":1200},{\"@type\":\"BreadcrumbList\",\"@id\":\"https:\\\/\\\/anchorallied.com\\\/es\\\/product\\\/asmaco-motor-starter-spray-motor-starter\\\/#breadcrumb\",\"itemListElement\":[{\"@type\":\"ListItem\",\"position\":1,\"name\":\"Home\",\"item\":\"http:\\\/\\\/anchorallied.com\\\/es\\\/\"},{\"@type\":\"ListItem\",\"position\":2,\"name\":\"Shop\",\"item\":\"https:\\\/\\\/anchorallied.com\\\/es\\\/shop\\\/\"},{\"@type\":\"ListItem\",\"position\":3,\"name\":\"ASMACO SPRAY ARRANCADOR DE MOTOR\"}]},{\"@type\":\"WebSite\",\"@id\":\"https:\\\/\\\/anchorallied.com\\\/es\\\/#website\",\"url\":\"https:\\\/\\\/anchorallied.com\\\/es\\\/\",\"name\":\"anchoralliedfactory\",\"description\":\"\",\"potentialAction\":[{\"@type\":\"SearchAction\",\"target\":{\"@type\":\"EntryPoint\",\"urlTemplate\":\"https:\\\/\\\/anchorallied.com\\\/es\\\/?s={search_term_string}\"},\"query-input\":{\"@type\":\"PropertyValueSpecification\",\"valueRequired\":true,\"valueName\":\"search_term_string\"}}],\"inLanguage\":\"en\"}]}<\/script>\n<!-- \/ Yoast SEO plugin. -->","yoast_head_json":{"title":"ASMACO SPRAY ARRANCADOR DE MOTOR - anchoralliedfactory","robots":{"index":"index","follow":"follow","max-snippet":"max-snippet:-1","max-image-preview":"max-image-preview:large","max-video-preview":"max-video-preview:-1"},"canonical":"https:\/\/anchorallied.com\/es\/product\/asmaco-motor-starter-spray-motor-starter\/","og_locale":"en_US","og_type":"article","og_title":"ASMACO SPRAY ARRANCADOR DE MOTOR - anchoralliedfactory","og_description":"El aerosol arrancador de motores ASMACO es un aerosol especialmente formulado para garantizar un arranque r\u00e1pido y fiable del motor en condiciones dif\u00edciles. Apto para motores di\u00e9sel y de gasolina, ya sean de dos o cuatro tiempos, es ideal para una amplia gama de veh\u00edculos y maquinaria, como autom\u00f3viles, camiones, motocicletas, equipos de construcci\u00f3n y motores marinos.","og_url":"https:\/\/anchorallied.com\/es\/product\/asmaco-motor-starter-spray-motor-starter\/","og_site_name":"anchoralliedfactory","article_modified_time":"2025-07-27T15:48:56+00:00","og_image":[{"width":1200,"height":1200,"url":"https:\/\/anchorallied.com\/es\/wp-content\/uploads\/2025\/05\/Autocare_0003_Motor-Starter.jpg","type":"image\/jpeg"}],"twitter_card":"summary_large_image","twitter_misc":{"Est. reading time":"1 minute"},"schema":{"@context":"https:\/\/schema.org","@graph":[{"@type":"WebPage","@id":"https:\/\/anchorallied.com\/es\/product\/asmaco-motor-starter-spray-motor-starter\/","url":"https:\/\/anchorallied.com\/es\/product\/asmaco-motor-starter-spray-motor-starter\/","name":"ASMACO SPRAY ARRANCADOR DE MOTOR - anchoralliedfactory","isPartOf":{"@id":"https:\/\/anchorallied.com\/es\/#website"},"primaryImageOfPage":{"@id":"https:\/\/anchorallied.com\/es\/product\/asmaco-motor-starter-spray-motor-starter\/#primaryimage"},"image":{"@id":"https:\/\/anchorallied.com\/es\/product\/asmaco-motor-starter-spray-motor-starter\/#primaryimage"},"thumbnailUrl":"https:\/\/anchorallied.com\/es\/wp-content\/uploads\/2025\/05\/Autocare_0003_Motor-Starter.jpg","datePublished":"2025-05-27T05:10:21+00:00","dateModified":"2025-07-27T15:48:56+00:00","breadcrumb":{"@id":"https:\/\/anchorallied.com\/es\/product\/asmaco-motor-starter-spray-motor-starter\/#breadcrumb"},"inLanguage":"en","potentialAction":[{"@type":"ReadAction","target":["https:\/\/anchorallied.com\/es\/product\/asmaco-motor-starter-spray-motor-starter\/"]}]},{"@type":"ImageObject","inLanguage":"en","@id":"https:\/\/anchorallied.com\/es\/product\/asmaco-motor-starter-spray-motor-starter\/#primaryimage","url":"https:\/\/anchorallied.com\/es\/wp-content\/uploads\/2025\/05\/Autocare_0003_Motor-Starter.jpg","contentUrl":"https:\/\/anchorallied.com\/es\/wp-content\/uploads\/2025\/05\/Autocare_0003_Motor-Starter.jpg","width":1200,"height":1200},{"@type":"BreadcrumbList","@id":"https:\/\/anchorallied.com\/es\/product\/asmaco-motor-starter-spray-motor-starter\/#breadcrumb","itemListElement":[{"@type":"ListItem","position":1,"name":"Home","item":"http:\/\/anchorallied.com\/es\/"},{"@type":"ListItem","position":2,"name":"Shop","item":"https:\/\/anchorallied.com\/es\/shop\/"},{"@type":"ListItem","position":3,"name":"ASMACO SPRAY ARRANCADOR DE MOTOR"}]},{"@type":"WebSite","@id":"https:\/\/anchorallied.com\/es\/#website","url":"https:\/\/anchorallied.com\/es\/","name":"anchoralliedfactory","description":"","potentialAction":[{"@type":"SearchAction","target":{"@type":"EntryPoint","urlTemplate":"https:\/\/anchorallied.com\/es\/?s={search_term_string}"},"query-input":{"@type":"PropertyValueSpecification","valueRequired":true,"valueName":"search_term_string"}}],"inLanguage":"en"}]}},"_links":{"self":[{"href":"https:\/\/anchorallied.com\/es\/wp-json\/wp\/v2\/product\/2672","targetHints":{"allow":["GET"]}}],"collection":[{"href":"https:\/\/anchorallied.com\/es\/wp-json\/wp\/v2\/product"}],"about":[{"href":"https:\/\/anchorallied.com\/es\/wp-json\/wp\/v2\/types\/product"}],"replies":[{"embeddable":true,"href":"https:\/\/anchorallied.com\/es\/wp-json\/wp\/v2\/comments?post=2672"}],"wp:featuredmedia":[{"embeddable":true,"href":"https:\/\/anchorallied.com\/es\/wp-json\/wp\/v2\/media\/2673"}],"wp:attachment":[{"href":"https:\/\/anchorallied.com\/es\/wp-json\/wp\/v2\/media?parent=2672"}],"wp:term":[{"taxonomy":"product_brand","embeddable":true,"href":"https:\/\/anchorallied.com\/es\/wp-json\/wp\/v2\/product_brand?post=2672"},{"taxonomy":"product_cat","embeddable":true,"href":"https:\/\/anchorallied.com\/es\/wp-json\/wp\/v2\/product_cat?post=2672"},{"taxonomy":"product_tag","embeddable":true,"href":"https:\/\/anchorallied.com\/es\/wp-json\/wp\/v2\/product_tag?post=2672"}],"curies":[{"name":"wp","href":"https:\/\/api.w.org\/{rel}","templated":true}]}}