{"id":2683,"date":"2025-05-27T07:02:35","date_gmt":"2025-05-27T07:02:35","guid":{"rendered":"http:\/\/anchorallied.com\/es\/?post_type=product&#038;p=2683"},"modified":"2025-07-27T15:48:56","modified_gmt":"2025-07-27T15:48:56","slug":"asmaco-tire-shine-spray","status":"publish","type":"product","link":"https:\/\/anchorallied.com\/es\/product\/asmaco-tire-shine-spray\/","title":{"rendered":"Spray abrillantador de neum\u00e1ticos ASMACO"},"content":{"rendered":"<p>El Spray Abrillantador de Neum\u00e1ticos ASMACO no requiere limpieza previa, lo que facilita su aplicaci\u00f3n r\u00e1pida. Forma una pel\u00edcula repelente al agua y la suciedad que ayuda a mantener los neum\u00e1ticos limpios por m\u00e1s tiempo. Su f\u00f3rmula previene el agrietamiento y retrasa el envejecimiento, asegurando que sus neum\u00e1ticos mantengan su durabilidad y apariencia fresca. Con su capacidad para renovar visualmente e intensificar el color del neum\u00e1tico, proporciona un acabado de alto brillo con efecto mojado que realza la apariencia general de su veh\u00edculo. Para un brillo \u00f3ptimo, deje actuar el producto durante 15 minutos y vuelva a aplicar si es necesario.<\/p>\n","protected":false},"excerpt":{"rendered":"<p>El abrillantador de neum\u00e1ticos ASMACO es una soluci\u00f3n r\u00e1pida y sencilla para restaurar un acabado negro intenso y h\u00famedo a las llantas de coche. Dise\u00f1ado para una aplicaci\u00f3n sencilla y sin preparaci\u00f3n previa, mejora la apariencia de sus llantas a la vez que ofrece una protecci\u00f3n duradera.<\/p>\n","protected":false},"featured_media":2684,"comment_status":"open","ping_status":"closed","template":"","meta":{"_acf_changed":false},"product_brand":[],"product_cat":[15,164],"product_tag":[],"class_list":{"0":"post-2683","1":"product","2":"type-product","3":"status-publish","4":"has-post-thumbnail","6":"product_cat-aerosoles","7":"product_cat-cuidado-del-automovil","9":"first","10":"instock","11":"shipping-taxable","12":"product-type-simple"},"acf":[],"yoast_head":"<!-- This site is optimized with the Yoast SEO plugin v27.3 - https:\/\/yoast.com\/product\/yoast-seo-wordpress\/ -->\n<title>Spray abrillantador de neum\u00e1ticos ASMACO - anchoralliedfactory<\/title>\n<meta name=\"robots\" content=\"index, follow, max-snippet:-1, max-image-preview:large, max-video-preview:-1\" \/>\n<link rel=\"canonical\" href=\"https:\/\/anchorallied.com\/es\/product\/asmaco-tire-shine-spray\/\" \/>\n<meta property=\"og:locale\" content=\"en_US\" \/>\n<meta property=\"og:type\" content=\"article\" \/>\n<meta property=\"og:title\" content=\"Spray abrillantador de neum\u00e1ticos ASMACO - anchoralliedfactory\" \/>\n<meta property=\"og:description\" content=\"El abrillantador de neum\u00e1ticos ASMACO es una soluci\u00f3n r\u00e1pida y sencilla para restaurar un acabado negro intenso y h\u00famedo a las llantas de coche. Dise\u00f1ado para una aplicaci\u00f3n sencilla y sin preparaci\u00f3n previa, mejora la apariencia de sus llantas a la vez que ofrece una protecci\u00f3n duradera.\" \/>\n<meta property=\"og:url\" content=\"https:\/\/anchorallied.com\/es\/product\/asmaco-tire-shine-spray\/\" \/>\n<meta property=\"og:site_name\" content=\"anchoralliedfactory\" \/>\n<meta property=\"article:modified_time\" content=\"2025-07-27T15:48:56+00:00\" \/>\n<meta property=\"og:image\" content=\"https:\/\/anchorallied.com\/es\/wp-content\/uploads\/2025\/05\/Autocare_0000_Tire_Shine_Spray.jpg\" \/>\n\t<meta property=\"og:image:width\" content=\"1200\" \/>\n\t<meta property=\"og:image:height\" content=\"1200\" \/>\n\t<meta property=\"og:image:type\" content=\"image\/jpeg\" \/>\n<meta name=\"twitter:card\" content=\"summary_large_image\" \/>\n<meta name=\"twitter:label1\" content=\"Est. reading time\" \/>\n\t<meta name=\"twitter:data1\" content=\"1 minute\" \/>\n<script type=\"application\/ld+json\" class=\"yoast-schema-graph\">{\"@context\":\"https:\\\/\\\/schema.org\",\"@graph\":[{\"@type\":\"WebPage\",\"@id\":\"https:\\\/\\\/anchorallied.com\\\/es\\\/product\\\/asmaco-tire-shine-spray\\\/\",\"url\":\"https:\\\/\\\/anchorallied.com\\\/es\\\/product\\\/asmaco-tire-shine-spray\\\/\",\"name\":\"Spray abrillantador de neum\u00e1ticos ASMACO - anchoralliedfactory\",\"isPartOf\":{\"@id\":\"https:\\\/\\\/anchorallied.com\\\/es\\\/#website\"},\"primaryImageOfPage\":{\"@id\":\"https:\\\/\\\/anchorallied.com\\\/es\\\/product\\\/asmaco-tire-shine-spray\\\/#primaryimage\"},\"image\":{\"@id\":\"https:\\\/\\\/anchorallied.com\\\/es\\\/product\\\/asmaco-tire-shine-spray\\\/#primaryimage\"},\"thumbnailUrl\":\"https:\\\/\\\/anchorallied.com\\\/es\\\/wp-content\\\/uploads\\\/2025\\\/05\\\/Autocare_0000_Tire_Shine_Spray.jpg\",\"datePublished\":\"2025-05-27T07:02:35+00:00\",\"dateModified\":\"2025-07-27T15:48:56+00:00\",\"breadcrumb\":{\"@id\":\"https:\\\/\\\/anchorallied.com\\\/es\\\/product\\\/asmaco-tire-shine-spray\\\/#breadcrumb\"},\"inLanguage\":\"en\",\"potentialAction\":[{\"@type\":\"ReadAction\",\"target\":[\"https:\\\/\\\/anchorallied.com\\\/es\\\/product\\\/asmaco-tire-shine-spray\\\/\"]}]},{\"@type\":\"ImageObject\",\"inLanguage\":\"en\",\"@id\":\"https:\\\/\\\/anchorallied.com\\\/es\\\/product\\\/asmaco-tire-shine-spray\\\/#primaryimage\",\"url\":\"https:\\\/\\\/anchorallied.com\\\/es\\\/wp-content\\\/uploads\\\/2025\\\/05\\\/Autocare_0000_Tire_Shine_Spray.jpg\",\"contentUrl\":\"https:\\\/\\\/anchorallied.com\\\/es\\\/wp-content\\\/uploads\\\/2025\\\/05\\\/Autocare_0000_Tire_Shine_Spray.jpg\",\"width\":1200,\"height\":1200},{\"@type\":\"BreadcrumbList\",\"@id\":\"https:\\\/\\\/anchorallied.com\\\/es\\\/product\\\/asmaco-tire-shine-spray\\\/#breadcrumb\",\"itemListElement\":[{\"@type\":\"ListItem\",\"position\":1,\"name\":\"Home\",\"item\":\"http:\\\/\\\/anchorallied.com\\\/es\\\/\"},{\"@type\":\"ListItem\",\"position\":2,\"name\":\"Shop\",\"item\":\"https:\\\/\\\/anchorallied.com\\\/es\\\/shop\\\/\"},{\"@type\":\"ListItem\",\"position\":3,\"name\":\"Spray abrillantador de neum\u00e1ticos ASMACO\"}]},{\"@type\":\"WebSite\",\"@id\":\"https:\\\/\\\/anchorallied.com\\\/es\\\/#website\",\"url\":\"https:\\\/\\\/anchorallied.com\\\/es\\\/\",\"name\":\"anchoralliedfactory\",\"description\":\"\",\"potentialAction\":[{\"@type\":\"SearchAction\",\"target\":{\"@type\":\"EntryPoint\",\"urlTemplate\":\"https:\\\/\\\/anchorallied.com\\\/es\\\/?s={search_term_string}\"},\"query-input\":{\"@type\":\"PropertyValueSpecification\",\"valueRequired\":true,\"valueName\":\"search_term_string\"}}],\"inLanguage\":\"en\"}]}<\/script>\n<!-- \/ Yoast SEO plugin. -->","yoast_head_json":{"title":"Spray abrillantador de neum\u00e1ticos ASMACO - anchoralliedfactory","robots":{"index":"index","follow":"follow","max-snippet":"max-snippet:-1","max-image-preview":"max-image-preview:large","max-video-preview":"max-video-preview:-1"},"canonical":"https:\/\/anchorallied.com\/es\/product\/asmaco-tire-shine-spray\/","og_locale":"en_US","og_type":"article","og_title":"Spray abrillantador de neum\u00e1ticos ASMACO - anchoralliedfactory","og_description":"El abrillantador de neum\u00e1ticos ASMACO es una soluci\u00f3n r\u00e1pida y sencilla para restaurar un acabado negro intenso y h\u00famedo a las llantas de coche. Dise\u00f1ado para una aplicaci\u00f3n sencilla y sin preparaci\u00f3n previa, mejora la apariencia de sus llantas a la vez que ofrece una protecci\u00f3n duradera.","og_url":"https:\/\/anchorallied.com\/es\/product\/asmaco-tire-shine-spray\/","og_site_name":"anchoralliedfactory","article_modified_time":"2025-07-27T15:48:56+00:00","og_image":[{"width":1200,"height":1200,"url":"https:\/\/anchorallied.com\/es\/wp-content\/uploads\/2025\/05\/Autocare_0000_Tire_Shine_Spray.jpg","type":"image\/jpeg"}],"twitter_card":"summary_large_image","twitter_misc":{"Est. reading time":"1 minute"},"schema":{"@context":"https:\/\/schema.org","@graph":[{"@type":"WebPage","@id":"https:\/\/anchorallied.com\/es\/product\/asmaco-tire-shine-spray\/","url":"https:\/\/anchorallied.com\/es\/product\/asmaco-tire-shine-spray\/","name":"Spray abrillantador de neum\u00e1ticos ASMACO - anchoralliedfactory","isPartOf":{"@id":"https:\/\/anchorallied.com\/es\/#website"},"primaryImageOfPage":{"@id":"https:\/\/anchorallied.com\/es\/product\/asmaco-tire-shine-spray\/#primaryimage"},"image":{"@id":"https:\/\/anchorallied.com\/es\/product\/asmaco-tire-shine-spray\/#primaryimage"},"thumbnailUrl":"https:\/\/anchorallied.com\/es\/wp-content\/uploads\/2025\/05\/Autocare_0000_Tire_Shine_Spray.jpg","datePublished":"2025-05-27T07:02:35+00:00","dateModified":"2025-07-27T15:48:56+00:00","breadcrumb":{"@id":"https:\/\/anchorallied.com\/es\/product\/asmaco-tire-shine-spray\/#breadcrumb"},"inLanguage":"en","potentialAction":[{"@type":"ReadAction","target":["https:\/\/anchorallied.com\/es\/product\/asmaco-tire-shine-spray\/"]}]},{"@type":"ImageObject","inLanguage":"en","@id":"https:\/\/anchorallied.com\/es\/product\/asmaco-tire-shine-spray\/#primaryimage","url":"https:\/\/anchorallied.com\/es\/wp-content\/uploads\/2025\/05\/Autocare_0000_Tire_Shine_Spray.jpg","contentUrl":"https:\/\/anchorallied.com\/es\/wp-content\/uploads\/2025\/05\/Autocare_0000_Tire_Shine_Spray.jpg","width":1200,"height":1200},{"@type":"BreadcrumbList","@id":"https:\/\/anchorallied.com\/es\/product\/asmaco-tire-shine-spray\/#breadcrumb","itemListElement":[{"@type":"ListItem","position":1,"name":"Home","item":"http:\/\/anchorallied.com\/es\/"},{"@type":"ListItem","position":2,"name":"Shop","item":"https:\/\/anchorallied.com\/es\/shop\/"},{"@type":"ListItem","position":3,"name":"Spray abrillantador de neum\u00e1ticos ASMACO"}]},{"@type":"WebSite","@id":"https:\/\/anchorallied.com\/es\/#website","url":"https:\/\/anchorallied.com\/es\/","name":"anchoralliedfactory","description":"","potentialAction":[{"@type":"SearchAction","target":{"@type":"EntryPoint","urlTemplate":"https:\/\/anchorallied.com\/es\/?s={search_term_string}"},"query-input":{"@type":"PropertyValueSpecification","valueRequired":true,"valueName":"search_term_string"}}],"inLanguage":"en"}]}},"_links":{"self":[{"href":"https:\/\/anchorallied.com\/es\/wp-json\/wp\/v2\/product\/2683","targetHints":{"allow":["GET"]}}],"collection":[{"href":"https:\/\/anchorallied.com\/es\/wp-json\/wp\/v2\/product"}],"about":[{"href":"https:\/\/anchorallied.com\/es\/wp-json\/wp\/v2\/types\/product"}],"replies":[{"embeddable":true,"href":"https:\/\/anchorallied.com\/es\/wp-json\/wp\/v2\/comments?post=2683"}],"wp:featuredmedia":[{"embeddable":true,"href":"https:\/\/anchorallied.com\/es\/wp-json\/wp\/v2\/media\/2684"}],"wp:attachment":[{"href":"https:\/\/anchorallied.com\/es\/wp-json\/wp\/v2\/media?parent=2683"}],"wp:term":[{"taxonomy":"product_brand","embeddable":true,"href":"https:\/\/anchorallied.com\/es\/wp-json\/wp\/v2\/product_brand?post=2683"},{"taxonomy":"product_cat","embeddable":true,"href":"https:\/\/anchorallied.com\/es\/wp-json\/wp\/v2\/product_cat?post=2683"},{"taxonomy":"product_tag","embeddable":true,"href":"https:\/\/anchorallied.com\/es\/wp-json\/wp\/v2\/product_tag?post=2683"}],"curies":[{"name":"wp","href":"https:\/\/api.w.org\/{rel}","templated":true}]}}