{"id":2691,"date":"2025-05-27T07:24:22","date_gmt":"2025-05-27T07:24:22","guid":{"rendered":"http:\/\/anchorallied.com\/es\/?post_type=product&#038;p=2691"},"modified":"2025-07-27T15:48:56","modified_gmt":"2025-07-27T15:48:56","slug":"asmaco-fast-contact-adhesive","status":"publish","type":"product","link":"https:\/\/anchorallied.com\/es\/product\/asmaco-fast-contact-adhesive\/","title":{"rendered":"ADHESIVO DE CONTACTO R\u00c1PIDO ASMACO"},"content":{"rendered":"<p>El adhesivo de contacto r\u00e1pido ASMACO ofrece una r\u00e1pida adhesi\u00f3n y una alta resistencia inicial, lo que lo hace ideal para tareas urgentes o de alta precisi\u00f3n. Se adhiere bien a una variedad de sustratos comunes, como metal, pl\u00e1stico, cuero, madera y tela. Una vez seco, la uni\u00f3n mantiene su flexibilidad en condiciones de fr\u00edo y es resistente a la humedad y al calor, lo que lo hace duradero tanto para uso en interiores como en exteriores. El adhesivo es ideal para la decoraci\u00f3n y reparaci\u00f3n de autom\u00f3viles, el montaje de muebles y tapicer\u00eda, la fabricaci\u00f3n de art\u00edculos de cuero y calzado, as\u00ed como para bricolaje, reparaciones dom\u00e9sticas y mantenimiento industrial. Su amplia compatibilidad y su uni\u00f3n fuerte y flexible lo convierten en una soluci\u00f3n fiable tanto para profesionales como para aficionados.<\/p>\n","protected":false},"excerpt":{"rendered":"<p>El adhesivo de contacto r\u00e1pido ASMACO es un adhesivo de fraguado r\u00e1pido y secado al aire, formulado a partir de caucho sint\u00e9tico, dise\u00f1ado para ofrecer uniones resistentes y duraderas en una amplia gama de superficies. Conocido por su excelente adherencia inicial y versatilidad, es ideal para aplicaciones en automoci\u00f3n, tapicer\u00eda, muebles, cuero, calzado y bricolaje. Mantiene su flexibilidad a bajas temperaturas y resiste el calor y la humedad, garantizando un rendimiento duradero.<\/p>\n","protected":false},"featured_media":2692,"comment_status":"open","ping_status":"closed","template":"","meta":{"_acf_changed":false},"product_brand":[],"product_cat":[148,165],"product_tag":[],"class_list":{"0":"post-2691","1":"product","2":"type-product","3":"status-publish","4":"has-post-thumbnail","6":"product_cat-adhesivos","7":"product_cat-adhesivos-de-contacto","9":"first","10":"instock","11":"shipping-taxable","12":"product-type-simple"},"acf":[],"yoast_head":"<!-- This site is optimized with the Yoast SEO plugin v27.3 - https:\/\/yoast.com\/product\/yoast-seo-wordpress\/ -->\n<title>ADHESIVO DE CONTACTO R\u00c1PIDO ASMACO - anchoralliedfactory<\/title>\n<meta name=\"robots\" content=\"index, follow, max-snippet:-1, max-image-preview:large, max-video-preview:-1\" \/>\n<link rel=\"canonical\" href=\"https:\/\/anchorallied.com\/es\/product\/asmaco-fast-contact-adhesive\/\" \/>\n<meta property=\"og:locale\" content=\"en_US\" \/>\n<meta property=\"og:type\" content=\"article\" \/>\n<meta property=\"og:title\" content=\"ADHESIVO DE CONTACTO R\u00c1PIDO ASMACO - anchoralliedfactory\" \/>\n<meta property=\"og:description\" content=\"El adhesivo de contacto r\u00e1pido ASMACO es un adhesivo de fraguado r\u00e1pido y secado al aire, formulado a partir de caucho sint\u00e9tico, dise\u00f1ado para ofrecer uniones resistentes y duraderas en una amplia gama de superficies. Conocido por su excelente adherencia inicial y versatilidad, es ideal para aplicaciones en automoci\u00f3n, tapicer\u00eda, muebles, cuero, calzado y bricolaje. Mantiene su flexibilidad a bajas temperaturas y resiste el calor y la humedad, garantizando un rendimiento duradero.\" \/>\n<meta property=\"og:url\" content=\"https:\/\/anchorallied.com\/es\/product\/asmaco-fast-contact-adhesive\/\" \/>\n<meta property=\"og:site_name\" content=\"anchoralliedfactory\" \/>\n<meta property=\"article:modified_time\" content=\"2025-07-27T15:48:56+00:00\" \/>\n<meta property=\"og:image\" content=\"https:\/\/anchorallied.com\/es\/wp-content\/uploads\/2025\/05\/Anc__0015_Fast-Adhesive-ALL.jpg\" \/>\n\t<meta property=\"og:image:width\" content=\"1200\" \/>\n\t<meta property=\"og:image:height\" content=\"1200\" \/>\n\t<meta property=\"og:image:type\" content=\"image\/jpeg\" \/>\n<meta name=\"twitter:card\" content=\"summary_large_image\" \/>\n<meta name=\"twitter:label1\" content=\"Est. reading time\" \/>\n\t<meta name=\"twitter:data1\" content=\"1 minute\" \/>\n<script type=\"application\/ld+json\" class=\"yoast-schema-graph\">{\"@context\":\"https:\\\/\\\/schema.org\",\"@graph\":[{\"@type\":\"WebPage\",\"@id\":\"https:\\\/\\\/anchorallied.com\\\/es\\\/product\\\/asmaco-fast-contact-adhesive\\\/\",\"url\":\"https:\\\/\\\/anchorallied.com\\\/es\\\/product\\\/asmaco-fast-contact-adhesive\\\/\",\"name\":\"ADHESIVO DE CONTACTO R\u00c1PIDO ASMACO - anchoralliedfactory\",\"isPartOf\":{\"@id\":\"https:\\\/\\\/anchorallied.com\\\/es\\\/#website\"},\"primaryImageOfPage\":{\"@id\":\"https:\\\/\\\/anchorallied.com\\\/es\\\/product\\\/asmaco-fast-contact-adhesive\\\/#primaryimage\"},\"image\":{\"@id\":\"https:\\\/\\\/anchorallied.com\\\/es\\\/product\\\/asmaco-fast-contact-adhesive\\\/#primaryimage\"},\"thumbnailUrl\":\"https:\\\/\\\/anchorallied.com\\\/es\\\/wp-content\\\/uploads\\\/2025\\\/05\\\/Anc__0015_Fast-Adhesive-ALL.jpg\",\"datePublished\":\"2025-05-27T07:24:22+00:00\",\"dateModified\":\"2025-07-27T15:48:56+00:00\",\"breadcrumb\":{\"@id\":\"https:\\\/\\\/anchorallied.com\\\/es\\\/product\\\/asmaco-fast-contact-adhesive\\\/#breadcrumb\"},\"inLanguage\":\"en\",\"potentialAction\":[{\"@type\":\"ReadAction\",\"target\":[\"https:\\\/\\\/anchorallied.com\\\/es\\\/product\\\/asmaco-fast-contact-adhesive\\\/\"]}]},{\"@type\":\"ImageObject\",\"inLanguage\":\"en\",\"@id\":\"https:\\\/\\\/anchorallied.com\\\/es\\\/product\\\/asmaco-fast-contact-adhesive\\\/#primaryimage\",\"url\":\"https:\\\/\\\/anchorallied.com\\\/es\\\/wp-content\\\/uploads\\\/2025\\\/05\\\/Anc__0015_Fast-Adhesive-ALL.jpg\",\"contentUrl\":\"https:\\\/\\\/anchorallied.com\\\/es\\\/wp-content\\\/uploads\\\/2025\\\/05\\\/Anc__0015_Fast-Adhesive-ALL.jpg\",\"width\":1200,\"height\":1200},{\"@type\":\"BreadcrumbList\",\"@id\":\"https:\\\/\\\/anchorallied.com\\\/es\\\/product\\\/asmaco-fast-contact-adhesive\\\/#breadcrumb\",\"itemListElement\":[{\"@type\":\"ListItem\",\"position\":1,\"name\":\"Home\",\"item\":\"http:\\\/\\\/anchorallied.com\\\/es\\\/\"},{\"@type\":\"ListItem\",\"position\":2,\"name\":\"Shop\",\"item\":\"https:\\\/\\\/anchorallied.com\\\/es\\\/shop\\\/\"},{\"@type\":\"ListItem\",\"position\":3,\"name\":\"ADHESIVO DE CONTACTO R\u00c1PIDO ASMACO\"}]},{\"@type\":\"WebSite\",\"@id\":\"https:\\\/\\\/anchorallied.com\\\/es\\\/#website\",\"url\":\"https:\\\/\\\/anchorallied.com\\\/es\\\/\",\"name\":\"anchoralliedfactory\",\"description\":\"\",\"potentialAction\":[{\"@type\":\"SearchAction\",\"target\":{\"@type\":\"EntryPoint\",\"urlTemplate\":\"https:\\\/\\\/anchorallied.com\\\/es\\\/?s={search_term_string}\"},\"query-input\":{\"@type\":\"PropertyValueSpecification\",\"valueRequired\":true,\"valueName\":\"search_term_string\"}}],\"inLanguage\":\"en\"}]}<\/script>\n<!-- \/ Yoast SEO plugin. -->","yoast_head_json":{"title":"ADHESIVO DE CONTACTO R\u00c1PIDO ASMACO - anchoralliedfactory","robots":{"index":"index","follow":"follow","max-snippet":"max-snippet:-1","max-image-preview":"max-image-preview:large","max-video-preview":"max-video-preview:-1"},"canonical":"https:\/\/anchorallied.com\/es\/product\/asmaco-fast-contact-adhesive\/","og_locale":"en_US","og_type":"article","og_title":"ADHESIVO DE CONTACTO R\u00c1PIDO ASMACO - anchoralliedfactory","og_description":"El adhesivo de contacto r\u00e1pido ASMACO es un adhesivo de fraguado r\u00e1pido y secado al aire, formulado a partir de caucho sint\u00e9tico, dise\u00f1ado para ofrecer uniones resistentes y duraderas en una amplia gama de superficies. Conocido por su excelente adherencia inicial y versatilidad, es ideal para aplicaciones en automoci\u00f3n, tapicer\u00eda, muebles, cuero, calzado y bricolaje. Mantiene su flexibilidad a bajas temperaturas y resiste el calor y la humedad, garantizando un rendimiento duradero.","og_url":"https:\/\/anchorallied.com\/es\/product\/asmaco-fast-contact-adhesive\/","og_site_name":"anchoralliedfactory","article_modified_time":"2025-07-27T15:48:56+00:00","og_image":[{"width":1200,"height":1200,"url":"https:\/\/anchorallied.com\/es\/wp-content\/uploads\/2025\/05\/Anc__0015_Fast-Adhesive-ALL.jpg","type":"image\/jpeg"}],"twitter_card":"summary_large_image","twitter_misc":{"Est. reading time":"1 minute"},"schema":{"@context":"https:\/\/schema.org","@graph":[{"@type":"WebPage","@id":"https:\/\/anchorallied.com\/es\/product\/asmaco-fast-contact-adhesive\/","url":"https:\/\/anchorallied.com\/es\/product\/asmaco-fast-contact-adhesive\/","name":"ADHESIVO DE CONTACTO R\u00c1PIDO ASMACO - anchoralliedfactory","isPartOf":{"@id":"https:\/\/anchorallied.com\/es\/#website"},"primaryImageOfPage":{"@id":"https:\/\/anchorallied.com\/es\/product\/asmaco-fast-contact-adhesive\/#primaryimage"},"image":{"@id":"https:\/\/anchorallied.com\/es\/product\/asmaco-fast-contact-adhesive\/#primaryimage"},"thumbnailUrl":"https:\/\/anchorallied.com\/es\/wp-content\/uploads\/2025\/05\/Anc__0015_Fast-Adhesive-ALL.jpg","datePublished":"2025-05-27T07:24:22+00:00","dateModified":"2025-07-27T15:48:56+00:00","breadcrumb":{"@id":"https:\/\/anchorallied.com\/es\/product\/asmaco-fast-contact-adhesive\/#breadcrumb"},"inLanguage":"en","potentialAction":[{"@type":"ReadAction","target":["https:\/\/anchorallied.com\/es\/product\/asmaco-fast-contact-adhesive\/"]}]},{"@type":"ImageObject","inLanguage":"en","@id":"https:\/\/anchorallied.com\/es\/product\/asmaco-fast-contact-adhesive\/#primaryimage","url":"https:\/\/anchorallied.com\/es\/wp-content\/uploads\/2025\/05\/Anc__0015_Fast-Adhesive-ALL.jpg","contentUrl":"https:\/\/anchorallied.com\/es\/wp-content\/uploads\/2025\/05\/Anc__0015_Fast-Adhesive-ALL.jpg","width":1200,"height":1200},{"@type":"BreadcrumbList","@id":"https:\/\/anchorallied.com\/es\/product\/asmaco-fast-contact-adhesive\/#breadcrumb","itemListElement":[{"@type":"ListItem","position":1,"name":"Home","item":"http:\/\/anchorallied.com\/es\/"},{"@type":"ListItem","position":2,"name":"Shop","item":"https:\/\/anchorallied.com\/es\/shop\/"},{"@type":"ListItem","position":3,"name":"ADHESIVO DE CONTACTO R\u00c1PIDO ASMACO"}]},{"@type":"WebSite","@id":"https:\/\/anchorallied.com\/es\/#website","url":"https:\/\/anchorallied.com\/es\/","name":"anchoralliedfactory","description":"","potentialAction":[{"@type":"SearchAction","target":{"@type":"EntryPoint","urlTemplate":"https:\/\/anchorallied.com\/es\/?s={search_term_string}"},"query-input":{"@type":"PropertyValueSpecification","valueRequired":true,"valueName":"search_term_string"}}],"inLanguage":"en"}]}},"_links":{"self":[{"href":"https:\/\/anchorallied.com\/es\/wp-json\/wp\/v2\/product\/2691","targetHints":{"allow":["GET"]}}],"collection":[{"href":"https:\/\/anchorallied.com\/es\/wp-json\/wp\/v2\/product"}],"about":[{"href":"https:\/\/anchorallied.com\/es\/wp-json\/wp\/v2\/types\/product"}],"replies":[{"embeddable":true,"href":"https:\/\/anchorallied.com\/es\/wp-json\/wp\/v2\/comments?post=2691"}],"wp:featuredmedia":[{"embeddable":true,"href":"https:\/\/anchorallied.com\/es\/wp-json\/wp\/v2\/media\/2692"}],"wp:attachment":[{"href":"https:\/\/anchorallied.com\/es\/wp-json\/wp\/v2\/media?parent=2691"}],"wp:term":[{"taxonomy":"product_brand","embeddable":true,"href":"https:\/\/anchorallied.com\/es\/wp-json\/wp\/v2\/product_brand?post=2691"},{"taxonomy":"product_cat","embeddable":true,"href":"https:\/\/anchorallied.com\/es\/wp-json\/wp\/v2\/product_cat?post=2691"},{"taxonomy":"product_tag","embeddable":true,"href":"https:\/\/anchorallied.com\/es\/wp-json\/wp\/v2\/product_tag?post=2691"}],"curies":[{"name":"wp","href":"https:\/\/api.w.org\/{rel}","templated":true}]}}