{"id":2693,"date":"2025-05-27T07:30:02","date_gmt":"2025-05-27T07:30:02","guid":{"rendered":"http:\/\/anchorallied.com\/es\/?post_type=product&#038;p=2693"},"modified":"2025-07-27T15:48:56","modified_gmt":"2025-07-27T15:48:56","slug":"asmaco-heat-bond-premium-contact-adhesive","status":"publish","type":"product","link":"https:\/\/anchorallied.com\/es\/product\/asmaco-heat-bond-premium-contact-adhesive\/","title":{"rendered":"ASMACO HEAT BOND (ADHESIVO DE CONTACTO PREMIUM)"},"content":{"rendered":"<p>El adhesivo de caucho ASMACO Heat Bond est\u00e1 dise\u00f1ado con una f\u00f3rmula de agarre r\u00e1pido que garantiza una adhesi\u00f3n inmediata con m\u00ednima recuperaci\u00f3n el\u00e1stica, incluso en superficies curvas o verticales, lo que lo hace muy eficaz para uniones de precisi\u00f3n. Su excepcional resistencia t\u00e9rmica de hasta 170 \u00b0C lo hace ideal para aplicaciones de alta temperatura, garantizando durabilidad a largo plazo e integridad estructural bajo tensi\u00f3n t\u00e9rmica. Este adhesivo ofrece un excelente rendimiento de adhesi\u00f3n en diversos sustratos, lo que lo convierte en una opci\u00f3n fiable para usos industriales, automotrices y otros usos especializados donde la estabilidad t\u00e9rmica y la resistencia de la uni\u00f3n son esenciales.<\/p>\n","protected":false},"excerpt":{"rendered":"<p>El adhesivo de caucho ASMACO Heat Bond es un adhesivo de caucho sint\u00e9tico de alto rendimiento, formulado para aplicaciones que requieren una resistencia t\u00e9rmica excepcional. Capaz de soportar temperaturas de hasta 170 \u00b0C, ofrece una uni\u00f3n inicial s\u00f3lida y es ideal para entornos exigentes donde la durabilidad y el rendimiento son cruciales.<\/p>\n","protected":false},"featured_media":2694,"comment_status":"open","ping_status":"closed","template":"","meta":{"_acf_changed":false},"product_brand":[],"product_cat":[148,165],"product_tag":[],"class_list":{"0":"post-2693","1":"product","2":"type-product","3":"status-publish","4":"has-post-thumbnail","6":"product_cat-adhesivos","7":"product_cat-adhesivos-de-contacto","9":"first","10":"instock","11":"shipping-taxable","12":"product-type-simple"},"acf":[],"yoast_head":"<!-- This site is optimized with the Yoast SEO plugin v27.3 - https:\/\/yoast.com\/product\/yoast-seo-wordpress\/ -->\n<title>ASMACO HEAT BOND (ADHESIVO DE CONTACTO PREMIUM) - anchoralliedfactory<\/title>\n<meta name=\"robots\" content=\"index, follow, max-snippet:-1, max-image-preview:large, max-video-preview:-1\" \/>\n<link rel=\"canonical\" href=\"https:\/\/anchorallied.com\/es\/product\/asmaco-heat-bond-premium-contact-adhesive\/\" \/>\n<meta property=\"og:locale\" content=\"en_US\" \/>\n<meta property=\"og:type\" content=\"article\" \/>\n<meta property=\"og:title\" content=\"ASMACO HEAT BOND (ADHESIVO DE CONTACTO PREMIUM) - anchoralliedfactory\" \/>\n<meta property=\"og:description\" content=\"El adhesivo de caucho ASMACO Heat Bond es un adhesivo de caucho sint\u00e9tico de alto rendimiento, formulado para aplicaciones que requieren una resistencia t\u00e9rmica excepcional. Capaz de soportar temperaturas de hasta 170 \u00b0C, ofrece una uni\u00f3n inicial s\u00f3lida y es ideal para entornos exigentes donde la durabilidad y el rendimiento son cruciales.\" \/>\n<meta property=\"og:url\" content=\"https:\/\/anchorallied.com\/es\/product\/asmaco-heat-bond-premium-contact-adhesive\/\" \/>\n<meta property=\"og:site_name\" content=\"anchoralliedfactory\" \/>\n<meta property=\"article:modified_time\" content=\"2025-07-27T15:48:56+00:00\" \/>\n<meta property=\"og:image\" content=\"https:\/\/anchorallied.com\/es\/wp-content\/uploads\/2025\/05\/Anc__0013_Heat-Bond-Adhesive.jpg\" \/>\n\t<meta property=\"og:image:width\" content=\"1200\" \/>\n\t<meta property=\"og:image:height\" content=\"1200\" \/>\n\t<meta property=\"og:image:type\" content=\"image\/jpeg\" \/>\n<meta name=\"twitter:card\" content=\"summary_large_image\" \/>\n<meta name=\"twitter:label1\" content=\"Est. reading time\" \/>\n\t<meta name=\"twitter:data1\" content=\"1 minute\" \/>\n<script type=\"application\/ld+json\" class=\"yoast-schema-graph\">{\"@context\":\"https:\\\/\\\/schema.org\",\"@graph\":[{\"@type\":\"WebPage\",\"@id\":\"https:\\\/\\\/anchorallied.com\\\/es\\\/product\\\/asmaco-heat-bond-premium-contact-adhesive\\\/\",\"url\":\"https:\\\/\\\/anchorallied.com\\\/es\\\/product\\\/asmaco-heat-bond-premium-contact-adhesive\\\/\",\"name\":\"ASMACO HEAT BOND (ADHESIVO DE CONTACTO PREMIUM) - anchoralliedfactory\",\"isPartOf\":{\"@id\":\"https:\\\/\\\/anchorallied.com\\\/es\\\/#website\"},\"primaryImageOfPage\":{\"@id\":\"https:\\\/\\\/anchorallied.com\\\/es\\\/product\\\/asmaco-heat-bond-premium-contact-adhesive\\\/#primaryimage\"},\"image\":{\"@id\":\"https:\\\/\\\/anchorallied.com\\\/es\\\/product\\\/asmaco-heat-bond-premium-contact-adhesive\\\/#primaryimage\"},\"thumbnailUrl\":\"https:\\\/\\\/anchorallied.com\\\/es\\\/wp-content\\\/uploads\\\/2025\\\/05\\\/Anc__0013_Heat-Bond-Adhesive.jpg\",\"datePublished\":\"2025-05-27T07:30:02+00:00\",\"dateModified\":\"2025-07-27T15:48:56+00:00\",\"breadcrumb\":{\"@id\":\"https:\\\/\\\/anchorallied.com\\\/es\\\/product\\\/asmaco-heat-bond-premium-contact-adhesive\\\/#breadcrumb\"},\"inLanguage\":\"en\",\"potentialAction\":[{\"@type\":\"ReadAction\",\"target\":[\"https:\\\/\\\/anchorallied.com\\\/es\\\/product\\\/asmaco-heat-bond-premium-contact-adhesive\\\/\"]}]},{\"@type\":\"ImageObject\",\"inLanguage\":\"en\",\"@id\":\"https:\\\/\\\/anchorallied.com\\\/es\\\/product\\\/asmaco-heat-bond-premium-contact-adhesive\\\/#primaryimage\",\"url\":\"https:\\\/\\\/anchorallied.com\\\/es\\\/wp-content\\\/uploads\\\/2025\\\/05\\\/Anc__0013_Heat-Bond-Adhesive.jpg\",\"contentUrl\":\"https:\\\/\\\/anchorallied.com\\\/es\\\/wp-content\\\/uploads\\\/2025\\\/05\\\/Anc__0013_Heat-Bond-Adhesive.jpg\",\"width\":1200,\"height\":1200},{\"@type\":\"BreadcrumbList\",\"@id\":\"https:\\\/\\\/anchorallied.com\\\/es\\\/product\\\/asmaco-heat-bond-premium-contact-adhesive\\\/#breadcrumb\",\"itemListElement\":[{\"@type\":\"ListItem\",\"position\":1,\"name\":\"Home\",\"item\":\"http:\\\/\\\/anchorallied.com\\\/es\\\/\"},{\"@type\":\"ListItem\",\"position\":2,\"name\":\"Shop\",\"item\":\"https:\\\/\\\/anchorallied.com\\\/es\\\/shop\\\/\"},{\"@type\":\"ListItem\",\"position\":3,\"name\":\"ASMACO HEAT BOND (ADHESIVO DE CONTACTO PREMIUM)\"}]},{\"@type\":\"WebSite\",\"@id\":\"https:\\\/\\\/anchorallied.com\\\/es\\\/#website\",\"url\":\"https:\\\/\\\/anchorallied.com\\\/es\\\/\",\"name\":\"anchoralliedfactory\",\"description\":\"\",\"potentialAction\":[{\"@type\":\"SearchAction\",\"target\":{\"@type\":\"EntryPoint\",\"urlTemplate\":\"https:\\\/\\\/anchorallied.com\\\/es\\\/?s={search_term_string}\"},\"query-input\":{\"@type\":\"PropertyValueSpecification\",\"valueRequired\":true,\"valueName\":\"search_term_string\"}}],\"inLanguage\":\"en\"}]}<\/script>\n<!-- \/ Yoast SEO plugin. -->","yoast_head_json":{"title":"ASMACO HEAT BOND (ADHESIVO DE CONTACTO PREMIUM) - anchoralliedfactory","robots":{"index":"index","follow":"follow","max-snippet":"max-snippet:-1","max-image-preview":"max-image-preview:large","max-video-preview":"max-video-preview:-1"},"canonical":"https:\/\/anchorallied.com\/es\/product\/asmaco-heat-bond-premium-contact-adhesive\/","og_locale":"en_US","og_type":"article","og_title":"ASMACO HEAT BOND (ADHESIVO DE CONTACTO PREMIUM) - anchoralliedfactory","og_description":"El adhesivo de caucho ASMACO Heat Bond es un adhesivo de caucho sint\u00e9tico de alto rendimiento, formulado para aplicaciones que requieren una resistencia t\u00e9rmica excepcional. Capaz de soportar temperaturas de hasta 170 \u00b0C, ofrece una uni\u00f3n inicial s\u00f3lida y es ideal para entornos exigentes donde la durabilidad y el rendimiento son cruciales.","og_url":"https:\/\/anchorallied.com\/es\/product\/asmaco-heat-bond-premium-contact-adhesive\/","og_site_name":"anchoralliedfactory","article_modified_time":"2025-07-27T15:48:56+00:00","og_image":[{"width":1200,"height":1200,"url":"https:\/\/anchorallied.com\/es\/wp-content\/uploads\/2025\/05\/Anc__0013_Heat-Bond-Adhesive.jpg","type":"image\/jpeg"}],"twitter_card":"summary_large_image","twitter_misc":{"Est. reading time":"1 minute"},"schema":{"@context":"https:\/\/schema.org","@graph":[{"@type":"WebPage","@id":"https:\/\/anchorallied.com\/es\/product\/asmaco-heat-bond-premium-contact-adhesive\/","url":"https:\/\/anchorallied.com\/es\/product\/asmaco-heat-bond-premium-contact-adhesive\/","name":"ASMACO HEAT BOND (ADHESIVO DE CONTACTO PREMIUM) - anchoralliedfactory","isPartOf":{"@id":"https:\/\/anchorallied.com\/es\/#website"},"primaryImageOfPage":{"@id":"https:\/\/anchorallied.com\/es\/product\/asmaco-heat-bond-premium-contact-adhesive\/#primaryimage"},"image":{"@id":"https:\/\/anchorallied.com\/es\/product\/asmaco-heat-bond-premium-contact-adhesive\/#primaryimage"},"thumbnailUrl":"https:\/\/anchorallied.com\/es\/wp-content\/uploads\/2025\/05\/Anc__0013_Heat-Bond-Adhesive.jpg","datePublished":"2025-05-27T07:30:02+00:00","dateModified":"2025-07-27T15:48:56+00:00","breadcrumb":{"@id":"https:\/\/anchorallied.com\/es\/product\/asmaco-heat-bond-premium-contact-adhesive\/#breadcrumb"},"inLanguage":"en","potentialAction":[{"@type":"ReadAction","target":["https:\/\/anchorallied.com\/es\/product\/asmaco-heat-bond-premium-contact-adhesive\/"]}]},{"@type":"ImageObject","inLanguage":"en","@id":"https:\/\/anchorallied.com\/es\/product\/asmaco-heat-bond-premium-contact-adhesive\/#primaryimage","url":"https:\/\/anchorallied.com\/es\/wp-content\/uploads\/2025\/05\/Anc__0013_Heat-Bond-Adhesive.jpg","contentUrl":"https:\/\/anchorallied.com\/es\/wp-content\/uploads\/2025\/05\/Anc__0013_Heat-Bond-Adhesive.jpg","width":1200,"height":1200},{"@type":"BreadcrumbList","@id":"https:\/\/anchorallied.com\/es\/product\/asmaco-heat-bond-premium-contact-adhesive\/#breadcrumb","itemListElement":[{"@type":"ListItem","position":1,"name":"Home","item":"http:\/\/anchorallied.com\/es\/"},{"@type":"ListItem","position":2,"name":"Shop","item":"https:\/\/anchorallied.com\/es\/shop\/"},{"@type":"ListItem","position":3,"name":"ASMACO HEAT BOND (ADHESIVO DE CONTACTO PREMIUM)"}]},{"@type":"WebSite","@id":"https:\/\/anchorallied.com\/es\/#website","url":"https:\/\/anchorallied.com\/es\/","name":"anchoralliedfactory","description":"","potentialAction":[{"@type":"SearchAction","target":{"@type":"EntryPoint","urlTemplate":"https:\/\/anchorallied.com\/es\/?s={search_term_string}"},"query-input":{"@type":"PropertyValueSpecification","valueRequired":true,"valueName":"search_term_string"}}],"inLanguage":"en"}]}},"_links":{"self":[{"href":"https:\/\/anchorallied.com\/es\/wp-json\/wp\/v2\/product\/2693","targetHints":{"allow":["GET"]}}],"collection":[{"href":"https:\/\/anchorallied.com\/es\/wp-json\/wp\/v2\/product"}],"about":[{"href":"https:\/\/anchorallied.com\/es\/wp-json\/wp\/v2\/types\/product"}],"replies":[{"embeddable":true,"href":"https:\/\/anchorallied.com\/es\/wp-json\/wp\/v2\/comments?post=2693"}],"wp:featuredmedia":[{"embeddable":true,"href":"https:\/\/anchorallied.com\/es\/wp-json\/wp\/v2\/media\/2694"}],"wp:attachment":[{"href":"https:\/\/anchorallied.com\/es\/wp-json\/wp\/v2\/media?parent=2693"}],"wp:term":[{"taxonomy":"product_brand","embeddable":true,"href":"https:\/\/anchorallied.com\/es\/wp-json\/wp\/v2\/product_brand?post=2693"},{"taxonomy":"product_cat","embeddable":true,"href":"https:\/\/anchorallied.com\/es\/wp-json\/wp\/v2\/product_cat?post=2693"},{"taxonomy":"product_tag","embeddable":true,"href":"https:\/\/anchorallied.com\/es\/wp-json\/wp\/v2\/product_tag?post=2693"}],"curies":[{"name":"wp","href":"https:\/\/api.w.org\/{rel}","templated":true}]}}