{"id":2706,"date":"2025-05-27T09:09:13","date_gmt":"2025-05-27T09:09:13","guid":{"rendered":"http:\/\/anchorallied.com\/es\/?post_type=product&#038;p=2706"},"modified":"2025-07-27T15:48:57","modified_gmt":"2025-07-27T15:48:57","slug":"asmaco-shoe-adhesive","status":"publish","type":"product","link":"https:\/\/anchorallied.com\/es\/product\/asmaco-shoe-adhesive\/","title":{"rendered":"ADHESIVO PARA CALZADO ASMACO"},"content":{"rendered":"<p>Este adhesivo ofrece una excelente versatilidad, uniendo una amplia gama de materiales utilizados en calzado y art\u00edculos de cuero. Es conocido por su fuerte adherencia inicial, alta resistencia final de adhesi\u00f3n y flexibilidad, lo que lo hace ideal tanto para procesos de fabricaci\u00f3n como de reparaci\u00f3n. Su f\u00f3rmula garantiza una adhesi\u00f3n duradera incluso bajo tensi\u00f3n y movimiento, manteniendo la integridad de la uni\u00f3n a lo largo del tiempo. ASMACO SHOE ADHESIVE tambi\u00e9n ofrece resistencia a la humedad y a las variaciones de temperatura, lo cual es fundamental para el rendimiento y la durabilidad del calzado. Su compatibilidad con diferentes sustratos garantiza un rendimiento fiable en diversas aplicaciones.<\/p>\n","protected":false},"excerpt":{"rendered":"<p>ASMACO SHOE ADHESIVE es un adhesivo de poliuretano de primera calidad, especialmente desarrollado para la fabricaci\u00f3n y reparaci\u00f3n de calzado, art\u00edculos de cuero y productos similares. Su alta capacidad de adhesi\u00f3n lo hace apto para diversos materiales como cuero, PVC, PU, \u200b\u200bTR y caucho sint\u00e9tico, garantizando durabilidad y flexibilidad en calzado y accesorios.<\/p>\n","protected":false},"featured_media":2707,"comment_status":"open","ping_status":"closed","template":"","meta":{"_acf_changed":false},"product_brand":[],"product_cat":[148,165],"product_tag":[],"class_list":{"0":"post-2706","1":"product","2":"type-product","3":"status-publish","4":"has-post-thumbnail","6":"product_cat-adhesivos","7":"product_cat-adhesivos-de-contacto","9":"first","10":"instock","11":"shipping-taxable","12":"product-type-simple"},"acf":[],"yoast_head":"<!-- This site is optimized with the Yoast SEO plugin v27.3 - https:\/\/yoast.com\/product\/yoast-seo-wordpress\/ -->\n<title>ADHESIVO PARA CALZADO ASMACO - anchoralliedfactory<\/title>\n<meta name=\"robots\" content=\"index, follow, max-snippet:-1, max-image-preview:large, max-video-preview:-1\" \/>\n<link rel=\"canonical\" href=\"https:\/\/anchorallied.com\/es\/product\/asmaco-shoe-adhesive\/\" \/>\n<meta property=\"og:locale\" content=\"en_US\" \/>\n<meta property=\"og:type\" content=\"article\" \/>\n<meta property=\"og:title\" content=\"ADHESIVO PARA CALZADO ASMACO - anchoralliedfactory\" \/>\n<meta property=\"og:description\" content=\"ASMACO SHOE ADHESIVE es un adhesivo de poliuretano de primera calidad, especialmente desarrollado para la fabricaci\u00f3n y reparaci\u00f3n de calzado, art\u00edculos de cuero y productos similares. Su alta capacidad de adhesi\u00f3n lo hace apto para diversos materiales como cuero, PVC, PU, \u200b\u200bTR y caucho sint\u00e9tico, garantizando durabilidad y flexibilidad en calzado y accesorios.\" \/>\n<meta property=\"og:url\" content=\"https:\/\/anchorallied.com\/es\/product\/asmaco-shoe-adhesive\/\" \/>\n<meta property=\"og:site_name\" content=\"anchoralliedfactory\" \/>\n<meta property=\"article:modified_time\" content=\"2025-07-27T15:48:57+00:00\" \/>\n<meta property=\"og:image\" content=\"https:\/\/anchorallied.com\/es\/wp-content\/uploads\/2025\/05\/Anc__0004_Shoe-Adhesive-Can-Top.jpg\" \/>\n\t<meta property=\"og:image:width\" content=\"1200\" \/>\n\t<meta property=\"og:image:height\" content=\"1200\" \/>\n\t<meta property=\"og:image:type\" content=\"image\/jpeg\" \/>\n<meta name=\"twitter:card\" content=\"summary_large_image\" \/>\n<meta name=\"twitter:label1\" content=\"Est. reading time\" \/>\n\t<meta name=\"twitter:data1\" content=\"1 minute\" \/>\n<script type=\"application\/ld+json\" class=\"yoast-schema-graph\">{\"@context\":\"https:\\\/\\\/schema.org\",\"@graph\":[{\"@type\":\"WebPage\",\"@id\":\"https:\\\/\\\/anchorallied.com\\\/es\\\/product\\\/asmaco-shoe-adhesive\\\/\",\"url\":\"https:\\\/\\\/anchorallied.com\\\/es\\\/product\\\/asmaco-shoe-adhesive\\\/\",\"name\":\"ADHESIVO PARA CALZADO ASMACO - anchoralliedfactory\",\"isPartOf\":{\"@id\":\"https:\\\/\\\/anchorallied.com\\\/es\\\/#website\"},\"primaryImageOfPage\":{\"@id\":\"https:\\\/\\\/anchorallied.com\\\/es\\\/product\\\/asmaco-shoe-adhesive\\\/#primaryimage\"},\"image\":{\"@id\":\"https:\\\/\\\/anchorallied.com\\\/es\\\/product\\\/asmaco-shoe-adhesive\\\/#primaryimage\"},\"thumbnailUrl\":\"https:\\\/\\\/anchorallied.com\\\/es\\\/wp-content\\\/uploads\\\/2025\\\/05\\\/Anc__0004_Shoe-Adhesive-Can-Top.jpg\",\"datePublished\":\"2025-05-27T09:09:13+00:00\",\"dateModified\":\"2025-07-27T15:48:57+00:00\",\"breadcrumb\":{\"@id\":\"https:\\\/\\\/anchorallied.com\\\/es\\\/product\\\/asmaco-shoe-adhesive\\\/#breadcrumb\"},\"inLanguage\":\"en\",\"potentialAction\":[{\"@type\":\"ReadAction\",\"target\":[\"https:\\\/\\\/anchorallied.com\\\/es\\\/product\\\/asmaco-shoe-adhesive\\\/\"]}]},{\"@type\":\"ImageObject\",\"inLanguage\":\"en\",\"@id\":\"https:\\\/\\\/anchorallied.com\\\/es\\\/product\\\/asmaco-shoe-adhesive\\\/#primaryimage\",\"url\":\"https:\\\/\\\/anchorallied.com\\\/es\\\/wp-content\\\/uploads\\\/2025\\\/05\\\/Anc__0004_Shoe-Adhesive-Can-Top.jpg\",\"contentUrl\":\"https:\\\/\\\/anchorallied.com\\\/es\\\/wp-content\\\/uploads\\\/2025\\\/05\\\/Anc__0004_Shoe-Adhesive-Can-Top.jpg\",\"width\":1200,\"height\":1200},{\"@type\":\"BreadcrumbList\",\"@id\":\"https:\\\/\\\/anchorallied.com\\\/es\\\/product\\\/asmaco-shoe-adhesive\\\/#breadcrumb\",\"itemListElement\":[{\"@type\":\"ListItem\",\"position\":1,\"name\":\"Home\",\"item\":\"http:\\\/\\\/anchorallied.com\\\/es\\\/\"},{\"@type\":\"ListItem\",\"position\":2,\"name\":\"Shop\",\"item\":\"https:\\\/\\\/anchorallied.com\\\/es\\\/shop\\\/\"},{\"@type\":\"ListItem\",\"position\":3,\"name\":\"ADHESIVO PARA CALZADO ASMACO\"}]},{\"@type\":\"WebSite\",\"@id\":\"https:\\\/\\\/anchorallied.com\\\/es\\\/#website\",\"url\":\"https:\\\/\\\/anchorallied.com\\\/es\\\/\",\"name\":\"anchoralliedfactory\",\"description\":\"\",\"potentialAction\":[{\"@type\":\"SearchAction\",\"target\":{\"@type\":\"EntryPoint\",\"urlTemplate\":\"https:\\\/\\\/anchorallied.com\\\/es\\\/?s={search_term_string}\"},\"query-input\":{\"@type\":\"PropertyValueSpecification\",\"valueRequired\":true,\"valueName\":\"search_term_string\"}}],\"inLanguage\":\"en\"}]}<\/script>\n<!-- \/ Yoast SEO plugin. -->","yoast_head_json":{"title":"ADHESIVO PARA CALZADO ASMACO - anchoralliedfactory","robots":{"index":"index","follow":"follow","max-snippet":"max-snippet:-1","max-image-preview":"max-image-preview:large","max-video-preview":"max-video-preview:-1"},"canonical":"https:\/\/anchorallied.com\/es\/product\/asmaco-shoe-adhesive\/","og_locale":"en_US","og_type":"article","og_title":"ADHESIVO PARA CALZADO ASMACO - anchoralliedfactory","og_description":"ASMACO SHOE ADHESIVE es un adhesivo de poliuretano de primera calidad, especialmente desarrollado para la fabricaci\u00f3n y reparaci\u00f3n de calzado, art\u00edculos de cuero y productos similares. Su alta capacidad de adhesi\u00f3n lo hace apto para diversos materiales como cuero, PVC, PU, \u200b\u200bTR y caucho sint\u00e9tico, garantizando durabilidad y flexibilidad en calzado y accesorios.","og_url":"https:\/\/anchorallied.com\/es\/product\/asmaco-shoe-adhesive\/","og_site_name":"anchoralliedfactory","article_modified_time":"2025-07-27T15:48:57+00:00","og_image":[{"width":1200,"height":1200,"url":"https:\/\/anchorallied.com\/es\/wp-content\/uploads\/2025\/05\/Anc__0004_Shoe-Adhesive-Can-Top.jpg","type":"image\/jpeg"}],"twitter_card":"summary_large_image","twitter_misc":{"Est. reading time":"1 minute"},"schema":{"@context":"https:\/\/schema.org","@graph":[{"@type":"WebPage","@id":"https:\/\/anchorallied.com\/es\/product\/asmaco-shoe-adhesive\/","url":"https:\/\/anchorallied.com\/es\/product\/asmaco-shoe-adhesive\/","name":"ADHESIVO PARA CALZADO ASMACO - anchoralliedfactory","isPartOf":{"@id":"https:\/\/anchorallied.com\/es\/#website"},"primaryImageOfPage":{"@id":"https:\/\/anchorallied.com\/es\/product\/asmaco-shoe-adhesive\/#primaryimage"},"image":{"@id":"https:\/\/anchorallied.com\/es\/product\/asmaco-shoe-adhesive\/#primaryimage"},"thumbnailUrl":"https:\/\/anchorallied.com\/es\/wp-content\/uploads\/2025\/05\/Anc__0004_Shoe-Adhesive-Can-Top.jpg","datePublished":"2025-05-27T09:09:13+00:00","dateModified":"2025-07-27T15:48:57+00:00","breadcrumb":{"@id":"https:\/\/anchorallied.com\/es\/product\/asmaco-shoe-adhesive\/#breadcrumb"},"inLanguage":"en","potentialAction":[{"@type":"ReadAction","target":["https:\/\/anchorallied.com\/es\/product\/asmaco-shoe-adhesive\/"]}]},{"@type":"ImageObject","inLanguage":"en","@id":"https:\/\/anchorallied.com\/es\/product\/asmaco-shoe-adhesive\/#primaryimage","url":"https:\/\/anchorallied.com\/es\/wp-content\/uploads\/2025\/05\/Anc__0004_Shoe-Adhesive-Can-Top.jpg","contentUrl":"https:\/\/anchorallied.com\/es\/wp-content\/uploads\/2025\/05\/Anc__0004_Shoe-Adhesive-Can-Top.jpg","width":1200,"height":1200},{"@type":"BreadcrumbList","@id":"https:\/\/anchorallied.com\/es\/product\/asmaco-shoe-adhesive\/#breadcrumb","itemListElement":[{"@type":"ListItem","position":1,"name":"Home","item":"http:\/\/anchorallied.com\/es\/"},{"@type":"ListItem","position":2,"name":"Shop","item":"https:\/\/anchorallied.com\/es\/shop\/"},{"@type":"ListItem","position":3,"name":"ADHESIVO PARA CALZADO ASMACO"}]},{"@type":"WebSite","@id":"https:\/\/anchorallied.com\/es\/#website","url":"https:\/\/anchorallied.com\/es\/","name":"anchoralliedfactory","description":"","potentialAction":[{"@type":"SearchAction","target":{"@type":"EntryPoint","urlTemplate":"https:\/\/anchorallied.com\/es\/?s={search_term_string}"},"query-input":{"@type":"PropertyValueSpecification","valueRequired":true,"valueName":"search_term_string"}}],"inLanguage":"en"}]}},"_links":{"self":[{"href":"https:\/\/anchorallied.com\/es\/wp-json\/wp\/v2\/product\/2706","targetHints":{"allow":["GET"]}}],"collection":[{"href":"https:\/\/anchorallied.com\/es\/wp-json\/wp\/v2\/product"}],"about":[{"href":"https:\/\/anchorallied.com\/es\/wp-json\/wp\/v2\/types\/product"}],"replies":[{"embeddable":true,"href":"https:\/\/anchorallied.com\/es\/wp-json\/wp\/v2\/comments?post=2706"}],"wp:featuredmedia":[{"embeddable":true,"href":"https:\/\/anchorallied.com\/es\/wp-json\/wp\/v2\/media\/2707"}],"wp:attachment":[{"href":"https:\/\/anchorallied.com\/es\/wp-json\/wp\/v2\/media?parent=2706"}],"wp:term":[{"taxonomy":"product_brand","embeddable":true,"href":"https:\/\/anchorallied.com\/es\/wp-json\/wp\/v2\/product_brand?post=2706"},{"taxonomy":"product_cat","embeddable":true,"href":"https:\/\/anchorallied.com\/es\/wp-json\/wp\/v2\/product_cat?post=2706"},{"taxonomy":"product_tag","embeddable":true,"href":"https:\/\/anchorallied.com\/es\/wp-json\/wp\/v2\/product_tag?post=2706"}],"curies":[{"name":"wp","href":"https:\/\/api.w.org\/{rel}","templated":true}]}}