{"id":2740,"date":"2025-05-27T09:52:38","date_gmt":"2025-05-27T09:52:38","guid":{"rendered":"http:\/\/anchorallied.com\/es\/?post_type=product&#038;p=2740"},"modified":"2026-04-13T05:12:16","modified_gmt":"2026-04-13T05:12:16","slug":"asmaco-upvc-cements-p-914","status":"publish","type":"product","link":"https:\/\/anchorallied.com\/es\/product\/asmaco-upvc-cements-p-914\/","title":{"rendered":"CEMENTOS DE PVC ASMACO P 914"},"content":{"rendered":"<p>El cemento ASMACO UPVC CEMENT 914 ofrece una uni\u00f3n resistente y duradera para aplicaciones de PVC r\u00edgido, lo que lo hace ideal para plomer\u00eda, tuber\u00edas industriales y construcci\u00f3n. Gracias a su viscosidad media, proporciona una excelente penetraci\u00f3n en las juntas, garantizando un sellado herm\u00e9tico y fiable. El adhesivo es f\u00e1cil de aplicar, lo que mejora la eficiencia del trabajo y, una vez curado por completo, es seguro para su uso en sistemas de agua potable. Adem\u00e1s, presenta una excelente resistencia a la presi\u00f3n y la humedad, previniendo fugas incluso en condiciones extremas. Cumpliendo con las normas BS y ASTM, este adhesivo garantiza una calidad y un rendimiento de reconocimiento internacional.<\/p>\n","protected":false},"excerpt":{"rendered":"<p>ASMACO UPVC CEMENT 914 es un adhesivo de alto rendimiento a base de solventes, espec\u00edficamente formulado para unir y sellar tuber\u00edas y accesorios de PVC r\u00edgido. Su viscosidad media y su potente penetraci\u00f3n garantizan una uni\u00f3n duradera e impermeable, capaz de soportar presiones extremas. F\u00e1cil de usar y seguro para sistemas de agua potable una vez curado, este adhesivo cumple con normas internacionales como BS y ASTM.<\/p>\n","protected":false},"featured_media":2742,"comment_status":"open","ping_status":"closed","template":"","meta":{"_acf_changed":false},"product_brand":[],"product_cat":[148,145],"product_tag":[],"class_list":{"0":"post-2740","1":"product","2":"type-product","3":"status-publish","4":"has-post-thumbnail","6":"product_cat-adhesivos","7":"product_cat-cementos-pvc","9":"first","10":"instock","11":"shipping-taxable","12":"product-type-simple"},"acf":[],"yoast_head":"<!-- This site is optimized with the Yoast SEO plugin v27.3 - https:\/\/yoast.com\/product\/yoast-seo-wordpress\/ -->\n<title>CEMENTOS DE PVC ASMACO P 914 - anchoralliedfactory<\/title>\n<meta name=\"robots\" content=\"index, follow, max-snippet:-1, max-image-preview:large, max-video-preview:-1\" \/>\n<link rel=\"canonical\" href=\"https:\/\/anchorallied.com\/es\/product\/asmaco-upvc-cements-p-914\/\" \/>\n<meta property=\"og:locale\" content=\"en_US\" \/>\n<meta property=\"og:type\" content=\"article\" \/>\n<meta property=\"og:title\" content=\"CEMENTOS DE PVC ASMACO P 914 - anchoralliedfactory\" \/>\n<meta property=\"og:description\" content=\"ASMACO UPVC CEMENT 914 es un adhesivo de alto rendimiento a base de solventes, espec\u00edficamente formulado para unir y sellar tuber\u00edas y accesorios de PVC r\u00edgido. Su viscosidad media y su potente penetraci\u00f3n garantizan una uni\u00f3n duradera e impermeable, capaz de soportar presiones extremas. F\u00e1cil de usar y seguro para sistemas de agua potable una vez curado, este adhesivo cumple con normas internacionales como BS y ASTM.\" \/>\n<meta property=\"og:url\" content=\"https:\/\/anchorallied.com\/es\/product\/asmaco-upvc-cements-p-914\/\" \/>\n<meta property=\"og:site_name\" content=\"anchoralliedfactory\" \/>\n<meta property=\"article:modified_time\" content=\"2026-04-13T05:12:16+00:00\" \/>\n<meta property=\"og:image\" content=\"http:\/\/anchorallied.com\/es\/wp-content\/uploads\/2025\/05\/PVC-_0001_UPVC-473-MlL-GREEN.jpg\" \/>\n\t<meta property=\"og:image:width\" content=\"1200\" \/>\n\t<meta property=\"og:image:height\" content=\"1200\" \/>\n\t<meta property=\"og:image:type\" content=\"image\/jpeg\" \/>\n<meta name=\"twitter:card\" content=\"summary_large_image\" \/>\n<meta name=\"twitter:label1\" content=\"Est. reading time\" \/>\n\t<meta name=\"twitter:data1\" content=\"5 minutes\" \/>\n<script type=\"application\/ld+json\" class=\"yoast-schema-graph\">{\"@context\":\"https:\\\/\\\/schema.org\",\"@graph\":[{\"@type\":\"WebPage\",\"@id\":\"https:\\\/\\\/anchorallied.com\\\/es\\\/product\\\/asmaco-upvc-cements-p-914\\\/\",\"url\":\"https:\\\/\\\/anchorallied.com\\\/es\\\/product\\\/asmaco-upvc-cements-p-914\\\/\",\"name\":\"CEMENTOS DE PVC ASMACO P 914 - anchoralliedfactory\",\"isPartOf\":{\"@id\":\"https:\\\/\\\/anchorallied.com\\\/es\\\/#website\"},\"primaryImageOfPage\":{\"@id\":\"https:\\\/\\\/anchorallied.com\\\/es\\\/product\\\/asmaco-upvc-cements-p-914\\\/#primaryimage\"},\"image\":{\"@id\":\"https:\\\/\\\/anchorallied.com\\\/es\\\/product\\\/asmaco-upvc-cements-p-914\\\/#primaryimage\"},\"thumbnailUrl\":\"https:\\\/\\\/anchorallied.com\\\/es\\\/wp-content\\\/uploads\\\/2025\\\/05\\\/PVC-_0001_UPVC-473-MlL-GREEN.jpg\",\"datePublished\":\"2025-05-27T09:52:38+00:00\",\"dateModified\":\"2026-04-13T05:12:16+00:00\",\"breadcrumb\":{\"@id\":\"https:\\\/\\\/anchorallied.com\\\/es\\\/product\\\/asmaco-upvc-cements-p-914\\\/#breadcrumb\"},\"inLanguage\":\"en\",\"potentialAction\":[{\"@type\":\"ReadAction\",\"target\":[\"https:\\\/\\\/anchorallied.com\\\/es\\\/product\\\/asmaco-upvc-cements-p-914\\\/\"]}]},{\"@type\":\"ImageObject\",\"inLanguage\":\"en\",\"@id\":\"https:\\\/\\\/anchorallied.com\\\/es\\\/product\\\/asmaco-upvc-cements-p-914\\\/#primaryimage\",\"url\":\"https:\\\/\\\/anchorallied.com\\\/es\\\/wp-content\\\/uploads\\\/2025\\\/05\\\/PVC-_0001_UPVC-473-MlL-GREEN.jpg\",\"contentUrl\":\"https:\\\/\\\/anchorallied.com\\\/es\\\/wp-content\\\/uploads\\\/2025\\\/05\\\/PVC-_0001_UPVC-473-MlL-GREEN.jpg\",\"width\":1200,\"height\":1200},{\"@type\":\"BreadcrumbList\",\"@id\":\"https:\\\/\\\/anchorallied.com\\\/es\\\/product\\\/asmaco-upvc-cements-p-914\\\/#breadcrumb\",\"itemListElement\":[{\"@type\":\"ListItem\",\"position\":1,\"name\":\"Home\",\"item\":\"http:\\\/\\\/anchorallied.com\\\/es\\\/\"},{\"@type\":\"ListItem\",\"position\":2,\"name\":\"Shop\",\"item\":\"https:\\\/\\\/anchorallied.com\\\/es\\\/shop\\\/\"},{\"@type\":\"ListItem\",\"position\":3,\"name\":\"CEMENTOS DE PVC ASMACO P 914\"}]},{\"@type\":\"WebSite\",\"@id\":\"https:\\\/\\\/anchorallied.com\\\/es\\\/#website\",\"url\":\"https:\\\/\\\/anchorallied.com\\\/es\\\/\",\"name\":\"anchoralliedfactory\",\"description\":\"\",\"potentialAction\":[{\"@type\":\"SearchAction\",\"target\":{\"@type\":\"EntryPoint\",\"urlTemplate\":\"https:\\\/\\\/anchorallied.com\\\/es\\\/?s={search_term_string}\"},\"query-input\":{\"@type\":\"PropertyValueSpecification\",\"valueRequired\":true,\"valueName\":\"search_term_string\"}}],\"inLanguage\":\"en\"}]}<\/script>\n<!-- \/ Yoast SEO plugin. -->","yoast_head_json":{"title":"CEMENTOS DE PVC ASMACO P 914 - anchoralliedfactory","robots":{"index":"index","follow":"follow","max-snippet":"max-snippet:-1","max-image-preview":"max-image-preview:large","max-video-preview":"max-video-preview:-1"},"canonical":"https:\/\/anchorallied.com\/es\/product\/asmaco-upvc-cements-p-914\/","og_locale":"en_US","og_type":"article","og_title":"CEMENTOS DE PVC ASMACO P 914 - anchoralliedfactory","og_description":"ASMACO UPVC CEMENT 914 es un adhesivo de alto rendimiento a base de solventes, espec\u00edficamente formulado para unir y sellar tuber\u00edas y accesorios de PVC r\u00edgido. Su viscosidad media y su potente penetraci\u00f3n garantizan una uni\u00f3n duradera e impermeable, capaz de soportar presiones extremas. F\u00e1cil de usar y seguro para sistemas de agua potable una vez curado, este adhesivo cumple con normas internacionales como BS y ASTM.","og_url":"https:\/\/anchorallied.com\/es\/product\/asmaco-upvc-cements-p-914\/","og_site_name":"anchoralliedfactory","article_modified_time":"2026-04-13T05:12:16+00:00","og_image":[{"width":1200,"height":1200,"url":"http:\/\/anchorallied.com\/es\/wp-content\/uploads\/2025\/05\/PVC-_0001_UPVC-473-MlL-GREEN.jpg","type":"image\/jpeg"}],"twitter_card":"summary_large_image","twitter_misc":{"Est. reading time":"5 minutes"},"schema":{"@context":"https:\/\/schema.org","@graph":[{"@type":"WebPage","@id":"https:\/\/anchorallied.com\/es\/product\/asmaco-upvc-cements-p-914\/","url":"https:\/\/anchorallied.com\/es\/product\/asmaco-upvc-cements-p-914\/","name":"CEMENTOS DE PVC ASMACO P 914 - anchoralliedfactory","isPartOf":{"@id":"https:\/\/anchorallied.com\/es\/#website"},"primaryImageOfPage":{"@id":"https:\/\/anchorallied.com\/es\/product\/asmaco-upvc-cements-p-914\/#primaryimage"},"image":{"@id":"https:\/\/anchorallied.com\/es\/product\/asmaco-upvc-cements-p-914\/#primaryimage"},"thumbnailUrl":"https:\/\/anchorallied.com\/es\/wp-content\/uploads\/2025\/05\/PVC-_0001_UPVC-473-MlL-GREEN.jpg","datePublished":"2025-05-27T09:52:38+00:00","dateModified":"2026-04-13T05:12:16+00:00","breadcrumb":{"@id":"https:\/\/anchorallied.com\/es\/product\/asmaco-upvc-cements-p-914\/#breadcrumb"},"inLanguage":"en","potentialAction":[{"@type":"ReadAction","target":["https:\/\/anchorallied.com\/es\/product\/asmaco-upvc-cements-p-914\/"]}]},{"@type":"ImageObject","inLanguage":"en","@id":"https:\/\/anchorallied.com\/es\/product\/asmaco-upvc-cements-p-914\/#primaryimage","url":"https:\/\/anchorallied.com\/es\/wp-content\/uploads\/2025\/05\/PVC-_0001_UPVC-473-MlL-GREEN.jpg","contentUrl":"https:\/\/anchorallied.com\/es\/wp-content\/uploads\/2025\/05\/PVC-_0001_UPVC-473-MlL-GREEN.jpg","width":1200,"height":1200},{"@type":"BreadcrumbList","@id":"https:\/\/anchorallied.com\/es\/product\/asmaco-upvc-cements-p-914\/#breadcrumb","itemListElement":[{"@type":"ListItem","position":1,"name":"Home","item":"http:\/\/anchorallied.com\/es\/"},{"@type":"ListItem","position":2,"name":"Shop","item":"https:\/\/anchorallied.com\/es\/shop\/"},{"@type":"ListItem","position":3,"name":"CEMENTOS DE PVC ASMACO P 914"}]},{"@type":"WebSite","@id":"https:\/\/anchorallied.com\/es\/#website","url":"https:\/\/anchorallied.com\/es\/","name":"anchoralliedfactory","description":"","potentialAction":[{"@type":"SearchAction","target":{"@type":"EntryPoint","urlTemplate":"https:\/\/anchorallied.com\/es\/?s={search_term_string}"},"query-input":{"@type":"PropertyValueSpecification","valueRequired":true,"valueName":"search_term_string"}}],"inLanguage":"en"}]}},"_links":{"self":[{"href":"https:\/\/anchorallied.com\/es\/wp-json\/wp\/v2\/product\/2740","targetHints":{"allow":["GET"]}}],"collection":[{"href":"https:\/\/anchorallied.com\/es\/wp-json\/wp\/v2\/product"}],"about":[{"href":"https:\/\/anchorallied.com\/es\/wp-json\/wp\/v2\/types\/product"}],"replies":[{"embeddable":true,"href":"https:\/\/anchorallied.com\/es\/wp-json\/wp\/v2\/comments?post=2740"}],"wp:featuredmedia":[{"embeddable":true,"href":"https:\/\/anchorallied.com\/es\/wp-json\/wp\/v2\/media\/2742"}],"wp:attachment":[{"href":"https:\/\/anchorallied.com\/es\/wp-json\/wp\/v2\/media?parent=2740"}],"wp:term":[{"taxonomy":"product_brand","embeddable":true,"href":"https:\/\/anchorallied.com\/es\/wp-json\/wp\/v2\/product_brand?post=2740"},{"taxonomy":"product_cat","embeddable":true,"href":"https:\/\/anchorallied.com\/es\/wp-json\/wp\/v2\/product_cat?post=2740"},{"taxonomy":"product_tag","embeddable":true,"href":"https:\/\/anchorallied.com\/es\/wp-json\/wp\/v2\/product_tag?post=2740"}],"curies":[{"name":"wp","href":"https:\/\/api.w.org\/{rel}","templated":true}]}}