{"id":2744,"date":"2025-05-27T09:58:25","date_gmt":"2025-05-27T09:58:25","guid":{"rendered":"http:\/\/anchorallied.com\/es\/?post_type=product&#038;p=2744"},"modified":"2026-04-13T05:11:50","modified_gmt":"2026-04-13T05:11:50","slug":"asmaco-fix-upvc-cements-p-917","status":"publish","type":"product","link":"https:\/\/anchorallied.com\/es\/product\/asmaco-fix-upvc-cements-p-917\/","title":{"rendered":"CEMENTOS DE PVC ASMACO FIX P 917"},"content":{"rendered":"<p>ASMACOFIX proporciona una uni\u00f3n resistente y duradera para sistemas de tuber\u00edas r\u00edgidas de PVC, lo que lo hace ideal para aplicaciones de plomer\u00eda residencial, comercial e industrial. Su viscosidad media permite una excelente penetraci\u00f3n y adhesi\u00f3n en las juntas de tuber\u00edas, garantizando un sellado herm\u00e9tico incluso bajo presi\u00f3n extrema. El adhesivo es seguro para agua potable despu\u00e9s de su curado completo, lo que lo hace adecuado para una amplia gama de instalaciones. Es compatible con tuber\u00edas de hasta 30 cm (12 pulgadas), lo que ofrece versatilidad en diversas aplicaciones. ASMACOFIX tambi\u00e9n cumple con las normas internacionales BS y ASTM, lo que garantiza calidad, seguridad y rendimiento en entornos exigentes.<\/p>\n","protected":false},"excerpt":{"rendered":"<p>ASMACOFIX es un adhesivo premium a base de solventes, espec\u00edficamente formulado para cementar y unir tuber\u00edas y accesorios de PVC r\u00edgido (U-PVC). Gracias a su viscosidad media y alta penetraci\u00f3n, garantiza uniones seguras e impermeables que soportan altas presiones. Seguro para su uso en sistemas de agua potable tras su curado completo, ASMACOFIX cumple con normas internacionales como BS y ASTM y es apto para tuber\u00edas y accesorios de hasta 30 cm de di\u00e1metro.<\/p>\n","protected":false},"featured_media":2746,"comment_status":"open","ping_status":"closed","template":"","meta":{"_acf_changed":false},"product_brand":[],"product_cat":[148,145],"product_tag":[],"class_list":{"0":"post-2744","1":"product","2":"type-product","3":"status-publish","4":"has-post-thumbnail","6":"product_cat-adhesivos","7":"product_cat-cementos-pvc","9":"first","10":"instock","11":"shipping-taxable","12":"product-type-simple"},"acf":[],"yoast_head":"<!-- This site is optimized with the Yoast SEO plugin v27.3 - https:\/\/yoast.com\/product\/yoast-seo-wordpress\/ -->\n<title>CEMENTOS DE PVC ASMACO FIX P 917 - anchoralliedfactory<\/title>\n<meta name=\"robots\" content=\"index, follow, max-snippet:-1, max-image-preview:large, max-video-preview:-1\" \/>\n<link rel=\"canonical\" href=\"https:\/\/anchorallied.com\/es\/product\/asmaco-fix-upvc-cements-p-917\/\" \/>\n<meta property=\"og:locale\" content=\"en_US\" \/>\n<meta property=\"og:type\" content=\"article\" \/>\n<meta property=\"og:title\" content=\"CEMENTOS DE PVC ASMACO FIX P 917 - anchoralliedfactory\" \/>\n<meta property=\"og:description\" content=\"ASMACOFIX es un adhesivo premium a base de solventes, espec\u00edficamente formulado para cementar y unir tuber\u00edas y accesorios de PVC r\u00edgido (U-PVC). Gracias a su viscosidad media y alta penetraci\u00f3n, garantiza uniones seguras e impermeables que soportan altas presiones. Seguro para su uso en sistemas de agua potable tras su curado completo, ASMACOFIX cumple con normas internacionales como BS y ASTM y es apto para tuber\u00edas y accesorios de hasta 30 cm de di\u00e1metro.\" \/>\n<meta property=\"og:url\" content=\"https:\/\/anchorallied.com\/es\/product\/asmaco-fix-upvc-cements-p-917\/\" \/>\n<meta property=\"og:site_name\" content=\"anchoralliedfactory\" \/>\n<meta property=\"article:modified_time\" content=\"2026-04-13T05:11:50+00:00\" \/>\n<meta property=\"og:image\" content=\"http:\/\/anchorallied.com\/es\/wp-content\/uploads\/2025\/05\/PVC-_0005_Asmaco-Fix.jpg\" \/>\n\t<meta property=\"og:image:width\" content=\"1200\" \/>\n\t<meta property=\"og:image:height\" content=\"1200\" \/>\n\t<meta property=\"og:image:type\" content=\"image\/jpeg\" \/>\n<meta name=\"twitter:card\" content=\"summary_large_image\" \/>\n<meta name=\"twitter:label1\" content=\"Est. reading time\" \/>\n\t<meta name=\"twitter:data1\" content=\"5 minutes\" \/>\n<script type=\"application\/ld+json\" class=\"yoast-schema-graph\">{\"@context\":\"https:\\\/\\\/schema.org\",\"@graph\":[{\"@type\":\"WebPage\",\"@id\":\"https:\\\/\\\/anchorallied.com\\\/es\\\/product\\\/asmaco-fix-upvc-cements-p-917\\\/\",\"url\":\"https:\\\/\\\/anchorallied.com\\\/es\\\/product\\\/asmaco-fix-upvc-cements-p-917\\\/\",\"name\":\"CEMENTOS DE PVC ASMACO FIX P 917 - anchoralliedfactory\",\"isPartOf\":{\"@id\":\"https:\\\/\\\/anchorallied.com\\\/es\\\/#website\"},\"primaryImageOfPage\":{\"@id\":\"https:\\\/\\\/anchorallied.com\\\/es\\\/product\\\/asmaco-fix-upvc-cements-p-917\\\/#primaryimage\"},\"image\":{\"@id\":\"https:\\\/\\\/anchorallied.com\\\/es\\\/product\\\/asmaco-fix-upvc-cements-p-917\\\/#primaryimage\"},\"thumbnailUrl\":\"https:\\\/\\\/anchorallied.com\\\/es\\\/wp-content\\\/uploads\\\/2025\\\/05\\\/PVC-_0005_Asmaco-Fix.jpg\",\"datePublished\":\"2025-05-27T09:58:25+00:00\",\"dateModified\":\"2026-04-13T05:11:50+00:00\",\"breadcrumb\":{\"@id\":\"https:\\\/\\\/anchorallied.com\\\/es\\\/product\\\/asmaco-fix-upvc-cements-p-917\\\/#breadcrumb\"},\"inLanguage\":\"en\",\"potentialAction\":[{\"@type\":\"ReadAction\",\"target\":[\"https:\\\/\\\/anchorallied.com\\\/es\\\/product\\\/asmaco-fix-upvc-cements-p-917\\\/\"]}]},{\"@type\":\"ImageObject\",\"inLanguage\":\"en\",\"@id\":\"https:\\\/\\\/anchorallied.com\\\/es\\\/product\\\/asmaco-fix-upvc-cements-p-917\\\/#primaryimage\",\"url\":\"https:\\\/\\\/anchorallied.com\\\/es\\\/wp-content\\\/uploads\\\/2025\\\/05\\\/PVC-_0005_Asmaco-Fix.jpg\",\"contentUrl\":\"https:\\\/\\\/anchorallied.com\\\/es\\\/wp-content\\\/uploads\\\/2025\\\/05\\\/PVC-_0005_Asmaco-Fix.jpg\",\"width\":1200,\"height\":1200},{\"@type\":\"BreadcrumbList\",\"@id\":\"https:\\\/\\\/anchorallied.com\\\/es\\\/product\\\/asmaco-fix-upvc-cements-p-917\\\/#breadcrumb\",\"itemListElement\":[{\"@type\":\"ListItem\",\"position\":1,\"name\":\"Home\",\"item\":\"http:\\\/\\\/anchorallied.com\\\/es\\\/\"},{\"@type\":\"ListItem\",\"position\":2,\"name\":\"Shop\",\"item\":\"https:\\\/\\\/anchorallied.com\\\/es\\\/shop\\\/\"},{\"@type\":\"ListItem\",\"position\":3,\"name\":\"CEMENTOS DE PVC ASMACO FIX P 917\"}]},{\"@type\":\"WebSite\",\"@id\":\"https:\\\/\\\/anchorallied.com\\\/es\\\/#website\",\"url\":\"https:\\\/\\\/anchorallied.com\\\/es\\\/\",\"name\":\"anchoralliedfactory\",\"description\":\"\",\"potentialAction\":[{\"@type\":\"SearchAction\",\"target\":{\"@type\":\"EntryPoint\",\"urlTemplate\":\"https:\\\/\\\/anchorallied.com\\\/es\\\/?s={search_term_string}\"},\"query-input\":{\"@type\":\"PropertyValueSpecification\",\"valueRequired\":true,\"valueName\":\"search_term_string\"}}],\"inLanguage\":\"en\"}]}<\/script>\n<!-- \/ Yoast SEO plugin. -->","yoast_head_json":{"title":"CEMENTOS DE PVC ASMACO FIX P 917 - anchoralliedfactory","robots":{"index":"index","follow":"follow","max-snippet":"max-snippet:-1","max-image-preview":"max-image-preview:large","max-video-preview":"max-video-preview:-1"},"canonical":"https:\/\/anchorallied.com\/es\/product\/asmaco-fix-upvc-cements-p-917\/","og_locale":"en_US","og_type":"article","og_title":"CEMENTOS DE PVC ASMACO FIX P 917 - anchoralliedfactory","og_description":"ASMACOFIX es un adhesivo premium a base de solventes, espec\u00edficamente formulado para cementar y unir tuber\u00edas y accesorios de PVC r\u00edgido (U-PVC). Gracias a su viscosidad media y alta penetraci\u00f3n, garantiza uniones seguras e impermeables que soportan altas presiones. Seguro para su uso en sistemas de agua potable tras su curado completo, ASMACOFIX cumple con normas internacionales como BS y ASTM y es apto para tuber\u00edas y accesorios de hasta 30 cm de di\u00e1metro.","og_url":"https:\/\/anchorallied.com\/es\/product\/asmaco-fix-upvc-cements-p-917\/","og_site_name":"anchoralliedfactory","article_modified_time":"2026-04-13T05:11:50+00:00","og_image":[{"width":1200,"height":1200,"url":"http:\/\/anchorallied.com\/es\/wp-content\/uploads\/2025\/05\/PVC-_0005_Asmaco-Fix.jpg","type":"image\/jpeg"}],"twitter_card":"summary_large_image","twitter_misc":{"Est. reading time":"5 minutes"},"schema":{"@context":"https:\/\/schema.org","@graph":[{"@type":"WebPage","@id":"https:\/\/anchorallied.com\/es\/product\/asmaco-fix-upvc-cements-p-917\/","url":"https:\/\/anchorallied.com\/es\/product\/asmaco-fix-upvc-cements-p-917\/","name":"CEMENTOS DE PVC ASMACO FIX P 917 - anchoralliedfactory","isPartOf":{"@id":"https:\/\/anchorallied.com\/es\/#website"},"primaryImageOfPage":{"@id":"https:\/\/anchorallied.com\/es\/product\/asmaco-fix-upvc-cements-p-917\/#primaryimage"},"image":{"@id":"https:\/\/anchorallied.com\/es\/product\/asmaco-fix-upvc-cements-p-917\/#primaryimage"},"thumbnailUrl":"https:\/\/anchorallied.com\/es\/wp-content\/uploads\/2025\/05\/PVC-_0005_Asmaco-Fix.jpg","datePublished":"2025-05-27T09:58:25+00:00","dateModified":"2026-04-13T05:11:50+00:00","breadcrumb":{"@id":"https:\/\/anchorallied.com\/es\/product\/asmaco-fix-upvc-cements-p-917\/#breadcrumb"},"inLanguage":"en","potentialAction":[{"@type":"ReadAction","target":["https:\/\/anchorallied.com\/es\/product\/asmaco-fix-upvc-cements-p-917\/"]}]},{"@type":"ImageObject","inLanguage":"en","@id":"https:\/\/anchorallied.com\/es\/product\/asmaco-fix-upvc-cements-p-917\/#primaryimage","url":"https:\/\/anchorallied.com\/es\/wp-content\/uploads\/2025\/05\/PVC-_0005_Asmaco-Fix.jpg","contentUrl":"https:\/\/anchorallied.com\/es\/wp-content\/uploads\/2025\/05\/PVC-_0005_Asmaco-Fix.jpg","width":1200,"height":1200},{"@type":"BreadcrumbList","@id":"https:\/\/anchorallied.com\/es\/product\/asmaco-fix-upvc-cements-p-917\/#breadcrumb","itemListElement":[{"@type":"ListItem","position":1,"name":"Home","item":"http:\/\/anchorallied.com\/es\/"},{"@type":"ListItem","position":2,"name":"Shop","item":"https:\/\/anchorallied.com\/es\/shop\/"},{"@type":"ListItem","position":3,"name":"CEMENTOS DE PVC ASMACO FIX P 917"}]},{"@type":"WebSite","@id":"https:\/\/anchorallied.com\/es\/#website","url":"https:\/\/anchorallied.com\/es\/","name":"anchoralliedfactory","description":"","potentialAction":[{"@type":"SearchAction","target":{"@type":"EntryPoint","urlTemplate":"https:\/\/anchorallied.com\/es\/?s={search_term_string}"},"query-input":{"@type":"PropertyValueSpecification","valueRequired":true,"valueName":"search_term_string"}}],"inLanguage":"en"}]}},"_links":{"self":[{"href":"https:\/\/anchorallied.com\/es\/wp-json\/wp\/v2\/product\/2744","targetHints":{"allow":["GET"]}}],"collection":[{"href":"https:\/\/anchorallied.com\/es\/wp-json\/wp\/v2\/product"}],"about":[{"href":"https:\/\/anchorallied.com\/es\/wp-json\/wp\/v2\/types\/product"}],"replies":[{"embeddable":true,"href":"https:\/\/anchorallied.com\/es\/wp-json\/wp\/v2\/comments?post=2744"}],"wp:featuredmedia":[{"embeddable":true,"href":"https:\/\/anchorallied.com\/es\/wp-json\/wp\/v2\/media\/2746"}],"wp:attachment":[{"href":"https:\/\/anchorallied.com\/es\/wp-json\/wp\/v2\/media?parent=2744"}],"wp:term":[{"taxonomy":"product_brand","embeddable":true,"href":"https:\/\/anchorallied.com\/es\/wp-json\/wp\/v2\/product_brand?post=2744"},{"taxonomy":"product_cat","embeddable":true,"href":"https:\/\/anchorallied.com\/es\/wp-json\/wp\/v2\/product_cat?post=2744"},{"taxonomy":"product_tag","embeddable":true,"href":"https:\/\/anchorallied.com\/es\/wp-json\/wp\/v2\/product_tag?post=2744"}],"curies":[{"name":"wp","href":"https:\/\/api.w.org\/{rel}","templated":true}]}}