{"id":2748,"date":"2025-05-27T10:05:57","date_gmt":"2025-05-27T10:05:57","guid":{"rendered":"http:\/\/anchorallied.com\/es\/?post_type=product&#038;p=2748"},"modified":"2026-04-13T05:11:07","modified_gmt":"2026-04-13T05:11:07","slug":"weldfix-pvc-primer-p-918","status":"publish","type":"product","link":"https:\/\/anchorallied.com\/es\/product\/weldfix-pvc-primer-p-918\/","title":{"rendered":"Imprimaci\u00f3n para PVC Welfix P 918"},"content":{"rendered":"<p>WELD FIX P 918 PRIMER ofrece una limpieza y preparaci\u00f3n de superficies en\u00e9rgicas, eliminando suciedad, grasa y mugre, a la vez que suaviza la superficie de la tuber\u00eda para facilitar una uni\u00f3n r\u00e1pida y duradera. Es ideal para usar en climas fr\u00edos, donde su acci\u00f3n de imprimaci\u00f3n mejora la resistencia de la soldadura y la eficiencia de la uni\u00f3n. La imprimaci\u00f3n proporciona una verificaci\u00f3n visible de la aplicaci\u00f3n (disponible en transparente, azul y morado) para cumplir con los requisitos del c\u00f3digo de plomer\u00eda en \u00e1reas reguladas. Gracias a su f\u00f3rmula con bajas emisiones de COV, garantiza la seguridad y el cumplimiento de las normas ambientales, lo que la hace adecuada para sistemas de tuber\u00edas residenciales, comerciales e industriales.<\/p>\n","protected":false},"excerpt":{"rendered":"<p>WELD FIX P 918 PRIMER es una imprimaci\u00f3n sin pasta, especialmente formulada y con bajas emisiones de COV, dise\u00f1ada para usarse en todo tipo de tuber\u00edas y accesorios de PVC y CPVC. Su f\u00f3rmula de acci\u00f3n r\u00e1pida y agresiva elimina eficazmente los contaminantes de la superficie y suaviza las superficies de las tuber\u00edas, garantizando una soldadura con solvente resistente y segura, especialmente beneficiosa en condiciones de fr\u00edo.<\/p>\n","protected":false},"featured_media":2750,"comment_status":"open","ping_status":"closed","template":"","meta":{"_acf_changed":false},"product_brand":[],"product_cat":[148,145],"product_tag":[],"class_list":{"0":"post-2748","1":"product","2":"type-product","3":"status-publish","4":"has-post-thumbnail","6":"product_cat-adhesivos","7":"product_cat-cementos-pvc","9":"first","10":"instock","11":"shipping-taxable","12":"product-type-simple"},"acf":[],"yoast_head":"<!-- This site is optimized with the Yoast SEO plugin v27.3 - https:\/\/yoast.com\/product\/yoast-seo-wordpress\/ -->\n<title>Imprimaci\u00f3n para PVC Welfix P 918 - anchoralliedfactory<\/title>\n<meta name=\"robots\" content=\"index, follow, max-snippet:-1, max-image-preview:large, max-video-preview:-1\" \/>\n<link rel=\"canonical\" href=\"https:\/\/anchorallied.com\/es\/product\/weldfix-pvc-primer-p-918\/\" \/>\n<meta property=\"og:locale\" content=\"en_US\" \/>\n<meta property=\"og:type\" content=\"article\" \/>\n<meta property=\"og:title\" content=\"Imprimaci\u00f3n para PVC Welfix P 918 - anchoralliedfactory\" \/>\n<meta property=\"og:description\" content=\"WELD FIX P 918 PRIMER es una imprimaci\u00f3n sin pasta, especialmente formulada y con bajas emisiones de COV, dise\u00f1ada para usarse en todo tipo de tuber\u00edas y accesorios de PVC y CPVC. Su f\u00f3rmula de acci\u00f3n r\u00e1pida y agresiva elimina eficazmente los contaminantes de la superficie y suaviza las superficies de las tuber\u00edas, garantizando una soldadura con solvente resistente y segura, especialmente beneficiosa en condiciones de fr\u00edo.\" \/>\n<meta property=\"og:url\" content=\"https:\/\/anchorallied.com\/es\/product\/weldfix-pvc-primer-p-918\/\" \/>\n<meta property=\"og:site_name\" content=\"anchoralliedfactory\" \/>\n<meta property=\"article:modified_time\" content=\"2026-04-13T05:11:07+00:00\" \/>\n<meta property=\"og:image\" content=\"http:\/\/anchorallied.com\/es\/wp-content\/uploads\/2025\/05\/PVC-_0003_PVC-Primer.jpg\" \/>\n\t<meta property=\"og:image:width\" content=\"1200\" \/>\n\t<meta property=\"og:image:height\" content=\"1200\" \/>\n\t<meta property=\"og:image:type\" content=\"image\/jpeg\" \/>\n<meta name=\"twitter:card\" content=\"summary_large_image\" \/>\n<meta name=\"twitter:label1\" content=\"Est. reading time\" \/>\n\t<meta name=\"twitter:data1\" content=\"5 minutes\" \/>\n<script type=\"application\/ld+json\" class=\"yoast-schema-graph\">{\"@context\":\"https:\\\/\\\/schema.org\",\"@graph\":[{\"@type\":\"WebPage\",\"@id\":\"https:\\\/\\\/anchorallied.com\\\/es\\\/product\\\/weldfix-pvc-primer-p-918\\\/\",\"url\":\"https:\\\/\\\/anchorallied.com\\\/es\\\/product\\\/weldfix-pvc-primer-p-918\\\/\",\"name\":\"Imprimaci\u00f3n para PVC Welfix P 918 - anchoralliedfactory\",\"isPartOf\":{\"@id\":\"https:\\\/\\\/anchorallied.com\\\/es\\\/#website\"},\"primaryImageOfPage\":{\"@id\":\"https:\\\/\\\/anchorallied.com\\\/es\\\/product\\\/weldfix-pvc-primer-p-918\\\/#primaryimage\"},\"image\":{\"@id\":\"https:\\\/\\\/anchorallied.com\\\/es\\\/product\\\/weldfix-pvc-primer-p-918\\\/#primaryimage\"},\"thumbnailUrl\":\"https:\\\/\\\/anchorallied.com\\\/es\\\/wp-content\\\/uploads\\\/2025\\\/05\\\/PVC-_0003_PVC-Primer.jpg\",\"datePublished\":\"2025-05-27T10:05:57+00:00\",\"dateModified\":\"2026-04-13T05:11:07+00:00\",\"breadcrumb\":{\"@id\":\"https:\\\/\\\/anchorallied.com\\\/es\\\/product\\\/weldfix-pvc-primer-p-918\\\/#breadcrumb\"},\"inLanguage\":\"en\",\"potentialAction\":[{\"@type\":\"ReadAction\",\"target\":[\"https:\\\/\\\/anchorallied.com\\\/es\\\/product\\\/weldfix-pvc-primer-p-918\\\/\"]}]},{\"@type\":\"ImageObject\",\"inLanguage\":\"en\",\"@id\":\"https:\\\/\\\/anchorallied.com\\\/es\\\/product\\\/weldfix-pvc-primer-p-918\\\/#primaryimage\",\"url\":\"https:\\\/\\\/anchorallied.com\\\/es\\\/wp-content\\\/uploads\\\/2025\\\/05\\\/PVC-_0003_PVC-Primer.jpg\",\"contentUrl\":\"https:\\\/\\\/anchorallied.com\\\/es\\\/wp-content\\\/uploads\\\/2025\\\/05\\\/PVC-_0003_PVC-Primer.jpg\",\"width\":1200,\"height\":1200},{\"@type\":\"BreadcrumbList\",\"@id\":\"https:\\\/\\\/anchorallied.com\\\/es\\\/product\\\/weldfix-pvc-primer-p-918\\\/#breadcrumb\",\"itemListElement\":[{\"@type\":\"ListItem\",\"position\":1,\"name\":\"Home\",\"item\":\"http:\\\/\\\/anchorallied.com\\\/es\\\/\"},{\"@type\":\"ListItem\",\"position\":2,\"name\":\"Shop\",\"item\":\"https:\\\/\\\/anchorallied.com\\\/es\\\/shop\\\/\"},{\"@type\":\"ListItem\",\"position\":3,\"name\":\"Imprimaci\u00f3n para PVC Welfix P 918\"}]},{\"@type\":\"WebSite\",\"@id\":\"https:\\\/\\\/anchorallied.com\\\/es\\\/#website\",\"url\":\"https:\\\/\\\/anchorallied.com\\\/es\\\/\",\"name\":\"anchoralliedfactory\",\"description\":\"\",\"potentialAction\":[{\"@type\":\"SearchAction\",\"target\":{\"@type\":\"EntryPoint\",\"urlTemplate\":\"https:\\\/\\\/anchorallied.com\\\/es\\\/?s={search_term_string}\"},\"query-input\":{\"@type\":\"PropertyValueSpecification\",\"valueRequired\":true,\"valueName\":\"search_term_string\"}}],\"inLanguage\":\"en\"}]}<\/script>\n<!-- \/ Yoast SEO plugin. -->","yoast_head_json":{"title":"Imprimaci\u00f3n para PVC Welfix P 918 - anchoralliedfactory","robots":{"index":"index","follow":"follow","max-snippet":"max-snippet:-1","max-image-preview":"max-image-preview:large","max-video-preview":"max-video-preview:-1"},"canonical":"https:\/\/anchorallied.com\/es\/product\/weldfix-pvc-primer-p-918\/","og_locale":"en_US","og_type":"article","og_title":"Imprimaci\u00f3n para PVC Welfix P 918 - anchoralliedfactory","og_description":"WELD FIX P 918 PRIMER es una imprimaci\u00f3n sin pasta, especialmente formulada y con bajas emisiones de COV, dise\u00f1ada para usarse en todo tipo de tuber\u00edas y accesorios de PVC y CPVC. Su f\u00f3rmula de acci\u00f3n r\u00e1pida y agresiva elimina eficazmente los contaminantes de la superficie y suaviza las superficies de las tuber\u00edas, garantizando una soldadura con solvente resistente y segura, especialmente beneficiosa en condiciones de fr\u00edo.","og_url":"https:\/\/anchorallied.com\/es\/product\/weldfix-pvc-primer-p-918\/","og_site_name":"anchoralliedfactory","article_modified_time":"2026-04-13T05:11:07+00:00","og_image":[{"width":1200,"height":1200,"url":"http:\/\/anchorallied.com\/es\/wp-content\/uploads\/2025\/05\/PVC-_0003_PVC-Primer.jpg","type":"image\/jpeg"}],"twitter_card":"summary_large_image","twitter_misc":{"Est. reading time":"5 minutes"},"schema":{"@context":"https:\/\/schema.org","@graph":[{"@type":"WebPage","@id":"https:\/\/anchorallied.com\/es\/product\/weldfix-pvc-primer-p-918\/","url":"https:\/\/anchorallied.com\/es\/product\/weldfix-pvc-primer-p-918\/","name":"Imprimaci\u00f3n para PVC Welfix P 918 - anchoralliedfactory","isPartOf":{"@id":"https:\/\/anchorallied.com\/es\/#website"},"primaryImageOfPage":{"@id":"https:\/\/anchorallied.com\/es\/product\/weldfix-pvc-primer-p-918\/#primaryimage"},"image":{"@id":"https:\/\/anchorallied.com\/es\/product\/weldfix-pvc-primer-p-918\/#primaryimage"},"thumbnailUrl":"https:\/\/anchorallied.com\/es\/wp-content\/uploads\/2025\/05\/PVC-_0003_PVC-Primer.jpg","datePublished":"2025-05-27T10:05:57+00:00","dateModified":"2026-04-13T05:11:07+00:00","breadcrumb":{"@id":"https:\/\/anchorallied.com\/es\/product\/weldfix-pvc-primer-p-918\/#breadcrumb"},"inLanguage":"en","potentialAction":[{"@type":"ReadAction","target":["https:\/\/anchorallied.com\/es\/product\/weldfix-pvc-primer-p-918\/"]}]},{"@type":"ImageObject","inLanguage":"en","@id":"https:\/\/anchorallied.com\/es\/product\/weldfix-pvc-primer-p-918\/#primaryimage","url":"https:\/\/anchorallied.com\/es\/wp-content\/uploads\/2025\/05\/PVC-_0003_PVC-Primer.jpg","contentUrl":"https:\/\/anchorallied.com\/es\/wp-content\/uploads\/2025\/05\/PVC-_0003_PVC-Primer.jpg","width":1200,"height":1200},{"@type":"BreadcrumbList","@id":"https:\/\/anchorallied.com\/es\/product\/weldfix-pvc-primer-p-918\/#breadcrumb","itemListElement":[{"@type":"ListItem","position":1,"name":"Home","item":"http:\/\/anchorallied.com\/es\/"},{"@type":"ListItem","position":2,"name":"Shop","item":"https:\/\/anchorallied.com\/es\/shop\/"},{"@type":"ListItem","position":3,"name":"Imprimaci\u00f3n para PVC Welfix P 918"}]},{"@type":"WebSite","@id":"https:\/\/anchorallied.com\/es\/#website","url":"https:\/\/anchorallied.com\/es\/","name":"anchoralliedfactory","description":"","potentialAction":[{"@type":"SearchAction","target":{"@type":"EntryPoint","urlTemplate":"https:\/\/anchorallied.com\/es\/?s={search_term_string}"},"query-input":{"@type":"PropertyValueSpecification","valueRequired":true,"valueName":"search_term_string"}}],"inLanguage":"en"}]}},"_links":{"self":[{"href":"https:\/\/anchorallied.com\/es\/wp-json\/wp\/v2\/product\/2748","targetHints":{"allow":["GET"]}}],"collection":[{"href":"https:\/\/anchorallied.com\/es\/wp-json\/wp\/v2\/product"}],"about":[{"href":"https:\/\/anchorallied.com\/es\/wp-json\/wp\/v2\/types\/product"}],"replies":[{"embeddable":true,"href":"https:\/\/anchorallied.com\/es\/wp-json\/wp\/v2\/comments?post=2748"}],"wp:featuredmedia":[{"embeddable":true,"href":"https:\/\/anchorallied.com\/es\/wp-json\/wp\/v2\/media\/2750"}],"wp:attachment":[{"href":"https:\/\/anchorallied.com\/es\/wp-json\/wp\/v2\/media?parent=2748"}],"wp:term":[{"taxonomy":"product_brand","embeddable":true,"href":"https:\/\/anchorallied.com\/es\/wp-json\/wp\/v2\/product_brand?post=2748"},{"taxonomy":"product_cat","embeddable":true,"href":"https:\/\/anchorallied.com\/es\/wp-json\/wp\/v2\/product_cat?post=2748"},{"taxonomy":"product_tag","embeddable":true,"href":"https:\/\/anchorallied.com\/es\/wp-json\/wp\/v2\/product_tag?post=2748"}],"curies":[{"name":"wp","href":"https:\/\/api.w.org\/{rel}","templated":true}]}}