{"id":2759,"date":"2025-05-27T10:31:50","date_gmt":"2025-05-27T10:31:50","guid":{"rendered":"http:\/\/anchorallied.com\/es\/?post_type=product&#038;p=2759"},"modified":"2025-07-27T15:48:57","modified_gmt":"2025-07-27T15:48:57","slug":"asmaco-thread-joint-fill","status":"publish","type":"product","link":"https:\/\/anchorallied.com\/es\/product\/asmaco-thread-joint-fill\/","title":{"rendered":"RELLENO DE JUNTAS DE ROSCA ASMACO"},"content":{"rendered":"<p>El sellador de juntas de rosca ASMACO ofrece un sellado excepcional, soportando presiones de hasta 5000 psi y manteniendo su eficacia en un amplio rango de temperaturas de \u201365 \u00b0F a +300 \u00b0F (de \u201354 \u00b0C a +204 \u00b0C). Su f\u00f3rmula antigoteo garantiza una aplicaci\u00f3n limpia y sin complicaciones, y se mantiene flexible con el tiempo, resistiendo el agrietamiento y el endurecimiento. El sellador tambi\u00e9n lubrica las roscas, reduciendo la fricci\u00f3n durante el montaje y previniendo el desgaste, el agarrotamiento y la corrosi\u00f3n. A diferencia de las cintas para roscas tradicionales, no se rasga ni se desgarra, lo que facilita su uso y aumenta su durabilidad en condiciones de alta tensi\u00f3n.<\/p>\n","protected":false},"excerpt":{"rendered":"<p>El Sellador de Juntas Roscadas ASMACO es una pasta de alto rendimiento y acci\u00f3n r\u00e1pida, formulada con aceites paraf\u00ednicos de primera calidad, aditivos y rellenos para proporcionar un sellado confiable para tuber\u00edas, accesorios y conexiones roscadas. Garantiza uniones herm\u00e9ticas en sistemas de aire, petr\u00f3leo, gas e hidr\u00e1ulicos, ofreciendo una lubricaci\u00f3n superior para facilitar el montaje y desmontaje, a la vez que previene la corrosi\u00f3n y el desgaste por rozamiento.<\/p>\n","protected":false},"featured_media":2760,"comment_status":"open","ping_status":"closed","template":"","meta":{"_acf_changed":false},"product_brand":[],"product_cat":[168,148],"product_tag":[],"class_list":{"0":"post-2759","1":"product","2":"type-product","3":"status-publish","4":"has-post-thumbnail","6":"product_cat-adhesivo-para-juntas-roscadas","7":"product_cat-adhesivos","9":"first","10":"instock","11":"shipping-taxable","12":"product-type-simple"},"acf":[],"yoast_head":"<!-- This site is optimized with the Yoast SEO plugin v27.3 - https:\/\/yoast.com\/product\/yoast-seo-wordpress\/ -->\n<title>RELLENO DE JUNTAS DE ROSCA ASMACO - anchoralliedfactory<\/title>\n<meta name=\"robots\" content=\"index, follow, max-snippet:-1, max-image-preview:large, max-video-preview:-1\" \/>\n<link rel=\"canonical\" href=\"https:\/\/anchorallied.com\/es\/product\/asmaco-thread-joint-fill\/\" \/>\n<meta property=\"og:locale\" content=\"en_US\" \/>\n<meta property=\"og:type\" content=\"article\" \/>\n<meta property=\"og:title\" content=\"RELLENO DE JUNTAS DE ROSCA ASMACO - anchoralliedfactory\" \/>\n<meta property=\"og:description\" content=\"El Sellador de Juntas Roscadas ASMACO es una pasta de alto rendimiento y acci\u00f3n r\u00e1pida, formulada con aceites paraf\u00ednicos de primera calidad, aditivos y rellenos para proporcionar un sellado confiable para tuber\u00edas, accesorios y conexiones roscadas. Garantiza uniones herm\u00e9ticas en sistemas de aire, petr\u00f3leo, gas e hidr\u00e1ulicos, ofreciendo una lubricaci\u00f3n superior para facilitar el montaje y desmontaje, a la vez que previene la corrosi\u00f3n y el desgaste por rozamiento.\" \/>\n<meta property=\"og:url\" content=\"https:\/\/anchorallied.com\/es\/product\/asmaco-thread-joint-fill\/\" \/>\n<meta property=\"og:site_name\" content=\"anchoralliedfactory\" \/>\n<meta property=\"article:modified_time\" content=\"2025-07-27T15:48:57+00:00\" \/>\n<meta property=\"og:image\" content=\"https:\/\/anchorallied.com\/es\/wp-content\/uploads\/2025\/05\/Anc__0022_Thread-joint-Fill.jpg\" \/>\n\t<meta property=\"og:image:width\" content=\"1200\" \/>\n\t<meta property=\"og:image:height\" content=\"1200\" \/>\n\t<meta property=\"og:image:type\" content=\"image\/jpeg\" \/>\n<meta name=\"twitter:card\" content=\"summary_large_image\" \/>\n<meta name=\"twitter:label1\" content=\"Est. reading time\" \/>\n\t<meta name=\"twitter:data1\" content=\"1 minute\" \/>\n<script type=\"application\/ld+json\" class=\"yoast-schema-graph\">{\"@context\":\"https:\\\/\\\/schema.org\",\"@graph\":[{\"@type\":\"WebPage\",\"@id\":\"https:\\\/\\\/anchorallied.com\\\/es\\\/product\\\/asmaco-thread-joint-fill\\\/\",\"url\":\"https:\\\/\\\/anchorallied.com\\\/es\\\/product\\\/asmaco-thread-joint-fill\\\/\",\"name\":\"RELLENO DE JUNTAS DE ROSCA ASMACO - anchoralliedfactory\",\"isPartOf\":{\"@id\":\"https:\\\/\\\/anchorallied.com\\\/es\\\/#website\"},\"primaryImageOfPage\":{\"@id\":\"https:\\\/\\\/anchorallied.com\\\/es\\\/product\\\/asmaco-thread-joint-fill\\\/#primaryimage\"},\"image\":{\"@id\":\"https:\\\/\\\/anchorallied.com\\\/es\\\/product\\\/asmaco-thread-joint-fill\\\/#primaryimage\"},\"thumbnailUrl\":\"https:\\\/\\\/anchorallied.com\\\/es\\\/wp-content\\\/uploads\\\/2025\\\/05\\\/Anc__0022_Thread-joint-Fill.jpg\",\"datePublished\":\"2025-05-27T10:31:50+00:00\",\"dateModified\":\"2025-07-27T15:48:57+00:00\",\"breadcrumb\":{\"@id\":\"https:\\\/\\\/anchorallied.com\\\/es\\\/product\\\/asmaco-thread-joint-fill\\\/#breadcrumb\"},\"inLanguage\":\"en\",\"potentialAction\":[{\"@type\":\"ReadAction\",\"target\":[\"https:\\\/\\\/anchorallied.com\\\/es\\\/product\\\/asmaco-thread-joint-fill\\\/\"]}]},{\"@type\":\"ImageObject\",\"inLanguage\":\"en\",\"@id\":\"https:\\\/\\\/anchorallied.com\\\/es\\\/product\\\/asmaco-thread-joint-fill\\\/#primaryimage\",\"url\":\"https:\\\/\\\/anchorallied.com\\\/es\\\/wp-content\\\/uploads\\\/2025\\\/05\\\/Anc__0022_Thread-joint-Fill.jpg\",\"contentUrl\":\"https:\\\/\\\/anchorallied.com\\\/es\\\/wp-content\\\/uploads\\\/2025\\\/05\\\/Anc__0022_Thread-joint-Fill.jpg\",\"width\":1200,\"height\":1200},{\"@type\":\"BreadcrumbList\",\"@id\":\"https:\\\/\\\/anchorallied.com\\\/es\\\/product\\\/asmaco-thread-joint-fill\\\/#breadcrumb\",\"itemListElement\":[{\"@type\":\"ListItem\",\"position\":1,\"name\":\"Home\",\"item\":\"http:\\\/\\\/anchorallied.com\\\/es\\\/\"},{\"@type\":\"ListItem\",\"position\":2,\"name\":\"Shop\",\"item\":\"https:\\\/\\\/anchorallied.com\\\/es\\\/shop\\\/\"},{\"@type\":\"ListItem\",\"position\":3,\"name\":\"RELLENO DE JUNTAS DE ROSCA ASMACO\"}]},{\"@type\":\"WebSite\",\"@id\":\"https:\\\/\\\/anchorallied.com\\\/es\\\/#website\",\"url\":\"https:\\\/\\\/anchorallied.com\\\/es\\\/\",\"name\":\"anchoralliedfactory\",\"description\":\"\",\"potentialAction\":[{\"@type\":\"SearchAction\",\"target\":{\"@type\":\"EntryPoint\",\"urlTemplate\":\"https:\\\/\\\/anchorallied.com\\\/es\\\/?s={search_term_string}\"},\"query-input\":{\"@type\":\"PropertyValueSpecification\",\"valueRequired\":true,\"valueName\":\"search_term_string\"}}],\"inLanguage\":\"en\"}]}<\/script>\n<!-- \/ Yoast SEO plugin. -->","yoast_head_json":{"title":"RELLENO DE JUNTAS DE ROSCA ASMACO - anchoralliedfactory","robots":{"index":"index","follow":"follow","max-snippet":"max-snippet:-1","max-image-preview":"max-image-preview:large","max-video-preview":"max-video-preview:-1"},"canonical":"https:\/\/anchorallied.com\/es\/product\/asmaco-thread-joint-fill\/","og_locale":"en_US","og_type":"article","og_title":"RELLENO DE JUNTAS DE ROSCA ASMACO - anchoralliedfactory","og_description":"El Sellador de Juntas Roscadas ASMACO es una pasta de alto rendimiento y acci\u00f3n r\u00e1pida, formulada con aceites paraf\u00ednicos de primera calidad, aditivos y rellenos para proporcionar un sellado confiable para tuber\u00edas, accesorios y conexiones roscadas. Garantiza uniones herm\u00e9ticas en sistemas de aire, petr\u00f3leo, gas e hidr\u00e1ulicos, ofreciendo una lubricaci\u00f3n superior para facilitar el montaje y desmontaje, a la vez que previene la corrosi\u00f3n y el desgaste por rozamiento.","og_url":"https:\/\/anchorallied.com\/es\/product\/asmaco-thread-joint-fill\/","og_site_name":"anchoralliedfactory","article_modified_time":"2025-07-27T15:48:57+00:00","og_image":[{"width":1200,"height":1200,"url":"https:\/\/anchorallied.com\/es\/wp-content\/uploads\/2025\/05\/Anc__0022_Thread-joint-Fill.jpg","type":"image\/jpeg"}],"twitter_card":"summary_large_image","twitter_misc":{"Est. reading time":"1 minute"},"schema":{"@context":"https:\/\/schema.org","@graph":[{"@type":"WebPage","@id":"https:\/\/anchorallied.com\/es\/product\/asmaco-thread-joint-fill\/","url":"https:\/\/anchorallied.com\/es\/product\/asmaco-thread-joint-fill\/","name":"RELLENO DE JUNTAS DE ROSCA ASMACO - anchoralliedfactory","isPartOf":{"@id":"https:\/\/anchorallied.com\/es\/#website"},"primaryImageOfPage":{"@id":"https:\/\/anchorallied.com\/es\/product\/asmaco-thread-joint-fill\/#primaryimage"},"image":{"@id":"https:\/\/anchorallied.com\/es\/product\/asmaco-thread-joint-fill\/#primaryimage"},"thumbnailUrl":"https:\/\/anchorallied.com\/es\/wp-content\/uploads\/2025\/05\/Anc__0022_Thread-joint-Fill.jpg","datePublished":"2025-05-27T10:31:50+00:00","dateModified":"2025-07-27T15:48:57+00:00","breadcrumb":{"@id":"https:\/\/anchorallied.com\/es\/product\/asmaco-thread-joint-fill\/#breadcrumb"},"inLanguage":"en","potentialAction":[{"@type":"ReadAction","target":["https:\/\/anchorallied.com\/es\/product\/asmaco-thread-joint-fill\/"]}]},{"@type":"ImageObject","inLanguage":"en","@id":"https:\/\/anchorallied.com\/es\/product\/asmaco-thread-joint-fill\/#primaryimage","url":"https:\/\/anchorallied.com\/es\/wp-content\/uploads\/2025\/05\/Anc__0022_Thread-joint-Fill.jpg","contentUrl":"https:\/\/anchorallied.com\/es\/wp-content\/uploads\/2025\/05\/Anc__0022_Thread-joint-Fill.jpg","width":1200,"height":1200},{"@type":"BreadcrumbList","@id":"https:\/\/anchorallied.com\/es\/product\/asmaco-thread-joint-fill\/#breadcrumb","itemListElement":[{"@type":"ListItem","position":1,"name":"Home","item":"http:\/\/anchorallied.com\/es\/"},{"@type":"ListItem","position":2,"name":"Shop","item":"https:\/\/anchorallied.com\/es\/shop\/"},{"@type":"ListItem","position":3,"name":"RELLENO DE JUNTAS DE ROSCA ASMACO"}]},{"@type":"WebSite","@id":"https:\/\/anchorallied.com\/es\/#website","url":"https:\/\/anchorallied.com\/es\/","name":"anchoralliedfactory","description":"","potentialAction":[{"@type":"SearchAction","target":{"@type":"EntryPoint","urlTemplate":"https:\/\/anchorallied.com\/es\/?s={search_term_string}"},"query-input":{"@type":"PropertyValueSpecification","valueRequired":true,"valueName":"search_term_string"}}],"inLanguage":"en"}]}},"_links":{"self":[{"href":"https:\/\/anchorallied.com\/es\/wp-json\/wp\/v2\/product\/2759","targetHints":{"allow":["GET"]}}],"collection":[{"href":"https:\/\/anchorallied.com\/es\/wp-json\/wp\/v2\/product"}],"about":[{"href":"https:\/\/anchorallied.com\/es\/wp-json\/wp\/v2\/types\/product"}],"replies":[{"embeddable":true,"href":"https:\/\/anchorallied.com\/es\/wp-json\/wp\/v2\/comments?post=2759"}],"wp:featuredmedia":[{"embeddable":true,"href":"https:\/\/anchorallied.com\/es\/wp-json\/wp\/v2\/media\/2760"}],"wp:attachment":[{"href":"https:\/\/anchorallied.com\/es\/wp-json\/wp\/v2\/media?parent=2759"}],"wp:term":[{"taxonomy":"product_brand","embeddable":true,"href":"https:\/\/anchorallied.com\/es\/wp-json\/wp\/v2\/product_brand?post=2759"},{"taxonomy":"product_cat","embeddable":true,"href":"https:\/\/anchorallied.com\/es\/wp-json\/wp\/v2\/product_cat?post=2759"},{"taxonomy":"product_tag","embeddable":true,"href":"https:\/\/anchorallied.com\/es\/wp-json\/wp\/v2\/product_tag?post=2759"}],"curies":[{"name":"wp","href":"https:\/\/api.w.org\/{rel}","templated":true}]}}