{"id":2779,"date":"2025-05-27T10:46:25","date_gmt":"2025-05-27T10:46:25","guid":{"rendered":"http:\/\/anchorallied.com\/es\/?post_type=product&#038;p=2779"},"modified":"2025-07-27T15:48:57","modified_gmt":"2025-07-27T15:48:57","slug":"double-sided-adhesive-tape","status":"publish","type":"product","link":"https:\/\/anchorallied.com\/es\/product\/double-sided-adhesive-tape\/","title":{"rendered":"CINTA ADHESIVA DE DOBLE CARA"},"content":{"rendered":"<p>Dise\u00f1adas para una adhesi\u00f3n fuerte y fiable, las cintas adhesivas de doble cara ASMACO ofrecen una excelente adherencia y agarre en diversos materiales. El adhesivo de resina de caucho garantiza uniones duraderas, mientras que el soporte de papel tis\u00fa facilita su manejo y troquelado. La cinta es ideal para aplicaciones como pegado general, sellado de sobres y bolsas de compra, montaje de fotograf\u00edas, empalme de papel y pel\u00edcula, fijaci\u00f3n de alfombras, laminado de espuma y tela, y posicionamiento preciso de la tela en bordados. El soporte de silicona facilita su aplicaci\u00f3n y retirada limpia, lo que la convierte en una opci\u00f3n pr\u00e1ctica tanto para procesos manuales como automatizados.<\/p>\n","protected":false},"excerpt":{"rendered":"<p>Las cintas adhesivas de doble cara ASMACO son soluciones de uni\u00f3n vers\u00e1tiles, fabricadas con soportes de tejido no tejido, recubiertas por ambas caras con un adhesivo de resina de caucho de alto rendimiento y protegidas por un soporte desprendible de silicona con revestimiento de PE de doble cara. Estas cintas son ideales para una amplia gama de aplicaciones industriales y dom\u00e9sticas.<\/p>\n","protected":false},"featured_media":2780,"comment_status":"open","ping_status":"closed","template":"","meta":{"_acf_changed":false},"product_brand":[],"product_cat":[179,201],"product_tag":[],"class_list":{"0":"post-2779","1":"product","2":"type-product","3":"status-publish","4":"has-post-thumbnail","6":"product_cat-cintas-adhesivas","7":"product_cat-otras-cintas","9":"first","10":"instock","11":"shipping-taxable","12":"product-type-simple"},"acf":[],"yoast_head":"<!-- This site is optimized with the Yoast SEO plugin v27.3 - https:\/\/yoast.com\/product\/yoast-seo-wordpress\/ -->\n<title>CINTA ADHESIVA DE DOBLE CARA - anchoralliedfactory<\/title>\n<meta name=\"robots\" content=\"index, follow, max-snippet:-1, max-image-preview:large, max-video-preview:-1\" \/>\n<link rel=\"canonical\" href=\"https:\/\/anchorallied.com\/es\/product\/double-sided-adhesive-tape\/\" \/>\n<meta property=\"og:locale\" content=\"en_US\" \/>\n<meta property=\"og:type\" content=\"article\" \/>\n<meta property=\"og:title\" content=\"CINTA ADHESIVA DE DOBLE CARA - anchoralliedfactory\" \/>\n<meta property=\"og:description\" content=\"Las cintas adhesivas de doble cara ASMACO son soluciones de uni\u00f3n vers\u00e1tiles, fabricadas con soportes de tejido no tejido, recubiertas por ambas caras con un adhesivo de resina de caucho de alto rendimiento y protegidas por un soporte desprendible de silicona con revestimiento de PE de doble cara. Estas cintas son ideales para una amplia gama de aplicaciones industriales y dom\u00e9sticas.\" \/>\n<meta property=\"og:url\" content=\"https:\/\/anchorallied.com\/es\/product\/double-sided-adhesive-tape\/\" \/>\n<meta property=\"og:site_name\" content=\"anchoralliedfactory\" \/>\n<meta property=\"article:modified_time\" content=\"2025-07-27T15:48:57+00:00\" \/>\n<meta property=\"og:image\" content=\"https:\/\/anchorallied.com\/es\/wp-content\/uploads\/2025\/05\/tapes_0006_Double-Side-TAPE.jpg\" \/>\n\t<meta property=\"og:image:width\" content=\"1200\" \/>\n\t<meta property=\"og:image:height\" content=\"1200\" \/>\n\t<meta property=\"og:image:type\" content=\"image\/jpeg\" \/>\n<meta name=\"twitter:card\" content=\"summary_large_image\" \/>\n<meta name=\"twitter:label1\" content=\"Est. reading time\" \/>\n\t<meta name=\"twitter:data1\" content=\"1 minute\" \/>\n<script type=\"application\/ld+json\" class=\"yoast-schema-graph\">{\"@context\":\"https:\\\/\\\/schema.org\",\"@graph\":[{\"@type\":\"WebPage\",\"@id\":\"https:\\\/\\\/anchorallied.com\\\/es\\\/product\\\/double-sided-adhesive-tape\\\/\",\"url\":\"https:\\\/\\\/anchorallied.com\\\/es\\\/product\\\/double-sided-adhesive-tape\\\/\",\"name\":\"CINTA ADHESIVA DE DOBLE CARA - anchoralliedfactory\",\"isPartOf\":{\"@id\":\"https:\\\/\\\/anchorallied.com\\\/es\\\/#website\"},\"primaryImageOfPage\":{\"@id\":\"https:\\\/\\\/anchorallied.com\\\/es\\\/product\\\/double-sided-adhesive-tape\\\/#primaryimage\"},\"image\":{\"@id\":\"https:\\\/\\\/anchorallied.com\\\/es\\\/product\\\/double-sided-adhesive-tape\\\/#primaryimage\"},\"thumbnailUrl\":\"https:\\\/\\\/anchorallied.com\\\/es\\\/wp-content\\\/uploads\\\/2025\\\/05\\\/tapes_0006_Double-Side-TAPE.jpg\",\"datePublished\":\"2025-05-27T10:46:25+00:00\",\"dateModified\":\"2025-07-27T15:48:57+00:00\",\"breadcrumb\":{\"@id\":\"https:\\\/\\\/anchorallied.com\\\/es\\\/product\\\/double-sided-adhesive-tape\\\/#breadcrumb\"},\"inLanguage\":\"en\",\"potentialAction\":[{\"@type\":\"ReadAction\",\"target\":[\"https:\\\/\\\/anchorallied.com\\\/es\\\/product\\\/double-sided-adhesive-tape\\\/\"]}]},{\"@type\":\"ImageObject\",\"inLanguage\":\"en\",\"@id\":\"https:\\\/\\\/anchorallied.com\\\/es\\\/product\\\/double-sided-adhesive-tape\\\/#primaryimage\",\"url\":\"https:\\\/\\\/anchorallied.com\\\/es\\\/wp-content\\\/uploads\\\/2025\\\/05\\\/tapes_0006_Double-Side-TAPE.jpg\",\"contentUrl\":\"https:\\\/\\\/anchorallied.com\\\/es\\\/wp-content\\\/uploads\\\/2025\\\/05\\\/tapes_0006_Double-Side-TAPE.jpg\",\"width\":1200,\"height\":1200},{\"@type\":\"BreadcrumbList\",\"@id\":\"https:\\\/\\\/anchorallied.com\\\/es\\\/product\\\/double-sided-adhesive-tape\\\/#breadcrumb\",\"itemListElement\":[{\"@type\":\"ListItem\",\"position\":1,\"name\":\"Home\",\"item\":\"http:\\\/\\\/anchorallied.com\\\/es\\\/\"},{\"@type\":\"ListItem\",\"position\":2,\"name\":\"Shop\",\"item\":\"https:\\\/\\\/anchorallied.com\\\/es\\\/shop\\\/\"},{\"@type\":\"ListItem\",\"position\":3,\"name\":\"CINTA ADHESIVA DE DOBLE CARA\"}]},{\"@type\":\"WebSite\",\"@id\":\"https:\\\/\\\/anchorallied.com\\\/es\\\/#website\",\"url\":\"https:\\\/\\\/anchorallied.com\\\/es\\\/\",\"name\":\"anchoralliedfactory\",\"description\":\"\",\"potentialAction\":[{\"@type\":\"SearchAction\",\"target\":{\"@type\":\"EntryPoint\",\"urlTemplate\":\"https:\\\/\\\/anchorallied.com\\\/es\\\/?s={search_term_string}\"},\"query-input\":{\"@type\":\"PropertyValueSpecification\",\"valueRequired\":true,\"valueName\":\"search_term_string\"}}],\"inLanguage\":\"en\"}]}<\/script>\n<!-- \/ Yoast SEO plugin. -->","yoast_head_json":{"title":"CINTA ADHESIVA DE DOBLE CARA - anchoralliedfactory","robots":{"index":"index","follow":"follow","max-snippet":"max-snippet:-1","max-image-preview":"max-image-preview:large","max-video-preview":"max-video-preview:-1"},"canonical":"https:\/\/anchorallied.com\/es\/product\/double-sided-adhesive-tape\/","og_locale":"en_US","og_type":"article","og_title":"CINTA ADHESIVA DE DOBLE CARA - anchoralliedfactory","og_description":"Las cintas adhesivas de doble cara ASMACO son soluciones de uni\u00f3n vers\u00e1tiles, fabricadas con soportes de tejido no tejido, recubiertas por ambas caras con un adhesivo de resina de caucho de alto rendimiento y protegidas por un soporte desprendible de silicona con revestimiento de PE de doble cara. Estas cintas son ideales para una amplia gama de aplicaciones industriales y dom\u00e9sticas.","og_url":"https:\/\/anchorallied.com\/es\/product\/double-sided-adhesive-tape\/","og_site_name":"anchoralliedfactory","article_modified_time":"2025-07-27T15:48:57+00:00","og_image":[{"width":1200,"height":1200,"url":"https:\/\/anchorallied.com\/es\/wp-content\/uploads\/2025\/05\/tapes_0006_Double-Side-TAPE.jpg","type":"image\/jpeg"}],"twitter_card":"summary_large_image","twitter_misc":{"Est. reading time":"1 minute"},"schema":{"@context":"https:\/\/schema.org","@graph":[{"@type":"WebPage","@id":"https:\/\/anchorallied.com\/es\/product\/double-sided-adhesive-tape\/","url":"https:\/\/anchorallied.com\/es\/product\/double-sided-adhesive-tape\/","name":"CINTA ADHESIVA DE DOBLE CARA - anchoralliedfactory","isPartOf":{"@id":"https:\/\/anchorallied.com\/es\/#website"},"primaryImageOfPage":{"@id":"https:\/\/anchorallied.com\/es\/product\/double-sided-adhesive-tape\/#primaryimage"},"image":{"@id":"https:\/\/anchorallied.com\/es\/product\/double-sided-adhesive-tape\/#primaryimage"},"thumbnailUrl":"https:\/\/anchorallied.com\/es\/wp-content\/uploads\/2025\/05\/tapes_0006_Double-Side-TAPE.jpg","datePublished":"2025-05-27T10:46:25+00:00","dateModified":"2025-07-27T15:48:57+00:00","breadcrumb":{"@id":"https:\/\/anchorallied.com\/es\/product\/double-sided-adhesive-tape\/#breadcrumb"},"inLanguage":"en","potentialAction":[{"@type":"ReadAction","target":["https:\/\/anchorallied.com\/es\/product\/double-sided-adhesive-tape\/"]}]},{"@type":"ImageObject","inLanguage":"en","@id":"https:\/\/anchorallied.com\/es\/product\/double-sided-adhesive-tape\/#primaryimage","url":"https:\/\/anchorallied.com\/es\/wp-content\/uploads\/2025\/05\/tapes_0006_Double-Side-TAPE.jpg","contentUrl":"https:\/\/anchorallied.com\/es\/wp-content\/uploads\/2025\/05\/tapes_0006_Double-Side-TAPE.jpg","width":1200,"height":1200},{"@type":"BreadcrumbList","@id":"https:\/\/anchorallied.com\/es\/product\/double-sided-adhesive-tape\/#breadcrumb","itemListElement":[{"@type":"ListItem","position":1,"name":"Home","item":"http:\/\/anchorallied.com\/es\/"},{"@type":"ListItem","position":2,"name":"Shop","item":"https:\/\/anchorallied.com\/es\/shop\/"},{"@type":"ListItem","position":3,"name":"CINTA ADHESIVA DE DOBLE CARA"}]},{"@type":"WebSite","@id":"https:\/\/anchorallied.com\/es\/#website","url":"https:\/\/anchorallied.com\/es\/","name":"anchoralliedfactory","description":"","potentialAction":[{"@type":"SearchAction","target":{"@type":"EntryPoint","urlTemplate":"https:\/\/anchorallied.com\/es\/?s={search_term_string}"},"query-input":{"@type":"PropertyValueSpecification","valueRequired":true,"valueName":"search_term_string"}}],"inLanguage":"en"}]}},"_links":{"self":[{"href":"https:\/\/anchorallied.com\/es\/wp-json\/wp\/v2\/product\/2779","targetHints":{"allow":["GET"]}}],"collection":[{"href":"https:\/\/anchorallied.com\/es\/wp-json\/wp\/v2\/product"}],"about":[{"href":"https:\/\/anchorallied.com\/es\/wp-json\/wp\/v2\/types\/product"}],"replies":[{"embeddable":true,"href":"https:\/\/anchorallied.com\/es\/wp-json\/wp\/v2\/comments?post=2779"}],"wp:featuredmedia":[{"embeddable":true,"href":"https:\/\/anchorallied.com\/es\/wp-json\/wp\/v2\/media\/2780"}],"wp:attachment":[{"href":"https:\/\/anchorallied.com\/es\/wp-json\/wp\/v2\/media?parent=2779"}],"wp:term":[{"taxonomy":"product_brand","embeddable":true,"href":"https:\/\/anchorallied.com\/es\/wp-json\/wp\/v2\/product_brand?post=2779"},{"taxonomy":"product_cat","embeddable":true,"href":"https:\/\/anchorallied.com\/es\/wp-json\/wp\/v2\/product_cat?post=2779"},{"taxonomy":"product_tag","embeddable":true,"href":"https:\/\/anchorallied.com\/es\/wp-json\/wp\/v2\/product_tag?post=2779"}],"curies":[{"name":"wp","href":"https:\/\/api.w.org\/{rel}","templated":true}]}}