{"id":2855,"date":"2025-05-27T12:42:28","date_gmt":"2025-05-27T12:42:28","guid":{"rendered":"http:\/\/anchorallied.com\/es\/?post_type=product&#038;p=2855"},"modified":"2025-07-27T15:48:57","modified_gmt":"2025-07-27T15:48:57","slug":"automotive-grade-masking-tape","status":"publish","type":"product","link":"https:\/\/anchorallied.com\/es\/product\/automotive-grade-masking-tape\/","title":{"rendered":"CINTA DE ENMASCARAR DE CALIDAD AUTOMOTRIZ"},"content":{"rendered":"<p>Esta cinta de enmascarar est\u00e1 hecha de papel crep\u00e9 altamente conformable que se adapta bien a curvas y superficies irregulares. Se corta f\u00e1cilmente a mano, lo que garantiza una aplicaci\u00f3n r\u00e1pida sin necesidad de herramientas. El adhesivo de caucho natural proporciona una uni\u00f3n fuerte y permite una retirada limpia y sin dejar residuos. Adem\u00e1s, es resistente a los rayos UV, lo que la hace eficaz tanto para uso en interiores como en exteriores. Ideal para enmascarar, embalar, marcar, agrupar y empalmar, ofrece un rendimiento fiable en m\u00faltiples aplicaciones.<\/p>\n","protected":false},"excerpt":{"rendered":"<p>La cinta de enmascarar de papel crep\u00e9 ASMACO es una cinta adhesiva vers\u00e1til, hecha de papel crep\u00e9 y recubierta de adhesivo de caucho natural. Est\u00e1 dise\u00f1ada para una f\u00e1cil aplicaci\u00f3n y una retirada limpia, lo que la hace ideal para diversos usos generales.<\/p>\n","protected":false},"featured_media":2857,"comment_status":"open","ping_status":"closed","template":"","meta":{"_acf_changed":false},"product_brand":[],"product_cat":[179,183],"product_tag":[],"class_list":{"0":"post-2855","1":"product","2":"type-product","3":"status-publish","4":"has-post-thumbnail","6":"product_cat-cintas-adhesivas","7":"product_cat-cintas-de-enmascarar","9":"first","10":"instock","11":"shipping-taxable","12":"product-type-simple"},"acf":[],"yoast_head":"<!-- This site is optimized with the Yoast SEO plugin v27.3 - https:\/\/yoast.com\/product\/yoast-seo-wordpress\/ -->\n<title>CINTA DE ENMASCARAR DE CALIDAD AUTOMOTRIZ - anchoralliedfactory<\/title>\n<meta name=\"robots\" content=\"index, follow, max-snippet:-1, max-image-preview:large, max-video-preview:-1\" \/>\n<link rel=\"canonical\" href=\"https:\/\/anchorallied.com\/es\/product\/automotive-grade-masking-tape\/\" \/>\n<meta property=\"og:locale\" content=\"en_US\" \/>\n<meta property=\"og:type\" content=\"article\" \/>\n<meta property=\"og:title\" content=\"CINTA DE ENMASCARAR DE CALIDAD AUTOMOTRIZ - anchoralliedfactory\" \/>\n<meta property=\"og:description\" content=\"La cinta de enmascarar de papel crep\u00e9 ASMACO es una cinta adhesiva vers\u00e1til, hecha de papel crep\u00e9 y recubierta de adhesivo de caucho natural. Est\u00e1 dise\u00f1ada para una f\u00e1cil aplicaci\u00f3n y una retirada limpia, lo que la hace ideal para diversos usos generales.\" \/>\n<meta property=\"og:url\" content=\"https:\/\/anchorallied.com\/es\/product\/automotive-grade-masking-tape\/\" \/>\n<meta property=\"og:site_name\" content=\"anchoralliedfactory\" \/>\n<meta property=\"article:modified_time\" content=\"2025-07-27T15:48:57+00:00\" \/>\n<meta property=\"og:image\" content=\"https:\/\/anchorallied.com\/es\/wp-content\/uploads\/2025\/05\/tapes_0010_AUTOMOTIVE-MASKING-TAPE.jpg\" \/>\n\t<meta property=\"og:image:width\" content=\"1200\" \/>\n\t<meta property=\"og:image:height\" content=\"1200\" \/>\n\t<meta property=\"og:image:type\" content=\"image\/jpeg\" \/>\n<meta name=\"twitter:card\" content=\"summary_large_image\" \/>\n<script type=\"application\/ld+json\" class=\"yoast-schema-graph\">{\"@context\":\"https:\\\/\\\/schema.org\",\"@graph\":[{\"@type\":\"WebPage\",\"@id\":\"https:\\\/\\\/anchorallied.com\\\/es\\\/product\\\/automotive-grade-masking-tape\\\/\",\"url\":\"https:\\\/\\\/anchorallied.com\\\/es\\\/product\\\/automotive-grade-masking-tape\\\/\",\"name\":\"CINTA DE ENMASCARAR DE CALIDAD AUTOMOTRIZ - anchoralliedfactory\",\"isPartOf\":{\"@id\":\"https:\\\/\\\/anchorallied.com\\\/es\\\/#website\"},\"primaryImageOfPage\":{\"@id\":\"https:\\\/\\\/anchorallied.com\\\/es\\\/product\\\/automotive-grade-masking-tape\\\/#primaryimage\"},\"image\":{\"@id\":\"https:\\\/\\\/anchorallied.com\\\/es\\\/product\\\/automotive-grade-masking-tape\\\/#primaryimage\"},\"thumbnailUrl\":\"https:\\\/\\\/anchorallied.com\\\/es\\\/wp-content\\\/uploads\\\/2025\\\/05\\\/tapes_0010_AUTOMOTIVE-MASKING-TAPE.jpg\",\"datePublished\":\"2025-05-27T12:42:28+00:00\",\"dateModified\":\"2025-07-27T15:48:57+00:00\",\"breadcrumb\":{\"@id\":\"https:\\\/\\\/anchorallied.com\\\/es\\\/product\\\/automotive-grade-masking-tape\\\/#breadcrumb\"},\"inLanguage\":\"en\",\"potentialAction\":[{\"@type\":\"ReadAction\",\"target\":[\"https:\\\/\\\/anchorallied.com\\\/es\\\/product\\\/automotive-grade-masking-tape\\\/\"]}]},{\"@type\":\"ImageObject\",\"inLanguage\":\"en\",\"@id\":\"https:\\\/\\\/anchorallied.com\\\/es\\\/product\\\/automotive-grade-masking-tape\\\/#primaryimage\",\"url\":\"https:\\\/\\\/anchorallied.com\\\/es\\\/wp-content\\\/uploads\\\/2025\\\/05\\\/tapes_0010_AUTOMOTIVE-MASKING-TAPE.jpg\",\"contentUrl\":\"https:\\\/\\\/anchorallied.com\\\/es\\\/wp-content\\\/uploads\\\/2025\\\/05\\\/tapes_0010_AUTOMOTIVE-MASKING-TAPE.jpg\",\"width\":1200,\"height\":1200},{\"@type\":\"BreadcrumbList\",\"@id\":\"https:\\\/\\\/anchorallied.com\\\/es\\\/product\\\/automotive-grade-masking-tape\\\/#breadcrumb\",\"itemListElement\":[{\"@type\":\"ListItem\",\"position\":1,\"name\":\"Home\",\"item\":\"http:\\\/\\\/anchorallied.com\\\/es\\\/\"},{\"@type\":\"ListItem\",\"position\":2,\"name\":\"Shop\",\"item\":\"https:\\\/\\\/anchorallied.com\\\/es\\\/shop\\\/\"},{\"@type\":\"ListItem\",\"position\":3,\"name\":\"CINTA DE ENMASCARAR DE CALIDAD AUTOMOTRIZ\"}]},{\"@type\":\"WebSite\",\"@id\":\"https:\\\/\\\/anchorallied.com\\\/es\\\/#website\",\"url\":\"https:\\\/\\\/anchorallied.com\\\/es\\\/\",\"name\":\"anchoralliedfactory\",\"description\":\"\",\"potentialAction\":[{\"@type\":\"SearchAction\",\"target\":{\"@type\":\"EntryPoint\",\"urlTemplate\":\"https:\\\/\\\/anchorallied.com\\\/es\\\/?s={search_term_string}\"},\"query-input\":{\"@type\":\"PropertyValueSpecification\",\"valueRequired\":true,\"valueName\":\"search_term_string\"}}],\"inLanguage\":\"en\"}]}<\/script>\n<!-- \/ Yoast SEO plugin. -->","yoast_head_json":{"title":"CINTA DE ENMASCARAR DE CALIDAD AUTOMOTRIZ - anchoralliedfactory","robots":{"index":"index","follow":"follow","max-snippet":"max-snippet:-1","max-image-preview":"max-image-preview:large","max-video-preview":"max-video-preview:-1"},"canonical":"https:\/\/anchorallied.com\/es\/product\/automotive-grade-masking-tape\/","og_locale":"en_US","og_type":"article","og_title":"CINTA DE ENMASCARAR DE CALIDAD AUTOMOTRIZ - anchoralliedfactory","og_description":"La cinta de enmascarar de papel crep\u00e9 ASMACO es una cinta adhesiva vers\u00e1til, hecha de papel crep\u00e9 y recubierta de adhesivo de caucho natural. Est\u00e1 dise\u00f1ada para una f\u00e1cil aplicaci\u00f3n y una retirada limpia, lo que la hace ideal para diversos usos generales.","og_url":"https:\/\/anchorallied.com\/es\/product\/automotive-grade-masking-tape\/","og_site_name":"anchoralliedfactory","article_modified_time":"2025-07-27T15:48:57+00:00","og_image":[{"width":1200,"height":1200,"url":"https:\/\/anchorallied.com\/es\/wp-content\/uploads\/2025\/05\/tapes_0010_AUTOMOTIVE-MASKING-TAPE.jpg","type":"image\/jpeg"}],"twitter_card":"summary_large_image","schema":{"@context":"https:\/\/schema.org","@graph":[{"@type":"WebPage","@id":"https:\/\/anchorallied.com\/es\/product\/automotive-grade-masking-tape\/","url":"https:\/\/anchorallied.com\/es\/product\/automotive-grade-masking-tape\/","name":"CINTA DE ENMASCARAR DE CALIDAD AUTOMOTRIZ - anchoralliedfactory","isPartOf":{"@id":"https:\/\/anchorallied.com\/es\/#website"},"primaryImageOfPage":{"@id":"https:\/\/anchorallied.com\/es\/product\/automotive-grade-masking-tape\/#primaryimage"},"image":{"@id":"https:\/\/anchorallied.com\/es\/product\/automotive-grade-masking-tape\/#primaryimage"},"thumbnailUrl":"https:\/\/anchorallied.com\/es\/wp-content\/uploads\/2025\/05\/tapes_0010_AUTOMOTIVE-MASKING-TAPE.jpg","datePublished":"2025-05-27T12:42:28+00:00","dateModified":"2025-07-27T15:48:57+00:00","breadcrumb":{"@id":"https:\/\/anchorallied.com\/es\/product\/automotive-grade-masking-tape\/#breadcrumb"},"inLanguage":"en","potentialAction":[{"@type":"ReadAction","target":["https:\/\/anchorallied.com\/es\/product\/automotive-grade-masking-tape\/"]}]},{"@type":"ImageObject","inLanguage":"en","@id":"https:\/\/anchorallied.com\/es\/product\/automotive-grade-masking-tape\/#primaryimage","url":"https:\/\/anchorallied.com\/es\/wp-content\/uploads\/2025\/05\/tapes_0010_AUTOMOTIVE-MASKING-TAPE.jpg","contentUrl":"https:\/\/anchorallied.com\/es\/wp-content\/uploads\/2025\/05\/tapes_0010_AUTOMOTIVE-MASKING-TAPE.jpg","width":1200,"height":1200},{"@type":"BreadcrumbList","@id":"https:\/\/anchorallied.com\/es\/product\/automotive-grade-masking-tape\/#breadcrumb","itemListElement":[{"@type":"ListItem","position":1,"name":"Home","item":"http:\/\/anchorallied.com\/es\/"},{"@type":"ListItem","position":2,"name":"Shop","item":"https:\/\/anchorallied.com\/es\/shop\/"},{"@type":"ListItem","position":3,"name":"CINTA DE ENMASCARAR DE CALIDAD AUTOMOTRIZ"}]},{"@type":"WebSite","@id":"https:\/\/anchorallied.com\/es\/#website","url":"https:\/\/anchorallied.com\/es\/","name":"anchoralliedfactory","description":"","potentialAction":[{"@type":"SearchAction","target":{"@type":"EntryPoint","urlTemplate":"https:\/\/anchorallied.com\/es\/?s={search_term_string}"},"query-input":{"@type":"PropertyValueSpecification","valueRequired":true,"valueName":"search_term_string"}}],"inLanguage":"en"}]}},"_links":{"self":[{"href":"https:\/\/anchorallied.com\/es\/wp-json\/wp\/v2\/product\/2855","targetHints":{"allow":["GET"]}}],"collection":[{"href":"https:\/\/anchorallied.com\/es\/wp-json\/wp\/v2\/product"}],"about":[{"href":"https:\/\/anchorallied.com\/es\/wp-json\/wp\/v2\/types\/product"}],"replies":[{"embeddable":true,"href":"https:\/\/anchorallied.com\/es\/wp-json\/wp\/v2\/comments?post=2855"}],"wp:featuredmedia":[{"embeddable":true,"href":"https:\/\/anchorallied.com\/es\/wp-json\/wp\/v2\/media\/2857"}],"wp:attachment":[{"href":"https:\/\/anchorallied.com\/es\/wp-json\/wp\/v2\/media?parent=2855"}],"wp:term":[{"taxonomy":"product_brand","embeddable":true,"href":"https:\/\/anchorallied.com\/es\/wp-json\/wp\/v2\/product_brand?post=2855"},{"taxonomy":"product_cat","embeddable":true,"href":"https:\/\/anchorallied.com\/es\/wp-json\/wp\/v2\/product_cat?post=2855"},{"taxonomy":"product_tag","embeddable":true,"href":"https:\/\/anchorallied.com\/es\/wp-json\/wp\/v2\/product_tag?post=2855"}],"curies":[{"name":"wp","href":"https:\/\/api.w.org\/{rel}","templated":true}]}}