{"id":2979,"date":"2025-05-28T04:59:51","date_gmt":"2025-05-28T04:59:51","guid":{"rendered":"http:\/\/anchorallied.com\/es\/?post_type=product&#038;p=2979"},"modified":"2025-07-27T15:48:58","modified_gmt":"2025-07-27T15:48:58","slug":"asmaco-aluminium-foil-tape","status":"publish","type":"product","link":"https:\/\/anchorallied.com\/es\/product\/asmaco-aluminium-foil-tape\/","title":{"rendered":"CINTA DE PAPEL DE ALUMINIO ASMACO"},"content":{"rendered":"<p>Esta cinta de aluminio ofrece un rendimiento excepcional con ventajas clave como una excelente resistencia a la humedad, los productos qu\u00edmicos y la exposici\u00f3n a los rayos UV. Su superficie reflectante ofrece protecci\u00f3n contra el calor y la luz, mientras que su construcci\u00f3n ign\u00edfuga garantiza la seguridad en entornos de alta temperatura. El adhesivo de resina de caucho sint\u00e9tico proporciona una uni\u00f3n fuerte y duradera a diversas superficies, como paneles de conductos de fibra de vidrio, sistemas FSK y conductos met\u00e1licos. La cinta tambi\u00e9n protege los componentes pl\u00e1sticos y ofrece un rendimiento fiable tanto en interiores como en exteriores, lo que la hace ideal para usos industriales exigentes.<\/p>\n","protected":false},"excerpt":{"rendered":"<p>La cinta de aluminio ASMACO es una soluci\u00f3n de sellado vers\u00e1til y duradera con un reverso de aluminio de alta resistencia de 25 micras y un adhesivo de resina de caucho sint\u00e9tico de alto rendimiento. Protegida por un soporte de papel de silicona de f\u00e1cil liberaci\u00f3n, esta cinta es ideal para una amplia gama de aplicaciones industriales, como climatizaci\u00f3n, acristalamiento y sellado de vapor.<\/p>\n","protected":false},"featured_media":3080,"comment_status":"open","ping_status":"closed","template":"","meta":{"_acf_changed":false},"product_brand":[],"product_cat":[179,180],"product_tag":[],"class_list":{"0":"post-2979","1":"product","2":"type-product","3":"status-publish","4":"has-post-thumbnail","6":"product_cat-cintas-adhesivas","7":"product_cat-cintas-de-aluminio","9":"first","10":"instock","11":"shipping-taxable","12":"product-type-simple"},"acf":[],"yoast_head":"<!-- This site is optimized with the Yoast SEO plugin v27.3 - https:\/\/yoast.com\/product\/yoast-seo-wordpress\/ -->\n<title>CINTA DE PAPEL DE ALUMINIO ASMACO - anchoralliedfactory<\/title>\n<meta name=\"robots\" content=\"index, follow, max-snippet:-1, max-image-preview:large, max-video-preview:-1\" \/>\n<link rel=\"canonical\" href=\"https:\/\/anchorallied.com\/es\/product\/asmaco-aluminium-foil-tape\/\" \/>\n<meta property=\"og:locale\" content=\"en_US\" \/>\n<meta property=\"og:type\" content=\"article\" \/>\n<meta property=\"og:title\" content=\"CINTA DE PAPEL DE ALUMINIO ASMACO - anchoralliedfactory\" \/>\n<meta property=\"og:description\" content=\"La cinta de aluminio ASMACO es una soluci\u00f3n de sellado vers\u00e1til y duradera con un reverso de aluminio de alta resistencia de 25 micras y un adhesivo de resina de caucho sint\u00e9tico de alto rendimiento. Protegida por un soporte de papel de silicona de f\u00e1cil liberaci\u00f3n, esta cinta es ideal para una amplia gama de aplicaciones industriales, como climatizaci\u00f3n, acristalamiento y sellado de vapor.\" \/>\n<meta property=\"og:url\" content=\"https:\/\/anchorallied.com\/es\/product\/asmaco-aluminium-foil-tape\/\" \/>\n<meta property=\"og:site_name\" content=\"anchoralliedfactory\" \/>\n<meta property=\"article:modified_time\" content=\"2025-07-27T15:48:58+00:00\" \/>\n<meta property=\"og:image\" content=\"https:\/\/anchorallied.com\/es\/wp-content\/uploads\/2025\/05\/Anc_0003_Alu_foil-Tape.jpg\" \/>\n\t<meta property=\"og:image:width\" content=\"1200\" \/>\n\t<meta property=\"og:image:height\" content=\"1200\" \/>\n\t<meta property=\"og:image:type\" content=\"image\/jpeg\" \/>\n<meta name=\"twitter:card\" content=\"summary_large_image\" \/>\n<meta name=\"twitter:label1\" content=\"Est. reading time\" \/>\n\t<meta name=\"twitter:data1\" content=\"1 minute\" \/>\n<script type=\"application\/ld+json\" class=\"yoast-schema-graph\">{\"@context\":\"https:\\\/\\\/schema.org\",\"@graph\":[{\"@type\":\"WebPage\",\"@id\":\"https:\\\/\\\/anchorallied.com\\\/es\\\/product\\\/asmaco-aluminium-foil-tape\\\/\",\"url\":\"https:\\\/\\\/anchorallied.com\\\/es\\\/product\\\/asmaco-aluminium-foil-tape\\\/\",\"name\":\"CINTA DE PAPEL DE ALUMINIO ASMACO - anchoralliedfactory\",\"isPartOf\":{\"@id\":\"https:\\\/\\\/anchorallied.com\\\/es\\\/#website\"},\"primaryImageOfPage\":{\"@id\":\"https:\\\/\\\/anchorallied.com\\\/es\\\/product\\\/asmaco-aluminium-foil-tape\\\/#primaryimage\"},\"image\":{\"@id\":\"https:\\\/\\\/anchorallied.com\\\/es\\\/product\\\/asmaco-aluminium-foil-tape\\\/#primaryimage\"},\"thumbnailUrl\":\"https:\\\/\\\/anchorallied.com\\\/es\\\/wp-content\\\/uploads\\\/2025\\\/05\\\/Anc_0003_Alu_foil-Tape.jpg\",\"datePublished\":\"2025-05-28T04:59:51+00:00\",\"dateModified\":\"2025-07-27T15:48:58+00:00\",\"breadcrumb\":{\"@id\":\"https:\\\/\\\/anchorallied.com\\\/es\\\/product\\\/asmaco-aluminium-foil-tape\\\/#breadcrumb\"},\"inLanguage\":\"en\",\"potentialAction\":[{\"@type\":\"ReadAction\",\"target\":[\"https:\\\/\\\/anchorallied.com\\\/es\\\/product\\\/asmaco-aluminium-foil-tape\\\/\"]}]},{\"@type\":\"ImageObject\",\"inLanguage\":\"en\",\"@id\":\"https:\\\/\\\/anchorallied.com\\\/es\\\/product\\\/asmaco-aluminium-foil-tape\\\/#primaryimage\",\"url\":\"https:\\\/\\\/anchorallied.com\\\/es\\\/wp-content\\\/uploads\\\/2025\\\/05\\\/Anc_0003_Alu_foil-Tape.jpg\",\"contentUrl\":\"https:\\\/\\\/anchorallied.com\\\/es\\\/wp-content\\\/uploads\\\/2025\\\/05\\\/Anc_0003_Alu_foil-Tape.jpg\",\"width\":1200,\"height\":1200},{\"@type\":\"BreadcrumbList\",\"@id\":\"https:\\\/\\\/anchorallied.com\\\/es\\\/product\\\/asmaco-aluminium-foil-tape\\\/#breadcrumb\",\"itemListElement\":[{\"@type\":\"ListItem\",\"position\":1,\"name\":\"Home\",\"item\":\"http:\\\/\\\/anchorallied.com\\\/es\\\/\"},{\"@type\":\"ListItem\",\"position\":2,\"name\":\"Shop\",\"item\":\"https:\\\/\\\/anchorallied.com\\\/es\\\/shop\\\/\"},{\"@type\":\"ListItem\",\"position\":3,\"name\":\"CINTA DE PAPEL DE ALUMINIO ASMACO\"}]},{\"@type\":\"WebSite\",\"@id\":\"https:\\\/\\\/anchorallied.com\\\/es\\\/#website\",\"url\":\"https:\\\/\\\/anchorallied.com\\\/es\\\/\",\"name\":\"anchoralliedfactory\",\"description\":\"\",\"potentialAction\":[{\"@type\":\"SearchAction\",\"target\":{\"@type\":\"EntryPoint\",\"urlTemplate\":\"https:\\\/\\\/anchorallied.com\\\/es\\\/?s={search_term_string}\"},\"query-input\":{\"@type\":\"PropertyValueSpecification\",\"valueRequired\":true,\"valueName\":\"search_term_string\"}}],\"inLanguage\":\"en\"}]}<\/script>\n<!-- \/ Yoast SEO plugin. -->","yoast_head_json":{"title":"CINTA DE PAPEL DE ALUMINIO ASMACO - anchoralliedfactory","robots":{"index":"index","follow":"follow","max-snippet":"max-snippet:-1","max-image-preview":"max-image-preview:large","max-video-preview":"max-video-preview:-1"},"canonical":"https:\/\/anchorallied.com\/es\/product\/asmaco-aluminium-foil-tape\/","og_locale":"en_US","og_type":"article","og_title":"CINTA DE PAPEL DE ALUMINIO ASMACO - anchoralliedfactory","og_description":"La cinta de aluminio ASMACO es una soluci\u00f3n de sellado vers\u00e1til y duradera con un reverso de aluminio de alta resistencia de 25 micras y un adhesivo de resina de caucho sint\u00e9tico de alto rendimiento. Protegida por un soporte de papel de silicona de f\u00e1cil liberaci\u00f3n, esta cinta es ideal para una amplia gama de aplicaciones industriales, como climatizaci\u00f3n, acristalamiento y sellado de vapor.","og_url":"https:\/\/anchorallied.com\/es\/product\/asmaco-aluminium-foil-tape\/","og_site_name":"anchoralliedfactory","article_modified_time":"2025-07-27T15:48:58+00:00","og_image":[{"width":1200,"height":1200,"url":"https:\/\/anchorallied.com\/es\/wp-content\/uploads\/2025\/05\/Anc_0003_Alu_foil-Tape.jpg","type":"image\/jpeg"}],"twitter_card":"summary_large_image","twitter_misc":{"Est. reading time":"1 minute"},"schema":{"@context":"https:\/\/schema.org","@graph":[{"@type":"WebPage","@id":"https:\/\/anchorallied.com\/es\/product\/asmaco-aluminium-foil-tape\/","url":"https:\/\/anchorallied.com\/es\/product\/asmaco-aluminium-foil-tape\/","name":"CINTA DE PAPEL DE ALUMINIO ASMACO - anchoralliedfactory","isPartOf":{"@id":"https:\/\/anchorallied.com\/es\/#website"},"primaryImageOfPage":{"@id":"https:\/\/anchorallied.com\/es\/product\/asmaco-aluminium-foil-tape\/#primaryimage"},"image":{"@id":"https:\/\/anchorallied.com\/es\/product\/asmaco-aluminium-foil-tape\/#primaryimage"},"thumbnailUrl":"https:\/\/anchorallied.com\/es\/wp-content\/uploads\/2025\/05\/Anc_0003_Alu_foil-Tape.jpg","datePublished":"2025-05-28T04:59:51+00:00","dateModified":"2025-07-27T15:48:58+00:00","breadcrumb":{"@id":"https:\/\/anchorallied.com\/es\/product\/asmaco-aluminium-foil-tape\/#breadcrumb"},"inLanguage":"en","potentialAction":[{"@type":"ReadAction","target":["https:\/\/anchorallied.com\/es\/product\/asmaco-aluminium-foil-tape\/"]}]},{"@type":"ImageObject","inLanguage":"en","@id":"https:\/\/anchorallied.com\/es\/product\/asmaco-aluminium-foil-tape\/#primaryimage","url":"https:\/\/anchorallied.com\/es\/wp-content\/uploads\/2025\/05\/Anc_0003_Alu_foil-Tape.jpg","contentUrl":"https:\/\/anchorallied.com\/es\/wp-content\/uploads\/2025\/05\/Anc_0003_Alu_foil-Tape.jpg","width":1200,"height":1200},{"@type":"BreadcrumbList","@id":"https:\/\/anchorallied.com\/es\/product\/asmaco-aluminium-foil-tape\/#breadcrumb","itemListElement":[{"@type":"ListItem","position":1,"name":"Home","item":"http:\/\/anchorallied.com\/es\/"},{"@type":"ListItem","position":2,"name":"Shop","item":"https:\/\/anchorallied.com\/es\/shop\/"},{"@type":"ListItem","position":3,"name":"CINTA DE PAPEL DE ALUMINIO ASMACO"}]},{"@type":"WebSite","@id":"https:\/\/anchorallied.com\/es\/#website","url":"https:\/\/anchorallied.com\/es\/","name":"anchoralliedfactory","description":"","potentialAction":[{"@type":"SearchAction","target":{"@type":"EntryPoint","urlTemplate":"https:\/\/anchorallied.com\/es\/?s={search_term_string}"},"query-input":{"@type":"PropertyValueSpecification","valueRequired":true,"valueName":"search_term_string"}}],"inLanguage":"en"}]}},"_links":{"self":[{"href":"https:\/\/anchorallied.com\/es\/wp-json\/wp\/v2\/product\/2979","targetHints":{"allow":["GET"]}}],"collection":[{"href":"https:\/\/anchorallied.com\/es\/wp-json\/wp\/v2\/product"}],"about":[{"href":"https:\/\/anchorallied.com\/es\/wp-json\/wp\/v2\/types\/product"}],"replies":[{"embeddable":true,"href":"https:\/\/anchorallied.com\/es\/wp-json\/wp\/v2\/comments?post=2979"}],"wp:featuredmedia":[{"embeddable":true,"href":"https:\/\/anchorallied.com\/es\/wp-json\/wp\/v2\/media\/3080"}],"wp:attachment":[{"href":"https:\/\/anchorallied.com\/es\/wp-json\/wp\/v2\/media?parent=2979"}],"wp:term":[{"taxonomy":"product_brand","embeddable":true,"href":"https:\/\/anchorallied.com\/es\/wp-json\/wp\/v2\/product_brand?post=2979"},{"taxonomy":"product_cat","embeddable":true,"href":"https:\/\/anchorallied.com\/es\/wp-json\/wp\/v2\/product_cat?post=2979"},{"taxonomy":"product_tag","embeddable":true,"href":"https:\/\/anchorallied.com\/es\/wp-json\/wp\/v2\/product_tag?post=2979"}],"curies":[{"name":"wp","href":"https:\/\/api.w.org\/{rel}","templated":true}]}}