{"id":2980,"date":"2025-05-28T05:05:39","date_gmt":"2025-05-28T05:05:39","guid":{"rendered":"http:\/\/anchorallied.com\/es\/?post_type=product&#038;p=2980"},"modified":"2025-07-27T15:48:58","modified_gmt":"2025-07-27T15:48:58","slug":"alu-glass-tape","status":"publish","type":"product","link":"https:\/\/anchorallied.com\/es\/product\/alu-glass-tape\/","title":{"rendered":"CINTA DE VIDRIO DE ALUMINIO"},"content":{"rendered":"<p>Esta cinta ofrece una excepcional estabilidad t\u00e9rmica, resistencia al fuego y durabilidad bajo temperaturas extremas. Su superficie reflectante proporciona una excelente deflexi\u00f3n del calor y la luz, mejorando la eficiencia energ\u00e9tica y la seguridad. Con una baja tasa de transmisi\u00f3n de vapor de humedad, act\u00faa como una eficaz barrera de vapor, garantizando un sellado duradero en sistemas de climatizaci\u00f3n y aislamiento industrial. Su resistente soporte de fibra de vidrio la refuerza, lo que la hace ideal para aplicaciones de uni\u00f3n y sellado que requieren resistencia y flexibilidad. F\u00e1cil de aplicar y fiable en condiciones adversas, es la soluci\u00f3n ideal para profesionales del aislamiento.<\/p>\n","protected":false},"excerpt":{"rendered":"<p>La cinta de vidrio de aluminio ASMACO es una cinta de sellado de primera calidad con un reverso de malla de fibra de vidrio de 10 x 10 con un adhesivo acr\u00edlico de alto rendimiento, ign\u00edfugo y sin disolventes. Protegida por un revestimiento de silicona, est\u00e1 dise\u00f1ada para aplicaciones de aislamiento exigentes, como el sellado de mantas de fibra de vidrio laminadas con aluminio, juntas de conductos y juntas de aislamiento de tuber\u00edas industriales.<\/p>\n","protected":false},"featured_media":3082,"comment_status":"open","ping_status":"closed","template":"","meta":{"_acf_changed":false},"product_brand":[],"product_cat":[179,180],"product_tag":[],"class_list":{"0":"post-2980","1":"product","2":"type-product","3":"status-publish","4":"has-post-thumbnail","6":"product_cat-cintas-adhesivas","7":"product_cat-cintas-de-aluminio","9":"first","10":"instock","11":"shipping-taxable","12":"product-type-simple"},"acf":[],"yoast_head":"<!-- This site is optimized with the Yoast SEO plugin v27.3 - https:\/\/yoast.com\/product\/yoast-seo-wordpress\/ -->\n<title>CINTA DE VIDRIO DE ALUMINIO - anchoralliedfactory<\/title>\n<meta name=\"robots\" content=\"index, follow, max-snippet:-1, max-image-preview:large, max-video-preview:-1\" \/>\n<link rel=\"canonical\" href=\"https:\/\/anchorallied.com\/es\/product\/alu-glass-tape\/\" \/>\n<meta property=\"og:locale\" content=\"en_US\" \/>\n<meta property=\"og:type\" content=\"article\" \/>\n<meta property=\"og:title\" content=\"CINTA DE VIDRIO DE ALUMINIO - anchoralliedfactory\" \/>\n<meta property=\"og:description\" content=\"La cinta de vidrio de aluminio ASMACO es una cinta de sellado de primera calidad con un reverso de malla de fibra de vidrio de 10 x 10 con un adhesivo acr\u00edlico de alto rendimiento, ign\u00edfugo y sin disolventes. Protegida por un revestimiento de silicona, est\u00e1 dise\u00f1ada para aplicaciones de aislamiento exigentes, como el sellado de mantas de fibra de vidrio laminadas con aluminio, juntas de conductos y juntas de aislamiento de tuber\u00edas industriales.\" \/>\n<meta property=\"og:url\" content=\"https:\/\/anchorallied.com\/es\/product\/alu-glass-tape\/\" \/>\n<meta property=\"og:site_name\" content=\"anchoralliedfactory\" \/>\n<meta property=\"article:modified_time\" content=\"2025-07-27T15:48:58+00:00\" \/>\n<meta property=\"og:image\" content=\"https:\/\/anchorallied.com\/es\/wp-content\/uploads\/2025\/05\/Anc_0002_Alu-Glass_tape.jpg\" \/>\n\t<meta property=\"og:image:width\" content=\"1200\" \/>\n\t<meta property=\"og:image:height\" content=\"1200\" \/>\n\t<meta property=\"og:image:type\" content=\"image\/jpeg\" \/>\n<meta name=\"twitter:card\" content=\"summary_large_image\" \/>\n<meta name=\"twitter:label1\" content=\"Est. reading time\" \/>\n\t<meta name=\"twitter:data1\" content=\"1 minute\" \/>\n<script type=\"application\/ld+json\" class=\"yoast-schema-graph\">{\"@context\":\"https:\\\/\\\/schema.org\",\"@graph\":[{\"@type\":\"WebPage\",\"@id\":\"https:\\\/\\\/anchorallied.com\\\/es\\\/product\\\/alu-glass-tape\\\/\",\"url\":\"https:\\\/\\\/anchorallied.com\\\/es\\\/product\\\/alu-glass-tape\\\/\",\"name\":\"CINTA DE VIDRIO DE ALUMINIO - anchoralliedfactory\",\"isPartOf\":{\"@id\":\"https:\\\/\\\/anchorallied.com\\\/es\\\/#website\"},\"primaryImageOfPage\":{\"@id\":\"https:\\\/\\\/anchorallied.com\\\/es\\\/product\\\/alu-glass-tape\\\/#primaryimage\"},\"image\":{\"@id\":\"https:\\\/\\\/anchorallied.com\\\/es\\\/product\\\/alu-glass-tape\\\/#primaryimage\"},\"thumbnailUrl\":\"https:\\\/\\\/anchorallied.com\\\/es\\\/wp-content\\\/uploads\\\/2025\\\/05\\\/Anc_0002_Alu-Glass_tape.jpg\",\"datePublished\":\"2025-05-28T05:05:39+00:00\",\"dateModified\":\"2025-07-27T15:48:58+00:00\",\"breadcrumb\":{\"@id\":\"https:\\\/\\\/anchorallied.com\\\/es\\\/product\\\/alu-glass-tape\\\/#breadcrumb\"},\"inLanguage\":\"en\",\"potentialAction\":[{\"@type\":\"ReadAction\",\"target\":[\"https:\\\/\\\/anchorallied.com\\\/es\\\/product\\\/alu-glass-tape\\\/\"]}]},{\"@type\":\"ImageObject\",\"inLanguage\":\"en\",\"@id\":\"https:\\\/\\\/anchorallied.com\\\/es\\\/product\\\/alu-glass-tape\\\/#primaryimage\",\"url\":\"https:\\\/\\\/anchorallied.com\\\/es\\\/wp-content\\\/uploads\\\/2025\\\/05\\\/Anc_0002_Alu-Glass_tape.jpg\",\"contentUrl\":\"https:\\\/\\\/anchorallied.com\\\/es\\\/wp-content\\\/uploads\\\/2025\\\/05\\\/Anc_0002_Alu-Glass_tape.jpg\",\"width\":1200,\"height\":1200},{\"@type\":\"BreadcrumbList\",\"@id\":\"https:\\\/\\\/anchorallied.com\\\/es\\\/product\\\/alu-glass-tape\\\/#breadcrumb\",\"itemListElement\":[{\"@type\":\"ListItem\",\"position\":1,\"name\":\"Home\",\"item\":\"http:\\\/\\\/anchorallied.com\\\/es\\\/\"},{\"@type\":\"ListItem\",\"position\":2,\"name\":\"Shop\",\"item\":\"https:\\\/\\\/anchorallied.com\\\/es\\\/shop\\\/\"},{\"@type\":\"ListItem\",\"position\":3,\"name\":\"CINTA DE VIDRIO DE ALUMINIO\"}]},{\"@type\":\"WebSite\",\"@id\":\"https:\\\/\\\/anchorallied.com\\\/es\\\/#website\",\"url\":\"https:\\\/\\\/anchorallied.com\\\/es\\\/\",\"name\":\"anchoralliedfactory\",\"description\":\"\",\"potentialAction\":[{\"@type\":\"SearchAction\",\"target\":{\"@type\":\"EntryPoint\",\"urlTemplate\":\"https:\\\/\\\/anchorallied.com\\\/es\\\/?s={search_term_string}\"},\"query-input\":{\"@type\":\"PropertyValueSpecification\",\"valueRequired\":true,\"valueName\":\"search_term_string\"}}],\"inLanguage\":\"en\"}]}<\/script>\n<!-- \/ Yoast SEO plugin. -->","yoast_head_json":{"title":"CINTA DE VIDRIO DE ALUMINIO - anchoralliedfactory","robots":{"index":"index","follow":"follow","max-snippet":"max-snippet:-1","max-image-preview":"max-image-preview:large","max-video-preview":"max-video-preview:-1"},"canonical":"https:\/\/anchorallied.com\/es\/product\/alu-glass-tape\/","og_locale":"en_US","og_type":"article","og_title":"CINTA DE VIDRIO DE ALUMINIO - anchoralliedfactory","og_description":"La cinta de vidrio de aluminio ASMACO es una cinta de sellado de primera calidad con un reverso de malla de fibra de vidrio de 10 x 10 con un adhesivo acr\u00edlico de alto rendimiento, ign\u00edfugo y sin disolventes. Protegida por un revestimiento de silicona, est\u00e1 dise\u00f1ada para aplicaciones de aislamiento exigentes, como el sellado de mantas de fibra de vidrio laminadas con aluminio, juntas de conductos y juntas de aislamiento de tuber\u00edas industriales.","og_url":"https:\/\/anchorallied.com\/es\/product\/alu-glass-tape\/","og_site_name":"anchoralliedfactory","article_modified_time":"2025-07-27T15:48:58+00:00","og_image":[{"width":1200,"height":1200,"url":"https:\/\/anchorallied.com\/es\/wp-content\/uploads\/2025\/05\/Anc_0002_Alu-Glass_tape.jpg","type":"image\/jpeg"}],"twitter_card":"summary_large_image","twitter_misc":{"Est. reading time":"1 minute"},"schema":{"@context":"https:\/\/schema.org","@graph":[{"@type":"WebPage","@id":"https:\/\/anchorallied.com\/es\/product\/alu-glass-tape\/","url":"https:\/\/anchorallied.com\/es\/product\/alu-glass-tape\/","name":"CINTA DE VIDRIO DE ALUMINIO - anchoralliedfactory","isPartOf":{"@id":"https:\/\/anchorallied.com\/es\/#website"},"primaryImageOfPage":{"@id":"https:\/\/anchorallied.com\/es\/product\/alu-glass-tape\/#primaryimage"},"image":{"@id":"https:\/\/anchorallied.com\/es\/product\/alu-glass-tape\/#primaryimage"},"thumbnailUrl":"https:\/\/anchorallied.com\/es\/wp-content\/uploads\/2025\/05\/Anc_0002_Alu-Glass_tape.jpg","datePublished":"2025-05-28T05:05:39+00:00","dateModified":"2025-07-27T15:48:58+00:00","breadcrumb":{"@id":"https:\/\/anchorallied.com\/es\/product\/alu-glass-tape\/#breadcrumb"},"inLanguage":"en","potentialAction":[{"@type":"ReadAction","target":["https:\/\/anchorallied.com\/es\/product\/alu-glass-tape\/"]}]},{"@type":"ImageObject","inLanguage":"en","@id":"https:\/\/anchorallied.com\/es\/product\/alu-glass-tape\/#primaryimage","url":"https:\/\/anchorallied.com\/es\/wp-content\/uploads\/2025\/05\/Anc_0002_Alu-Glass_tape.jpg","contentUrl":"https:\/\/anchorallied.com\/es\/wp-content\/uploads\/2025\/05\/Anc_0002_Alu-Glass_tape.jpg","width":1200,"height":1200},{"@type":"BreadcrumbList","@id":"https:\/\/anchorallied.com\/es\/product\/alu-glass-tape\/#breadcrumb","itemListElement":[{"@type":"ListItem","position":1,"name":"Home","item":"http:\/\/anchorallied.com\/es\/"},{"@type":"ListItem","position":2,"name":"Shop","item":"https:\/\/anchorallied.com\/es\/shop\/"},{"@type":"ListItem","position":3,"name":"CINTA DE VIDRIO DE ALUMINIO"}]},{"@type":"WebSite","@id":"https:\/\/anchorallied.com\/es\/#website","url":"https:\/\/anchorallied.com\/es\/","name":"anchoralliedfactory","description":"","potentialAction":[{"@type":"SearchAction","target":{"@type":"EntryPoint","urlTemplate":"https:\/\/anchorallied.com\/es\/?s={search_term_string}"},"query-input":{"@type":"PropertyValueSpecification","valueRequired":true,"valueName":"search_term_string"}}],"inLanguage":"en"}]}},"_links":{"self":[{"href":"https:\/\/anchorallied.com\/es\/wp-json\/wp\/v2\/product\/2980","targetHints":{"allow":["GET"]}}],"collection":[{"href":"https:\/\/anchorallied.com\/es\/wp-json\/wp\/v2\/product"}],"about":[{"href":"https:\/\/anchorallied.com\/es\/wp-json\/wp\/v2\/types\/product"}],"replies":[{"embeddable":true,"href":"https:\/\/anchorallied.com\/es\/wp-json\/wp\/v2\/comments?post=2980"}],"wp:featuredmedia":[{"embeddable":true,"href":"https:\/\/anchorallied.com\/es\/wp-json\/wp\/v2\/media\/3082"}],"wp:attachment":[{"href":"https:\/\/anchorallied.com\/es\/wp-json\/wp\/v2\/media?parent=2980"}],"wp:term":[{"taxonomy":"product_brand","embeddable":true,"href":"https:\/\/anchorallied.com\/es\/wp-json\/wp\/v2\/product_brand?post=2980"},{"taxonomy":"product_cat","embeddable":true,"href":"https:\/\/anchorallied.com\/es\/wp-json\/wp\/v2\/product_cat?post=2980"},{"taxonomy":"product_tag","embeddable":true,"href":"https:\/\/anchorallied.com\/es\/wp-json\/wp\/v2\/product_tag?post=2980"}],"curies":[{"name":"wp","href":"https:\/\/api.w.org\/{rel}","templated":true}]}}