{"id":2998,"date":"2025-05-28T05:30:51","date_gmt":"2025-05-28T05:30:51","guid":{"rendered":"http:\/\/anchorallied.com\/es\/?post_type=product&#038;p=2998"},"modified":"2025-07-27T15:48:58","modified_gmt":"2025-07-27T15:48:58","slug":"carpet-tape","status":"publish","type":"product","link":"https:\/\/anchorallied.com\/es\/product\/carpet-tape\/","title":{"rendered":"CINTA PARA ALFOMBRAS"},"content":{"rendered":"<p>Esta cinta ofrece una excelente adherencia y flexibilidad, lo que garantiza una colocaci\u00f3n estable en diversas superficies. Su dise\u00f1o de doble adhesivo proporciona un agarre fiable, mientras que el reverso de tela a\u00f1ade durabilidad y resistencia al desgarro. F\u00e1cil de aplicar y retirar, es ideal para bordados, instalaci\u00f3n de alfombras y otras tareas de montaje generales.<\/p>\n","protected":false},"excerpt":{"rendered":"<p>La cinta adhesiva de tela de doble cara ASMACO para alfombras es una cinta adhesiva de alto rendimiento que utiliza un soporte de tela de algod\u00f3n resistente, recubierta por ambas caras con un adhesivo de resina de caucho resistente y protegida por papel glassine de silicona marr\u00f3n. Es ideal para la fijaci\u00f3n segura de alfombras y la colocaci\u00f3n de telas durante el bordado por computadora.<\/p>\n","protected":false},"featured_media":3086,"comment_status":"open","ping_status":"closed","template":"","meta":{"_acf_changed":false},"product_brand":[],"product_cat":[179,201],"product_tag":[],"class_list":{"0":"post-2998","1":"product","2":"type-product","3":"status-publish","4":"has-post-thumbnail","6":"product_cat-cintas-adhesivas","7":"product_cat-otras-cintas","9":"first","10":"instock","11":"shipping-taxable","12":"product-type-simple"},"acf":[],"yoast_head":"<!-- This site is optimized with the Yoast SEO plugin v27.3 - https:\/\/yoast.com\/product\/yoast-seo-wordpress\/ -->\n<title>CINTA PARA ALFOMBRAS - anchoralliedfactory<\/title>\n<meta name=\"robots\" content=\"index, follow, max-snippet:-1, max-image-preview:large, max-video-preview:-1\" \/>\n<link rel=\"canonical\" href=\"https:\/\/anchorallied.com\/es\/product\/carpet-tape\/\" \/>\n<meta property=\"og:locale\" content=\"en_US\" \/>\n<meta property=\"og:type\" content=\"article\" \/>\n<meta property=\"og:title\" content=\"CINTA PARA ALFOMBRAS - anchoralliedfactory\" \/>\n<meta property=\"og:description\" content=\"La cinta adhesiva de tela de doble cara ASMACO para alfombras es una cinta adhesiva de alto rendimiento que utiliza un soporte de tela de algod\u00f3n resistente, recubierta por ambas caras con un adhesivo de resina de caucho resistente y protegida por papel glassine de silicona marr\u00f3n. Es ideal para la fijaci\u00f3n segura de alfombras y la colocaci\u00f3n de telas durante el bordado por computadora.\" \/>\n<meta property=\"og:url\" content=\"https:\/\/anchorallied.com\/es\/product\/carpet-tape\/\" \/>\n<meta property=\"og:site_name\" content=\"anchoralliedfactory\" \/>\n<meta property=\"article:modified_time\" content=\"2025-07-27T15:48:58+00:00\" \/>\n<meta property=\"og:image\" content=\"http:\/\/anchorallied.com\/es\/wp-content\/uploads\/2025\/05\/Anc_0009_Carpet-Tape.jpg\" \/>\n\t<meta property=\"og:image:width\" content=\"1200\" \/>\n\t<meta property=\"og:image:height\" content=\"1200\" \/>\n\t<meta property=\"og:image:type\" content=\"image\/jpeg\" \/>\n<meta name=\"twitter:card\" content=\"summary_large_image\" \/>\n<script type=\"application\/ld+json\" class=\"yoast-schema-graph\">{\"@context\":\"https:\\\/\\\/schema.org\",\"@graph\":[{\"@type\":\"WebPage\",\"@id\":\"https:\\\/\\\/anchorallied.com\\\/es\\\/product\\\/carpet-tape\\\/\",\"url\":\"https:\\\/\\\/anchorallied.com\\\/es\\\/product\\\/carpet-tape\\\/\",\"name\":\"CINTA PARA ALFOMBRAS - anchoralliedfactory\",\"isPartOf\":{\"@id\":\"https:\\\/\\\/anchorallied.com\\\/es\\\/#website\"},\"primaryImageOfPage\":{\"@id\":\"https:\\\/\\\/anchorallied.com\\\/es\\\/product\\\/carpet-tape\\\/#primaryimage\"},\"image\":{\"@id\":\"https:\\\/\\\/anchorallied.com\\\/es\\\/product\\\/carpet-tape\\\/#primaryimage\"},\"thumbnailUrl\":\"https:\\\/\\\/anchorallied.com\\\/es\\\/wp-content\\\/uploads\\\/2025\\\/05\\\/Anc_0009_Carpet-Tape.jpg\",\"datePublished\":\"2025-05-28T05:30:51+00:00\",\"dateModified\":\"2025-07-27T15:48:58+00:00\",\"breadcrumb\":{\"@id\":\"https:\\\/\\\/anchorallied.com\\\/es\\\/product\\\/carpet-tape\\\/#breadcrumb\"},\"inLanguage\":\"en\",\"potentialAction\":[{\"@type\":\"ReadAction\",\"target\":[\"https:\\\/\\\/anchorallied.com\\\/es\\\/product\\\/carpet-tape\\\/\"]}]},{\"@type\":\"ImageObject\",\"inLanguage\":\"en\",\"@id\":\"https:\\\/\\\/anchorallied.com\\\/es\\\/product\\\/carpet-tape\\\/#primaryimage\",\"url\":\"https:\\\/\\\/anchorallied.com\\\/es\\\/wp-content\\\/uploads\\\/2025\\\/05\\\/Anc_0009_Carpet-Tape.jpg\",\"contentUrl\":\"https:\\\/\\\/anchorallied.com\\\/es\\\/wp-content\\\/uploads\\\/2025\\\/05\\\/Anc_0009_Carpet-Tape.jpg\",\"width\":1200,\"height\":1200},{\"@type\":\"BreadcrumbList\",\"@id\":\"https:\\\/\\\/anchorallied.com\\\/es\\\/product\\\/carpet-tape\\\/#breadcrumb\",\"itemListElement\":[{\"@type\":\"ListItem\",\"position\":1,\"name\":\"Home\",\"item\":\"http:\\\/\\\/anchorallied.com\\\/es\\\/\"},{\"@type\":\"ListItem\",\"position\":2,\"name\":\"Shop\",\"item\":\"https:\\\/\\\/anchorallied.com\\\/es\\\/shop\\\/\"},{\"@type\":\"ListItem\",\"position\":3,\"name\":\"CINTA PARA ALFOMBRAS\"}]},{\"@type\":\"WebSite\",\"@id\":\"https:\\\/\\\/anchorallied.com\\\/es\\\/#website\",\"url\":\"https:\\\/\\\/anchorallied.com\\\/es\\\/\",\"name\":\"anchoralliedfactory\",\"description\":\"\",\"potentialAction\":[{\"@type\":\"SearchAction\",\"target\":{\"@type\":\"EntryPoint\",\"urlTemplate\":\"https:\\\/\\\/anchorallied.com\\\/es\\\/?s={search_term_string}\"},\"query-input\":{\"@type\":\"PropertyValueSpecification\",\"valueRequired\":true,\"valueName\":\"search_term_string\"}}],\"inLanguage\":\"en\"}]}<\/script>\n<!-- \/ Yoast SEO plugin. -->","yoast_head_json":{"title":"CINTA PARA ALFOMBRAS - anchoralliedfactory","robots":{"index":"index","follow":"follow","max-snippet":"max-snippet:-1","max-image-preview":"max-image-preview:large","max-video-preview":"max-video-preview:-1"},"canonical":"https:\/\/anchorallied.com\/es\/product\/carpet-tape\/","og_locale":"en_US","og_type":"article","og_title":"CINTA PARA ALFOMBRAS - anchoralliedfactory","og_description":"La cinta adhesiva de tela de doble cara ASMACO para alfombras es una cinta adhesiva de alto rendimiento que utiliza un soporte de tela de algod\u00f3n resistente, recubierta por ambas caras con un adhesivo de resina de caucho resistente y protegida por papel glassine de silicona marr\u00f3n. Es ideal para la fijaci\u00f3n segura de alfombras y la colocaci\u00f3n de telas durante el bordado por computadora.","og_url":"https:\/\/anchorallied.com\/es\/product\/carpet-tape\/","og_site_name":"anchoralliedfactory","article_modified_time":"2025-07-27T15:48:58+00:00","og_image":[{"width":1200,"height":1200,"url":"http:\/\/anchorallied.com\/es\/wp-content\/uploads\/2025\/05\/Anc_0009_Carpet-Tape.jpg","type":"image\/jpeg"}],"twitter_card":"summary_large_image","schema":{"@context":"https:\/\/schema.org","@graph":[{"@type":"WebPage","@id":"https:\/\/anchorallied.com\/es\/product\/carpet-tape\/","url":"https:\/\/anchorallied.com\/es\/product\/carpet-tape\/","name":"CINTA PARA ALFOMBRAS - anchoralliedfactory","isPartOf":{"@id":"https:\/\/anchorallied.com\/es\/#website"},"primaryImageOfPage":{"@id":"https:\/\/anchorallied.com\/es\/product\/carpet-tape\/#primaryimage"},"image":{"@id":"https:\/\/anchorallied.com\/es\/product\/carpet-tape\/#primaryimage"},"thumbnailUrl":"https:\/\/anchorallied.com\/es\/wp-content\/uploads\/2025\/05\/Anc_0009_Carpet-Tape.jpg","datePublished":"2025-05-28T05:30:51+00:00","dateModified":"2025-07-27T15:48:58+00:00","breadcrumb":{"@id":"https:\/\/anchorallied.com\/es\/product\/carpet-tape\/#breadcrumb"},"inLanguage":"en","potentialAction":[{"@type":"ReadAction","target":["https:\/\/anchorallied.com\/es\/product\/carpet-tape\/"]}]},{"@type":"ImageObject","inLanguage":"en","@id":"https:\/\/anchorallied.com\/es\/product\/carpet-tape\/#primaryimage","url":"https:\/\/anchorallied.com\/es\/wp-content\/uploads\/2025\/05\/Anc_0009_Carpet-Tape.jpg","contentUrl":"https:\/\/anchorallied.com\/es\/wp-content\/uploads\/2025\/05\/Anc_0009_Carpet-Tape.jpg","width":1200,"height":1200},{"@type":"BreadcrumbList","@id":"https:\/\/anchorallied.com\/es\/product\/carpet-tape\/#breadcrumb","itemListElement":[{"@type":"ListItem","position":1,"name":"Home","item":"http:\/\/anchorallied.com\/es\/"},{"@type":"ListItem","position":2,"name":"Shop","item":"https:\/\/anchorallied.com\/es\/shop\/"},{"@type":"ListItem","position":3,"name":"CINTA PARA ALFOMBRAS"}]},{"@type":"WebSite","@id":"https:\/\/anchorallied.com\/es\/#website","url":"https:\/\/anchorallied.com\/es\/","name":"anchoralliedfactory","description":"","potentialAction":[{"@type":"SearchAction","target":{"@type":"EntryPoint","urlTemplate":"https:\/\/anchorallied.com\/es\/?s={search_term_string}"},"query-input":{"@type":"PropertyValueSpecification","valueRequired":true,"valueName":"search_term_string"}}],"inLanguage":"en"}]}},"_links":{"self":[{"href":"https:\/\/anchorallied.com\/es\/wp-json\/wp\/v2\/product\/2998","targetHints":{"allow":["GET"]}}],"collection":[{"href":"https:\/\/anchorallied.com\/es\/wp-json\/wp\/v2\/product"}],"about":[{"href":"https:\/\/anchorallied.com\/es\/wp-json\/wp\/v2\/types\/product"}],"replies":[{"embeddable":true,"href":"https:\/\/anchorallied.com\/es\/wp-json\/wp\/v2\/comments?post=2998"}],"wp:featuredmedia":[{"embeddable":true,"href":"https:\/\/anchorallied.com\/es\/wp-json\/wp\/v2\/media\/3086"}],"wp:attachment":[{"href":"https:\/\/anchorallied.com\/es\/wp-json\/wp\/v2\/media?parent=2998"}],"wp:term":[{"taxonomy":"product_brand","embeddable":true,"href":"https:\/\/anchorallied.com\/es\/wp-json\/wp\/v2\/product_brand?post=2998"},{"taxonomy":"product_cat","embeddable":true,"href":"https:\/\/anchorallied.com\/es\/wp-json\/wp\/v2\/product_cat?post=2998"},{"taxonomy":"product_tag","embeddable":true,"href":"https:\/\/anchorallied.com\/es\/wp-json\/wp\/v2\/product_tag?post=2998"}],"curies":[{"name":"wp","href":"https:\/\/api.w.org\/{rel}","templated":true}]}}