{"id":3022,"date":"2025-05-28T05:53:49","date_gmt":"2025-05-28T05:53:49","guid":{"rendered":"http:\/\/anchorallied.com\/es\/?post_type=product&#038;p=3022"},"modified":"2026-04-13T05:03:03","modified_gmt":"2026-04-13T05:03:03","slug":"rtv-gasket-maker","status":"publish","type":"product","link":"https:\/\/anchorallied.com\/es\/product\/rtv-gasket-maker\/","title":{"rendered":"FABRICANTE DE JUNTAS RTV"},"content":{"rendered":"<p>Este formador de juntas de silicona RTV forma un sello elastom\u00e9rico altamente resistente a la intemperie, la exposici\u00f3n a los rayos UV y temperaturas extremas, tanto altas como bajas. Ofrece una excelente adhesi\u00f3n a una amplia gama de sustratos, incluyendo componentes de motor como cajas de cambios, bridas de motor, bombas de agua y aceite, radiadores y diferenciales, as\u00ed como calderas, calentadores de agua, madera, cer\u00e1mica y vidrio. La junta curada se mantiene flexible y resistente, garantizando un sellado y protecci\u00f3n duraderos en condiciones exigentes.<\/p>\n","protected":false},"excerpt":{"rendered":"<p>El Formador de Juntas de Silicona ASMACO es un sellador monocomponente, listo para usar, dise\u00f1ado para crear juntas duraderas y moldeables en entornos de alta temperatura. Cura formando una goma de silicona resistente que proporciona un excelente rendimiento de sellado en diversas aplicaciones industriales y automotrices.<\/p>\n","protected":false},"featured_media":3023,"comment_status":"open","ping_status":"closed","template":"","meta":{"_acf_changed":false},"product_brand":[],"product_cat":[142,200],"product_tag":[],"class_list":{"0":"post-3022","1":"product","2":"type-product","3":"status-publish","4":"has-post-thumbnail","6":"product_cat-selladores","7":"product_cat-selladores-de-juntas-y-epoxi","9":"first","10":"instock","11":"shipping-taxable","12":"product-type-simple"},"acf":[],"yoast_head":"<!-- This site is optimized with the Yoast SEO plugin v27.3 - https:\/\/yoast.com\/product\/yoast-seo-wordpress\/ -->\n<title>FABRICANTE DE JUNTAS RTV - anchoralliedfactory<\/title>\n<meta name=\"robots\" content=\"index, follow, max-snippet:-1, max-image-preview:large, max-video-preview:-1\" \/>\n<link rel=\"canonical\" href=\"https:\/\/anchorallied.com\/es\/product\/rtv-gasket-maker\/\" \/>\n<meta property=\"og:locale\" content=\"en_US\" \/>\n<meta property=\"og:type\" content=\"article\" \/>\n<meta property=\"og:title\" content=\"FABRICANTE DE JUNTAS RTV - anchoralliedfactory\" \/>\n<meta property=\"og:description\" content=\"El Formador de Juntas de Silicona ASMACO es un sellador monocomponente, listo para usar, dise\u00f1ado para crear juntas duraderas y moldeables en entornos de alta temperatura. Cura formando una goma de silicona resistente que proporciona un excelente rendimiento de sellado en diversas aplicaciones industriales y automotrices.\" \/>\n<meta property=\"og:url\" content=\"https:\/\/anchorallied.com\/es\/product\/rtv-gasket-maker\/\" \/>\n<meta property=\"og:site_name\" content=\"anchoralliedfactory\" \/>\n<meta property=\"article:modified_time\" content=\"2026-04-13T05:03:03+00:00\" \/>\n<meta property=\"og:image\" content=\"http:\/\/anchorallied.com\/es\/wp-content\/uploads\/2025\/05\/Anc__0010_NEW_gasket.jpg\" \/>\n\t<meta property=\"og:image:width\" content=\"1200\" \/>\n\t<meta property=\"og:image:height\" content=\"1200\" \/>\n\t<meta property=\"og:image:type\" content=\"image\/jpeg\" \/>\n<meta name=\"twitter:card\" content=\"summary_large_image\" \/>\n<meta name=\"twitter:label1\" content=\"Est. reading time\" \/>\n\t<meta name=\"twitter:data1\" content=\"4 minutes\" \/>\n<script type=\"application\/ld+json\" class=\"yoast-schema-graph\">{\"@context\":\"https:\\\/\\\/schema.org\",\"@graph\":[{\"@type\":\"WebPage\",\"@id\":\"https:\\\/\\\/anchorallied.com\\\/es\\\/product\\\/rtv-gasket-maker\\\/\",\"url\":\"https:\\\/\\\/anchorallied.com\\\/es\\\/product\\\/rtv-gasket-maker\\\/\",\"name\":\"FABRICANTE DE JUNTAS RTV - anchoralliedfactory\",\"isPartOf\":{\"@id\":\"https:\\\/\\\/anchorallied.com\\\/es\\\/#website\"},\"primaryImageOfPage\":{\"@id\":\"https:\\\/\\\/anchorallied.com\\\/es\\\/product\\\/rtv-gasket-maker\\\/#primaryimage\"},\"image\":{\"@id\":\"https:\\\/\\\/anchorallied.com\\\/es\\\/product\\\/rtv-gasket-maker\\\/#primaryimage\"},\"thumbnailUrl\":\"https:\\\/\\\/anchorallied.com\\\/es\\\/wp-content\\\/uploads\\\/2025\\\/05\\\/Anc__0010_NEW_gasket.jpg\",\"datePublished\":\"2025-05-28T05:53:49+00:00\",\"dateModified\":\"2026-04-13T05:03:03+00:00\",\"breadcrumb\":{\"@id\":\"https:\\\/\\\/anchorallied.com\\\/es\\\/product\\\/rtv-gasket-maker\\\/#breadcrumb\"},\"inLanguage\":\"en\",\"potentialAction\":[{\"@type\":\"ReadAction\",\"target\":[\"https:\\\/\\\/anchorallied.com\\\/es\\\/product\\\/rtv-gasket-maker\\\/\"]}]},{\"@type\":\"ImageObject\",\"inLanguage\":\"en\",\"@id\":\"https:\\\/\\\/anchorallied.com\\\/es\\\/product\\\/rtv-gasket-maker\\\/#primaryimage\",\"url\":\"https:\\\/\\\/anchorallied.com\\\/es\\\/wp-content\\\/uploads\\\/2025\\\/05\\\/Anc__0010_NEW_gasket.jpg\",\"contentUrl\":\"https:\\\/\\\/anchorallied.com\\\/es\\\/wp-content\\\/uploads\\\/2025\\\/05\\\/Anc__0010_NEW_gasket.jpg\",\"width\":1200,\"height\":1200},{\"@type\":\"BreadcrumbList\",\"@id\":\"https:\\\/\\\/anchorallied.com\\\/es\\\/product\\\/rtv-gasket-maker\\\/#breadcrumb\",\"itemListElement\":[{\"@type\":\"ListItem\",\"position\":1,\"name\":\"Home\",\"item\":\"http:\\\/\\\/anchorallied.com\\\/es\\\/\"},{\"@type\":\"ListItem\",\"position\":2,\"name\":\"Shop\",\"item\":\"https:\\\/\\\/anchorallied.com\\\/es\\\/shop\\\/\"},{\"@type\":\"ListItem\",\"position\":3,\"name\":\"FABRICANTE DE JUNTAS RTV\"}]},{\"@type\":\"WebSite\",\"@id\":\"https:\\\/\\\/anchorallied.com\\\/es\\\/#website\",\"url\":\"https:\\\/\\\/anchorallied.com\\\/es\\\/\",\"name\":\"anchoralliedfactory\",\"description\":\"\",\"potentialAction\":[{\"@type\":\"SearchAction\",\"target\":{\"@type\":\"EntryPoint\",\"urlTemplate\":\"https:\\\/\\\/anchorallied.com\\\/es\\\/?s={search_term_string}\"},\"query-input\":{\"@type\":\"PropertyValueSpecification\",\"valueRequired\":true,\"valueName\":\"search_term_string\"}}],\"inLanguage\":\"en\"}]}<\/script>\n<!-- \/ Yoast SEO plugin. -->","yoast_head_json":{"title":"FABRICANTE DE JUNTAS RTV - anchoralliedfactory","robots":{"index":"index","follow":"follow","max-snippet":"max-snippet:-1","max-image-preview":"max-image-preview:large","max-video-preview":"max-video-preview:-1"},"canonical":"https:\/\/anchorallied.com\/es\/product\/rtv-gasket-maker\/","og_locale":"en_US","og_type":"article","og_title":"FABRICANTE DE JUNTAS RTV - anchoralliedfactory","og_description":"El Formador de Juntas de Silicona ASMACO es un sellador monocomponente, listo para usar, dise\u00f1ado para crear juntas duraderas y moldeables en entornos de alta temperatura. Cura formando una goma de silicona resistente que proporciona un excelente rendimiento de sellado en diversas aplicaciones industriales y automotrices.","og_url":"https:\/\/anchorallied.com\/es\/product\/rtv-gasket-maker\/","og_site_name":"anchoralliedfactory","article_modified_time":"2026-04-13T05:03:03+00:00","og_image":[{"width":1200,"height":1200,"url":"http:\/\/anchorallied.com\/es\/wp-content\/uploads\/2025\/05\/Anc__0010_NEW_gasket.jpg","type":"image\/jpeg"}],"twitter_card":"summary_large_image","twitter_misc":{"Est. reading time":"4 minutes"},"schema":{"@context":"https:\/\/schema.org","@graph":[{"@type":"WebPage","@id":"https:\/\/anchorallied.com\/es\/product\/rtv-gasket-maker\/","url":"https:\/\/anchorallied.com\/es\/product\/rtv-gasket-maker\/","name":"FABRICANTE DE JUNTAS RTV - anchoralliedfactory","isPartOf":{"@id":"https:\/\/anchorallied.com\/es\/#website"},"primaryImageOfPage":{"@id":"https:\/\/anchorallied.com\/es\/product\/rtv-gasket-maker\/#primaryimage"},"image":{"@id":"https:\/\/anchorallied.com\/es\/product\/rtv-gasket-maker\/#primaryimage"},"thumbnailUrl":"https:\/\/anchorallied.com\/es\/wp-content\/uploads\/2025\/05\/Anc__0010_NEW_gasket.jpg","datePublished":"2025-05-28T05:53:49+00:00","dateModified":"2026-04-13T05:03:03+00:00","breadcrumb":{"@id":"https:\/\/anchorallied.com\/es\/product\/rtv-gasket-maker\/#breadcrumb"},"inLanguage":"en","potentialAction":[{"@type":"ReadAction","target":["https:\/\/anchorallied.com\/es\/product\/rtv-gasket-maker\/"]}]},{"@type":"ImageObject","inLanguage":"en","@id":"https:\/\/anchorallied.com\/es\/product\/rtv-gasket-maker\/#primaryimage","url":"https:\/\/anchorallied.com\/es\/wp-content\/uploads\/2025\/05\/Anc__0010_NEW_gasket.jpg","contentUrl":"https:\/\/anchorallied.com\/es\/wp-content\/uploads\/2025\/05\/Anc__0010_NEW_gasket.jpg","width":1200,"height":1200},{"@type":"BreadcrumbList","@id":"https:\/\/anchorallied.com\/es\/product\/rtv-gasket-maker\/#breadcrumb","itemListElement":[{"@type":"ListItem","position":1,"name":"Home","item":"http:\/\/anchorallied.com\/es\/"},{"@type":"ListItem","position":2,"name":"Shop","item":"https:\/\/anchorallied.com\/es\/shop\/"},{"@type":"ListItem","position":3,"name":"FABRICANTE DE JUNTAS RTV"}]},{"@type":"WebSite","@id":"https:\/\/anchorallied.com\/es\/#website","url":"https:\/\/anchorallied.com\/es\/","name":"anchoralliedfactory","description":"","potentialAction":[{"@type":"SearchAction","target":{"@type":"EntryPoint","urlTemplate":"https:\/\/anchorallied.com\/es\/?s={search_term_string}"},"query-input":{"@type":"PropertyValueSpecification","valueRequired":true,"valueName":"search_term_string"}}],"inLanguage":"en"}]}},"_links":{"self":[{"href":"https:\/\/anchorallied.com\/es\/wp-json\/wp\/v2\/product\/3022","targetHints":{"allow":["GET"]}}],"collection":[{"href":"https:\/\/anchorallied.com\/es\/wp-json\/wp\/v2\/product"}],"about":[{"href":"https:\/\/anchorallied.com\/es\/wp-json\/wp\/v2\/types\/product"}],"replies":[{"embeddable":true,"href":"https:\/\/anchorallied.com\/es\/wp-json\/wp\/v2\/comments?post=3022"}],"wp:featuredmedia":[{"embeddable":true,"href":"https:\/\/anchorallied.com\/es\/wp-json\/wp\/v2\/media\/3023"}],"wp:attachment":[{"href":"https:\/\/anchorallied.com\/es\/wp-json\/wp\/v2\/media?parent=3022"}],"wp:term":[{"taxonomy":"product_brand","embeddable":true,"href":"https:\/\/anchorallied.com\/es\/wp-json\/wp\/v2\/product_brand?post=3022"},{"taxonomy":"product_cat","embeddable":true,"href":"https:\/\/anchorallied.com\/es\/wp-json\/wp\/v2\/product_cat?post=3022"},{"taxonomy":"product_tag","embeddable":true,"href":"https:\/\/anchorallied.com\/es\/wp-json\/wp\/v2\/product_tag?post=3022"}],"curies":[{"name":"wp","href":"https:\/\/api.w.org\/{rel}","templated":true}]}}