{"id":3024,"date":"2025-05-28T05:58:52","date_gmt":"2025-05-28T05:58:52","guid":{"rendered":"http:\/\/anchorallied.com\/es\/?post_type=product&#038;p=3024"},"modified":"2025-07-27T15:48:58","modified_gmt":"2025-07-27T15:48:58","slug":"bond-mdf-adhesive","status":"publish","type":"product","link":"https:\/\/anchorallied.com\/es\/product\/bond-mdf-adhesive\/","title":{"rendered":"BOND \u2013 ADHESIVO MDF"},"content":{"rendered":"<p>Este sistema adhesivo proporciona una alta resistencia de adhesi\u00f3n con un curado r\u00e1pido, lo que lo hace perfecto para aplicaciones que requieren montajes o reparaciones r\u00e1pidos. Es apto tanto para superficies horizontales como verticales y ofrece un excelente rendimiento en sustratos porosos e irregulares. El spray activador acelera el proceso de curado, garantizando una adhesi\u00f3n fuerte y duradera en segundos. ASMACO BOND es vers\u00e1til y fiable en m\u00faltiples materiales, ofreciendo una excelente adhesi\u00f3n para diversas tareas de reparaci\u00f3n y montaje.<\/p>\n","protected":false},"excerpt":{"rendered":"<p>ASMACO BOND es un sistema adhesivo bicomponente de acci\u00f3n r\u00e1pida que consiste en un pegamento de cianoacrilato y un activador en aerosol. Ofrece una adhesi\u00f3n r\u00e1pida, ideal para reparar y fijar una amplia variedad de materiales, como madera, MDF, aglomerado, caucho, pl\u00e1sticos, cuero, cer\u00e1mica y metales.<\/p>\n","protected":false},"featured_media":3025,"comment_status":"open","ping_status":"closed","template":"","meta":{"_acf_changed":false},"product_brand":[],"product_cat":[15,182],"product_tag":[],"class_list":{"0":"post-3024","1":"product","2":"type-product","3":"status-publish","4":"has-post-thumbnail","6":"product_cat-aerosoles","7":"product_cat-otro-aerosol","9":"first","10":"instock","11":"shipping-taxable","12":"product-type-simple"},"acf":[],"yoast_head":"<!-- This site is optimized with the Yoast SEO plugin v27.3 - https:\/\/yoast.com\/product\/yoast-seo-wordpress\/ -->\n<title>BOND \u2013 ADHESIVO MDF - anchoralliedfactory<\/title>\n<meta name=\"robots\" content=\"index, follow, max-snippet:-1, max-image-preview:large, max-video-preview:-1\" \/>\n<link rel=\"canonical\" href=\"https:\/\/anchorallied.com\/es\/product\/bond-mdf-adhesive\/\" \/>\n<meta property=\"og:locale\" content=\"en_US\" \/>\n<meta property=\"og:type\" content=\"article\" \/>\n<meta property=\"og:title\" content=\"BOND \u2013 ADHESIVO MDF - anchoralliedfactory\" \/>\n<meta property=\"og:description\" content=\"ASMACO BOND es un sistema adhesivo bicomponente de acci\u00f3n r\u00e1pida que consiste en un pegamento de cianoacrilato y un activador en aerosol. Ofrece una adhesi\u00f3n r\u00e1pida, ideal para reparar y fijar una amplia variedad de materiales, como madera, MDF, aglomerado, caucho, pl\u00e1sticos, cuero, cer\u00e1mica y metales.\" \/>\n<meta property=\"og:url\" content=\"https:\/\/anchorallied.com\/es\/product\/bond-mdf-adhesive\/\" \/>\n<meta property=\"og:site_name\" content=\"anchoralliedfactory\" \/>\n<meta property=\"article:modified_time\" content=\"2025-07-27T15:48:58+00:00\" \/>\n<meta property=\"og:image\" content=\"https:\/\/anchorallied.com\/es\/wp-content\/uploads\/2025\/05\/Anc__0020_Bond-300ml-New-Mockup.jpg\" \/>\n\t<meta property=\"og:image:width\" content=\"1200\" \/>\n\t<meta property=\"og:image:height\" content=\"1200\" \/>\n\t<meta property=\"og:image:type\" content=\"image\/jpeg\" \/>\n<meta name=\"twitter:card\" content=\"summary_large_image\" \/>\n<script type=\"application\/ld+json\" class=\"yoast-schema-graph\">{\"@context\":\"https:\\\/\\\/schema.org\",\"@graph\":[{\"@type\":\"WebPage\",\"@id\":\"https:\\\/\\\/anchorallied.com\\\/es\\\/product\\\/bond-mdf-adhesive\\\/\",\"url\":\"https:\\\/\\\/anchorallied.com\\\/es\\\/product\\\/bond-mdf-adhesive\\\/\",\"name\":\"BOND \u2013 ADHESIVO MDF - anchoralliedfactory\",\"isPartOf\":{\"@id\":\"https:\\\/\\\/anchorallied.com\\\/es\\\/#website\"},\"primaryImageOfPage\":{\"@id\":\"https:\\\/\\\/anchorallied.com\\\/es\\\/product\\\/bond-mdf-adhesive\\\/#primaryimage\"},\"image\":{\"@id\":\"https:\\\/\\\/anchorallied.com\\\/es\\\/product\\\/bond-mdf-adhesive\\\/#primaryimage\"},\"thumbnailUrl\":\"https:\\\/\\\/anchorallied.com\\\/es\\\/wp-content\\\/uploads\\\/2025\\\/05\\\/Anc__0020_Bond-300ml-New-Mockup.jpg\",\"datePublished\":\"2025-05-28T05:58:52+00:00\",\"dateModified\":\"2025-07-27T15:48:58+00:00\",\"breadcrumb\":{\"@id\":\"https:\\\/\\\/anchorallied.com\\\/es\\\/product\\\/bond-mdf-adhesive\\\/#breadcrumb\"},\"inLanguage\":\"en\",\"potentialAction\":[{\"@type\":\"ReadAction\",\"target\":[\"https:\\\/\\\/anchorallied.com\\\/es\\\/product\\\/bond-mdf-adhesive\\\/\"]}]},{\"@type\":\"ImageObject\",\"inLanguage\":\"en\",\"@id\":\"https:\\\/\\\/anchorallied.com\\\/es\\\/product\\\/bond-mdf-adhesive\\\/#primaryimage\",\"url\":\"https:\\\/\\\/anchorallied.com\\\/es\\\/wp-content\\\/uploads\\\/2025\\\/05\\\/Anc__0020_Bond-300ml-New-Mockup.jpg\",\"contentUrl\":\"https:\\\/\\\/anchorallied.com\\\/es\\\/wp-content\\\/uploads\\\/2025\\\/05\\\/Anc__0020_Bond-300ml-New-Mockup.jpg\",\"width\":1200,\"height\":1200},{\"@type\":\"BreadcrumbList\",\"@id\":\"https:\\\/\\\/anchorallied.com\\\/es\\\/product\\\/bond-mdf-adhesive\\\/#breadcrumb\",\"itemListElement\":[{\"@type\":\"ListItem\",\"position\":1,\"name\":\"Home\",\"item\":\"http:\\\/\\\/anchorallied.com\\\/es\\\/\"},{\"@type\":\"ListItem\",\"position\":2,\"name\":\"Shop\",\"item\":\"https:\\\/\\\/anchorallied.com\\\/es\\\/shop\\\/\"},{\"@type\":\"ListItem\",\"position\":3,\"name\":\"BOND \u2013 ADHESIVO MDF\"}]},{\"@type\":\"WebSite\",\"@id\":\"https:\\\/\\\/anchorallied.com\\\/es\\\/#website\",\"url\":\"https:\\\/\\\/anchorallied.com\\\/es\\\/\",\"name\":\"anchoralliedfactory\",\"description\":\"\",\"potentialAction\":[{\"@type\":\"SearchAction\",\"target\":{\"@type\":\"EntryPoint\",\"urlTemplate\":\"https:\\\/\\\/anchorallied.com\\\/es\\\/?s={search_term_string}\"},\"query-input\":{\"@type\":\"PropertyValueSpecification\",\"valueRequired\":true,\"valueName\":\"search_term_string\"}}],\"inLanguage\":\"en\"}]}<\/script>\n<!-- \/ Yoast SEO plugin. -->","yoast_head_json":{"title":"BOND \u2013 ADHESIVO MDF - anchoralliedfactory","robots":{"index":"index","follow":"follow","max-snippet":"max-snippet:-1","max-image-preview":"max-image-preview:large","max-video-preview":"max-video-preview:-1"},"canonical":"https:\/\/anchorallied.com\/es\/product\/bond-mdf-adhesive\/","og_locale":"en_US","og_type":"article","og_title":"BOND \u2013 ADHESIVO MDF - anchoralliedfactory","og_description":"ASMACO BOND es un sistema adhesivo bicomponente de acci\u00f3n r\u00e1pida que consiste en un pegamento de cianoacrilato y un activador en aerosol. Ofrece una adhesi\u00f3n r\u00e1pida, ideal para reparar y fijar una amplia variedad de materiales, como madera, MDF, aglomerado, caucho, pl\u00e1sticos, cuero, cer\u00e1mica y metales.","og_url":"https:\/\/anchorallied.com\/es\/product\/bond-mdf-adhesive\/","og_site_name":"anchoralliedfactory","article_modified_time":"2025-07-27T15:48:58+00:00","og_image":[{"width":1200,"height":1200,"url":"https:\/\/anchorallied.com\/es\/wp-content\/uploads\/2025\/05\/Anc__0020_Bond-300ml-New-Mockup.jpg","type":"image\/jpeg"}],"twitter_card":"summary_large_image","schema":{"@context":"https:\/\/schema.org","@graph":[{"@type":"WebPage","@id":"https:\/\/anchorallied.com\/es\/product\/bond-mdf-adhesive\/","url":"https:\/\/anchorallied.com\/es\/product\/bond-mdf-adhesive\/","name":"BOND \u2013 ADHESIVO MDF - anchoralliedfactory","isPartOf":{"@id":"https:\/\/anchorallied.com\/es\/#website"},"primaryImageOfPage":{"@id":"https:\/\/anchorallied.com\/es\/product\/bond-mdf-adhesive\/#primaryimage"},"image":{"@id":"https:\/\/anchorallied.com\/es\/product\/bond-mdf-adhesive\/#primaryimage"},"thumbnailUrl":"https:\/\/anchorallied.com\/es\/wp-content\/uploads\/2025\/05\/Anc__0020_Bond-300ml-New-Mockup.jpg","datePublished":"2025-05-28T05:58:52+00:00","dateModified":"2025-07-27T15:48:58+00:00","breadcrumb":{"@id":"https:\/\/anchorallied.com\/es\/product\/bond-mdf-adhesive\/#breadcrumb"},"inLanguage":"en","potentialAction":[{"@type":"ReadAction","target":["https:\/\/anchorallied.com\/es\/product\/bond-mdf-adhesive\/"]}]},{"@type":"ImageObject","inLanguage":"en","@id":"https:\/\/anchorallied.com\/es\/product\/bond-mdf-adhesive\/#primaryimage","url":"https:\/\/anchorallied.com\/es\/wp-content\/uploads\/2025\/05\/Anc__0020_Bond-300ml-New-Mockup.jpg","contentUrl":"https:\/\/anchorallied.com\/es\/wp-content\/uploads\/2025\/05\/Anc__0020_Bond-300ml-New-Mockup.jpg","width":1200,"height":1200},{"@type":"BreadcrumbList","@id":"https:\/\/anchorallied.com\/es\/product\/bond-mdf-adhesive\/#breadcrumb","itemListElement":[{"@type":"ListItem","position":1,"name":"Home","item":"http:\/\/anchorallied.com\/es\/"},{"@type":"ListItem","position":2,"name":"Shop","item":"https:\/\/anchorallied.com\/es\/shop\/"},{"@type":"ListItem","position":3,"name":"BOND \u2013 ADHESIVO MDF"}]},{"@type":"WebSite","@id":"https:\/\/anchorallied.com\/es\/#website","url":"https:\/\/anchorallied.com\/es\/","name":"anchoralliedfactory","description":"","potentialAction":[{"@type":"SearchAction","target":{"@type":"EntryPoint","urlTemplate":"https:\/\/anchorallied.com\/es\/?s={search_term_string}"},"query-input":{"@type":"PropertyValueSpecification","valueRequired":true,"valueName":"search_term_string"}}],"inLanguage":"en"}]}},"_links":{"self":[{"href":"https:\/\/anchorallied.com\/es\/wp-json\/wp\/v2\/product\/3024","targetHints":{"allow":["GET"]}}],"collection":[{"href":"https:\/\/anchorallied.com\/es\/wp-json\/wp\/v2\/product"}],"about":[{"href":"https:\/\/anchorallied.com\/es\/wp-json\/wp\/v2\/types\/product"}],"replies":[{"embeddable":true,"href":"https:\/\/anchorallied.com\/es\/wp-json\/wp\/v2\/comments?post=3024"}],"wp:featuredmedia":[{"embeddable":true,"href":"https:\/\/anchorallied.com\/es\/wp-json\/wp\/v2\/media\/3025"}],"wp:attachment":[{"href":"https:\/\/anchorallied.com\/es\/wp-json\/wp\/v2\/media?parent=3024"}],"wp:term":[{"taxonomy":"product_brand","embeddable":true,"href":"https:\/\/anchorallied.com\/es\/wp-json\/wp\/v2\/product_brand?post=3024"},{"taxonomy":"product_cat","embeddable":true,"href":"https:\/\/anchorallied.com\/es\/wp-json\/wp\/v2\/product_cat?post=3024"},{"taxonomy":"product_tag","embeddable":true,"href":"https:\/\/anchorallied.com\/es\/wp-json\/wp\/v2\/product_tag?post=3024"}],"curies":[{"name":"wp","href":"https:\/\/api.w.org\/{rel}","templated":true}]}}