{"id":3196,"date":"2025-06-04T13:58:51","date_gmt":"2025-06-04T13:58:51","guid":{"rendered":"http:\/\/anchorallied.com\/es\/?post_type=product&#038;p=3196"},"modified":"2025-07-27T15:48:58","modified_gmt":"2025-07-27T15:48:58","slug":"super-glue-single-pack-3g-tube","status":"publish","type":"product","link":"https:\/\/anchorallied.com\/es\/product\/super-glue-single-pack-3g-tube\/","title":{"rendered":"SUPER PEGAMENTO PAQUETE INDIVIDUAL TUBO DE 3 g"},"content":{"rendered":"<p>Este adhesivo de alto rendimiento se adhiere m\u00e1s r\u00e1pido y ofrece una fijaci\u00f3n m\u00e1s fuerte que los pegamentos instant\u00e1neos habituales. Su f\u00f3rmula l\u00edquida es eficaz tanto en superficies porosas como no porosas, lo que lo hace ideal para reparaciones precisas y ajustadas. ASMACO Super Glue seca transparente, no requiere sujeci\u00f3n y ofrece una gran resistencia a la humedad, la mayor\u00eda de los productos qu\u00edmicos y las temperaturas de congelaci\u00f3n. Es una soluci\u00f3n eficiente y sin complicaciones para una uni\u00f3n duradera y de calidad profesional.<\/p>\n","protected":false},"excerpt":{"rendered":"<p>ASMACO Super Glue es un adhesivo de cianoacrilato monocomponente dise\u00f1ado para una uni\u00f3n r\u00e1pida y fiable en una amplia gama de aplicaciones generales. Ideal para reparaciones r\u00e1pidas, especialmente en piezas met\u00e1licas, ofrece un r\u00e1pido desarrollo de resistencia en tan solo 5 a 30 segundos.<\/p>\n","protected":false},"featured_media":3198,"comment_status":"open","ping_status":"closed","template":"","meta":{"_acf_changed":false},"product_brand":[],"product_cat":[148,189],"product_tag":[],"class_list":{"0":"post-3196","1":"product","2":"type-product","3":"status-publish","4":"has-post-thumbnail","6":"product_cat-adhesivos","7":"product_cat-super-glue","9":"first","10":"instock","11":"shipping-taxable","12":"product-type-simple"},"acf":[],"yoast_head":"<!-- This site is optimized with the Yoast SEO plugin v27.3 - https:\/\/yoast.com\/product\/yoast-seo-wordpress\/ -->\n<title>SUPER PEGAMENTO PAQUETE INDIVIDUAL TUBO DE 3 g - anchoralliedfactory<\/title>\n<meta name=\"robots\" content=\"index, follow, max-snippet:-1, max-image-preview:large, max-video-preview:-1\" \/>\n<link rel=\"canonical\" href=\"https:\/\/anchorallied.com\/es\/product\/super-glue-single-pack-3g-tube\/\" \/>\n<meta property=\"og:locale\" content=\"en_US\" \/>\n<meta property=\"og:type\" content=\"article\" \/>\n<meta property=\"og:title\" content=\"SUPER PEGAMENTO PAQUETE INDIVIDUAL TUBO DE 3 g - anchoralliedfactory\" \/>\n<meta property=\"og:description\" content=\"ASMACO Super Glue es un adhesivo de cianoacrilato monocomponente dise\u00f1ado para una uni\u00f3n r\u00e1pida y fiable en una amplia gama de aplicaciones generales. Ideal para reparaciones r\u00e1pidas, especialmente en piezas met\u00e1licas, ofrece un r\u00e1pido desarrollo de resistencia en tan solo 5 a 30 segundos.\" \/>\n<meta property=\"og:url\" content=\"https:\/\/anchorallied.com\/es\/product\/super-glue-single-pack-3g-tube\/\" \/>\n<meta property=\"og:site_name\" content=\"anchoralliedfactory\" \/>\n<meta property=\"article:modified_time\" content=\"2025-07-27T15:48:58+00:00\" \/>\n<meta property=\"og:image\" content=\"https:\/\/anchorallied.com\/es\/wp-content\/uploads\/2025\/06\/Anc__0002_SUPER-GLUE-NEW.jpg\" \/>\n\t<meta property=\"og:image:width\" content=\"1200\" \/>\n\t<meta property=\"og:image:height\" content=\"1200\" \/>\n\t<meta property=\"og:image:type\" content=\"image\/jpeg\" \/>\n<meta name=\"twitter:card\" content=\"summary_large_image\" \/>\n<script type=\"application\/ld+json\" class=\"yoast-schema-graph\">{\"@context\":\"https:\\\/\\\/schema.org\",\"@graph\":[{\"@type\":\"WebPage\",\"@id\":\"https:\\\/\\\/anchorallied.com\\\/es\\\/product\\\/super-glue-single-pack-3g-tube\\\/\",\"url\":\"https:\\\/\\\/anchorallied.com\\\/es\\\/product\\\/super-glue-single-pack-3g-tube\\\/\",\"name\":\"SUPER PEGAMENTO PAQUETE INDIVIDUAL TUBO DE 3 g - anchoralliedfactory\",\"isPartOf\":{\"@id\":\"https:\\\/\\\/anchorallied.com\\\/es\\\/#website\"},\"primaryImageOfPage\":{\"@id\":\"https:\\\/\\\/anchorallied.com\\\/es\\\/product\\\/super-glue-single-pack-3g-tube\\\/#primaryimage\"},\"image\":{\"@id\":\"https:\\\/\\\/anchorallied.com\\\/es\\\/product\\\/super-glue-single-pack-3g-tube\\\/#primaryimage\"},\"thumbnailUrl\":\"https:\\\/\\\/anchorallied.com\\\/es\\\/wp-content\\\/uploads\\\/2025\\\/06\\\/Anc__0002_SUPER-GLUE-NEW.jpg\",\"datePublished\":\"2025-06-04T13:58:51+00:00\",\"dateModified\":\"2025-07-27T15:48:58+00:00\",\"breadcrumb\":{\"@id\":\"https:\\\/\\\/anchorallied.com\\\/es\\\/product\\\/super-glue-single-pack-3g-tube\\\/#breadcrumb\"},\"inLanguage\":\"en\",\"potentialAction\":[{\"@type\":\"ReadAction\",\"target\":[\"https:\\\/\\\/anchorallied.com\\\/es\\\/product\\\/super-glue-single-pack-3g-tube\\\/\"]}]},{\"@type\":\"ImageObject\",\"inLanguage\":\"en\",\"@id\":\"https:\\\/\\\/anchorallied.com\\\/es\\\/product\\\/super-glue-single-pack-3g-tube\\\/#primaryimage\",\"url\":\"https:\\\/\\\/anchorallied.com\\\/es\\\/wp-content\\\/uploads\\\/2025\\\/06\\\/Anc__0002_SUPER-GLUE-NEW.jpg\",\"contentUrl\":\"https:\\\/\\\/anchorallied.com\\\/es\\\/wp-content\\\/uploads\\\/2025\\\/06\\\/Anc__0002_SUPER-GLUE-NEW.jpg\",\"width\":1200,\"height\":1200},{\"@type\":\"BreadcrumbList\",\"@id\":\"https:\\\/\\\/anchorallied.com\\\/es\\\/product\\\/super-glue-single-pack-3g-tube\\\/#breadcrumb\",\"itemListElement\":[{\"@type\":\"ListItem\",\"position\":1,\"name\":\"Home\",\"item\":\"http:\\\/\\\/anchorallied.com\\\/es\\\/\"},{\"@type\":\"ListItem\",\"position\":2,\"name\":\"Shop\",\"item\":\"https:\\\/\\\/anchorallied.com\\\/es\\\/shop\\\/\"},{\"@type\":\"ListItem\",\"position\":3,\"name\":\"SUPER PEGAMENTO PAQUETE INDIVIDUAL TUBO DE 3 g\"}]},{\"@type\":\"WebSite\",\"@id\":\"https:\\\/\\\/anchorallied.com\\\/es\\\/#website\",\"url\":\"https:\\\/\\\/anchorallied.com\\\/es\\\/\",\"name\":\"anchoralliedfactory\",\"description\":\"\",\"potentialAction\":[{\"@type\":\"SearchAction\",\"target\":{\"@type\":\"EntryPoint\",\"urlTemplate\":\"https:\\\/\\\/anchorallied.com\\\/es\\\/?s={search_term_string}\"},\"query-input\":{\"@type\":\"PropertyValueSpecification\",\"valueRequired\":true,\"valueName\":\"search_term_string\"}}],\"inLanguage\":\"en\"}]}<\/script>\n<!-- \/ Yoast SEO plugin. -->","yoast_head_json":{"title":"SUPER PEGAMENTO PAQUETE INDIVIDUAL TUBO DE 3 g - anchoralliedfactory","robots":{"index":"index","follow":"follow","max-snippet":"max-snippet:-1","max-image-preview":"max-image-preview:large","max-video-preview":"max-video-preview:-1"},"canonical":"https:\/\/anchorallied.com\/es\/product\/super-glue-single-pack-3g-tube\/","og_locale":"en_US","og_type":"article","og_title":"SUPER PEGAMENTO PAQUETE INDIVIDUAL TUBO DE 3 g - anchoralliedfactory","og_description":"ASMACO Super Glue es un adhesivo de cianoacrilato monocomponente dise\u00f1ado para una uni\u00f3n r\u00e1pida y fiable en una amplia gama de aplicaciones generales. Ideal para reparaciones r\u00e1pidas, especialmente en piezas met\u00e1licas, ofrece un r\u00e1pido desarrollo de resistencia en tan solo 5 a 30 segundos.","og_url":"https:\/\/anchorallied.com\/es\/product\/super-glue-single-pack-3g-tube\/","og_site_name":"anchoralliedfactory","article_modified_time":"2025-07-27T15:48:58+00:00","og_image":[{"width":1200,"height":1200,"url":"https:\/\/anchorallied.com\/es\/wp-content\/uploads\/2025\/06\/Anc__0002_SUPER-GLUE-NEW.jpg","type":"image\/jpeg"}],"twitter_card":"summary_large_image","schema":{"@context":"https:\/\/schema.org","@graph":[{"@type":"WebPage","@id":"https:\/\/anchorallied.com\/es\/product\/super-glue-single-pack-3g-tube\/","url":"https:\/\/anchorallied.com\/es\/product\/super-glue-single-pack-3g-tube\/","name":"SUPER PEGAMENTO PAQUETE INDIVIDUAL TUBO DE 3 g - anchoralliedfactory","isPartOf":{"@id":"https:\/\/anchorallied.com\/es\/#website"},"primaryImageOfPage":{"@id":"https:\/\/anchorallied.com\/es\/product\/super-glue-single-pack-3g-tube\/#primaryimage"},"image":{"@id":"https:\/\/anchorallied.com\/es\/product\/super-glue-single-pack-3g-tube\/#primaryimage"},"thumbnailUrl":"https:\/\/anchorallied.com\/es\/wp-content\/uploads\/2025\/06\/Anc__0002_SUPER-GLUE-NEW.jpg","datePublished":"2025-06-04T13:58:51+00:00","dateModified":"2025-07-27T15:48:58+00:00","breadcrumb":{"@id":"https:\/\/anchorallied.com\/es\/product\/super-glue-single-pack-3g-tube\/#breadcrumb"},"inLanguage":"en","potentialAction":[{"@type":"ReadAction","target":["https:\/\/anchorallied.com\/es\/product\/super-glue-single-pack-3g-tube\/"]}]},{"@type":"ImageObject","inLanguage":"en","@id":"https:\/\/anchorallied.com\/es\/product\/super-glue-single-pack-3g-tube\/#primaryimage","url":"https:\/\/anchorallied.com\/es\/wp-content\/uploads\/2025\/06\/Anc__0002_SUPER-GLUE-NEW.jpg","contentUrl":"https:\/\/anchorallied.com\/es\/wp-content\/uploads\/2025\/06\/Anc__0002_SUPER-GLUE-NEW.jpg","width":1200,"height":1200},{"@type":"BreadcrumbList","@id":"https:\/\/anchorallied.com\/es\/product\/super-glue-single-pack-3g-tube\/#breadcrumb","itemListElement":[{"@type":"ListItem","position":1,"name":"Home","item":"http:\/\/anchorallied.com\/es\/"},{"@type":"ListItem","position":2,"name":"Shop","item":"https:\/\/anchorallied.com\/es\/shop\/"},{"@type":"ListItem","position":3,"name":"SUPER PEGAMENTO PAQUETE INDIVIDUAL TUBO DE 3 g"}]},{"@type":"WebSite","@id":"https:\/\/anchorallied.com\/es\/#website","url":"https:\/\/anchorallied.com\/es\/","name":"anchoralliedfactory","description":"","potentialAction":[{"@type":"SearchAction","target":{"@type":"EntryPoint","urlTemplate":"https:\/\/anchorallied.com\/es\/?s={search_term_string}"},"query-input":{"@type":"PropertyValueSpecification","valueRequired":true,"valueName":"search_term_string"}}],"inLanguage":"en"}]}},"_links":{"self":[{"href":"https:\/\/anchorallied.com\/es\/wp-json\/wp\/v2\/product\/3196","targetHints":{"allow":["GET"]}}],"collection":[{"href":"https:\/\/anchorallied.com\/es\/wp-json\/wp\/v2\/product"}],"about":[{"href":"https:\/\/anchorallied.com\/es\/wp-json\/wp\/v2\/types\/product"}],"replies":[{"embeddable":true,"href":"https:\/\/anchorallied.com\/es\/wp-json\/wp\/v2\/comments?post=3196"}],"wp:featuredmedia":[{"embeddable":true,"href":"https:\/\/anchorallied.com\/es\/wp-json\/wp\/v2\/media\/3198"}],"wp:attachment":[{"href":"https:\/\/anchorallied.com\/es\/wp-json\/wp\/v2\/media?parent=3196"}],"wp:term":[{"taxonomy":"product_brand","embeddable":true,"href":"https:\/\/anchorallied.com\/es\/wp-json\/wp\/v2\/product_brand?post=3196"},{"taxonomy":"product_cat","embeddable":true,"href":"https:\/\/anchorallied.com\/es\/wp-json\/wp\/v2\/product_cat?post=3196"},{"taxonomy":"product_tag","embeddable":true,"href":"https:\/\/anchorallied.com\/es\/wp-json\/wp\/v2\/product_tag?post=3196"}],"curies":[{"name":"wp","href":"https:\/\/api.w.org\/{rel}","templated":true}]}}