{"id":3205,"date":"2025-06-04T14:14:59","date_gmt":"2025-06-04T14:14:59","guid":{"rendered":"https:\/\/anchorallied.com\/es\/?post_type=product&#038;p=3205"},"modified":"2025-07-27T15:48:59","modified_gmt":"2025-07-27T15:48:59","slug":"asmaco-spray-paints","status":"publish","type":"product","link":"https:\/\/anchorallied.com\/es\/product\/asmaco-spray-paints\/","title":{"rendered":"PINTURAS EN AEROSOL ASMACO"},"content":{"rendered":"<p>Formuladas para una excelente adhesi\u00f3n y acabado, las pinturas en aerosol ASMACO ofrecen una cobertura superior, poder cubriente y resistencia a la corrosi\u00f3n. Ideales para autom\u00f3viles, bicicletas, superficies de acero, art\u00edculos de pl\u00e1stico, muebles de madera, persianas y materiales similares, garantizan una apariencia duradera y profesional. Su secado r\u00e1pido las hace muy pr\u00e1cticas tanto para retoques r\u00e1pidos como para trabajos de pintura m\u00e1s complejos.<\/p>\n","protected":false},"excerpt":{"rendered":"<p>Las pinturas en aerosol ASMACO son pinturas acr\u00edlicas de secado r\u00e1pido, dise\u00f1adas para ofrecer un acabado brillante y liso en diversas superficies. Aptas tanto para interiores como para exteriores, estas vers\u00e1tiles pinturas en aerosol est\u00e1n disponibles en una amplia gama de colores para satisfacer diversas necesidades decorativas y funcionales.<\/p>\n","protected":false},"featured_media":3207,"comment_status":"open","ping_status":"closed","template":"","meta":{"_acf_changed":false},"product_brand":[],"product_cat":[15,161],"product_tag":[],"class_list":{"0":"post-3205","1":"product","2":"type-product","3":"status-publish","4":"has-post-thumbnail","6":"product_cat-aerosoles","7":"product_cat-pinturas-en-aerosol","9":"first","10":"instock","11":"shipping-taxable","12":"product-type-simple"},"acf":[],"yoast_head":"<!-- This site is optimized with the Yoast SEO plugin v27.3 - https:\/\/yoast.com\/product\/yoast-seo-wordpress\/ -->\n<title>PINTURAS EN AEROSOL ASMACO - anchoralliedfactory<\/title>\n<meta name=\"robots\" content=\"index, follow, max-snippet:-1, max-image-preview:large, max-video-preview:-1\" \/>\n<link rel=\"canonical\" href=\"https:\/\/anchorallied.com\/es\/product\/asmaco-spray-paints\/\" \/>\n<meta property=\"og:locale\" content=\"en_US\" \/>\n<meta property=\"og:type\" content=\"article\" \/>\n<meta property=\"og:title\" content=\"PINTURAS EN AEROSOL ASMACO - anchoralliedfactory\" \/>\n<meta property=\"og:description\" content=\"Las pinturas en aerosol ASMACO son pinturas acr\u00edlicas de secado r\u00e1pido, dise\u00f1adas para ofrecer un acabado brillante y liso en diversas superficies. Aptas tanto para interiores como para exteriores, estas vers\u00e1tiles pinturas en aerosol est\u00e1n disponibles en una amplia gama de colores para satisfacer diversas necesidades decorativas y funcionales.\" \/>\n<meta property=\"og:url\" content=\"https:\/\/anchorallied.com\/es\/product\/asmaco-spray-paints\/\" \/>\n<meta property=\"og:site_name\" content=\"anchoralliedfactory\" \/>\n<meta property=\"article:modified_time\" content=\"2025-07-27T15:48:59+00:00\" \/>\n<meta property=\"og:image\" content=\"https:\/\/anchorallied.com\/es\/wp-content\/uploads\/2025\/06\/spray_0001_Spray_paint_new_mockup_NEW.jpg\" \/>\n\t<meta property=\"og:image:width\" content=\"1200\" \/>\n\t<meta property=\"og:image:height\" content=\"1200\" \/>\n\t<meta property=\"og:image:type\" content=\"image\/jpeg\" \/>\n<meta name=\"twitter:card\" content=\"summary_large_image\" \/>\n<script type=\"application\/ld+json\" class=\"yoast-schema-graph\">{\"@context\":\"https:\\\/\\\/schema.org\",\"@graph\":[{\"@type\":\"WebPage\",\"@id\":\"https:\\\/\\\/anchorallied.com\\\/es\\\/product\\\/asmaco-spray-paints\\\/\",\"url\":\"https:\\\/\\\/anchorallied.com\\\/es\\\/product\\\/asmaco-spray-paints\\\/\",\"name\":\"PINTURAS EN AEROSOL ASMACO - anchoralliedfactory\",\"isPartOf\":{\"@id\":\"https:\\\/\\\/anchorallied.com\\\/es\\\/#website\"},\"primaryImageOfPage\":{\"@id\":\"https:\\\/\\\/anchorallied.com\\\/es\\\/product\\\/asmaco-spray-paints\\\/#primaryimage\"},\"image\":{\"@id\":\"https:\\\/\\\/anchorallied.com\\\/es\\\/product\\\/asmaco-spray-paints\\\/#primaryimage\"},\"thumbnailUrl\":\"https:\\\/\\\/anchorallied.com\\\/es\\\/wp-content\\\/uploads\\\/2025\\\/06\\\/spray_0001_Spray_paint_new_mockup_NEW.jpg\",\"datePublished\":\"2025-06-04T14:14:59+00:00\",\"dateModified\":\"2025-07-27T15:48:59+00:00\",\"breadcrumb\":{\"@id\":\"https:\\\/\\\/anchorallied.com\\\/es\\\/product\\\/asmaco-spray-paints\\\/#breadcrumb\"},\"inLanguage\":\"en\",\"potentialAction\":[{\"@type\":\"ReadAction\",\"target\":[\"https:\\\/\\\/anchorallied.com\\\/es\\\/product\\\/asmaco-spray-paints\\\/\"]}]},{\"@type\":\"ImageObject\",\"inLanguage\":\"en\",\"@id\":\"https:\\\/\\\/anchorallied.com\\\/es\\\/product\\\/asmaco-spray-paints\\\/#primaryimage\",\"url\":\"https:\\\/\\\/anchorallied.com\\\/es\\\/wp-content\\\/uploads\\\/2025\\\/06\\\/spray_0001_Spray_paint_new_mockup_NEW.jpg\",\"contentUrl\":\"https:\\\/\\\/anchorallied.com\\\/es\\\/wp-content\\\/uploads\\\/2025\\\/06\\\/spray_0001_Spray_paint_new_mockup_NEW.jpg\",\"width\":1200,\"height\":1200},{\"@type\":\"BreadcrumbList\",\"@id\":\"https:\\\/\\\/anchorallied.com\\\/es\\\/product\\\/asmaco-spray-paints\\\/#breadcrumb\",\"itemListElement\":[{\"@type\":\"ListItem\",\"position\":1,\"name\":\"Home\",\"item\":\"https:\\\/\\\/anchorallied.com\\\/es\\\/\"},{\"@type\":\"ListItem\",\"position\":2,\"name\":\"Shop\",\"item\":\"https:\\\/\\\/anchorallied.com\\\/es\\\/shop\\\/\"},{\"@type\":\"ListItem\",\"position\":3,\"name\":\"PINTURAS EN AEROSOL ASMACO\"}]},{\"@type\":\"WebSite\",\"@id\":\"https:\\\/\\\/anchorallied.com\\\/es\\\/#website\",\"url\":\"https:\\\/\\\/anchorallied.com\\\/es\\\/\",\"name\":\"anchoralliedfactory\",\"description\":\"\",\"potentialAction\":[{\"@type\":\"SearchAction\",\"target\":{\"@type\":\"EntryPoint\",\"urlTemplate\":\"https:\\\/\\\/anchorallied.com\\\/es\\\/?s={search_term_string}\"},\"query-input\":{\"@type\":\"PropertyValueSpecification\",\"valueRequired\":true,\"valueName\":\"search_term_string\"}}],\"inLanguage\":\"en\"}]}<\/script>\n<!-- \/ Yoast SEO plugin. -->","yoast_head_json":{"title":"PINTURAS EN AEROSOL ASMACO - anchoralliedfactory","robots":{"index":"index","follow":"follow","max-snippet":"max-snippet:-1","max-image-preview":"max-image-preview:large","max-video-preview":"max-video-preview:-1"},"canonical":"https:\/\/anchorallied.com\/es\/product\/asmaco-spray-paints\/","og_locale":"en_US","og_type":"article","og_title":"PINTURAS EN AEROSOL ASMACO - anchoralliedfactory","og_description":"Las pinturas en aerosol ASMACO son pinturas acr\u00edlicas de secado r\u00e1pido, dise\u00f1adas para ofrecer un acabado brillante y liso en diversas superficies. Aptas tanto para interiores como para exteriores, estas vers\u00e1tiles pinturas en aerosol est\u00e1n disponibles en una amplia gama de colores para satisfacer diversas necesidades decorativas y funcionales.","og_url":"https:\/\/anchorallied.com\/es\/product\/asmaco-spray-paints\/","og_site_name":"anchoralliedfactory","article_modified_time":"2025-07-27T15:48:59+00:00","og_image":[{"width":1200,"height":1200,"url":"https:\/\/anchorallied.com\/es\/wp-content\/uploads\/2025\/06\/spray_0001_Spray_paint_new_mockup_NEW.jpg","type":"image\/jpeg"}],"twitter_card":"summary_large_image","schema":{"@context":"https:\/\/schema.org","@graph":[{"@type":"WebPage","@id":"https:\/\/anchorallied.com\/es\/product\/asmaco-spray-paints\/","url":"https:\/\/anchorallied.com\/es\/product\/asmaco-spray-paints\/","name":"PINTURAS EN AEROSOL ASMACO - anchoralliedfactory","isPartOf":{"@id":"https:\/\/anchorallied.com\/es\/#website"},"primaryImageOfPage":{"@id":"https:\/\/anchorallied.com\/es\/product\/asmaco-spray-paints\/#primaryimage"},"image":{"@id":"https:\/\/anchorallied.com\/es\/product\/asmaco-spray-paints\/#primaryimage"},"thumbnailUrl":"https:\/\/anchorallied.com\/es\/wp-content\/uploads\/2025\/06\/spray_0001_Spray_paint_new_mockup_NEW.jpg","datePublished":"2025-06-04T14:14:59+00:00","dateModified":"2025-07-27T15:48:59+00:00","breadcrumb":{"@id":"https:\/\/anchorallied.com\/es\/product\/asmaco-spray-paints\/#breadcrumb"},"inLanguage":"en","potentialAction":[{"@type":"ReadAction","target":["https:\/\/anchorallied.com\/es\/product\/asmaco-spray-paints\/"]}]},{"@type":"ImageObject","inLanguage":"en","@id":"https:\/\/anchorallied.com\/es\/product\/asmaco-spray-paints\/#primaryimage","url":"https:\/\/anchorallied.com\/es\/wp-content\/uploads\/2025\/06\/spray_0001_Spray_paint_new_mockup_NEW.jpg","contentUrl":"https:\/\/anchorallied.com\/es\/wp-content\/uploads\/2025\/06\/spray_0001_Spray_paint_new_mockup_NEW.jpg","width":1200,"height":1200},{"@type":"BreadcrumbList","@id":"https:\/\/anchorallied.com\/es\/product\/asmaco-spray-paints\/#breadcrumb","itemListElement":[{"@type":"ListItem","position":1,"name":"Home","item":"https:\/\/anchorallied.com\/es\/"},{"@type":"ListItem","position":2,"name":"Shop","item":"https:\/\/anchorallied.com\/es\/shop\/"},{"@type":"ListItem","position":3,"name":"PINTURAS EN AEROSOL ASMACO"}]},{"@type":"WebSite","@id":"https:\/\/anchorallied.com\/es\/#website","url":"https:\/\/anchorallied.com\/es\/","name":"anchoralliedfactory","description":"","potentialAction":[{"@type":"SearchAction","target":{"@type":"EntryPoint","urlTemplate":"https:\/\/anchorallied.com\/es\/?s={search_term_string}"},"query-input":{"@type":"PropertyValueSpecification","valueRequired":true,"valueName":"search_term_string"}}],"inLanguage":"en"}]}},"_links":{"self":[{"href":"https:\/\/anchorallied.com\/es\/wp-json\/wp\/v2\/product\/3205","targetHints":{"allow":["GET"]}}],"collection":[{"href":"https:\/\/anchorallied.com\/es\/wp-json\/wp\/v2\/product"}],"about":[{"href":"https:\/\/anchorallied.com\/es\/wp-json\/wp\/v2\/types\/product"}],"replies":[{"embeddable":true,"href":"https:\/\/anchorallied.com\/es\/wp-json\/wp\/v2\/comments?post=3205"}],"wp:featuredmedia":[{"embeddable":true,"href":"https:\/\/anchorallied.com\/es\/wp-json\/wp\/v2\/media\/3207"}],"wp:attachment":[{"href":"https:\/\/anchorallied.com\/es\/wp-json\/wp\/v2\/media?parent=3205"}],"wp:term":[{"taxonomy":"product_brand","embeddable":true,"href":"https:\/\/anchorallied.com\/es\/wp-json\/wp\/v2\/product_brand?post=3205"},{"taxonomy":"product_cat","embeddable":true,"href":"https:\/\/anchorallied.com\/es\/wp-json\/wp\/v2\/product_cat?post=3205"},{"taxonomy":"product_tag","embeddable":true,"href":"https:\/\/anchorallied.com\/es\/wp-json\/wp\/v2\/product_tag?post=3205"}],"curies":[{"name":"wp","href":"https:\/\/api.w.org\/{rel}","templated":true}]}}