{"id":3213,"date":"2025-06-04T14:36:35","date_gmt":"2025-06-04T14:36:35","guid":{"rendered":"http:\/\/anchorallied.com\/es\/?post_type=product&#038;p=3213"},"modified":"2025-07-27T15:48:59","modified_gmt":"2025-07-27T15:48:59","slug":"asmaco-adhesive-spray-2","status":"publish","type":"product","link":"https:\/\/anchorallied.com\/es\/product\/asmaco-adhesive-spray-2\/","title":{"rendered":"AEROSOL ADHESIVO ASMACO"},"content":{"rendered":"<p>Este adhesivo multiusos une eficazmente l\u00e1minas, alfombras, espumas, papel, pl\u00e1sticos, cart\u00f3n, fieltro y tela a una amplia gama de superficies, incluyendo metales pintados o sin pintar, madera y tableros duros. Su aplicaci\u00f3n en aerosol permite una cobertura uniforme y un uso eficiente, mientras que su fuerte adhesi\u00f3n garantiza uniones duraderas. Apto tanto para aplicaciones industriales como creativas, el adhesivo en aerosol ASMACO es una herramienta esencial para una fijaci\u00f3n r\u00e1pida, limpia y fiable.<\/p>\n","protected":false},"excerpt":{"rendered":"<p>El adhesivo en aerosol ASMACO es vers\u00e1til y de secado r\u00e1pido, dise\u00f1ado para la uni\u00f3n de m\u00faltiples superficies. Su f\u00f3rmula transl\u00facida garantiza un acabado limpio y un amplio rango de adherencia, lo que lo hace ideal para la fijaci\u00f3n permanente de diversos materiales ligeros.<\/p>\n","protected":false},"featured_media":3215,"comment_status":"open","ping_status":"closed","template":"","meta":{"_acf_changed":false},"product_brand":[],"product_cat":[15,182],"product_tag":[],"class_list":{"0":"post-3213","1":"product","2":"type-product","3":"status-publish","4":"has-post-thumbnail","6":"product_cat-aerosoles","7":"product_cat-otro-aerosol","9":"first","10":"instock","11":"shipping-taxable","12":"product-type-simple"},"acf":[],"yoast_head":"<!-- This site is optimized with the Yoast SEO plugin v27.3 - https:\/\/yoast.com\/product\/yoast-seo-wordpress\/ -->\n<title>AEROSOL ADHESIVO ASMACO - anchoralliedfactory<\/title>\n<meta name=\"robots\" content=\"index, follow, max-snippet:-1, max-image-preview:large, max-video-preview:-1\" \/>\n<link rel=\"canonical\" href=\"https:\/\/anchorallied.com\/es\/product\/asmaco-adhesive-spray-2\/\" \/>\n<meta property=\"og:locale\" content=\"en_US\" \/>\n<meta property=\"og:type\" content=\"article\" \/>\n<meta property=\"og:title\" content=\"AEROSOL ADHESIVO ASMACO - anchoralliedfactory\" \/>\n<meta property=\"og:description\" content=\"El adhesivo en aerosol ASMACO es vers\u00e1til y de secado r\u00e1pido, dise\u00f1ado para la uni\u00f3n de m\u00faltiples superficies. Su f\u00f3rmula transl\u00facida garantiza un acabado limpio y un amplio rango de adherencia, lo que lo hace ideal para la fijaci\u00f3n permanente de diversos materiales ligeros.\" \/>\n<meta property=\"og:url\" content=\"https:\/\/anchorallied.com\/es\/product\/asmaco-adhesive-spray-2\/\" \/>\n<meta property=\"og:site_name\" content=\"anchoralliedfactory\" \/>\n<meta property=\"article:modified_time\" content=\"2025-07-27T15:48:59+00:00\" \/>\n<meta property=\"og:image\" content=\"https:\/\/anchorallied.com\/es\/wp-content\/uploads\/2025\/06\/spray_0009_Asmaco-Adhesive-SP.jpg\" \/>\n\t<meta property=\"og:image:width\" content=\"1200\" \/>\n\t<meta property=\"og:image:height\" content=\"1200\" \/>\n\t<meta property=\"og:image:type\" content=\"image\/jpeg\" \/>\n<meta name=\"twitter:card\" content=\"summary_large_image\" \/>\n<script type=\"application\/ld+json\" class=\"yoast-schema-graph\">{\"@context\":\"https:\\\/\\\/schema.org\",\"@graph\":[{\"@type\":\"WebPage\",\"@id\":\"https:\\\/\\\/anchorallied.com\\\/es\\\/product\\\/asmaco-adhesive-spray-2\\\/\",\"url\":\"https:\\\/\\\/anchorallied.com\\\/es\\\/product\\\/asmaco-adhesive-spray-2\\\/\",\"name\":\"AEROSOL ADHESIVO ASMACO - anchoralliedfactory\",\"isPartOf\":{\"@id\":\"https:\\\/\\\/anchorallied.com\\\/es\\\/#website\"},\"primaryImageOfPage\":{\"@id\":\"https:\\\/\\\/anchorallied.com\\\/es\\\/product\\\/asmaco-adhesive-spray-2\\\/#primaryimage\"},\"image\":{\"@id\":\"https:\\\/\\\/anchorallied.com\\\/es\\\/product\\\/asmaco-adhesive-spray-2\\\/#primaryimage\"},\"thumbnailUrl\":\"https:\\\/\\\/anchorallied.com\\\/es\\\/wp-content\\\/uploads\\\/2025\\\/06\\\/spray_0009_Asmaco-Adhesive-SP.jpg\",\"datePublished\":\"2025-06-04T14:36:35+00:00\",\"dateModified\":\"2025-07-27T15:48:59+00:00\",\"breadcrumb\":{\"@id\":\"https:\\\/\\\/anchorallied.com\\\/es\\\/product\\\/asmaco-adhesive-spray-2\\\/#breadcrumb\"},\"inLanguage\":\"en\",\"potentialAction\":[{\"@type\":\"ReadAction\",\"target\":[\"https:\\\/\\\/anchorallied.com\\\/es\\\/product\\\/asmaco-adhesive-spray-2\\\/\"]}]},{\"@type\":\"ImageObject\",\"inLanguage\":\"en\",\"@id\":\"https:\\\/\\\/anchorallied.com\\\/es\\\/product\\\/asmaco-adhesive-spray-2\\\/#primaryimage\",\"url\":\"https:\\\/\\\/anchorallied.com\\\/es\\\/wp-content\\\/uploads\\\/2025\\\/06\\\/spray_0009_Asmaco-Adhesive-SP.jpg\",\"contentUrl\":\"https:\\\/\\\/anchorallied.com\\\/es\\\/wp-content\\\/uploads\\\/2025\\\/06\\\/spray_0009_Asmaco-Adhesive-SP.jpg\",\"width\":1200,\"height\":1200},{\"@type\":\"BreadcrumbList\",\"@id\":\"https:\\\/\\\/anchorallied.com\\\/es\\\/product\\\/asmaco-adhesive-spray-2\\\/#breadcrumb\",\"itemListElement\":[{\"@type\":\"ListItem\",\"position\":1,\"name\":\"Home\",\"item\":\"http:\\\/\\\/anchorallied.com\\\/es\\\/\"},{\"@type\":\"ListItem\",\"position\":2,\"name\":\"Shop\",\"item\":\"https:\\\/\\\/anchorallied.com\\\/es\\\/shop\\\/\"},{\"@type\":\"ListItem\",\"position\":3,\"name\":\"AEROSOL ADHESIVO ASMACO\"}]},{\"@type\":\"WebSite\",\"@id\":\"https:\\\/\\\/anchorallied.com\\\/es\\\/#website\",\"url\":\"https:\\\/\\\/anchorallied.com\\\/es\\\/\",\"name\":\"anchoralliedfactory\",\"description\":\"\",\"potentialAction\":[{\"@type\":\"SearchAction\",\"target\":{\"@type\":\"EntryPoint\",\"urlTemplate\":\"https:\\\/\\\/anchorallied.com\\\/es\\\/?s={search_term_string}\"},\"query-input\":{\"@type\":\"PropertyValueSpecification\",\"valueRequired\":true,\"valueName\":\"search_term_string\"}}],\"inLanguage\":\"en\"}]}<\/script>\n<!-- \/ Yoast SEO plugin. -->","yoast_head_json":{"title":"AEROSOL ADHESIVO ASMACO - anchoralliedfactory","robots":{"index":"index","follow":"follow","max-snippet":"max-snippet:-1","max-image-preview":"max-image-preview:large","max-video-preview":"max-video-preview:-1"},"canonical":"https:\/\/anchorallied.com\/es\/product\/asmaco-adhesive-spray-2\/","og_locale":"en_US","og_type":"article","og_title":"AEROSOL ADHESIVO ASMACO - anchoralliedfactory","og_description":"El adhesivo en aerosol ASMACO es vers\u00e1til y de secado r\u00e1pido, dise\u00f1ado para la uni\u00f3n de m\u00faltiples superficies. Su f\u00f3rmula transl\u00facida garantiza un acabado limpio y un amplio rango de adherencia, lo que lo hace ideal para la fijaci\u00f3n permanente de diversos materiales ligeros.","og_url":"https:\/\/anchorallied.com\/es\/product\/asmaco-adhesive-spray-2\/","og_site_name":"anchoralliedfactory","article_modified_time":"2025-07-27T15:48:59+00:00","og_image":[{"width":1200,"height":1200,"url":"https:\/\/anchorallied.com\/es\/wp-content\/uploads\/2025\/06\/spray_0009_Asmaco-Adhesive-SP.jpg","type":"image\/jpeg"}],"twitter_card":"summary_large_image","schema":{"@context":"https:\/\/schema.org","@graph":[{"@type":"WebPage","@id":"https:\/\/anchorallied.com\/es\/product\/asmaco-adhesive-spray-2\/","url":"https:\/\/anchorallied.com\/es\/product\/asmaco-adhesive-spray-2\/","name":"AEROSOL ADHESIVO ASMACO - anchoralliedfactory","isPartOf":{"@id":"https:\/\/anchorallied.com\/es\/#website"},"primaryImageOfPage":{"@id":"https:\/\/anchorallied.com\/es\/product\/asmaco-adhesive-spray-2\/#primaryimage"},"image":{"@id":"https:\/\/anchorallied.com\/es\/product\/asmaco-adhesive-spray-2\/#primaryimage"},"thumbnailUrl":"https:\/\/anchorallied.com\/es\/wp-content\/uploads\/2025\/06\/spray_0009_Asmaco-Adhesive-SP.jpg","datePublished":"2025-06-04T14:36:35+00:00","dateModified":"2025-07-27T15:48:59+00:00","breadcrumb":{"@id":"https:\/\/anchorallied.com\/es\/product\/asmaco-adhesive-spray-2\/#breadcrumb"},"inLanguage":"en","potentialAction":[{"@type":"ReadAction","target":["https:\/\/anchorallied.com\/es\/product\/asmaco-adhesive-spray-2\/"]}]},{"@type":"ImageObject","inLanguage":"en","@id":"https:\/\/anchorallied.com\/es\/product\/asmaco-adhesive-spray-2\/#primaryimage","url":"https:\/\/anchorallied.com\/es\/wp-content\/uploads\/2025\/06\/spray_0009_Asmaco-Adhesive-SP.jpg","contentUrl":"https:\/\/anchorallied.com\/es\/wp-content\/uploads\/2025\/06\/spray_0009_Asmaco-Adhesive-SP.jpg","width":1200,"height":1200},{"@type":"BreadcrumbList","@id":"https:\/\/anchorallied.com\/es\/product\/asmaco-adhesive-spray-2\/#breadcrumb","itemListElement":[{"@type":"ListItem","position":1,"name":"Home","item":"http:\/\/anchorallied.com\/es\/"},{"@type":"ListItem","position":2,"name":"Shop","item":"https:\/\/anchorallied.com\/es\/shop\/"},{"@type":"ListItem","position":3,"name":"AEROSOL ADHESIVO ASMACO"}]},{"@type":"WebSite","@id":"https:\/\/anchorallied.com\/es\/#website","url":"https:\/\/anchorallied.com\/es\/","name":"anchoralliedfactory","description":"","potentialAction":[{"@type":"SearchAction","target":{"@type":"EntryPoint","urlTemplate":"https:\/\/anchorallied.com\/es\/?s={search_term_string}"},"query-input":{"@type":"PropertyValueSpecification","valueRequired":true,"valueName":"search_term_string"}}],"inLanguage":"en"}]}},"_links":{"self":[{"href":"https:\/\/anchorallied.com\/es\/wp-json\/wp\/v2\/product\/3213","targetHints":{"allow":["GET"]}}],"collection":[{"href":"https:\/\/anchorallied.com\/es\/wp-json\/wp\/v2\/product"}],"about":[{"href":"https:\/\/anchorallied.com\/es\/wp-json\/wp\/v2\/types\/product"}],"replies":[{"embeddable":true,"href":"https:\/\/anchorallied.com\/es\/wp-json\/wp\/v2\/comments?post=3213"}],"wp:featuredmedia":[{"embeddable":true,"href":"https:\/\/anchorallied.com\/es\/wp-json\/wp\/v2\/media\/3215"}],"wp:attachment":[{"href":"https:\/\/anchorallied.com\/es\/wp-json\/wp\/v2\/media?parent=3213"}],"wp:term":[{"taxonomy":"product_brand","embeddable":true,"href":"https:\/\/anchorallied.com\/es\/wp-json\/wp\/v2\/product_brand?post=3213"},{"taxonomy":"product_cat","embeddable":true,"href":"https:\/\/anchorallied.com\/es\/wp-json\/wp\/v2\/product_cat?post=3213"},{"taxonomy":"product_tag","embeddable":true,"href":"https:\/\/anchorallied.com\/es\/wp-json\/wp\/v2\/product_tag?post=3213"}],"curies":[{"name":"wp","href":"https:\/\/api.w.org\/{rel}","templated":true}]}}