{"id":3218,"date":"2025-06-04T14:52:46","date_gmt":"2025-06-04T14:52:46","guid":{"rendered":"https:\/\/anchorallied.com\/es\/?post_type=product&#038;p=3218"},"modified":"2025-07-27T15:48:59","modified_gmt":"2025-07-27T15:48:59","slug":"asmaco-sticker-label-remover","status":"publish","type":"product","link":"https:\/\/anchorallied.com\/es\/product\/asmaco-sticker-label-remover\/","title":{"rendered":"REMOVEDOR DE ETIQUETAS Y PEGATINAS ASMACO"},"content":{"rendered":"<p>Esta f\u00f3rmula especial ofrece una potente acci\u00f3n desgomadora, ideal para eliminar etiquetas de precios, pegatinas de direcciones, etiquetas de productos y residuos de adhesivo, incluso en parabrisas de autom\u00f3viles. Seguro en la mayor\u00eda de las superficies, reduce significativamente el riesgo de da\u00f1os durante la eliminaci\u00f3n. El Removedor de Etiquetas ASMACO ayuda a minimizar el tiempo de inactividad de la l\u00ednea de envasado al prevenir la acumulaci\u00f3n de adhesivo y la obstrucci\u00f3n de las etiquetas. Es soluble en solventes e insoluble en agua, lo que proporciona una soluci\u00f3n de limpieza r\u00e1pida y eficaz que facilita la restauraci\u00f3n de superficies sin dejar residuos.<\/p>\n","protected":false},"excerpt":{"rendered":"<p>El Removedor de Etiquetas y Adhesivos ASMACO es una potente f\u00f3rmula a base de solvente, dise\u00f1ada espec\u00edficamente para disolver y eliminar etiquetas de papel, residuos de adhesivo y restos de pegatinas de diversas superficies, como vidrio, metal, pl\u00e1stico, madera y papel de aluminio. Garantiza una eliminaci\u00f3n limpia y sin da\u00f1os, sin necesidad de raspar con fuerza.<\/p>\n","protected":false},"featured_media":3220,"comment_status":"open","ping_status":"closed","template":"","meta":{"_acf_changed":false},"product_brand":[],"product_cat":[15,162],"product_tag":[],"class_list":{"0":"post-3218","1":"product","2":"type-product","3":"status-publish","4":"has-post-thumbnail","6":"product_cat-aerosoles","7":"product_cat-pulidores-y-limpiadores","9":"first","10":"instock","11":"shipping-taxable","12":"product-type-simple"},"acf":[],"yoast_head":"<!-- This site is optimized with the Yoast SEO plugin v27.3 - https:\/\/yoast.com\/product\/yoast-seo-wordpress\/ -->\n<title>REMOVEDOR DE ETIQUETAS Y PEGATINAS ASMACO - anchoralliedfactory<\/title>\n<meta name=\"robots\" content=\"index, follow, max-snippet:-1, max-image-preview:large, max-video-preview:-1\" \/>\n<link rel=\"canonical\" href=\"https:\/\/anchorallied.com\/es\/product\/asmaco-sticker-label-remover\/\" \/>\n<meta property=\"og:locale\" content=\"en_US\" \/>\n<meta property=\"og:type\" content=\"article\" \/>\n<meta property=\"og:title\" content=\"REMOVEDOR DE ETIQUETAS Y PEGATINAS ASMACO - anchoralliedfactory\" \/>\n<meta property=\"og:description\" content=\"El Removedor de Etiquetas y Adhesivos ASMACO es una potente f\u00f3rmula a base de solvente, dise\u00f1ada espec\u00edficamente para disolver y eliminar etiquetas de papel, residuos de adhesivo y restos de pegatinas de diversas superficies, como vidrio, metal, pl\u00e1stico, madera y papel de aluminio. Garantiza una eliminaci\u00f3n limpia y sin da\u00f1os, sin necesidad de raspar con fuerza.\" \/>\n<meta property=\"og:url\" content=\"https:\/\/anchorallied.com\/es\/product\/asmaco-sticker-label-remover\/\" \/>\n<meta property=\"og:site_name\" content=\"anchoralliedfactory\" \/>\n<meta property=\"article:modified_time\" content=\"2025-07-27T15:48:59+00:00\" \/>\n<meta property=\"og:image\" content=\"https:\/\/anchorallied.com\/es\/wp-content\/uploads\/2025\/06\/cleaners_0003_Label-Remover.jpg\" \/>\n\t<meta property=\"og:image:width\" content=\"1200\" \/>\n\t<meta property=\"og:image:height\" content=\"1200\" \/>\n\t<meta property=\"og:image:type\" content=\"image\/jpeg\" \/>\n<meta name=\"twitter:card\" content=\"summary_large_image\" \/>\n<meta name=\"twitter:label1\" content=\"Est. reading time\" \/>\n\t<meta name=\"twitter:data1\" content=\"1 minute\" \/>\n<script type=\"application\/ld+json\" class=\"yoast-schema-graph\">{\"@context\":\"https:\\\/\\\/schema.org\",\"@graph\":[{\"@type\":\"WebPage\",\"@id\":\"https:\\\/\\\/anchorallied.com\\\/es\\\/product\\\/asmaco-sticker-label-remover\\\/\",\"url\":\"https:\\\/\\\/anchorallied.com\\\/es\\\/product\\\/asmaco-sticker-label-remover\\\/\",\"name\":\"REMOVEDOR DE ETIQUETAS Y PEGATINAS ASMACO - anchoralliedfactory\",\"isPartOf\":{\"@id\":\"https:\\\/\\\/anchorallied.com\\\/es\\\/#website\"},\"primaryImageOfPage\":{\"@id\":\"https:\\\/\\\/anchorallied.com\\\/es\\\/product\\\/asmaco-sticker-label-remover\\\/#primaryimage\"},\"image\":{\"@id\":\"https:\\\/\\\/anchorallied.com\\\/es\\\/product\\\/asmaco-sticker-label-remover\\\/#primaryimage\"},\"thumbnailUrl\":\"https:\\\/\\\/anchorallied.com\\\/es\\\/wp-content\\\/uploads\\\/2025\\\/06\\\/cleaners_0003_Label-Remover.jpg\",\"datePublished\":\"2025-06-04T14:52:46+00:00\",\"dateModified\":\"2025-07-27T15:48:59+00:00\",\"breadcrumb\":{\"@id\":\"https:\\\/\\\/anchorallied.com\\\/es\\\/product\\\/asmaco-sticker-label-remover\\\/#breadcrumb\"},\"inLanguage\":\"en\",\"potentialAction\":[{\"@type\":\"ReadAction\",\"target\":[\"https:\\\/\\\/anchorallied.com\\\/es\\\/product\\\/asmaco-sticker-label-remover\\\/\"]}]},{\"@type\":\"ImageObject\",\"inLanguage\":\"en\",\"@id\":\"https:\\\/\\\/anchorallied.com\\\/es\\\/product\\\/asmaco-sticker-label-remover\\\/#primaryimage\",\"url\":\"https:\\\/\\\/anchorallied.com\\\/es\\\/wp-content\\\/uploads\\\/2025\\\/06\\\/cleaners_0003_Label-Remover.jpg\",\"contentUrl\":\"https:\\\/\\\/anchorallied.com\\\/es\\\/wp-content\\\/uploads\\\/2025\\\/06\\\/cleaners_0003_Label-Remover.jpg\",\"width\":1200,\"height\":1200},{\"@type\":\"BreadcrumbList\",\"@id\":\"https:\\\/\\\/anchorallied.com\\\/es\\\/product\\\/asmaco-sticker-label-remover\\\/#breadcrumb\",\"itemListElement\":[{\"@type\":\"ListItem\",\"position\":1,\"name\":\"Home\",\"item\":\"https:\\\/\\\/anchorallied.com\\\/es\\\/\"},{\"@type\":\"ListItem\",\"position\":2,\"name\":\"Shop\",\"item\":\"https:\\\/\\\/anchorallied.com\\\/es\\\/shop\\\/\"},{\"@type\":\"ListItem\",\"position\":3,\"name\":\"REMOVEDOR DE ETIQUETAS Y PEGATINAS ASMACO\"}]},{\"@type\":\"WebSite\",\"@id\":\"https:\\\/\\\/anchorallied.com\\\/es\\\/#website\",\"url\":\"https:\\\/\\\/anchorallied.com\\\/es\\\/\",\"name\":\"anchoralliedfactory\",\"description\":\"\",\"potentialAction\":[{\"@type\":\"SearchAction\",\"target\":{\"@type\":\"EntryPoint\",\"urlTemplate\":\"https:\\\/\\\/anchorallied.com\\\/es\\\/?s={search_term_string}\"},\"query-input\":{\"@type\":\"PropertyValueSpecification\",\"valueRequired\":true,\"valueName\":\"search_term_string\"}}],\"inLanguage\":\"en\"}]}<\/script>\n<!-- \/ Yoast SEO plugin. -->","yoast_head_json":{"title":"REMOVEDOR DE ETIQUETAS Y PEGATINAS ASMACO - anchoralliedfactory","robots":{"index":"index","follow":"follow","max-snippet":"max-snippet:-1","max-image-preview":"max-image-preview:large","max-video-preview":"max-video-preview:-1"},"canonical":"https:\/\/anchorallied.com\/es\/product\/asmaco-sticker-label-remover\/","og_locale":"en_US","og_type":"article","og_title":"REMOVEDOR DE ETIQUETAS Y PEGATINAS ASMACO - anchoralliedfactory","og_description":"El Removedor de Etiquetas y Adhesivos ASMACO es una potente f\u00f3rmula a base de solvente, dise\u00f1ada espec\u00edficamente para disolver y eliminar etiquetas de papel, residuos de adhesivo y restos de pegatinas de diversas superficies, como vidrio, metal, pl\u00e1stico, madera y papel de aluminio. Garantiza una eliminaci\u00f3n limpia y sin da\u00f1os, sin necesidad de raspar con fuerza.","og_url":"https:\/\/anchorallied.com\/es\/product\/asmaco-sticker-label-remover\/","og_site_name":"anchoralliedfactory","article_modified_time":"2025-07-27T15:48:59+00:00","og_image":[{"width":1200,"height":1200,"url":"https:\/\/anchorallied.com\/es\/wp-content\/uploads\/2025\/06\/cleaners_0003_Label-Remover.jpg","type":"image\/jpeg"}],"twitter_card":"summary_large_image","twitter_misc":{"Est. reading time":"1 minute"},"schema":{"@context":"https:\/\/schema.org","@graph":[{"@type":"WebPage","@id":"https:\/\/anchorallied.com\/es\/product\/asmaco-sticker-label-remover\/","url":"https:\/\/anchorallied.com\/es\/product\/asmaco-sticker-label-remover\/","name":"REMOVEDOR DE ETIQUETAS Y PEGATINAS ASMACO - anchoralliedfactory","isPartOf":{"@id":"https:\/\/anchorallied.com\/es\/#website"},"primaryImageOfPage":{"@id":"https:\/\/anchorallied.com\/es\/product\/asmaco-sticker-label-remover\/#primaryimage"},"image":{"@id":"https:\/\/anchorallied.com\/es\/product\/asmaco-sticker-label-remover\/#primaryimage"},"thumbnailUrl":"https:\/\/anchorallied.com\/es\/wp-content\/uploads\/2025\/06\/cleaners_0003_Label-Remover.jpg","datePublished":"2025-06-04T14:52:46+00:00","dateModified":"2025-07-27T15:48:59+00:00","breadcrumb":{"@id":"https:\/\/anchorallied.com\/es\/product\/asmaco-sticker-label-remover\/#breadcrumb"},"inLanguage":"en","potentialAction":[{"@type":"ReadAction","target":["https:\/\/anchorallied.com\/es\/product\/asmaco-sticker-label-remover\/"]}]},{"@type":"ImageObject","inLanguage":"en","@id":"https:\/\/anchorallied.com\/es\/product\/asmaco-sticker-label-remover\/#primaryimage","url":"https:\/\/anchorallied.com\/es\/wp-content\/uploads\/2025\/06\/cleaners_0003_Label-Remover.jpg","contentUrl":"https:\/\/anchorallied.com\/es\/wp-content\/uploads\/2025\/06\/cleaners_0003_Label-Remover.jpg","width":1200,"height":1200},{"@type":"BreadcrumbList","@id":"https:\/\/anchorallied.com\/es\/product\/asmaco-sticker-label-remover\/#breadcrumb","itemListElement":[{"@type":"ListItem","position":1,"name":"Home","item":"https:\/\/anchorallied.com\/es\/"},{"@type":"ListItem","position":2,"name":"Shop","item":"https:\/\/anchorallied.com\/es\/shop\/"},{"@type":"ListItem","position":3,"name":"REMOVEDOR DE ETIQUETAS Y PEGATINAS ASMACO"}]},{"@type":"WebSite","@id":"https:\/\/anchorallied.com\/es\/#website","url":"https:\/\/anchorallied.com\/es\/","name":"anchoralliedfactory","description":"","potentialAction":[{"@type":"SearchAction","target":{"@type":"EntryPoint","urlTemplate":"https:\/\/anchorallied.com\/es\/?s={search_term_string}"},"query-input":{"@type":"PropertyValueSpecification","valueRequired":true,"valueName":"search_term_string"}}],"inLanguage":"en"}]}},"_links":{"self":[{"href":"https:\/\/anchorallied.com\/es\/wp-json\/wp\/v2\/product\/3218","targetHints":{"allow":["GET"]}}],"collection":[{"href":"https:\/\/anchorallied.com\/es\/wp-json\/wp\/v2\/product"}],"about":[{"href":"https:\/\/anchorallied.com\/es\/wp-json\/wp\/v2\/types\/product"}],"replies":[{"embeddable":true,"href":"https:\/\/anchorallied.com\/es\/wp-json\/wp\/v2\/comments?post=3218"}],"wp:featuredmedia":[{"embeddable":true,"href":"https:\/\/anchorallied.com\/es\/wp-json\/wp\/v2\/media\/3220"}],"wp:attachment":[{"href":"https:\/\/anchorallied.com\/es\/wp-json\/wp\/v2\/media?parent=3218"}],"wp:term":[{"taxonomy":"product_brand","embeddable":true,"href":"https:\/\/anchorallied.com\/es\/wp-json\/wp\/v2\/product_brand?post=3218"},{"taxonomy":"product_cat","embeddable":true,"href":"https:\/\/anchorallied.com\/es\/wp-json\/wp\/v2\/product_cat?post=3218"},{"taxonomy":"product_tag","embeddable":true,"href":"https:\/\/anchorallied.com\/es\/wp-json\/wp\/v2\/product_tag?post=3218"}],"curies":[{"name":"wp","href":"https:\/\/api.w.org\/{rel}","templated":true}]}}