{"id":1644,"date":"2025-05-21T05:26:13","date_gmt":"2025-05-21T05:26:13","guid":{"rendered":"https:\/\/anchorallied.com\/fr\/?page_id=1644"},"modified":"2025-09-03T12:13:51","modified_gmt":"2025-09-03T12:13:51","slug":"rd","status":"publish","type":"page","link":"https:\/\/anchorallied.com\/fr\/rd\/","title":{"rendered":"R&amp;D"},"content":{"rendered":"","protected":false},"excerpt":{"rendered":"","protected":false},"author":1,"featured_media":0,"parent":0,"menu_order":0,"comment_status":"closed","ping_status":"closed","template":"","meta":{"_acf_changed":false,"footnotes":""},"class_list":["post-1644","page","type-page","status-publish","hentry"],"acf":[],"yoast_head":"<!-- This site is optimized with the Yoast SEO plugin v27.3 - https:\/\/yoast.com\/product\/yoast-seo-wordpress\/ -->\n<title>Recherche et d\u00e9veloppement en chimie | R&amp;D Anchor Allied<\/title>\n<meta name=\"description\" content=\"Anchor Allied m\u00e8ne la recherche et le d\u00e9veloppement en chimie, mastics et adh\u00e9sifs gr\u00e2ce \u00e0 des laboratoires avanc\u00e9s et \u00e0 l\u2019innovation pour l\u2019excellence mondiale des produits.\" \/>\n<meta name=\"robots\" content=\"index, follow, max-snippet:-1, max-image-preview:large, max-video-preview:-1\" \/>\n<link rel=\"canonical\" href=\"https:\/\/anchorallied.com\/fr\/rd\/\" \/>\n<meta property=\"og:locale\" content=\"en_US\" \/>\n<meta property=\"og:type\" content=\"article\" \/>\n<meta property=\"og:title\" content=\"Recherche et d\u00e9veloppement en chimie | R&amp;D Anchor Allied\" \/>\n<meta property=\"og:description\" content=\"Anchor Allied m\u00e8ne la recherche et le d\u00e9veloppement en chimie, mastics et adh\u00e9sifs gr\u00e2ce \u00e0 des laboratoires avanc\u00e9s et \u00e0 l\u2019innovation pour l\u2019excellence mondiale des produits.\" \/>\n<meta property=\"og:url\" content=\"https:\/\/anchorallied.com\/fr\/rd\/\" \/>\n<meta property=\"og:site_name\" content=\"anchoralliedfactory\" \/>\n<meta property=\"article:modified_time\" content=\"2025-09-03T12:13:51+00:00\" \/>\n<meta name=\"twitter:card\" content=\"summary_large_image\" \/>\n<meta name=\"twitter:label1\" content=\"Est. reading time\" \/>\n\t<meta name=\"twitter:data1\" content=\"3 minutes\" \/>\n<script type=\"application\/ld+json\" class=\"yoast-schema-graph\">{\"@context\":\"https:\\\/\\\/schema.org\",\"@graph\":[{\"@type\":\"WebPage\",\"@id\":\"https:\\\/\\\/anchorallied.com\\\/fr\\\/rd\\\/\",\"url\":\"https:\\\/\\\/anchorallied.com\\\/fr\\\/rd\\\/\",\"name\":\"Recherche et d\u00e9veloppement en chimie | R&D Anchor Allied\",\"isPartOf\":{\"@id\":\"https:\\\/\\\/anchorallied.com\\\/fr\\\/#website\"},\"datePublished\":\"2025-05-21T05:26:13+00:00\",\"dateModified\":\"2025-09-03T12:13:51+00:00\",\"description\":\"Anchor Allied m\u00e8ne la recherche et le d\u00e9veloppement en chimie, mastics et adh\u00e9sifs gr\u00e2ce \u00e0 des laboratoires avanc\u00e9s et \u00e0 l\u2019innovation pour l\u2019excellence mondiale des produits.\",\"breadcrumb\":{\"@id\":\"https:\\\/\\\/anchorallied.com\\\/fr\\\/rd\\\/#breadcrumb\"},\"inLanguage\":\"en\",\"potentialAction\":[{\"@type\":\"ReadAction\",\"target\":[\"https:\\\/\\\/anchorallied.com\\\/fr\\\/rd\\\/\"]}]},{\"@type\":\"BreadcrumbList\",\"@id\":\"https:\\\/\\\/anchorallied.com\\\/fr\\\/rd\\\/#breadcrumb\",\"itemListElement\":[{\"@type\":\"ListItem\",\"position\":1,\"name\":\"Home\",\"item\":\"https:\\\/\\\/en.anchorallied.com\\\/fr\\\/\"},{\"@type\":\"ListItem\",\"position\":2,\"name\":\"R&amp;D\"}]},{\"@type\":\"WebSite\",\"@id\":\"https:\\\/\\\/anchorallied.com\\\/fr\\\/#website\",\"url\":\"https:\\\/\\\/anchorallied.com\\\/fr\\\/\",\"name\":\"anchoralliedfactory\",\"description\":\"\",\"potentialAction\":[{\"@type\":\"SearchAction\",\"target\":{\"@type\":\"EntryPoint\",\"urlTemplate\":\"https:\\\/\\\/anchorallied.com\\\/fr\\\/?s={search_term_string}\"},\"query-input\":{\"@type\":\"PropertyValueSpecification\",\"valueRequired\":true,\"valueName\":\"search_term_string\"}}],\"inLanguage\":\"en\"}]}<\/script>\n<!-- \/ Yoast SEO plugin. -->","yoast_head_json":{"title":"Recherche et d\u00e9veloppement en chimie | R&D Anchor Allied","description":"Anchor Allied m\u00e8ne la recherche et le d\u00e9veloppement en chimie, mastics et adh\u00e9sifs gr\u00e2ce \u00e0 des laboratoires avanc\u00e9s et \u00e0 l\u2019innovation pour l\u2019excellence mondiale des produits.","robots":{"index":"index","follow":"follow","max-snippet":"max-snippet:-1","max-image-preview":"max-image-preview:large","max-video-preview":"max-video-preview:-1"},"canonical":"https:\/\/anchorallied.com\/fr\/rd\/","og_locale":"en_US","og_type":"article","og_title":"Recherche et d\u00e9veloppement en chimie | R&D Anchor Allied","og_description":"Anchor Allied m\u00e8ne la recherche et le d\u00e9veloppement en chimie, mastics et adh\u00e9sifs gr\u00e2ce \u00e0 des laboratoires avanc\u00e9s et \u00e0 l\u2019innovation pour l\u2019excellence mondiale des produits.","og_url":"https:\/\/anchorallied.com\/fr\/rd\/","og_site_name":"anchoralliedfactory","article_modified_time":"2025-09-03T12:13:51+00:00","twitter_card":"summary_large_image","twitter_misc":{"Est. reading time":"3 minutes"},"schema":{"@context":"https:\/\/schema.org","@graph":[{"@type":"WebPage","@id":"https:\/\/anchorallied.com\/fr\/rd\/","url":"https:\/\/anchorallied.com\/fr\/rd\/","name":"Recherche et d\u00e9veloppement en chimie | R&D Anchor Allied","isPartOf":{"@id":"https:\/\/anchorallied.com\/fr\/#website"},"datePublished":"2025-05-21T05:26:13+00:00","dateModified":"2025-09-03T12:13:51+00:00","description":"Anchor Allied m\u00e8ne la recherche et le d\u00e9veloppement en chimie, mastics et adh\u00e9sifs gr\u00e2ce \u00e0 des laboratoires avanc\u00e9s et \u00e0 l\u2019innovation pour l\u2019excellence mondiale des produits.","breadcrumb":{"@id":"https:\/\/anchorallied.com\/fr\/rd\/#breadcrumb"},"inLanguage":"en","potentialAction":[{"@type":"ReadAction","target":["https:\/\/anchorallied.com\/fr\/rd\/"]}]},{"@type":"BreadcrumbList","@id":"https:\/\/anchorallied.com\/fr\/rd\/#breadcrumb","itemListElement":[{"@type":"ListItem","position":1,"name":"Home","item":"https:\/\/en.anchorallied.com\/fr\/"},{"@type":"ListItem","position":2,"name":"R&amp;D"}]},{"@type":"WebSite","@id":"https:\/\/anchorallied.com\/fr\/#website","url":"https:\/\/anchorallied.com\/fr\/","name":"anchoralliedfactory","description":"","potentialAction":[{"@type":"SearchAction","target":{"@type":"EntryPoint","urlTemplate":"https:\/\/anchorallied.com\/fr\/?s={search_term_string}"},"query-input":{"@type":"PropertyValueSpecification","valueRequired":true,"valueName":"search_term_string"}}],"inLanguage":"en"}]}},"_links":{"self":[{"href":"https:\/\/anchorallied.com\/fr\/wp-json\/wp\/v2\/pages\/1644","targetHints":{"allow":["GET"]}}],"collection":[{"href":"https:\/\/anchorallied.com\/fr\/wp-json\/wp\/v2\/pages"}],"about":[{"href":"https:\/\/anchorallied.com\/fr\/wp-json\/wp\/v2\/types\/page"}],"author":[{"embeddable":true,"href":"https:\/\/anchorallied.com\/fr\/wp-json\/wp\/v2\/users\/1"}],"replies":[{"embeddable":true,"href":"https:\/\/anchorallied.com\/fr\/wp-json\/wp\/v2\/comments?post=1644"}],"version-history":[{"count":15,"href":"https:\/\/anchorallied.com\/fr\/wp-json\/wp\/v2\/pages\/1644\/revisions"}],"predecessor-version":[{"id":4245,"href":"https:\/\/anchorallied.com\/fr\/wp-json\/wp\/v2\/pages\/1644\/revisions\/4245"}],"wp:attachment":[{"href":"https:\/\/anchorallied.com\/fr\/wp-json\/wp\/v2\/media?parent=1644"}],"curies":[{"name":"wp","href":"https:\/\/api.w.org\/{rel}","templated":true}]}}