{"id":1864,"date":"2025-05-22T08:19:01","date_gmt":"2025-05-22T08:19:01","guid":{"rendered":"https:\/\/anchorallied.com\/fr\/?page_id=1864"},"modified":"2025-08-21T06:37:00","modified_gmt":"2025-08-21T06:37:00","slug":"media-center","status":"publish","type":"page","link":"https:\/\/anchorallied.com\/fr\/media-center\/","title":{"rendered":"Media Center"},"content":{"rendered":"","protected":false},"excerpt":{"rendered":"","protected":false},"author":1,"featured_media":0,"parent":0,"menu_order":0,"comment_status":"closed","ping_status":"closed","template":"","meta":{"_acf_changed":false,"footnotes":""},"class_list":["post-1864","page","type-page","status-publish","hentry"],"acf":[],"yoast_head":"<!-- This site is optimized with the Yoast SEO plugin v27.3 - https:\/\/yoast.com\/product\/yoast-seo-wordpress\/ -->\n<title>Actualit\u00e9s et mises \u00e0 jour Anchor Allied | M\u00e9dias et communiqu\u00e9s de presse<\/title>\n<meta name=\"description\" content=\"Restez inform\u00e9 des actualit\u00e9s Anchor Allied, communiqu\u00e9s de presse et analyses sectorielles. D\u00e9couvrez mises \u00e0 jour, lancements de produits et r\u00e9ussites mondiales.\" \/>\n<meta name=\"robots\" content=\"index, follow, max-snippet:-1, max-image-preview:large, max-video-preview:-1\" \/>\n<link rel=\"canonical\" href=\"https:\/\/anchorallied.com\/fr\/media-center\/\" \/>\n<meta property=\"og:locale\" content=\"en_US\" \/>\n<meta property=\"og:type\" content=\"article\" \/>\n<meta property=\"og:title\" content=\"Actualit\u00e9s et mises \u00e0 jour Anchor Allied | M\u00e9dias et communiqu\u00e9s de presse\" \/>\n<meta property=\"og:description\" content=\"Restez inform\u00e9 des actualit\u00e9s Anchor Allied, communiqu\u00e9s de presse et analyses sectorielles. D\u00e9couvrez mises \u00e0 jour, lancements de produits et r\u00e9ussites mondiales.\" \/>\n<meta property=\"og:url\" content=\"https:\/\/anchorallied.com\/fr\/media-center\/\" \/>\n<meta property=\"og:site_name\" content=\"anchoralliedfactory\" \/>\n<meta property=\"article:modified_time\" content=\"2025-08-21T06:37:00+00:00\" \/>\n<meta name=\"twitter:card\" content=\"summary_large_image\" \/>\n<meta name=\"twitter:label1\" content=\"Est. reading time\" \/>\n\t<meta name=\"twitter:data1\" content=\"5 minutes\" \/>\n<script type=\"application\/ld+json\" class=\"yoast-schema-graph\">{\"@context\":\"https:\\\/\\\/schema.org\",\"@graph\":[{\"@type\":\"WebPage\",\"@id\":\"https:\\\/\\\/anchorallied.com\\\/fr\\\/media-center\\\/\",\"url\":\"https:\\\/\\\/anchorallied.com\\\/fr\\\/media-center\\\/\",\"name\":\"Actualit\u00e9s et mises \u00e0 jour Anchor Allied | M\u00e9dias et communiqu\u00e9s de presse\",\"isPartOf\":{\"@id\":\"https:\\\/\\\/anchorallied.com\\\/fr\\\/#website\"},\"datePublished\":\"2025-05-22T08:19:01+00:00\",\"dateModified\":\"2025-08-21T06:37:00+00:00\",\"description\":\"Restez inform\u00e9 des actualit\u00e9s Anchor Allied, communiqu\u00e9s de presse et analyses sectorielles. D\u00e9couvrez mises \u00e0 jour, lancements de produits et r\u00e9ussites mondiales.\",\"breadcrumb\":{\"@id\":\"https:\\\/\\\/anchorallied.com\\\/fr\\\/media-center\\\/#breadcrumb\"},\"inLanguage\":\"en\",\"potentialAction\":[{\"@type\":\"ReadAction\",\"target\":[\"https:\\\/\\\/anchorallied.com\\\/fr\\\/media-center\\\/\"]}]},{\"@type\":\"BreadcrumbList\",\"@id\":\"https:\\\/\\\/anchorallied.com\\\/fr\\\/media-center\\\/#breadcrumb\",\"itemListElement\":[{\"@type\":\"ListItem\",\"position\":1,\"name\":\"Home\",\"item\":\"https:\\\/\\\/en.anchorallied.com\\\/fr\\\/\"},{\"@type\":\"ListItem\",\"position\":2,\"name\":\"Media Center\"}]},{\"@type\":\"WebSite\",\"@id\":\"https:\\\/\\\/anchorallied.com\\\/fr\\\/#website\",\"url\":\"https:\\\/\\\/anchorallied.com\\\/fr\\\/\",\"name\":\"anchoralliedfactory\",\"description\":\"\",\"potentialAction\":[{\"@type\":\"SearchAction\",\"target\":{\"@type\":\"EntryPoint\",\"urlTemplate\":\"https:\\\/\\\/anchorallied.com\\\/fr\\\/?s={search_term_string}\"},\"query-input\":{\"@type\":\"PropertyValueSpecification\",\"valueRequired\":true,\"valueName\":\"search_term_string\"}}],\"inLanguage\":\"en\"}]}<\/script>\n<!-- \/ Yoast SEO plugin. -->","yoast_head_json":{"title":"Actualit\u00e9s et mises \u00e0 jour Anchor Allied | M\u00e9dias et communiqu\u00e9s de presse","description":"Restez inform\u00e9 des actualit\u00e9s Anchor Allied, communiqu\u00e9s de presse et analyses sectorielles. D\u00e9couvrez mises \u00e0 jour, lancements de produits et r\u00e9ussites mondiales.","robots":{"index":"index","follow":"follow","max-snippet":"max-snippet:-1","max-image-preview":"max-image-preview:large","max-video-preview":"max-video-preview:-1"},"canonical":"https:\/\/anchorallied.com\/fr\/media-center\/","og_locale":"en_US","og_type":"article","og_title":"Actualit\u00e9s et mises \u00e0 jour Anchor Allied | M\u00e9dias et communiqu\u00e9s de presse","og_description":"Restez inform\u00e9 des actualit\u00e9s Anchor Allied, communiqu\u00e9s de presse et analyses sectorielles. D\u00e9couvrez mises \u00e0 jour, lancements de produits et r\u00e9ussites mondiales.","og_url":"https:\/\/anchorallied.com\/fr\/media-center\/","og_site_name":"anchoralliedfactory","article_modified_time":"2025-08-21T06:37:00+00:00","twitter_card":"summary_large_image","twitter_misc":{"Est. reading time":"5 minutes"},"schema":{"@context":"https:\/\/schema.org","@graph":[{"@type":"WebPage","@id":"https:\/\/anchorallied.com\/fr\/media-center\/","url":"https:\/\/anchorallied.com\/fr\/media-center\/","name":"Actualit\u00e9s et mises \u00e0 jour Anchor Allied | M\u00e9dias et communiqu\u00e9s de presse","isPartOf":{"@id":"https:\/\/anchorallied.com\/fr\/#website"},"datePublished":"2025-05-22T08:19:01+00:00","dateModified":"2025-08-21T06:37:00+00:00","description":"Restez inform\u00e9 des actualit\u00e9s Anchor Allied, communiqu\u00e9s de presse et analyses sectorielles. D\u00e9couvrez mises \u00e0 jour, lancements de produits et r\u00e9ussites mondiales.","breadcrumb":{"@id":"https:\/\/anchorallied.com\/fr\/media-center\/#breadcrumb"},"inLanguage":"en","potentialAction":[{"@type":"ReadAction","target":["https:\/\/anchorallied.com\/fr\/media-center\/"]}]},{"@type":"BreadcrumbList","@id":"https:\/\/anchorallied.com\/fr\/media-center\/#breadcrumb","itemListElement":[{"@type":"ListItem","position":1,"name":"Home","item":"https:\/\/en.anchorallied.com\/fr\/"},{"@type":"ListItem","position":2,"name":"Media Center"}]},{"@type":"WebSite","@id":"https:\/\/anchorallied.com\/fr\/#website","url":"https:\/\/anchorallied.com\/fr\/","name":"anchoralliedfactory","description":"","potentialAction":[{"@type":"SearchAction","target":{"@type":"EntryPoint","urlTemplate":"https:\/\/anchorallied.com\/fr\/?s={search_term_string}"},"query-input":{"@type":"PropertyValueSpecification","valueRequired":true,"valueName":"search_term_string"}}],"inLanguage":"en"}]}},"_links":{"self":[{"href":"https:\/\/anchorallied.com\/fr\/wp-json\/wp\/v2\/pages\/1864","targetHints":{"allow":["GET"]}}],"collection":[{"href":"https:\/\/anchorallied.com\/fr\/wp-json\/wp\/v2\/pages"}],"about":[{"href":"https:\/\/anchorallied.com\/fr\/wp-json\/wp\/v2\/types\/page"}],"author":[{"embeddable":true,"href":"https:\/\/anchorallied.com\/fr\/wp-json\/wp\/v2\/users\/1"}],"replies":[{"embeddable":true,"href":"https:\/\/anchorallied.com\/fr\/wp-json\/wp\/v2\/comments?post=1864"}],"version-history":[{"count":17,"href":"https:\/\/anchorallied.com\/fr\/wp-json\/wp\/v2\/pages\/1864\/revisions"}],"predecessor-version":[{"id":4038,"href":"https:\/\/anchorallied.com\/fr\/wp-json\/wp\/v2\/pages\/1864\/revisions\/4038"}],"wp:attachment":[{"href":"https:\/\/anchorallied.com\/fr\/wp-json\/wp\/v2\/media?parent=1864"}],"curies":[{"name":"wp","href":"https:\/\/api.w.org\/{rel}","templated":true}]}}