{"id":1469,"date":"2025-05-20T07:03:26","date_gmt":"2025-05-20T07:03:26","guid":{"rendered":"https:\/\/anchorallied.com\/fr\/?post_type=product&#038;p=1469"},"modified":"2025-07-27T15:43:24","modified_gmt":"2025-07-27T15:43:24","slug":"amp-water-proofing","status":"publish","type":"product","link":"https:\/\/anchorallied.com\/fr\/product\/amp-water-proofing\/","title":{"rendered":"ASMACOAT AMP"},"content":{"rendered":"<p>ASMACOAT AMP est un rev\u00eatement d\u2019\u00e9tanch\u00e9it\u00e9 et de protection, monocomposant et appliqu\u00e9 \u00e0 l\u2019\u00e9tat liquide, con\u00e7u pour les structures en b\u00e9ton. Il est formul\u00e9 \u00e0 partir d\u2019un syst\u00e8me hybride acrylique-polyur\u00e9thane, modifi\u00e9 par des polym\u00e8res sp\u00e9cifiquement s\u00e9lectionn\u00e9s afin de former une membrane r\u00e9sistante, souple et durable.<\/p>\n<p>Ce produit est totalement exempt de goudron de houille (coal tar) ainsi que de toute substance dangereuse, conform\u00e9ment aux exigences de s\u00e9curit\u00e9 environnementale et industrielle.<\/p>\n<p> \u2022 \u00c9tanch\u00e9it\u00e9 des solins, rives de toiture et parois (en b\u00e9ton, mortier de ciment, bois ou m\u00e9tal).<\/p>\n<p> \u2022\u00c9tanch\u00e9it\u00e9 des jardins, piscines, sous-sols et applications en membrane sandwich.<\/p>\n<p> \u2022Rev\u00eatement protecteur pour isolation en mousse de polyur\u00e9thane.<\/p>\n","protected":false},"excerpt":{"rendered":"<p>ASMACOAT AMP : rev\u00eatement d&#8217;\u00e9tanch\u00e9it\u00e9 hybride monocomposant pour b\u00e9ton, toitures, piscines et protection d&#8217;isolation.<\/p>\n","protected":false},"featured_media":2792,"comment_status":"open","ping_status":"closed","template":"","meta":{"_acf_changed":false},"product_brand":[],"product_cat":[139,151],"product_tag":[],"class_list":{"0":"post-1469","1":"product","2":"type-product","3":"status-publish","4":"has-post-thumbnail","6":"product_cat-etancheite-et-revetements-de-sol","7":"product_cat-revetement-detancheite","9":"first","10":"instock","11":"shipping-taxable","12":"product-type-simple"},"acf":[],"yoast_head":"<!-- This site is optimized with the Yoast SEO plugin v27.3 - https:\/\/yoast.com\/product\/yoast-seo-wordpress\/ -->\n<title>ASMACOAT AMP - anchoralliedfactory<\/title>\n<meta name=\"robots\" content=\"index, follow, max-snippet:-1, max-image-preview:large, max-video-preview:-1\" \/>\n<link rel=\"canonical\" href=\"https:\/\/anchorallied.com\/fr\/product\/amp-water-proofing\/\" \/>\n<meta property=\"og:locale\" content=\"en_US\" \/>\n<meta property=\"og:type\" content=\"article\" \/>\n<meta property=\"og:title\" content=\"ASMACOAT AMP - anchoralliedfactory\" \/>\n<meta property=\"og:description\" content=\"ASMACOAT AMP : rev\u00eatement d&#039;\u00e9tanch\u00e9it\u00e9 hybride monocomposant pour b\u00e9ton, toitures, piscines et protection d&#039;isolation.\" \/>\n<meta property=\"og:url\" content=\"https:\/\/anchorallied.com\/fr\/product\/amp-water-proofing\/\" \/>\n<meta property=\"og:site_name\" content=\"anchoralliedfactory\" \/>\n<meta property=\"article:modified_time\" content=\"2025-07-27T15:43:24+00:00\" \/>\n<meta property=\"og:image\" content=\"https:\/\/anchorallied.com\/fr\/wp-content\/uploads\/2025\/05\/water-proof_0009_AMP-Water-Proofing.jpg\" \/>\n\t<meta property=\"og:image:width\" content=\"1200\" \/>\n\t<meta property=\"og:image:height\" content=\"1200\" \/>\n\t<meta property=\"og:image:type\" content=\"image\/jpeg\" \/>\n<meta name=\"twitter:card\" content=\"summary_large_image\" \/>\n<meta name=\"twitter:label1\" content=\"Est. reading time\" \/>\n\t<meta name=\"twitter:data1\" content=\"1 minute\" \/>\n<script type=\"application\/ld+json\" class=\"yoast-schema-graph\">{\"@context\":\"https:\\\/\\\/schema.org\",\"@graph\":[{\"@type\":\"WebPage\",\"@id\":\"https:\\\/\\\/anchorallied.com\\\/fr\\\/product\\\/amp-water-proofing\\\/\",\"url\":\"https:\\\/\\\/anchorallied.com\\\/fr\\\/product\\\/amp-water-proofing\\\/\",\"name\":\"ASMACOAT AMP - anchoralliedfactory\",\"isPartOf\":{\"@id\":\"https:\\\/\\\/anchorallied.com\\\/fr\\\/#website\"},\"primaryImageOfPage\":{\"@id\":\"https:\\\/\\\/anchorallied.com\\\/fr\\\/product\\\/amp-water-proofing\\\/#primaryimage\"},\"image\":{\"@id\":\"https:\\\/\\\/anchorallied.com\\\/fr\\\/product\\\/amp-water-proofing\\\/#primaryimage\"},\"thumbnailUrl\":\"https:\\\/\\\/anchorallied.com\\\/fr\\\/wp-content\\\/uploads\\\/2025\\\/05\\\/water-proof_0009_AMP-Water-Proofing.jpg\",\"datePublished\":\"2025-05-20T07:03:26+00:00\",\"dateModified\":\"2025-07-27T15:43:24+00:00\",\"breadcrumb\":{\"@id\":\"https:\\\/\\\/anchorallied.com\\\/fr\\\/product\\\/amp-water-proofing\\\/#breadcrumb\"},\"inLanguage\":\"en\",\"potentialAction\":[{\"@type\":\"ReadAction\",\"target\":[\"https:\\\/\\\/anchorallied.com\\\/fr\\\/product\\\/amp-water-proofing\\\/\"]}]},{\"@type\":\"ImageObject\",\"inLanguage\":\"en\",\"@id\":\"https:\\\/\\\/anchorallied.com\\\/fr\\\/product\\\/amp-water-proofing\\\/#primaryimage\",\"url\":\"https:\\\/\\\/anchorallied.com\\\/fr\\\/wp-content\\\/uploads\\\/2025\\\/05\\\/water-proof_0009_AMP-Water-Proofing.jpg\",\"contentUrl\":\"https:\\\/\\\/anchorallied.com\\\/fr\\\/wp-content\\\/uploads\\\/2025\\\/05\\\/water-proof_0009_AMP-Water-Proofing.jpg\",\"width\":1200,\"height\":1200},{\"@type\":\"BreadcrumbList\",\"@id\":\"https:\\\/\\\/anchorallied.com\\\/fr\\\/product\\\/amp-water-proofing\\\/#breadcrumb\",\"itemListElement\":[{\"@type\":\"ListItem\",\"position\":1,\"name\":\"Home\",\"item\":\"https:\\\/\\\/en.anchorallied.com\\\/fr\\\/\"},{\"@type\":\"ListItem\",\"position\":2,\"name\":\"Shop\",\"item\":\"https:\\\/\\\/en.anchorallied.com\\\/fr\\\/shop\\\/\"},{\"@type\":\"ListItem\",\"position\":3,\"name\":\"ASMACOAT AMP\"}]},{\"@type\":\"WebSite\",\"@id\":\"https:\\\/\\\/anchorallied.com\\\/fr\\\/#website\",\"url\":\"https:\\\/\\\/anchorallied.com\\\/fr\\\/\",\"name\":\"anchoralliedfactory\",\"description\":\"\",\"potentialAction\":[{\"@type\":\"SearchAction\",\"target\":{\"@type\":\"EntryPoint\",\"urlTemplate\":\"https:\\\/\\\/anchorallied.com\\\/fr\\\/?s={search_term_string}\"},\"query-input\":{\"@type\":\"PropertyValueSpecification\",\"valueRequired\":true,\"valueName\":\"search_term_string\"}}],\"inLanguage\":\"en\"}]}<\/script>\n<!-- \/ Yoast SEO plugin. -->","yoast_head_json":{"title":"ASMACOAT AMP - anchoralliedfactory","robots":{"index":"index","follow":"follow","max-snippet":"max-snippet:-1","max-image-preview":"max-image-preview:large","max-video-preview":"max-video-preview:-1"},"canonical":"https:\/\/anchorallied.com\/fr\/product\/amp-water-proofing\/","og_locale":"en_US","og_type":"article","og_title":"ASMACOAT AMP - anchoralliedfactory","og_description":"ASMACOAT AMP : rev\u00eatement d'\u00e9tanch\u00e9it\u00e9 hybride monocomposant pour b\u00e9ton, toitures, piscines et protection d'isolation.","og_url":"https:\/\/anchorallied.com\/fr\/product\/amp-water-proofing\/","og_site_name":"anchoralliedfactory","article_modified_time":"2025-07-27T15:43:24+00:00","og_image":[{"width":1200,"height":1200,"url":"https:\/\/anchorallied.com\/fr\/wp-content\/uploads\/2025\/05\/water-proof_0009_AMP-Water-Proofing.jpg","type":"image\/jpeg"}],"twitter_card":"summary_large_image","twitter_misc":{"Est. reading time":"1 minute"},"schema":{"@context":"https:\/\/schema.org","@graph":[{"@type":"WebPage","@id":"https:\/\/anchorallied.com\/fr\/product\/amp-water-proofing\/","url":"https:\/\/anchorallied.com\/fr\/product\/amp-water-proofing\/","name":"ASMACOAT AMP - anchoralliedfactory","isPartOf":{"@id":"https:\/\/anchorallied.com\/fr\/#website"},"primaryImageOfPage":{"@id":"https:\/\/anchorallied.com\/fr\/product\/amp-water-proofing\/#primaryimage"},"image":{"@id":"https:\/\/anchorallied.com\/fr\/product\/amp-water-proofing\/#primaryimage"},"thumbnailUrl":"https:\/\/anchorallied.com\/fr\/wp-content\/uploads\/2025\/05\/water-proof_0009_AMP-Water-Proofing.jpg","datePublished":"2025-05-20T07:03:26+00:00","dateModified":"2025-07-27T15:43:24+00:00","breadcrumb":{"@id":"https:\/\/anchorallied.com\/fr\/product\/amp-water-proofing\/#breadcrumb"},"inLanguage":"en","potentialAction":[{"@type":"ReadAction","target":["https:\/\/anchorallied.com\/fr\/product\/amp-water-proofing\/"]}]},{"@type":"ImageObject","inLanguage":"en","@id":"https:\/\/anchorallied.com\/fr\/product\/amp-water-proofing\/#primaryimage","url":"https:\/\/anchorallied.com\/fr\/wp-content\/uploads\/2025\/05\/water-proof_0009_AMP-Water-Proofing.jpg","contentUrl":"https:\/\/anchorallied.com\/fr\/wp-content\/uploads\/2025\/05\/water-proof_0009_AMP-Water-Proofing.jpg","width":1200,"height":1200},{"@type":"BreadcrumbList","@id":"https:\/\/anchorallied.com\/fr\/product\/amp-water-proofing\/#breadcrumb","itemListElement":[{"@type":"ListItem","position":1,"name":"Home","item":"https:\/\/en.anchorallied.com\/fr\/"},{"@type":"ListItem","position":2,"name":"Shop","item":"https:\/\/en.anchorallied.com\/fr\/shop\/"},{"@type":"ListItem","position":3,"name":"ASMACOAT AMP"}]},{"@type":"WebSite","@id":"https:\/\/anchorallied.com\/fr\/#website","url":"https:\/\/anchorallied.com\/fr\/","name":"anchoralliedfactory","description":"","potentialAction":[{"@type":"SearchAction","target":{"@type":"EntryPoint","urlTemplate":"https:\/\/anchorallied.com\/fr\/?s={search_term_string}"},"query-input":{"@type":"PropertyValueSpecification","valueRequired":true,"valueName":"search_term_string"}}],"inLanguage":"en"}]}},"_links":{"self":[{"href":"https:\/\/anchorallied.com\/fr\/wp-json\/wp\/v2\/product\/1469","targetHints":{"allow":["GET"]}}],"collection":[{"href":"https:\/\/anchorallied.com\/fr\/wp-json\/wp\/v2\/product"}],"about":[{"href":"https:\/\/anchorallied.com\/fr\/wp-json\/wp\/v2\/types\/product"}],"replies":[{"embeddable":true,"href":"https:\/\/anchorallied.com\/fr\/wp-json\/wp\/v2\/comments?post=1469"}],"wp:featuredmedia":[{"embeddable":true,"href":"https:\/\/anchorallied.com\/fr\/wp-json\/wp\/v2\/media\/2792"}],"wp:attachment":[{"href":"https:\/\/anchorallied.com\/fr\/wp-json\/wp\/v2\/media?parent=1469"}],"wp:term":[{"taxonomy":"product_brand","embeddable":true,"href":"https:\/\/anchorallied.com\/fr\/wp-json\/wp\/v2\/product_brand?post=1469"},{"taxonomy":"product_cat","embeddable":true,"href":"https:\/\/anchorallied.com\/fr\/wp-json\/wp\/v2\/product_cat?post=1469"},{"taxonomy":"product_tag","embeddable":true,"href":"https:\/\/anchorallied.com\/fr\/wp-json\/wp\/v2\/product_tag?post=1469"}],"curies":[{"name":"wp","href":"https:\/\/api.w.org\/{rel}","templated":true}]}}