{"id":1523,"date":"2025-05-20T10:00:32","date_gmt":"2025-05-20T10:00:32","guid":{"rendered":"http:\/\/anchorallied.com\/fr\/?post_type=product&#038;p=1523"},"modified":"2025-07-27T15:43:24","modified_gmt":"2025-07-27T15:43:24","slug":"aqua-shield-water-repellent","status":"publish","type":"product","link":"https:\/\/anchorallied.com\/fr\/product\/aqua-shield-water-repellent\/","title":{"rendered":"Aqua Shield, HYDROFUGE"},"content":{"rendered":"<p>ASMACO AQUASHIELD<br \/>\nPolym\u00e8re \u00e0 base de silane-siloxane en dispersion, formul\u00e9 dans des solvants \u00e0 point d\u2019\u00e9bullition \u00e9lev\u00e9. P\u00e9n\u00e8tre les substrats poreux, r\u00e9agit avec l\u2019humidit\u00e9 pour cr\u00e9er un film hydrophobe sans boucher les pores. Convient aux murs verticaux et autres ma\u00e7onneries, pr\u00e9servant l\u2019aspect d\u2019origine tout en am\u00e9liorant la r\u00e9sistance aux UV.<\/p>\n<p>Avantages :<\/p>\n<p>Excellente r\u00e9sistance aux moisissures et algues<\/p>\n<p>Faible teneur en COV, non inflammable<\/p>\n<p>Stable aux UV, ne se d\u00e9grade pas<\/p>\n<p>Application facile, pr\u00eat \u00e0 l\u2019emploi au pinceau ou pulv\u00e9risateur<\/p>\n","protected":false},"excerpt":{"rendered":"<p>ASMACO AQUASHIELD: silane-siloxane treatment forming hydrophobic barrier for masonry, UV-resistant, mildew-resistant, easy application.<\/p>\n","protected":false},"featured_media":2811,"comment_status":"open","ping_status":"closed","template":"","meta":{"_acf_changed":false},"product_brand":[],"product_cat":[139,151],"product_tag":[],"class_list":{"0":"post-1523","1":"product","2":"type-product","3":"status-publish","4":"has-post-thumbnail","6":"product_cat-etancheite-et-revetements-de-sol","7":"product_cat-revetement-detancheite","9":"first","10":"instock","11":"shipping-taxable","12":"product-type-simple"},"acf":[],"yoast_head":"<!-- This site is optimized with the Yoast SEO plugin v27.3 - https:\/\/yoast.com\/product\/yoast-seo-wordpress\/ -->\n<title>Aqua Shield, HYDROFUGE - anchoralliedfactory<\/title>\n<meta name=\"robots\" content=\"index, follow, max-snippet:-1, max-image-preview:large, max-video-preview:-1\" \/>\n<link rel=\"canonical\" href=\"https:\/\/anchorallied.com\/fr\/product\/aqua-shield-water-repellent\/\" \/>\n<meta property=\"og:locale\" content=\"en_US\" \/>\n<meta property=\"og:type\" content=\"article\" \/>\n<meta property=\"og:title\" content=\"Aqua Shield, HYDROFUGE - anchoralliedfactory\" \/>\n<meta property=\"og:description\" content=\"ASMACO AQUASHIELD: silane-siloxane treatment forming hydrophobic barrier for masonry, UV-resistant, mildew-resistant, easy application.\" \/>\n<meta property=\"og:url\" content=\"https:\/\/anchorallied.com\/fr\/product\/aqua-shield-water-repellent\/\" \/>\n<meta property=\"og:site_name\" content=\"anchoralliedfactory\" \/>\n<meta property=\"article:modified_time\" content=\"2025-07-27T15:43:24+00:00\" \/>\n<meta property=\"og:image\" content=\"https:\/\/anchorallied.com\/fr\/wp-content\/uploads\/2025\/05\/water-proof_0008_Aqua-Shield-Bucket.jpg\" \/>\n\t<meta property=\"og:image:width\" content=\"1200\" \/>\n\t<meta property=\"og:image:height\" content=\"1200\" \/>\n\t<meta property=\"og:image:type\" content=\"image\/jpeg\" \/>\n<meta name=\"twitter:card\" content=\"summary_large_image\" \/>\n<script type=\"application\/ld+json\" class=\"yoast-schema-graph\">{\"@context\":\"https:\\\/\\\/schema.org\",\"@graph\":[{\"@type\":\"WebPage\",\"@id\":\"https:\\\/\\\/anchorallied.com\\\/fr\\\/product\\\/aqua-shield-water-repellent\\\/\",\"url\":\"https:\\\/\\\/anchorallied.com\\\/fr\\\/product\\\/aqua-shield-water-repellent\\\/\",\"name\":\"Aqua Shield, HYDROFUGE - anchoralliedfactory\",\"isPartOf\":{\"@id\":\"https:\\\/\\\/anchorallied.com\\\/fr\\\/#website\"},\"primaryImageOfPage\":{\"@id\":\"https:\\\/\\\/anchorallied.com\\\/fr\\\/product\\\/aqua-shield-water-repellent\\\/#primaryimage\"},\"image\":{\"@id\":\"https:\\\/\\\/anchorallied.com\\\/fr\\\/product\\\/aqua-shield-water-repellent\\\/#primaryimage\"},\"thumbnailUrl\":\"https:\\\/\\\/anchorallied.com\\\/fr\\\/wp-content\\\/uploads\\\/2025\\\/05\\\/water-proof_0008_Aqua-Shield-Bucket.jpg\",\"datePublished\":\"2025-05-20T10:00:32+00:00\",\"dateModified\":\"2025-07-27T15:43:24+00:00\",\"breadcrumb\":{\"@id\":\"https:\\\/\\\/anchorallied.com\\\/fr\\\/product\\\/aqua-shield-water-repellent\\\/#breadcrumb\"},\"inLanguage\":\"en\",\"potentialAction\":[{\"@type\":\"ReadAction\",\"target\":[\"https:\\\/\\\/anchorallied.com\\\/fr\\\/product\\\/aqua-shield-water-repellent\\\/\"]}]},{\"@type\":\"ImageObject\",\"inLanguage\":\"en\",\"@id\":\"https:\\\/\\\/anchorallied.com\\\/fr\\\/product\\\/aqua-shield-water-repellent\\\/#primaryimage\",\"url\":\"https:\\\/\\\/anchorallied.com\\\/fr\\\/wp-content\\\/uploads\\\/2025\\\/05\\\/water-proof_0008_Aqua-Shield-Bucket.jpg\",\"contentUrl\":\"https:\\\/\\\/anchorallied.com\\\/fr\\\/wp-content\\\/uploads\\\/2025\\\/05\\\/water-proof_0008_Aqua-Shield-Bucket.jpg\",\"width\":1200,\"height\":1200},{\"@type\":\"BreadcrumbList\",\"@id\":\"https:\\\/\\\/anchorallied.com\\\/fr\\\/product\\\/aqua-shield-water-repellent\\\/#breadcrumb\",\"itemListElement\":[{\"@type\":\"ListItem\",\"position\":1,\"name\":\"Home\",\"item\":\"http:\\\/\\\/en.anchorallied.com\\\/fr\\\/\"},{\"@type\":\"ListItem\",\"position\":2,\"name\":\"Shop\",\"item\":\"https:\\\/\\\/en.anchorallied.com\\\/fr\\\/shop\\\/\"},{\"@type\":\"ListItem\",\"position\":3,\"name\":\"Aqua Shield, HYDROFUGE\"}]},{\"@type\":\"WebSite\",\"@id\":\"https:\\\/\\\/anchorallied.com\\\/fr\\\/#website\",\"url\":\"https:\\\/\\\/anchorallied.com\\\/fr\\\/\",\"name\":\"anchoralliedfactory\",\"description\":\"\",\"potentialAction\":[{\"@type\":\"SearchAction\",\"target\":{\"@type\":\"EntryPoint\",\"urlTemplate\":\"https:\\\/\\\/anchorallied.com\\\/fr\\\/?s={search_term_string}\"},\"query-input\":{\"@type\":\"PropertyValueSpecification\",\"valueRequired\":true,\"valueName\":\"search_term_string\"}}],\"inLanguage\":\"en\"}]}<\/script>\n<!-- \/ Yoast SEO plugin. -->","yoast_head_json":{"title":"Aqua Shield, HYDROFUGE - anchoralliedfactory","robots":{"index":"index","follow":"follow","max-snippet":"max-snippet:-1","max-image-preview":"max-image-preview:large","max-video-preview":"max-video-preview:-1"},"canonical":"https:\/\/anchorallied.com\/fr\/product\/aqua-shield-water-repellent\/","og_locale":"en_US","og_type":"article","og_title":"Aqua Shield, HYDROFUGE - anchoralliedfactory","og_description":"ASMACO AQUASHIELD: silane-siloxane treatment forming hydrophobic barrier for masonry, UV-resistant, mildew-resistant, easy application.","og_url":"https:\/\/anchorallied.com\/fr\/product\/aqua-shield-water-repellent\/","og_site_name":"anchoralliedfactory","article_modified_time":"2025-07-27T15:43:24+00:00","og_image":[{"width":1200,"height":1200,"url":"https:\/\/anchorallied.com\/fr\/wp-content\/uploads\/2025\/05\/water-proof_0008_Aqua-Shield-Bucket.jpg","type":"image\/jpeg"}],"twitter_card":"summary_large_image","schema":{"@context":"https:\/\/schema.org","@graph":[{"@type":"WebPage","@id":"https:\/\/anchorallied.com\/fr\/product\/aqua-shield-water-repellent\/","url":"https:\/\/anchorallied.com\/fr\/product\/aqua-shield-water-repellent\/","name":"Aqua Shield, HYDROFUGE - anchoralliedfactory","isPartOf":{"@id":"https:\/\/anchorallied.com\/fr\/#website"},"primaryImageOfPage":{"@id":"https:\/\/anchorallied.com\/fr\/product\/aqua-shield-water-repellent\/#primaryimage"},"image":{"@id":"https:\/\/anchorallied.com\/fr\/product\/aqua-shield-water-repellent\/#primaryimage"},"thumbnailUrl":"https:\/\/anchorallied.com\/fr\/wp-content\/uploads\/2025\/05\/water-proof_0008_Aqua-Shield-Bucket.jpg","datePublished":"2025-05-20T10:00:32+00:00","dateModified":"2025-07-27T15:43:24+00:00","breadcrumb":{"@id":"https:\/\/anchorallied.com\/fr\/product\/aqua-shield-water-repellent\/#breadcrumb"},"inLanguage":"en","potentialAction":[{"@type":"ReadAction","target":["https:\/\/anchorallied.com\/fr\/product\/aqua-shield-water-repellent\/"]}]},{"@type":"ImageObject","inLanguage":"en","@id":"https:\/\/anchorallied.com\/fr\/product\/aqua-shield-water-repellent\/#primaryimage","url":"https:\/\/anchorallied.com\/fr\/wp-content\/uploads\/2025\/05\/water-proof_0008_Aqua-Shield-Bucket.jpg","contentUrl":"https:\/\/anchorallied.com\/fr\/wp-content\/uploads\/2025\/05\/water-proof_0008_Aqua-Shield-Bucket.jpg","width":1200,"height":1200},{"@type":"BreadcrumbList","@id":"https:\/\/anchorallied.com\/fr\/product\/aqua-shield-water-repellent\/#breadcrumb","itemListElement":[{"@type":"ListItem","position":1,"name":"Home","item":"http:\/\/en.anchorallied.com\/fr\/"},{"@type":"ListItem","position":2,"name":"Shop","item":"https:\/\/en.anchorallied.com\/fr\/shop\/"},{"@type":"ListItem","position":3,"name":"Aqua Shield, HYDROFUGE"}]},{"@type":"WebSite","@id":"https:\/\/anchorallied.com\/fr\/#website","url":"https:\/\/anchorallied.com\/fr\/","name":"anchoralliedfactory","description":"","potentialAction":[{"@type":"SearchAction","target":{"@type":"EntryPoint","urlTemplate":"https:\/\/anchorallied.com\/fr\/?s={search_term_string}"},"query-input":{"@type":"PropertyValueSpecification","valueRequired":true,"valueName":"search_term_string"}}],"inLanguage":"en"}]}},"_links":{"self":[{"href":"https:\/\/anchorallied.com\/fr\/wp-json\/wp\/v2\/product\/1523","targetHints":{"allow":["GET"]}}],"collection":[{"href":"https:\/\/anchorallied.com\/fr\/wp-json\/wp\/v2\/product"}],"about":[{"href":"https:\/\/anchorallied.com\/fr\/wp-json\/wp\/v2\/types\/product"}],"replies":[{"embeddable":true,"href":"https:\/\/anchorallied.com\/fr\/wp-json\/wp\/v2\/comments?post=1523"}],"wp:featuredmedia":[{"embeddable":true,"href":"https:\/\/anchorallied.com\/fr\/wp-json\/wp\/v2\/media\/2811"}],"wp:attachment":[{"href":"https:\/\/anchorallied.com\/fr\/wp-json\/wp\/v2\/media?parent=1523"}],"wp:term":[{"taxonomy":"product_brand","embeddable":true,"href":"https:\/\/anchorallied.com\/fr\/wp-json\/wp\/v2\/product_brand?post=1523"},{"taxonomy":"product_cat","embeddable":true,"href":"https:\/\/anchorallied.com\/fr\/wp-json\/wp\/v2\/product_cat?post=1523"},{"taxonomy":"product_tag","embeddable":true,"href":"https:\/\/anchorallied.com\/fr\/wp-json\/wp\/v2\/product_tag?post=1523"}],"curies":[{"name":"wp","href":"https:\/\/api.w.org\/{rel}","templated":true}]}}