{"id":1529,"date":"2025-05-20T10:08:42","date_gmt":"2025-05-20T10:08:42","guid":{"rendered":"https:\/\/anchorallied.com\/fr\/?post_type=product&#038;p=1529"},"modified":"2025-07-27T15:43:24","modified_gmt":"2025-07-27T15:43:24","slug":"tub-tile-ceramic-spray","status":"publish","type":"product","link":"https:\/\/anchorallied.com\/fr\/product\/tub-tile-ceramic-spray\/","title":{"rendered":"ASMACO Spray c\u00e9ramique pour baignoire et carrelage"},"content":{"rendered":"<p>ASMACO TUB &#038; TILE CERAMIC SPRAY est une peinture acrylique en spray monocomposant, sp\u00e9cialement formul\u00e9e pour offrir une excellente adh\u00e9rence, une grande durabilit\u00e9 et une r\u00e9sistance \u00e0 l\u2019humidit\u00e9 dans les environnements \u00e0 forte condensation. Sa finition lisse, brillante et \u00e9tanche est id\u00e9ale pour la r\u00e9novation ou le rev\u00eatement de baignoires, lavabos, \u00e9viers et carrelages, mais convient \u00e9galement au bois, m\u00e9tal, plastique et m\u00eame \u00e0 certaines applications automobiles. Sa formule \u00e0 s\u00e9chage rapide assure une application propre, aussi bien en int\u00e9rieur qu\u2019en ext\u00e9rieur. R\u00e9sistante aux intemp\u00e9ries, non jaunissante, inalt\u00e9rable, et supportant des temp\u00e9ratures allant jusqu\u2019\u00e0 100\u202f\u00b0C, elle est \u00e9galement sans CFC, respectueuse de l\u2019environnement.<\/p>\n","protected":false},"excerpt":{"rendered":"<p>ASMACO TUB &amp; TILE CERAMIC SPRAY: durable, waterproof acrylic spray for restoring tubs, tiles, and sinks.<\/p>\n","protected":false},"featured_media":2819,"comment_status":"open","ping_status":"closed","template":"","meta":{"_acf_changed":false},"product_brand":[],"product_cat":[15,161],"product_tag":[],"class_list":{"0":"post-1529","1":"product","2":"type-product","3":"status-publish","4":"has-post-thumbnail","6":"product_cat-aerosols","7":"product_cat-peintures-en-spray","9":"first","10":"instock","11":"shipping-taxable","12":"product-type-simple"},"acf":[],"yoast_head":"<!-- This site is optimized with the Yoast SEO plugin v27.3 - https:\/\/yoast.com\/product\/yoast-seo-wordpress\/ -->\n<title>ASMACO Spray c\u00e9ramique pour baignoire et carrelage - anchoralliedfactory<\/title>\n<meta name=\"robots\" content=\"index, follow, max-snippet:-1, max-image-preview:large, max-video-preview:-1\" \/>\n<link rel=\"canonical\" href=\"https:\/\/anchorallied.com\/fr\/product\/tub-tile-ceramic-spray\/\" \/>\n<meta property=\"og:locale\" content=\"en_US\" \/>\n<meta property=\"og:type\" content=\"article\" \/>\n<meta property=\"og:title\" content=\"ASMACO Spray c\u00e9ramique pour baignoire et carrelage - anchoralliedfactory\" \/>\n<meta property=\"og:description\" content=\"ASMACO TUB &amp; TILE CERAMIC SPRAY: durable, waterproof acrylic spray for restoring tubs, tiles, and sinks.\" \/>\n<meta property=\"og:url\" content=\"https:\/\/anchorallied.com\/fr\/product\/tub-tile-ceramic-spray\/\" \/>\n<meta property=\"og:site_name\" content=\"anchoralliedfactory\" \/>\n<meta property=\"article:modified_time\" content=\"2025-07-27T15:43:24+00:00\" \/>\n<meta property=\"og:image\" content=\"https:\/\/anchorallied.com\/fr\/wp-content\/uploads\/2025\/05\/spray_0010_Tub-Tile-Spray.jpg\" \/>\n\t<meta property=\"og:image:width\" content=\"1200\" \/>\n\t<meta property=\"og:image:height\" content=\"1200\" \/>\n\t<meta property=\"og:image:type\" content=\"image\/jpeg\" \/>\n<meta name=\"twitter:card\" content=\"summary_large_image\" \/>\n<meta name=\"twitter:label1\" content=\"Est. reading time\" \/>\n\t<meta name=\"twitter:data1\" content=\"1 minute\" \/>\n<script type=\"application\/ld+json\" class=\"yoast-schema-graph\">{\"@context\":\"https:\\\/\\\/schema.org\",\"@graph\":[{\"@type\":\"WebPage\",\"@id\":\"https:\\\/\\\/anchorallied.com\\\/fr\\\/product\\\/tub-tile-ceramic-spray\\\/\",\"url\":\"https:\\\/\\\/anchorallied.com\\\/fr\\\/product\\\/tub-tile-ceramic-spray\\\/\",\"name\":\"ASMACO Spray c\u00e9ramique pour baignoire et carrelage - anchoralliedfactory\",\"isPartOf\":{\"@id\":\"https:\\\/\\\/anchorallied.com\\\/fr\\\/#website\"},\"primaryImageOfPage\":{\"@id\":\"https:\\\/\\\/anchorallied.com\\\/fr\\\/product\\\/tub-tile-ceramic-spray\\\/#primaryimage\"},\"image\":{\"@id\":\"https:\\\/\\\/anchorallied.com\\\/fr\\\/product\\\/tub-tile-ceramic-spray\\\/#primaryimage\"},\"thumbnailUrl\":\"https:\\\/\\\/anchorallied.com\\\/fr\\\/wp-content\\\/uploads\\\/2025\\\/05\\\/spray_0010_Tub-Tile-Spray.jpg\",\"datePublished\":\"2025-05-20T10:08:42+00:00\",\"dateModified\":\"2025-07-27T15:43:24+00:00\",\"breadcrumb\":{\"@id\":\"https:\\\/\\\/anchorallied.com\\\/fr\\\/product\\\/tub-tile-ceramic-spray\\\/#breadcrumb\"},\"inLanguage\":\"en\",\"potentialAction\":[{\"@type\":\"ReadAction\",\"target\":[\"https:\\\/\\\/anchorallied.com\\\/fr\\\/product\\\/tub-tile-ceramic-spray\\\/\"]}]},{\"@type\":\"ImageObject\",\"inLanguage\":\"en\",\"@id\":\"https:\\\/\\\/anchorallied.com\\\/fr\\\/product\\\/tub-tile-ceramic-spray\\\/#primaryimage\",\"url\":\"https:\\\/\\\/anchorallied.com\\\/fr\\\/wp-content\\\/uploads\\\/2025\\\/05\\\/spray_0010_Tub-Tile-Spray.jpg\",\"contentUrl\":\"https:\\\/\\\/anchorallied.com\\\/fr\\\/wp-content\\\/uploads\\\/2025\\\/05\\\/spray_0010_Tub-Tile-Spray.jpg\",\"width\":1200,\"height\":1200},{\"@type\":\"BreadcrumbList\",\"@id\":\"https:\\\/\\\/anchorallied.com\\\/fr\\\/product\\\/tub-tile-ceramic-spray\\\/#breadcrumb\",\"itemListElement\":[{\"@type\":\"ListItem\",\"position\":1,\"name\":\"Home\",\"item\":\"https:\\\/\\\/en.anchorallied.com\\\/fr\\\/\"},{\"@type\":\"ListItem\",\"position\":2,\"name\":\"Shop\",\"item\":\"https:\\\/\\\/en.anchorallied.com\\\/fr\\\/shop\\\/\"},{\"@type\":\"ListItem\",\"position\":3,\"name\":\"ASMACO Spray c\u00e9ramique pour baignoire et carrelage\"}]},{\"@type\":\"WebSite\",\"@id\":\"https:\\\/\\\/anchorallied.com\\\/fr\\\/#website\",\"url\":\"https:\\\/\\\/anchorallied.com\\\/fr\\\/\",\"name\":\"anchoralliedfactory\",\"description\":\"\",\"potentialAction\":[{\"@type\":\"SearchAction\",\"target\":{\"@type\":\"EntryPoint\",\"urlTemplate\":\"https:\\\/\\\/anchorallied.com\\\/fr\\\/?s={search_term_string}\"},\"query-input\":{\"@type\":\"PropertyValueSpecification\",\"valueRequired\":true,\"valueName\":\"search_term_string\"}}],\"inLanguage\":\"en\"}]}<\/script>\n<!-- \/ Yoast SEO plugin. -->","yoast_head_json":{"title":"ASMACO Spray c\u00e9ramique pour baignoire et carrelage - anchoralliedfactory","robots":{"index":"index","follow":"follow","max-snippet":"max-snippet:-1","max-image-preview":"max-image-preview:large","max-video-preview":"max-video-preview:-1"},"canonical":"https:\/\/anchorallied.com\/fr\/product\/tub-tile-ceramic-spray\/","og_locale":"en_US","og_type":"article","og_title":"ASMACO Spray c\u00e9ramique pour baignoire et carrelage - anchoralliedfactory","og_description":"ASMACO TUB &amp; TILE CERAMIC SPRAY: durable, waterproof acrylic spray for restoring tubs, tiles, and sinks.","og_url":"https:\/\/anchorallied.com\/fr\/product\/tub-tile-ceramic-spray\/","og_site_name":"anchoralliedfactory","article_modified_time":"2025-07-27T15:43:24+00:00","og_image":[{"width":1200,"height":1200,"url":"https:\/\/anchorallied.com\/fr\/wp-content\/uploads\/2025\/05\/spray_0010_Tub-Tile-Spray.jpg","type":"image\/jpeg"}],"twitter_card":"summary_large_image","twitter_misc":{"Est. reading time":"1 minute"},"schema":{"@context":"https:\/\/schema.org","@graph":[{"@type":"WebPage","@id":"https:\/\/anchorallied.com\/fr\/product\/tub-tile-ceramic-spray\/","url":"https:\/\/anchorallied.com\/fr\/product\/tub-tile-ceramic-spray\/","name":"ASMACO Spray c\u00e9ramique pour baignoire et carrelage - anchoralliedfactory","isPartOf":{"@id":"https:\/\/anchorallied.com\/fr\/#website"},"primaryImageOfPage":{"@id":"https:\/\/anchorallied.com\/fr\/product\/tub-tile-ceramic-spray\/#primaryimage"},"image":{"@id":"https:\/\/anchorallied.com\/fr\/product\/tub-tile-ceramic-spray\/#primaryimage"},"thumbnailUrl":"https:\/\/anchorallied.com\/fr\/wp-content\/uploads\/2025\/05\/spray_0010_Tub-Tile-Spray.jpg","datePublished":"2025-05-20T10:08:42+00:00","dateModified":"2025-07-27T15:43:24+00:00","breadcrumb":{"@id":"https:\/\/anchorallied.com\/fr\/product\/tub-tile-ceramic-spray\/#breadcrumb"},"inLanguage":"en","potentialAction":[{"@type":"ReadAction","target":["https:\/\/anchorallied.com\/fr\/product\/tub-tile-ceramic-spray\/"]}]},{"@type":"ImageObject","inLanguage":"en","@id":"https:\/\/anchorallied.com\/fr\/product\/tub-tile-ceramic-spray\/#primaryimage","url":"https:\/\/anchorallied.com\/fr\/wp-content\/uploads\/2025\/05\/spray_0010_Tub-Tile-Spray.jpg","contentUrl":"https:\/\/anchorallied.com\/fr\/wp-content\/uploads\/2025\/05\/spray_0010_Tub-Tile-Spray.jpg","width":1200,"height":1200},{"@type":"BreadcrumbList","@id":"https:\/\/anchorallied.com\/fr\/product\/tub-tile-ceramic-spray\/#breadcrumb","itemListElement":[{"@type":"ListItem","position":1,"name":"Home","item":"https:\/\/en.anchorallied.com\/fr\/"},{"@type":"ListItem","position":2,"name":"Shop","item":"https:\/\/en.anchorallied.com\/fr\/shop\/"},{"@type":"ListItem","position":3,"name":"ASMACO Spray c\u00e9ramique pour baignoire et carrelage"}]},{"@type":"WebSite","@id":"https:\/\/anchorallied.com\/fr\/#website","url":"https:\/\/anchorallied.com\/fr\/","name":"anchoralliedfactory","description":"","potentialAction":[{"@type":"SearchAction","target":{"@type":"EntryPoint","urlTemplate":"https:\/\/anchorallied.com\/fr\/?s={search_term_string}"},"query-input":{"@type":"PropertyValueSpecification","valueRequired":true,"valueName":"search_term_string"}}],"inLanguage":"en"}]}},"_links":{"self":[{"href":"https:\/\/anchorallied.com\/fr\/wp-json\/wp\/v2\/product\/1529","targetHints":{"allow":["GET"]}}],"collection":[{"href":"https:\/\/anchorallied.com\/fr\/wp-json\/wp\/v2\/product"}],"about":[{"href":"https:\/\/anchorallied.com\/fr\/wp-json\/wp\/v2\/types\/product"}],"replies":[{"embeddable":true,"href":"https:\/\/anchorallied.com\/fr\/wp-json\/wp\/v2\/comments?post=1529"}],"wp:featuredmedia":[{"embeddable":true,"href":"https:\/\/anchorallied.com\/fr\/wp-json\/wp\/v2\/media\/2819"}],"wp:attachment":[{"href":"https:\/\/anchorallied.com\/fr\/wp-json\/wp\/v2\/media?parent=1529"}],"wp:term":[{"taxonomy":"product_brand","embeddable":true,"href":"https:\/\/anchorallied.com\/fr\/wp-json\/wp\/v2\/product_brand?post=1529"},{"taxonomy":"product_cat","embeddable":true,"href":"https:\/\/anchorallied.com\/fr\/wp-json\/wp\/v2\/product_cat?post=1529"},{"taxonomy":"product_tag","embeddable":true,"href":"https:\/\/anchorallied.com\/fr\/wp-json\/wp\/v2\/product_tag?post=1529"}],"curies":[{"name":"wp","href":"https:\/\/api.w.org\/{rel}","templated":true}]}}